{"id":7192,"date":"2016-11-15T10:58:39","date_gmt":"2016-11-15T15:58:39","guid":{"rendered":"http:\/\/52.229.122.34\/fr\/?page_id=7192"},"modified":"2016-11-15T10:58:39","modified_gmt":"2016-11-15T15:58:39","slug":"technologue-en-resonance-magnetique","status":"publish","type":"page","link":"https:\/\/www.ottawahospital.on.ca\/fr\/notre-modele-de-soins\/notre-equipe-de-professionnels-de-la-sante\/technologues-en-radiation-medicale-trm\/technologue-en-resonance-magnetique\/","title":{"rendered":"Technologue en r\u00e9sonance magn\u00e9tique"},"content":{"rendered":"<p>La r\u00e9sonance magn\u00e9tique, introduite \u00e0 titre d&rsquo;outil d&rsquo;imagerie m\u00e9dicale dans les ann\u00e9es 1980, applique le magn\u00e9tisme, des ondes radio\u00e9lectriques et des ordinateurs pour produire des images. Quoiqu&rsquo;il s&rsquo;agisse d&rsquo;une technologie encore jeune, l\u2019imagerie par r\u00e9sonance magn\u00e9tique (IRM) est bien enracin\u00e9e dans la pratique m\u00e9dicale, notamment pour :<\/p>\n<ul>\n<li>\u00e9tudier le syst\u00e8me cardiovasculaire<\/li>\n<li>d\u00e9celer la pr\u00e9sence de tumeurs, surtout dans le cerveau et la colonne vert\u00e9brale<\/li>\n<li>analyser la chimie et les fonctions du corps<\/li>\n<li>produire des images des tissus mous, comme les muscles, les tendons ou les art\u00e8res.<\/li>\n<\/ul>\n<p>Cette technologie impose des exigences particuli\u00e8res en ce qui concerne l&rsquo;imagerie, les soins aux patients et les mesures de s\u00e9curit\u00e9. \u00c9tant donn\u00e9 que l\u2019IRM n&rsquo;a pas recours aux rayonnements ionisants, les mesures de radioprotection ne sont pas n\u00e9cessaires. Par contre, les patients doivent enlever tout objet de m\u00e9tal qui risque d&rsquo;\u00eatre attir\u00e9 \u00e0 l&rsquo;\u00e9quipement de r\u00e9sonance magn\u00e9tique. Les patients munis d&rsquo;un stimulateur cardiaque ou de tout autre implant m\u00e9tallique ne peuvent donc pas subir d&rsquo;examen d\u2019IRM.<\/p>\n<p>La claustrophobie est aussi un facteur qui peut g\u00eaner certains patients parce que pendant un examen d\u2019IRM, le patient doit se coucher enti\u00e8rement dans un tunnel tr\u00e8s \u00e9troit.<\/p>\n<p>Dans le cadre de ses responsabilit\u00e9s professionnelles, le technologue en IRM :<\/p>\n<ul>\n<li>explique les \u00e9tapes de l\u2019intervention au patient<\/li>\n<li>r\u00e9pond aux questions du patient dans la mesure du possible<\/li>\n<li>fait fonctionner l\u2019appareil d\u2019IRM<\/li>\n<li>surveille le patient pendant l&rsquo;examen<\/li>\n<li>r\u00e9conforte le patient et lui donne un soutien \u00e9motif<\/li>\n<li>assure la s\u00e9curit\u00e9 du patient et du personnel autour du champ magn\u00e9tique<\/li>\n<li>participe \u00e0 l&rsquo;\u00e9ducation du patient.<\/li>\n<\/ul>\n<p>Certaines interventions d\u2019IRM exigent le recours \u00e0 des substances de contraste. L&rsquo;image obtenue par IRM est g\u00e9n\u00e9ralement affich\u00e9e sur un \u00e9cran d&rsquo;ordinateur, ou encore sous la forme de photographies ou d&rsquo;imprim\u00e9s d&rsquo;ordinateur.<\/p>\n<p>Les renseignements ci-dessus proviennent de l\u2019Association canadienne des technologies en radiation m\u00e9dicale, qui en approuve la diffusion.<\/p>\n<p>Pour en savoir plus, consultez le site\u00a0Web : <a href=\"https:\/\/www.camrt.ca\/fr\/profession-de-trm\/\" target=\"_blank\">https:\/\/www.camrt.ca\/fr\/profession-de-trm\/<\/a><\/p>\n","protected":false},"excerpt":{"rendered":"<p>La r\u00e9sonance magn\u00e9tique, introduite \u00e0 titre d&rsquo;outil d&rsquo;imagerie m\u00e9dicale dans les ann\u00e9es 1980, applique le magn\u00e9tisme, des ondes radio\u00e9lectriques et des ordinateurs pour produire des images. Quoiqu&rsquo;il s&rsquo;agisse d&rsquo;une technologie encore jeune, l\u2019imagerie par r\u00e9sonance magn\u00e9tique (IRM) est bien enracin\u00e9e dans la pratique m\u00e9dicale, notamment pour : \u00e9tudier le syst\u00e8me cardiovasculaire d\u00e9celer la pr\u00e9sence de [&hellip;]<\/p>\n","protected":false},"author":25,"featured_media":0,"parent":7188,"menu_order":1,"comment_status":"closed","ping_status":"closed","template":"","meta":{"_acf_changed":false,"_mc_calendar":[],"footnotes":""},"class_list":["post-7192","page","type-page","status-publish","hentry"],"acf":[],"wps_subtitle":"","_links":{"self":[{"href":"https:\/\/www.ottawahospital.on.ca\/fr\/wp-json\/wp\/v2\/pages\/7192","targetHints":{"allow":["GET"]}}],"collection":[{"href":"https:\/\/www.ottawahospital.on.ca\/fr\/wp-json\/wp\/v2\/pages"}],"about":[{"href":"https:\/\/www.ottawahospital.on.ca\/fr\/wp-json\/wp\/v2\/types\/page"}],"author":[{"embeddable":true,"href":"https:\/\/www.ottawahospital.on.ca\/fr\/wp-json\/wp\/v2\/users\/25"}],"replies":[{"embeddable":true,"href":"https:\/\/www.ottawahospital.on.ca\/fr\/wp-json\/wp\/v2\/comments?post=7192"}],"version-history":[{"count":0,"href":"https:\/\/www.ottawahospital.on.ca\/fr\/wp-json\/wp\/v2\/pages\/7192\/revisions"}],"up":[{"embeddable":true,"href":"https:\/\/www.ottawahospital.on.ca\/fr\/wp-json\/wp\/v2\/pages\/7188"}],"wp:attachment":[{"href":"https:\/\/www.ottawahospital.on.ca\/fr\/wp-json\/wp\/v2\/media?parent=7192"}],"curies":[{"name":"wp","href":"https:\/\/api.w.org\/{rel}","templated":true}]}}