{"id":7188,"date":"2016-11-15T10:57:11","date_gmt":"2016-11-15T15:57:11","guid":{"rendered":"http:\/\/52.229.122.34\/fr\/?page_id=7188"},"modified":"2016-11-15T10:57:11","modified_gmt":"2016-11-15T15:57:11","slug":"technologues-en-radiation-medicale-trm","status":"publish","type":"page","link":"https:\/\/www.ottawahospital.on.ca\/fr\/notre-modele-de-soins\/notre-equipe-de-professionnels-de-la-sante\/technologues-en-radiation-medicale-trm\/","title":{"rendered":"Technologues en radiation m\u00e9dicale (TRM)"},"content":{"rendered":"<h2>La profession de technologue en radiation m\u00e9dicale (TRM)<\/h2>\n<p>Les technologues en radiation m\u00e9dicale (TRM) font partie int\u00e9grante de l\u2019\u00e9quipe de soins. Ils effectuent des examens par imagerie m\u00e9dicale et administrent des traitements de radiation.<\/p>\n<p>Apr\u00e8s avoir compl\u00e9t\u00e9 un programme d\u2019\u00e9tudes coll\u00e9gial ou universitaire canadien agr\u00e9\u00e9 par l\u2019Association m\u00e9dicale canadienne qui comprend des cours magistraux et des stages cliniques, un dipl\u00f4m\u00e9 ma\u00eetrise les techniques de pointe de l\u2019imagerie m\u00e9dicale et des soins connexes. Le programme de formation aborde l\u2019anatomie, le positionnement des patients, les techniques d\u2019examen, le fonctionnement des appareils, la radioprotection et les soins aux patients.<\/p>\n<p>Un TRM dipl\u00f4m\u00e9 est admissible \u00e0 l\u2019examen d\u2019agr\u00e9ment canadien qui est g\u00e9r\u00e9 par l\u2019ACTRM (Association canadienne des technologues en radiation m\u00e9dicale). Un TRM peut choisir de se sp\u00e9cialiser dans une ou plusieurs des quatre disciplines de la radiation m\u00e9dicale, soit la radiographie g\u00e9n\u00e9rale, l\u2019imagerie par r\u00e9sonance magn\u00e9tique, la m\u00e9decine nucl\u00e9aire et la radioth\u00e9rapie.<\/p>\n<p>Les renseignements ci-dessus proviennent de l\u2019Association canadienne des technologies en radiation m\u00e9dicale, qui en approuve la diffusion.<\/p>\n<p>Pour en savoir plus, consultez le site\u00a0Web : <a href=\"https:\/\/www.camrt.ca\/fr\/profession-de-trm\/\" target=\"_blank\">https:\/\/www.camrt.ca\/fr\/profession-de-trm\/<\/a><\/p>\n","protected":false},"excerpt":{"rendered":"<p>La profession de technologue en radiation m\u00e9dicale (TRM) Les technologues en radiation m\u00e9dicale (TRM) font partie int\u00e9grante de l\u2019\u00e9quipe de soins. Ils effectuent des examens par imagerie m\u00e9dicale et administrent des traitements de radiation. Apr\u00e8s avoir compl\u00e9t\u00e9 un programme d\u2019\u00e9tudes coll\u00e9gial ou universitaire canadien agr\u00e9\u00e9 par l\u2019Association m\u00e9dicale canadienne qui comprend des cours magistraux et [&hellip;]<\/p>\n","protected":false},"author":25,"featured_media":0,"parent":7014,"menu_order":6,"comment_status":"closed","ping_status":"closed","template":"","meta":{"_acf_changed":false,"_mc_calendar":[],"footnotes":""},"class_list":["post-7188","page","type-page","status-publish","hentry"],"acf":[],"wps_subtitle":"","_links":{"self":[{"href":"https:\/\/www.ottawahospital.on.ca\/fr\/wp-json\/wp\/v2\/pages\/7188","targetHints":{"allow":["GET"]}}],"collection":[{"href":"https:\/\/www.ottawahospital.on.ca\/fr\/wp-json\/wp\/v2\/pages"}],"about":[{"href":"https:\/\/www.ottawahospital.on.ca\/fr\/wp-json\/wp\/v2\/types\/page"}],"author":[{"embeddable":true,"href":"https:\/\/www.ottawahospital.on.ca\/fr\/wp-json\/wp\/v2\/users\/25"}],"replies":[{"embeddable":true,"href":"https:\/\/www.ottawahospital.on.ca\/fr\/wp-json\/wp\/v2\/comments?post=7188"}],"version-history":[{"count":0,"href":"https:\/\/www.ottawahospital.on.ca\/fr\/wp-json\/wp\/v2\/pages\/7188\/revisions"}],"up":[{"embeddable":true,"href":"https:\/\/www.ottawahospital.on.ca\/fr\/wp-json\/wp\/v2\/pages\/7014"}],"wp:attachment":[{"href":"https:\/\/www.ottawahospital.on.ca\/fr\/wp-json\/wp\/v2\/media?parent=7188"}],"curies":[{"name":"wp","href":"https:\/\/api.w.org\/{rel}","templated":true}]}}