{"id":7184,"date":"2016-11-15T10:55:15","date_gmt":"2016-11-15T15:55:15","guid":{"rendered":"http:\/\/52.229.122.34\/fr\/?page_id=7184"},"modified":"2022-02-11T05:11:38","modified_gmt":"2022-02-11T10:11:38","slug":"therapie-respiratoire","status":"publish","type":"page","link":"https:\/\/www.ottawahospital.on.ca\/fr\/notre-modele-de-soins\/notre-equipe-de-professionnels-de-la-sante\/therapie-respiratoire\/","title":{"rendered":"Th\u00e9rapie respiratoire"},"content":{"rendered":"<p><img decoding=\"async\" class=\"alignnone size-full wp-image-70538\" src=\"https:\/\/www.ottawahospital.on.ca\/wp-content\/uploads\/2022\/02\/Respiratory-Therapy.jpg\" alt=\"A nurse is giving respiratory therapy to the patient\" width=\"770\" height=\"330\" srcset=\"https:\/\/www.ottawahospital.on.ca\/wp-content\/uploads\/2022\/02\/Respiratory-Therapy.jpg 770w, https:\/\/www.ottawahospital.on.ca\/wp-content\/uploads\/2022\/02\/Respiratory-Therapy-600x257.jpg 600w, https:\/\/www.ottawahospital.on.ca\/wp-content\/uploads\/2022\/02\/Respiratory-Therapy-300x129.jpg 300w, https:\/\/www.ottawahospital.on.ca\/wp-content\/uploads\/2022\/02\/Respiratory-Therapy-768x329.jpg 768w\" sizes=\"(max-width: 770px) 100vw, 770px\" \/><\/p>\n<h2>\u00c0 propos de nous<\/h2>\n<p>Les th\u00e9rapeutes respiratoires sont des professionnels de la sant\u00e9 hautement qualifi\u00e9s qui poss\u00e8dent une expertise m\u00e9dicale sp\u00e9cialis\u00e9e et mettent \u00e0 profit leurs connaissances et comp\u00e9tences pour offrir des soins s\u00e9curitaires et de qualit\u00e9 \u00e9lev\u00e9e. Si vous avez des probl\u00e8mes cardiorespiratoires ou pulmonaires, les th\u00e9rapeutes respiratoires seront l\u00e0 pour poser un diagnostic, vous traiter et vous aider \u00e0 prendre en charge votre probl\u00e8me.\u00a0\u00a0\u00a0\u200b\u200b\u200b\u200b\u200b\u200b\u200b<\/p>\n<h2>Services<\/h2>\n<p><strong>O\u00f9 trouve-t-on des th\u00e9rapeutes respiratoires \u00e0 L\u2019H\u00f4pital d\u2019Ottawa?<\/strong><\/p>\n<ul>\n<li>Unit\u00e9 de soins intensifs<\/li>\n<li>Urgence<\/li>\n<li>USIN<\/li>\n<li>Unit\u00e9s de m\u00e9decine g\u00e9n\u00e9rale<\/li>\n<li>R\u00e9adaptation \u2013 programme CANVent<\/li>\n<li>Laboratoires d\u2019analyse des fonctions pulmonaires et laboratoires du sommeil<\/li>\n<li>Unit\u00e9 de m\u00e9decine hyperbare<\/li>\n<li>Bloc op\u00e9ratoire (assistance en anesth\u00e9sie)<\/li>\n<\/ul>\n<p><strong>Que fait un th\u00e9rapeute respiratoire?<\/strong><\/p>\n<ul>\n<li>Les th\u00e9rapeutes respiratoires sont membres d\u2019\u00e9quipes multidisciplinaires de professionnels de la sant\u00e9.<\/li>\n<li>Ils sont membres d\u2019\u00e9quipes de r\u00e9animation et d\u2019intervention d\u2019urgence.<\/li>\n<li>Ils \u00e9valuent et traitent les patients qui ont des difficult\u00e9s respiratoires.<\/li>\n<li>Ils r\u00e9alisent diverses interventions pour am\u00e9liorer le fonctionnement du syst\u00e8me cardiopulmonaire.<\/li>\n<li>Ils administrent divers gaz m\u00e9dicaux.<\/li>\n<li>Ils font passer aux patients des examens de la fonction respiratoire pour diagnostiquer, surveiller et prendre en charge les maladies respiratoires.<\/li>\n<li>Ils fournissent et entretiennent les appareils de ventilation artificielle pour traiter l\u2019insuffisance respiratoire.<\/li>\n<li>Ils donnent des soins respiratoires aux m\u00e8res et aux b\u00e9b\u00e9s lors des accouchements \u00e0 risque \u00e9lev\u00e9.<\/li>\n<li>Ils aident au retour \u00e0 domicile des patients qui ont besoin de ventilation \u00e0 long terme.<\/li>\n<li>Ils stabilisent les patients et les aident \u00e0 respirer pendant les transitions dans les \u00e9tablissements ou entre les \u00e9tablissements.<\/li>\n<li>Ils effectuent l\u2019installation (ou aident \u00e0 l\u2019installation) de voies respiratoires artificielles et de tubulures invasives.<\/li>\n<li>Ils donnent de l\u2019enseignement aux patients, clients, \u00e9tudiants et autres membres de l\u2019\u00e9quipe de soins.<\/li>\n<li>Ils aident \u00e0 la prestation de soins anesth\u00e9siques.<\/li>\n<\/ul>\n","protected":false},"excerpt":{"rendered":"<p>\u00c0 propos de nous Les th\u00e9rapeutes respiratoires sont des professionnels de la sant\u00e9 hautement qualifi\u00e9s qui poss\u00e8dent une expertise m\u00e9dicale sp\u00e9cialis\u00e9e et mettent \u00e0 profit leurs connaissances et comp\u00e9tences pour offrir des soins s\u00e9curitaires et de qualit\u00e9 \u00e9lev\u00e9e. Si vous avez des probl\u00e8mes cardiorespiratoires ou pulmonaires, les th\u00e9rapeutes respiratoires seront l\u00e0 pour poser un diagnostic, [&hellip;]<\/p>\n","protected":false},"author":25,"featured_media":0,"parent":7014,"menu_order":5,"comment_status":"closed","ping_status":"closed","template":"","meta":{"_acf_changed":false,"_mc_calendar":[],"footnotes":""},"class_list":["post-7184","page","type-page","status-publish","hentry"],"acf":[],"wps_subtitle":"","_links":{"self":[{"href":"https:\/\/www.ottawahospital.on.ca\/fr\/wp-json\/wp\/v2\/pages\/7184","targetHints":{"allow":["GET"]}}],"collection":[{"href":"https:\/\/www.ottawahospital.on.ca\/fr\/wp-json\/wp\/v2\/pages"}],"about":[{"href":"https:\/\/www.ottawahospital.on.ca\/fr\/wp-json\/wp\/v2\/types\/page"}],"author":[{"embeddable":true,"href":"https:\/\/www.ottawahospital.on.ca\/fr\/wp-json\/wp\/v2\/users\/25"}],"replies":[{"embeddable":true,"href":"https:\/\/www.ottawahospital.on.ca\/fr\/wp-json\/wp\/v2\/comments?post=7184"}],"version-history":[{"count":0,"href":"https:\/\/www.ottawahospital.on.ca\/fr\/wp-json\/wp\/v2\/pages\/7184\/revisions"}],"up":[{"embeddable":true,"href":"https:\/\/www.ottawahospital.on.ca\/fr\/wp-json\/wp\/v2\/pages\/7014"}],"wp:attachment":[{"href":"https:\/\/www.ottawahospital.on.ca\/fr\/wp-json\/wp\/v2\/media?parent=7184"}],"curies":[{"name":"wp","href":"https:\/\/api.w.org\/{rel}","templated":true}]}}