{"id":71829,"date":"2022-04-26T14:59:49","date_gmt":"2022-04-26T18:59:49","guid":{"rendered":"https:\/\/www.ottawahospital.on.ca\/?page_id=71829"},"modified":"2022-04-26T14:59:53","modified_gmt":"2022-04-26T18:59:53","slug":"scintigraphie-du-corps-entier-a-liode","status":"publish","type":"page","link":"https:\/\/www.ottawahospital.on.ca\/fr\/scintigraphie-du-corps-entier-a-liode\/","title":{"rendered":"Scintigraphie du corps entier \u00e0 l\u2019iode"},"content":{"rendered":"\n<p class=\"intro-text1\">Votre m\u00e9decin vous envoie passer une scintigraphie (<em>scan<\/em>) du corps entier \u00e0 l\u2019iode. Vous trouverez dans le pr\u00e9sent document des r\u00e9ponses aux questions courantes \u00e0 ce sujet.&nbsp;<\/p>\n\n\n\n<h2 class=\"wp-block-heading\">Qu\u2019est-ce qu\u2019une scintigraphie du corps entier \u00e0 l\u2019iode?\u00a0<\/h2>\n\n\n\n<p>Il s\u2019agit d\u2019un examen d\u2019imagerie qui permet de d\u00e9tecter toute trace de tissu ou de cancer de la thyro\u00efde dans le cou ou ailleurs dans votre corps. Votre m\u00e9decin pourra ainsi \u00e9valuer votre \u00e9tat de sant\u00e9.&nbsp;<\/p>\n\n\n\n<h2 class=\"wp-block-heading\">En quoi consiste cet examen?\u00a0<\/h2>\n\n\n\n<p>On vous donnera <strong>deux rendez-vous<\/strong> pour cet examen\u202f:&nbsp;<\/p>\n\n\n\n<p><strong>1<\/strong><strong><sup>er<\/sup><\/strong><strong> rendez-vous (15 &#8211; 30\u202fmin)\u202f<\/strong>: Un technologue en imagerie vous expliquera le d\u00e9roulement de l\u2019examen et r\u00e9pondra \u00e0 vos questions. Il vous donnera une pilule ou un liquide \u00e0 avaler qui contient une petite quantit\u00e9 d\u2019iode radioactif. La dose de rayonnement qu\u2019elle \u00e9met ne cause aucun effet secondaire connu. On vous demandera de revenir <strong>un ou deux jours plus tard<\/strong> pour l\u2019examen m\u00eame, le temps que l\u2019iode s\u2019accumule dans les tissus concern\u00e9s.&nbsp;&nbsp;<\/p>\n\n\n\n<p><strong>2<\/strong><strong><sup>e<\/sup><\/strong><strong> rendez-vous (1,5 &#8211; 2\u202fheures)<\/strong>\u202f: Si vous avez du m\u00e9tal dans vos v\u00eatements ou vos bijoux, on vous demandera de les retirer et de porter une chemise d\u2019h\u00f4pital. Laissez tout objet de valeur \u00e0 la maison. Vous vous allongerez sur une table d\u2019examen sous laquelle se trouve une cam\u00e9ra \u00e0 rayons gamma pour capter des images de votre corps. On prendra aussi des images sp\u00e9ciales en trois dimensions de certaines parties du corps.&nbsp;<\/p>\n\n\n\n<p>Votre m\u00e9decin a aussi demand\u00e9 des analyses des fonctions thyro\u00efdiennes. Veuillez noter les dates de ces prises de sang.&nbsp;<\/p>\n\n\n\n<h2 class=\"wp-block-heading\">Comment vous pr\u00e9parer \u00e0 l\u2019examen?\u00a0\u00a0<\/h2>\n\n\n\n<ul class=\"wp-block-list\"><li>Apportez votre carte d\u2019assurance-sant\u00e9 provinciale.\u00a0\u00a0<\/li><li>La pr\u00e9sence d\u2019un produit de contraste iod\u00e9 peut neutraliser les r\u00e9sultats de la scintigraphie. On ne peut donc pas faire l\u2019examen si vous avez re\u00e7u un contraste iod\u00e9 dans les 4 semaines pr\u00e9alables.\u00a0\u00a0<\/li><li>Pour vous pr\u00e9parer \u00e0 l\u2019examen, on vous demandera soit (a) d\u2019arr\u00eater de prendre les hormones pour la thyro\u00efde, soit (b) de les continuer, mais de suivre le traitement de Thyrogen. Votre m\u00e9decin vous en informera.\u00a0<\/li><li>Le traitement de Thyrogen exige <strong>2 visites additionnelles<\/strong> de <strong>15 minutes<\/strong> (sur 2 jours cons\u00e9cutifs), et ce, avant de recevoir la pilule d\u2019iode radioactif. Le personnel de la M\u00e9decine nucl\u00e9aire fournira une ordonnance de Thyrogen \u00e0 votre pharmacie. Vous devrez aller chercher le Thyrogen et l\u2019apporter \u00e0 la <strong>premi\u00e8re visite additionnelle<\/strong>. Le technologue vous expliquera le d\u00e9roulement de l\u2019examen et r\u00e9pondra \u00e0 vos questions, puis vous injectera du Thyrogen dans un muscle de l\u2019avantbras. Cette substance ne cause aucun effet secondaire grave. Le <strong>lendemain<\/strong>, vous reviendrez pour une 2<sup>e<\/sup> injection de Thyrogen. Le jour suivant, vous recevrez la pilule d\u2019iode radioactif et vous passerez l\u2019examen 5 jours plus tard.\u00a0<\/li><li>Veuillez porter des v\u00eatements qui ne contiennent aucun m\u00e9tal et ne portez aucun bijou. Laissez tout objet de valeur \u00e0 la maison.\u00a0\u00a0<\/li><li>Veuillez nous signaler d\u2019avance si vous avez des besoins particuliers (p. ex. claustrophobie, difficult\u00e9 \u00e0 rester immobile, l\u00e8ve-personne, interpr\u00e8te). Ainsi, nous prendrons les mesures n\u00e9cessaires pour vous offrir les meilleurs soins possible.\u00a0<\/li><\/ul>\n\n\n\n<h2 class=\"wp-block-heading\">L\u2019examen est-il douloureux?\u00a0<\/h2>\n\n\n\n<p>Vous pourriez ressentir une petite pression dans l&rsquo;avant-bras pendant l\u2019injection de Thyrogen. Autrement, l&rsquo;examen est indolore.&nbsp;<\/p>\n\n\n\n<h2 class=\"wp-block-heading\">La radiation \u00e9mise par l\u2019iode radioactif est-elle dangereuse?\u00a0\u00a0<\/h2>\n\n\n\n<p>La pilule contient une petite quantit\u00e9 d\u2019iode radioactif qui \u00e9met des rayons gamma (semblables aux rayons X). La dose de rayonnement est tr\u00e8s faible et dispara\u00eetra d\u2019elle-m\u00eame apr\u00e8s 2 jours. Les r\u00e9sultats de votre examen fourniront de l\u2019information sur votre \u00e9tat de sant\u00e9 qui permettra \u00e0 votre m\u00e9decin de planifier votre traitement. Les avantages de l\u2019examen l\u2019emportent nettement sur les risques possibles d\u2019une faible dose de rayonnement.\u202f&nbsp;<\/p>\n\n\n\n<h2 class=\"wp-block-heading\">Devez-vous faire quelque chose apr\u00e8s le rendez-vous?\u00a0<\/h2>\n\n\n\n<p>Vous n\u2019avez pas \u00e0 prendre de pr\u00e9caution particuli\u00e8re apr\u00e8s le rendez-vous. Mais si vous devez traverser une fronti\u00e8re dans les 7\u202fjours suivants, dites-le-nous. Les d\u00e9tecteurs de radiation aux postes frontaliers et dans les a\u00e9roports sont tr\u00e8s sensibles et peuvent d\u00e9tecter les minuscules quantit\u00e9s de radioactivit\u00e9. Nous vous donnerons une lettre que vous pourrez pr\u00e9senter aux agents des douanes.&nbsp;<\/p>\n\n\n\n<h2 class=\"wp-block-heading\">Que devez-vous nous dire avant l\u2019injection?\u00a0<\/h2>\n\n\n\n<p>Si vous \u00eates enceinte ou allaitez, assurez-vous de nous le dire d\u2019avance.&nbsp;&nbsp;<\/p>\n\n\n\n<h2 class=\"wp-block-heading\">Qu\u2019en est-il de l\u2019allaitement?\u00a0<\/h2>\n\n\n\n<p>Il faut cesser l\u2019allaitement 4\u202fheures apr\u00e8s l\u2019examen et pendant cette p\u00e9riode, tirer et jeter votre lait. Veuillez pr\u00e9voir les mesures n\u00e9cessaires afin de pouvoir le faire.\u00a0<\/p>\n\n\n\n<h2 class=\"wp-block-heading\">Comment obtiendrez-vous les r\u00e9sultats de votre examen?\u00a0<\/h2>\n\n\n\n<p>Un m\u00e9decin sp\u00e9cialiste examinera les images, puis enverra un rapport au m\u00e9decin qui a demand\u00e9 l\u2019examen. Votre m\u00e9decin devrait le recevoir moins d\u2019une semaine apr\u00e8s l\u2019examen. Vous aurez aussi acc\u00e8s au rapport dans MyChart.&nbsp;<\/p>\n\n\n\n<p>Si vous avez des questions sur les r\u00e9sultats ou le rapport d\u2019examen, veuillez communiquer directement avec votre m\u00e9decin. Il est le mieux plac\u00e9 pour interpr\u00e9ter les r\u00e9sultats pour vous.&nbsp;<\/p>\n\n\n\n<h2 class=\"wp-block-heading\">Y a-t-il des frais pour cet examen?\u00a0<\/h2>\n\n\n\n<p>Non. L\u2019examen est pay\u00e9 par le syst\u00e8me de sant\u00e9. Comme il co\u00fbte plusieurs centaines de dollars, nous vous prions de nous appeler au <strong>613-761-4831<\/strong> si vous ne pouvez pas vous pr\u00e9senter.&nbsp;<\/p>\n\n\n\n<h2 class=\"wp-block-heading\">Et si vous ne pouvez pas venir \u00e0 votre rendez-vous?\u00a0<\/h2>\n\n\n\n<p>En cas d\u2019emp\u00eachement, il est important de nous en aviser d\u00e8s que possible au <strong>613 761-4831<\/strong>. Autrement, votre absence entra\u00eene un gaspillage du mat\u00e9riel co\u00fbteux command\u00e9 sp\u00e9cialement pour vous, en plus de r\u00e9duire l\u2019acc\u00e8s des autres patients \u00e0 nos services. Un rendez-vous manqu\u00e9 peut aussi entra\u00eener un retard dans vos traitements.&nbsp;<\/p>\n\n\n\n<h2 class=\"wp-block-heading\">Indications et stationnement\u00a0<\/h2>\n\n\n\n<figure class=\"wp-block-table is-style-stripes\"><table><tbody><tr><td>Campus Civic&nbsp;&nbsp;1053, avenue Carling, 1<sup>er\u202f<\/sup>\u00e9tage&nbsp;T\u00e9l\u00e9phone\u202f: 613-761-4831 (option\u202f8)&nbsp;Ouvert du lundi au vendredi, de 8\u202fh \u00e0 16\u202fh&nbsp;Pour nous trouver\u202f: Une fois dans le Campus Civic, prenez l\u2019ascenseur C pour vous rendre au 1<sup>er<\/sup> \u00e9tage, puis suivez les panneaux de la <strong>M\u00e9decine nucl\u00e9aire<\/strong>. Vous pouvez aussi demander le chemin au bureau d\u2019information.\u202f&nbsp;<\/td><td>Campus G\u00e9n\u00e9ral&nbsp;&nbsp;501, chemin Smyth, rez-de-chauss\u00e9e&nbsp;T\u00e9l\u00e9phone\u202f: 613-761-4831 (option\u202f8)&nbsp;Ouvert du lundi au vendredi, de 7\u202fh \u00e0 16\u202fh&nbsp;Pour nous trouver\u202f: \u00c0 partir de l\u2019entr\u00e9e principale, allez vers les ascenseurs, puis suivez les panneaux de la <strong>M\u00e9decine nucl\u00e9aire<\/strong>. Vous pouvez aussi demander le chemin au bureau d\u2019information.\u202f&nbsp;<\/td><\/tr><tr><td>Utilisez le stationnement accessible depuis l\u2019avenue Carling (P7) <strong>ou<\/strong> le stationnement \u00e0 \u00e9tages (P1).&nbsp;<\/td><td>Utilisez le stationnement \u00e0 \u00e9tages \u00e0 c\u00f4t\u00e9 de l\u2019entr\u00e9e principale qui donne sur le\u202fchemin Smyth.&nbsp;<\/td><\/tr><\/tbody><\/table><\/figure>\n\n\n\n<h3 class=\"wp-block-heading\">Instructions pour le stationnement\u00a0<\/h3>\n\n\n\n<ul class=\"wp-block-list\"><li>Tous nos stationnements sont automatis\u00e9s.\u00a0<\/li><li>Gardez le billet de stationnement avec vous.\u00a0<\/li><li>\u00c0 la fin de votre visite, vous pourrez payer \u00e0 l\u2019un des guichets de paiement automatis\u00e9s (argent comptant ou carte de cr\u00e9dit) ou \u00e0 une sortie rapide dans le stationnement (carte de cr\u00e9dit). Vous avez 20\u202fminutes pour sortir du stationnement apr\u00e8s avoir pay\u00e9.\u00a0<\/li><li>Modes de paiement\u00a0<ul><li>Guichets de paiement\u202f: Argent comptant ou carte de cr\u00e9dit (Visa, MasterCard ou American Express)<\/li><\/ul><\/li><li>Frais de stationnement\u202f: maximum de 13 $ par jour\u00a0<\/li><\/ul>\n\n\n\n<p>Visitez le site Web de L\u2019H\u00f4pital d\u2019Ottawa pour en savoir plus sur le <a href=\"https:\/\/www.ottawahospital.on.ca\/fr\/patients-et-visiteurs\/visites-a-lhopital\/\">chemin \u00e0 prendre et le stationnement. <\/a>Vous y trouverez des plans des lieux.\u00a0<\/p>\n","protected":false},"excerpt":{"rendered":"<p>Votre m\u00e9decin vous envoie passer une scintigraphie (scan) du corps entier \u00e0 l\u2019iode. Vous trouverez dans le pr\u00e9sent document des r\u00e9ponses aux questions courantes \u00e0 ce sujet.&nbsp; Qu\u2019est-ce qu\u2019une scintigraphie du corps entier \u00e0 l\u2019iode?\u00a0 Il s\u2019agit d\u2019un examen d\u2019imagerie qui permet de d\u00e9tecter toute trace de tissu ou de cancer de la thyro\u00efde dans [&hellip;]<\/p>\n","protected":false},"author":25,"featured_media":0,"parent":0,"menu_order":0,"comment_status":"closed","ping_status":"closed","template":"","meta":{"_acf_changed":false,"_mc_calendar":[],"footnotes":""},"class_list":["post-71829","page","type-page","status-publish","hentry"],"acf":[],"wps_subtitle":"","_links":{"self":[{"href":"https:\/\/www.ottawahospital.on.ca\/fr\/wp-json\/wp\/v2\/pages\/71829","targetHints":{"allow":["GET"]}}],"collection":[{"href":"https:\/\/www.ottawahospital.on.ca\/fr\/wp-json\/wp\/v2\/pages"}],"about":[{"href":"https:\/\/www.ottawahospital.on.ca\/fr\/wp-json\/wp\/v2\/types\/page"}],"author":[{"embeddable":true,"href":"https:\/\/www.ottawahospital.on.ca\/fr\/wp-json\/wp\/v2\/users\/25"}],"replies":[{"embeddable":true,"href":"https:\/\/www.ottawahospital.on.ca\/fr\/wp-json\/wp\/v2\/comments?post=71829"}],"version-history":[{"count":0,"href":"https:\/\/www.ottawahospital.on.ca\/fr\/wp-json\/wp\/v2\/pages\/71829\/revisions"}],"wp:attachment":[{"href":"https:\/\/www.ottawahospital.on.ca\/fr\/wp-json\/wp\/v2\/media?parent=71829"}],"curies":[{"name":"wp","href":"https:\/\/api.w.org\/{rel}","templated":true}]}}