{"id":71825,"date":"2022-04-26T14:40:51","date_gmt":"2022-04-26T18:40:51","guid":{"rendered":"https:\/\/www.ottawahospital.on.ca\/?page_id=71825"},"modified":"2022-04-26T14:40:54","modified_gmt":"2022-04-26T18:40:54","slug":"scintigraphie-aux-globules-blancs-marques","status":"publish","type":"page","link":"https:\/\/www.ottawahospital.on.ca\/fr\/scintigraphie-aux-globules-blancs-marques\/","title":{"rendered":"Scintigraphie aux globules blancs marqu\u00e9s"},"content":{"rendered":"\n<p class=\"intro-text1\">Votre m\u00e9decin vous demande de passer une scintigraphie aux globules blancs marqu\u00e9s. Ce guide r\u00e9pondra \u00e0 certaines de vos questions.&nbsp;<\/p>\n\n\n\n<h2 class=\"wp-block-heading\">Qu\u2019est-ce qu\u2019une scintigraphie aux globules blancs marqu\u00e9s?\u00a0<\/h2>\n\n\n\n<p>Cet examen aide \u00e0 d\u00e9celer une infection et une inflammation dans les os, les tissus mous ou d\u2019autres organes.&nbsp;<\/p>\n\n\n\n<h2 class=\"wp-block-heading\">En quoi consiste cet examen?\u202f\u00a0<\/h2>\n\n\n\n<p>On vous donnera <strong>quatre rendez-vous sur une p\u00e9riode de deux jours<\/strong>\u202f:&nbsp;<\/p>\n\n\n\n<p><strong>Jour 1, 1<\/strong><strong><sup>er<\/sup><\/strong><strong> rendez-vous (15\u202fmin)<\/strong>\u202f: \u00c0 votre arriv\u00e9e au Service, un technologue vous expliquera l\u2019examen et r\u00e9pondra \u00e0 vos questions. Le technologue mettra \u00e0 votre poignet un bracelet d\u2019identification que vous devez garder durant tout l\u2019examen. Le technologue prendra ensuite un \u00e9chantillon de votre sang. Un technologiste sp\u00e9cialement form\u00e9 s\u00e9parera ensuite vos globules blancs du reste de votre sang et y fixera une petite quantit\u00e9 d\u2019un traceur radioactif. Ce processus prendra environ 2 heures. On vous dira \u00e0 quelle heure revenir.&nbsp;<\/p>\n\n\n\n<p><strong>Jour 1, 2<\/strong><strong><sup>e<\/sup><\/strong><strong> rendez-vous (15\u202fmin)\u202f:<\/strong> Le technologue injectera vos globules blancs radiomarqu\u00e9s dans une veine de votre bras. Ce produit ne cause aucun effet secondaire connu. On vous indiquera ensuite \u00e0 quelle heure vous devrez revenir la m\u00eame journ\u00e9e (environ 3 ou 4 heures apr\u00e8s l\u2019injection) ou l\u2019examen pourrait commencer imm\u00e9diatement selon votre situation.&nbsp;<\/p>\n\n\n\n<p><strong>Jour 1, 3<\/strong><strong><sup>e<\/sup><\/strong><strong> rendez-vous (1\u202fh)<\/strong>\u202f: On vous demandera d\u2019enlever tout accessoire m\u00e9tallique de la partie du corps \u00e0 examiner et de vous allonger sur la table d\u2019examen. Le technologue utilisera ensuite un d\u00e9tecteur sp\u00e9cial, que l\u2019on appelle une cam\u00e9ra gamma, pour prendre des images d\u2019une partie de votre corps ou de votre corps en entier selon les renseignements que votre m\u00e9decin souhaite obtenir. On pourrait aussi prendre des images en trois dimensions de l\u2019ensemble de votre corps.&nbsp;<\/p>\n\n\n\n<p><strong>Jour 2, 4<\/strong><strong><sup>e<\/sup><\/strong><strong> rendez-vous (de 30\u202fmin \u00e0 1\u202fh)\u202f:<\/strong> On peut vous demander de revenir le lendemain matin pour la prise d\u2019images diff\u00e9r\u00e9es de la partie en cause. Occasionnellement, ce quatri\u00e8me rendez-vous peut ne pas \u00eatre n\u00e9cessaire. Le technologue vous en informera.&nbsp;<\/p>\n\n\n\n<p>Entre ces rendez-vous, vous n\u2019avez aucune restriction. Vous pouvez manger et boire. Vous pouvez quitter le Service et revenir plus tard. Le technologue vous demandera de boire beaucoup de liquides et d\u2019aller souvent \u00e0 la toilette. Ainsi, on pourra prendre de meilleures images quand vous reviendrez pour votre examen.&nbsp;<\/p>\n\n\n\n<p><strong>Remarque\u202f:<\/strong> Selon les indications cliniques, une scintigraphie aux globules blancs marqu\u00e9s est combin\u00e9e \u00e0 une scintigraphie osseuse. Dans certains cas, on peut devoir faire une scintigraphie de la moelle osseuse. On vous donnera tous les rendez-vous et les instructions en fonction des sp\u00e9cificit\u00e9s de votre cas.&nbsp;<\/p>\n\n\n\n<h2 class=\"wp-block-heading\">Comment devez-vous vous pr\u00e9parer pour l\u2019examen?\u00a0<\/h2>\n\n\n\n<ul class=\"wp-block-list\"><li>Apportez votre carte d\u2019assurance-sant\u00e9.\u00a0<\/li><li>Vous n\u2019avez pas \u00e0 vous pr\u00e9parer pour cet examen. Le jour de l\u2019examen, vous pourrez manger, boire et prendre vos m\u00e9dicaments comme vous le feriez normalement.\u00a0\u00a0<\/li><li>Si vous avez des bandages sur des ulc\u00e8res ou des plaies, changez-les chaque jour avant de venir si possible.\u00a0<\/li><li>Nous vous prions de porter des v\u00eatements qui ne contiennent pas de m\u00e9tal. Veuillez ne porter aucun bijou. Laissez tout objet de valeur \u00e0 la maison.\u00a0<\/li><li>Comme vous devrez peut-\u00eatre attendre quelques heures entre la prise de la premi\u00e8re et de la deuxi\u00e8me s\u00e9rie d\u2019images, nous vous recommandons de vous apporter de la lecture. L\u2019acc\u00e8s \u00e0 Internet sans fil est gratuit.\u00a0<\/li><li>Lorsque que vous prendrez rendez-vous, veuillez indiquer au commis du bureau des rendez-vous si vous \u00eates claustrophobe ou si vous avez de la difficult\u00e9 \u00e0 rester allong\u00e9 sans bouger, avez besoin d\u2019un l\u00e8ve-personne pour votre transfert sur la table d\u2019examen ou si vous avez tout autre besoin particulier (p.\u202fex. besoin d\u2019un interpr\u00e8te). Ainsi, nous prendrons les mesures n\u00e9cessaires pour vous offrir les meilleurs soins possible.\u00a0<\/li><\/ul>\n\n\n\n<h2 class=\"wp-block-heading\">L\u2019examen est-il douloureux?\u00a0<\/h2>\n\n\n\n<p>Seule l\u2019aiguille qui sert \u00e0 l\u2019injection pourrait causer un peu de douleur. On vous a peut-\u00eatre d\u00e9j\u00e0 pr\u00e9lev\u00e9 du sang pour des analyses. L\u2019injection que vous aurez est tr\u00e8s similaire.&nbsp;<\/p>\n\n\n\n<h2 class=\"wp-block-heading\">Les radiations sont-elles dangereuses?\u00a0<\/h2>\n\n\n\n<p>L\u2019injection contient une petite quantit\u00e9 d\u2019un traceur radioactif qui \u00e9met des rayons gamma (semblables aux rayons X). La dose de rayonnement est tr\u00e8s faible et dispara\u00eetra d\u2019elle-m\u00eame apr\u00e8s un mois. Les r\u00e9sultats de votre examen fourniront de l\u2019information utile sur votre \u00e9tat de sant\u00e9 \u00e0 votre m\u00e9decin et l\u2019aideront \u00e0 planifier votre traitement. Les avantages de passer une scintigraphie l\u2019emportent nettement sur les risques possibles d\u2019une dose de rayonnement.&nbsp;<\/p>\n\n\n\n<h2 class=\"wp-block-heading\">Devez-vous faire apr\u00e8s l\u2019examen?\u00a0<\/h2>\n\n\n\n<p>Vous n\u2019avez pas \u00e0 prendre de pr\u00e9caution particuli\u00e8re apr\u00e8s l\u2019examen. Mais si vous devez traverser une fronti\u00e8re dans les 7\u202fjours suivants, dites-le-nous. Les d\u00e9tecteurs de radiation des postes frontaliers et des a\u00e9roports sont tr\u00e8s sensibles et peuvent d\u00e9tecter les minuscules traces de radioactivit\u00e9. Nous vous donnerons une lettre que vous pourrez montrer aux agents des douanes.&nbsp;<\/p>\n\n\n\n<h2 class=\"wp-block-heading\">Y a-t-il quelque chose que vous devriez mentionner au personnel avant l\u2019injection?\u00a0<\/h2>\n\n\n\n<p>Veuillez nous dire si vous \u00eates enceinte ou si vous allaitez.&nbsp;&nbsp;<\/p>\n\n\n\n<h2 class=\"wp-block-heading\">Qu\u2019en est-il de l\u2019allaitement?\u00a0<\/h2>\n\n\n\n<p>\u00c9vitez d\u2019allaiter jusqu\u2019\u00e0 24 heures apr\u00e8s l\u2019examen. Tirez votre lait durant cette p\u00e9riode et jetez-le. Veuillez pr\u00e9voir les mesures n\u00e9cessaires pour cette p\u00e9riode d\u2019arr\u00eat.&nbsp;<\/p>\n\n\n\n<h2 class=\"wp-block-heading\">Comment obtiendrez-vous les r\u00e9sultats de votre examen?\u00a0<\/h2>\n\n\n\n<p>Un m\u00e9decin sp\u00e9cialiste examinera les images peu apr\u00e8s l\u2019examen, puis il enverra un rapport au m\u00e9decin qui a demand\u00e9 la scintigraphie. Votre m\u00e9decin devrait le recevoir une \u00e0 deux semaines apr\u00e8s la scintigraphie. Vous aurez acc\u00e8s au rapport dans MyChart d\u00e8s qu\u2019il sera disponible.&nbsp;<\/p>\n\n\n\n<p>Si vous avez des questions sur les r\u00e9sultats ou le rapport d\u2019examen, veuillez communiquer directement avec votre m\u00e9decin. Il est le mieux plac\u00e9 pour interpr\u00e9ter les r\u00e9sultats pour vous.&nbsp;<\/p>\n\n\n\n<h2 class=\"wp-block-heading\">Y a-t-il des frais pour cet examen?\u00a0<\/h2>\n\n\n\n<p>Non. L\u2019examen est pay\u00e9 par le syst\u00e8me de sant\u00e9. Comme il nous en co\u00fbte plusieurs centaines de dollars, nous vous prions d\u2019aviser le Service au 613\u202f761-4831 si vous ne pouvez pas venir \u00e0 votre rendez-vous.&nbsp;<\/p>\n\n\n\n<h2 class=\"wp-block-heading\">Que devriez-vous faire si vous ne pouvez pas venir \u00e0 votre rendez-vous?\u00a0<\/h2>\n\n\n\n<p>Si vous ne pouvez pas venir \u00e0 votre rendez-vous, il est important d\u2019en aviser d\u00e8s que possible le Service au 613\u202f761-4831. Autrement, votre absence entra\u00eenera un gaspillage de mat\u00e9riel co\u00fbteux command\u00e9 sp\u00e9cialement pour votre examen en plus de r\u00e9duire l\u2019acc\u00e8s \u00e0 ce service pour d\u2019autres patients. Un rendez-vous manqu\u00e9 peut aussi entra\u00eener un retard dans vos traitements.&nbsp;<\/p>\n\n\n\n<h2 class=\"wp-block-heading\">Comment vous rendre et o\u00f9 vous stationner\u00a0<\/h2>\n\n\n\n<figure class=\"wp-block-table is-style-stripes\"><table><tbody><tr><td>Campus Civic&nbsp;&nbsp;1053, avenue Carling, 1<sup>er<\/sup>\u202f\u00e9tage&nbsp;T\u00e9l\u00e9phone\u202f: 613\u202f761-4831 (option\u202f8)&nbsp;Heures d\u2019ouverture\u202f: Du lundi au vendredi, de 8\u202fh \u00e0 16\u202fh&nbsp;Pour nous trouver\u202f: Une fois dans le Campus Civic, prenez l\u2019ascenseur C pour vous rendre au 1<sup>er<\/sup>\u202f\u00e9tage, puis suivez les panneaux de la M\u00e9decine nucl\u00e9aire. Vous pouvez aussi demander le chemin au bureau d\u2019information.\u202f&nbsp;<\/td><td>Campus G\u00e9n\u00e9ral&nbsp;&nbsp;501, chemin Smyth, rez-de-chauss\u00e9e&nbsp;T\u00e9l\u00e9phone\u202f: 613\u202f761-4831 (option\u202f8)&nbsp;Heures d\u2019ouverture\u202f: Du lundi au vendredi, de 7\u202fh \u00e0 16\u202fh&nbsp;Pour nous trouver\u202f: \u00c0 partir de l\u2019entr\u00e9e principale de l\u2019h\u00f4pital, rendez-vous aux ascenseurs, puis suivez les panneaux de la M\u00e9decine nucl\u00e9aire. Vous pouvez aussi demander le chemin au bureau d\u2019information.\u202f&nbsp;<\/td><\/tr><tr><td>Stationnez-vous dans le stationnement accessible depuis l\u2019avenue Carling (P7) <strong>ou<\/strong> dans le stationnement \u00e0 \u00e9tages (P1).&nbsp;<\/td><td>Stationnez-vous dans le stationnement \u00e0 \u00e9tages \u00e0 c\u00f4t\u00e9 de l\u2019entr\u00e9e principale qui donne sur le\u202fchemin Smyth.&nbsp;<\/td><\/tr><\/tbody><\/table><\/figure>\n\n\n\n<h2 class=\"wp-block-heading\">Instructions pour le stationnement&nbsp;<\/h2>\n\n\n\n<ul class=\"wp-block-list\"><li>Tous nos stationnements sont automatis\u00e9s.\u00a0\u00a0<\/li><li>Gardez le billet de stationnement sur vous.\u00a0\u00a0<\/li><li>\u00c0 la fin de votre visite, vous pourrez payer \u00e0 l\u2019un des guichets de paiement automatis\u00e9s (argent comptant ou carte de cr\u00e9dit) ou \u00e0 une sortie rapide dans le stationnement (carte de cr\u00e9dit). Vous avez 20\u202fminutes pour sortir du stationnement apr\u00e8s avoir pay\u00e9.\u00a0<\/li><li>Modes de paiement\u00a0<ul><li>Guichets de paiement\u202f: Argent comptant ou carte de cr\u00e9dit (Visa, MasterCard ou American Express)\u00a0<\/li><\/ul><\/li><li>Frais de stationnement\u202f: maximum de 13\u202f$ par jour\u00a0<\/li><\/ul>\n\n\n\n<p>Visitez le site Web de L\u2019H\u00f4pital d\u2019Ottawa pour en savoir plus sur le <a href=\"https:\/\/www.ottawahospital.on.ca\/en\/patients-visitors\/visiting-the-hospital\/\">chemin \u00e0 prendre et le stationnement.<\/a> Vous y trouverez des plans des lieux.\u00a0<\/p>\n","protected":false},"excerpt":{"rendered":"<p>Votre m\u00e9decin vous demande de passer une scintigraphie aux globules blancs marqu\u00e9s. Ce guide r\u00e9pondra \u00e0 certaines de vos questions.&nbsp; Qu\u2019est-ce qu\u2019une scintigraphie aux globules blancs marqu\u00e9s?\u00a0 Cet examen aide \u00e0 d\u00e9celer une infection et une inflammation dans les os, les tissus mous ou d\u2019autres organes.&nbsp; En quoi consiste cet examen?\u202f\u00a0 On vous donnera quatre [&hellip;]<\/p>\n","protected":false},"author":25,"featured_media":0,"parent":0,"menu_order":0,"comment_status":"closed","ping_status":"closed","template":"","meta":{"_acf_changed":false,"_mc_calendar":[],"footnotes":""},"class_list":["post-71825","page","type-page","status-publish","hentry"],"acf":[],"wps_subtitle":"","_links":{"self":[{"href":"https:\/\/www.ottawahospital.on.ca\/fr\/wp-json\/wp\/v2\/pages\/71825","targetHints":{"allow":["GET"]}}],"collection":[{"href":"https:\/\/www.ottawahospital.on.ca\/fr\/wp-json\/wp\/v2\/pages"}],"about":[{"href":"https:\/\/www.ottawahospital.on.ca\/fr\/wp-json\/wp\/v2\/types\/page"}],"author":[{"embeddable":true,"href":"https:\/\/www.ottawahospital.on.ca\/fr\/wp-json\/wp\/v2\/users\/25"}],"replies":[{"embeddable":true,"href":"https:\/\/www.ottawahospital.on.ca\/fr\/wp-json\/wp\/v2\/comments?post=71825"}],"version-history":[{"count":0,"href":"https:\/\/www.ottawahospital.on.ca\/fr\/wp-json\/wp\/v2\/pages\/71825\/revisions"}],"wp:attachment":[{"href":"https:\/\/www.ottawahospital.on.ca\/fr\/wp-json\/wp\/v2\/media?parent=71825"}],"curies":[{"name":"wp","href":"https:\/\/api.w.org\/{rel}","templated":true}]}}