{"id":71817,"date":"2022-04-26T14:26:44","date_gmt":"2022-04-26T18:26:44","guid":{"rendered":"https:\/\/www.ottawahospital.on.ca\/?page_id=71817"},"modified":"2022-04-26T14:26:47","modified_gmt":"2022-04-26T18:26:47","slug":"scintigraphie-de-la-thyroide-avec-test-de-captation-de-liode-radioactif","status":"publish","type":"page","link":"https:\/\/www.ottawahospital.on.ca\/fr\/scintigraphie-de-la-thyroide-avec-test-de-captation-de-liode-radioactif\/","title":{"rendered":"Scintigraphie de la thyro\u00efde\u00a0avec test de captation de l\u2019iode radioactif"},"content":{"rendered":"\n<p class=\"intro-text1\">Votre m\u00e9decin vous envoie passer une scintigraphie thyro\u00efdienne avec test de captation de l\u2019iode radioactif. Ce guide r\u00e9pondra \u00e0 certaines de vos questions.&nbsp;<\/p>\n\n\n\n<h2 class=\"wp-block-heading\">Qu\u2019est-ce qu\u2019une scintigraphie thyro\u00efdienne avec test de captation de l\u2019iode radioactif?\u202f&nbsp;<\/h2>\n\n\n\n<p>Il s\u2019agit d\u2019un examen d\u2019imagerie m\u00e9dicale simple et indolore qui sert \u00e0 produire des images de la glande thyro\u00efde \u00e0 l\u2019aide d\u2019un traceur radioactif. L\u2019examen fournira \u00e0 votre m\u00e9decin des renseignements sur la structure et le fonctionnement de la thyro\u00efde.&nbsp;<\/p>\n\n\n\n<h2 class=\"wp-block-heading\">En quoi consiste cet examen?\u202f&nbsp;<\/h2>\n\n\n\n<p>On vous donnera <strong>2 rendez-vous \u00e9tal\u00e9s sur 2 jours<\/strong> <strong>cons\u00e9cutifs<\/strong>\u202f:&nbsp;<\/p>\n\n\n\n<ul class=\"wp-block-list\"><li><strong>Jour\u202f1<\/strong>\u202f<strong>: scintigraphie thyro\u00efdienne (dur\u00e9e d\u2019environ 1\u202fh)<\/strong>\u202f&nbsp;<\/li><\/ul>\n\n\n\n<p>\u00c0 votre arriv\u00e9e au Service de m\u00e9decin nucl\u00e9aire, un technologue vous expliquera le d\u00e9roulement de l\u2019examen et r\u00e9pondra \u00e0 vos questions. Il vous <strong>injectera<\/strong> dans une veine du bras un <strong>traceur radioactif<\/strong>, qui ne cause aucun effet secondaire connu. Apr\u00e8s 5 ou 10 minutes, vous vous allongerez sur une table et le technologue placera une cam\u00e9ra gamma au-dessus de votre cou afin d\u2019en prendre plusieurs images sous diff\u00e9rents angles.&nbsp;<\/p>\n\n\n\n<p>Vous devrez ensuite avaler une <strong>capsule contenant une tr\u00e8s faible quantit\u00e9 d\u2019iode radioactif<\/strong>, qui ne provoquera aucun effet secondaire. Vous devrez alors retourner chez vous et revenir le lendemain, car il faut environ 24 heures pour que l\u2019iode s\u2019accumule en quantit\u00e9 suffisante dans la thyro\u00efde. Pendant ce temps, vous n\u2019\u00eates soumis \u00e0 aucune restriction.&nbsp;<\/p>\n\n\n\n<ul class=\"wp-block-list\"><li><strong>Jour\u202f2<\/strong>\u202f<strong>: test de captation de l\u2019iode radioactif (dur\u00e9e d\u2019environ 15\u202fmin)\u202f<\/strong>&nbsp;<\/li><\/ul>\n\n\n\n<p>Vous serez assis dans un fauteuil pendant que le technologue placera un d\u00e9tecteur de radiation pr\u00e8s de votre cou pendant 5 minutes afin de mesurer la quantit\u00e9 d\u2019iode accumul\u00e9e dans votre glande thyro\u00efde.&nbsp;<\/p>\n\n\n\n<p>Le <strong>jour 1 <\/strong><strong>ou<\/strong><strong> 2<\/strong>, un m\u00e9decin sp\u00e9cialis\u00e9 en m\u00e9decine nucl\u00e9aire examinera votre cou, ce qui prendra environ <strong>30 minutes<\/strong>. Selon votre cas et l\u2019\u00e9valuation du sp\u00e9cialiste, vous pourriez seulement devoir passer la scintigraphie thyro\u00efdienne ou le test de captation de l\u2019iode radioactif.&nbsp;<\/p>\n\n\n\n<h2 class=\"wp-block-heading\">Comment vous pr\u00e9parer avant l\u2019examen?&nbsp;<\/h2>\n\n\n\n<ul class=\"wp-block-list\"><li>Apportez votre carte d\u2019assurance-sant\u00e9.&nbsp;<\/li><li>Certains m\u00e9dicaments pour la thyro\u00efde peuvent nuire \u00e0 l\u2019examen, alors vous devrez les arr\u00eater avant l\u2019examen. Le commis aux rendez-vous vous demandera la <strong>liste compl\u00e8te de vos m\u00e9dicaments actuels, que vous devez aussi<\/strong> <strong>apporter au premier rendez-vous.<\/strong> Assurez-vous de consulter votre m\u00e9decin avant de cesser de prendre un m\u00e9dicament.&nbsp;<\/li><li>Vous ne pouvez pas prendre de produit de contraste iod\u00e9 pendant les 4 semaines avant cet examen.&nbsp;&nbsp;<\/li><li>\u00c9vitez de manger du sushi ou des fruits de mer pendant les 2 semaines avant cet examen.&nbsp;<\/li><li>Laissez tout objet de valeur \u00e0 la maison.&nbsp;<\/li><li>Lorsque vous prendrez rendez-vous, veuillez signaler si vous avez des besoins particuliers (p. ex. claustrophobie, difficult\u00e9 \u00e0 rester immobile, l\u00e8ve-personne pour monter sur la table d\u2019imagerie, barri\u00e8re linguistique). Ainsi, nous prendrons les mesures n\u00e9cessaires pour vous offrir les meilleurs soins possible.&nbsp;<\/li><\/ul>\n\n\n\n<h2 class=\"wp-block-heading\">L\u2019examen est-il douloureux?&nbsp;<\/h2>\n\n\n\n<p>Seule l\u2019aiguille qui sert \u00e0 l\u2019injection pourrait causer un peu de douleur, similairement \u00e0 une prise de sang.&nbsp;<\/p>\n\n\n\n<h2 class=\"wp-block-heading\">Les substances radioactives administr\u00e9es sont-elles dangereuses?&nbsp;<\/h2>\n\n\n\n<p>L\u2019injection et la capsule contiennent chacune une petite quantit\u00e9 d\u2019un traceur radioactif qui \u00e9met des rayons gamma (semblables aux rayons X). La dose de rayonnement est tr\u00e8s faible et dispara\u00eetra d\u2019elle-m\u00eame apr\u00e8s un mois. Les r\u00e9sultats de votre examen fourniront de l\u2019information utile sur votre \u00e9tat de sant\u00e9 et permettront \u00e0 votre m\u00e9decin de planifier votre traitement. Les avantages de passer une scintigraphie l\u2019emportent nettement sur les risques possibles d\u2019une petite dose de rayonnement.<strong>&nbsp;<\/strong>&nbsp;<\/p>\n\n\n\n<h2 class=\"wp-block-heading\">Devez-vous faire quelque chose apr\u00e8s l\u2019examen?&nbsp;<\/h2>\n\n\n\n<p>Vous n\u2019avez pas \u00e0 prendre de pr\u00e9caution particuli\u00e8re apr\u00e8s l\u2019examen. Mais si vous devez traverser une fronti\u00e8re dans les 7\u202fjours suivants, dites-le-nous. Les d\u00e9tecteurs de rayonnement aux postes frontaliers et dans les a\u00e9roports sont tr\u00e8s sensibles et peuvent d\u00e9celer de minuscules traces de radioactivit\u00e9. Nous vous donnerons une lettre que vous pourrez montrer aux agents des douanes.&nbsp;<\/p>\n\n\n\n<h2 class=\"wp-block-heading\">Que devez-vous nous dire avant l\u2019examen?&nbsp;<\/h2>\n\n\n\n<p>Si vous \u00eates enceinte ou que vous allaitez, assurez-vous de nous le dire d\u2019avance.&nbsp;&nbsp;<\/p>\n\n\n\n<h2 class=\"wp-block-heading\">Qu\u2019en est-il de l\u2019allaitement?&nbsp;<\/h2>\n\n\n\n<p>Il faut cesser l\u2019allaitement 4\u202fheures apr\u00e8s l\u2019examen et pendant cette p\u00e9riode, tirer et jeter votre lait. Veuillez pr\u00e9voir les mesures n\u00e9cessaires afin de pouvoir le faire.&nbsp;<\/p>\n\n\n\n<h2 class=\"wp-block-heading\">Comment obtiendrez-vous les r\u00e9sultats de votre examen?&nbsp;<\/h2>\n\n\n\n<p>Un m\u00e9decin sp\u00e9cialiste examinera les images, puis enverra un rapport au m\u00e9decin qui a demand\u00e9 l\u2019examen. Votre m\u00e9decin devrait le recevoir moins d\u2019une semaine apr\u00e8s l\u2019examen. Vous aurez aussi acc\u00e8s au rapport dans MyChart.&nbsp;<\/p>\n\n\n\n<p>Si vous avez des questions sur les r\u00e9sultats ou le rapport d\u2019examen, veuillez communiquer directement avec votre m\u00e9decin. Il sera le mieux plac\u00e9 pour vous expliquer les r\u00e9sultats.&nbsp;<\/p>\n\n\n\n<h2 class=\"wp-block-heading\">Y a-t-il des frais pour cet examen?&nbsp;<\/h2>\n\n\n\n<p>Non. L\u2019examen est pay\u00e9 par le syst\u00e8me de sant\u00e9. Comme il co\u00fbte plusieurs centaines de dollars, nous vous prions de nous appeler au <strong>613-761-4831<\/strong> si vous ne pouvez pas vous pr\u00e9senter.&nbsp;<\/p>\n\n\n\n<h2 class=\"wp-block-heading\">Et si vous ne pouvez pas venir \u00e0 votre rendez-vous?&nbsp;<\/h2>\n\n\n\n<p>En cas d\u2019emp\u00eachement, il est important de nous en aviser d\u00e8s que possible au <strong>613 761-4831<\/strong>. Autrement, votre absence entra\u00eene un gaspillage du mat\u00e9riel co\u00fbteux command\u00e9 sp\u00e9cialement pour vous, en plus de r\u00e9duire l\u2019acc\u00e8s \u00e0 nos services pour d\u2019autres patients. Un rendez-vous manqu\u00e9 peut aussi entra\u00eener un retard dans vos traitements.&nbsp;<\/p>\n\n\n\n<h2 class=\"wp-block-heading\">Indications et stationnement&nbsp;&nbsp;<\/h2>\n\n\n\n<figure class=\"wp-block-table is-style-stripes\"><table><tbody><tr><td>Campus Civic&nbsp;&nbsp;1053, avenue Carling, 1<sup>er\u202f<\/sup>\u00e9tage&nbsp;T\u00e9l\u00e9phone\u202f: 613-761-4831 (option\u202f8)&nbsp;Ouvert du lundi au vendredi, de 8\u202fh \u00e0 16\u202fh&nbsp;Pour nous trouver\u202f: Une fois dans le Campus Civic, prenez l\u2019ascenseur C pour vous rendre au 1<sup>er<\/sup> \u00e9tage, puis suivez les panneaux de la <strong>M\u00e9decine nucl\u00e9aire<\/strong>. Vous pouvez aussi demander le chemin au bureau d\u2019information.\u202f&nbsp;<\/td><td>Campus G\u00e9n\u00e9ral&nbsp;&nbsp;501, chemin Smyth, rez-de-chauss\u00e9e&nbsp;T\u00e9l\u00e9phone\u202f: 613-761-4831 (option\u202f8)&nbsp;Ouvert du lundi au vendredi, de 7\u202fh \u00e0 16\u202fh&nbsp;Pour nous trouver\u202f: \u00c0 partir de l\u2019entr\u00e9e principale, allez vers les ascenseurs, puis suivez les panneaux de la <strong>M\u00e9decine nucl\u00e9aire<\/strong>. Vous pouvez aussi demander le chemin au bureau d\u2019information.\u202f&nbsp;<\/td><\/tr><tr><td>Utilisez le stationnement accessible depuis l\u2019avenue Carling (P7) <strong>ou<\/strong> le stationnement \u00e0 \u00e9tages (P1).&nbsp;<\/td><td>Utilisez le stationnement \u00e0 \u00e9tages \u00e0 c\u00f4t\u00e9 de l\u2019entr\u00e9e principale qui donne sur le\u202fchemin Smyth.&nbsp;<\/td><\/tr><\/tbody><\/table><\/figure>\n\n\n\n<h3 class=\"wp-block-heading\">Instructions pour le stationnement&nbsp;<\/h3>\n\n\n\n<ul class=\"wp-block-list\"><li>Tous nos stationnements sont automatis\u00e9s.&nbsp;<\/li><li>Gardez le billet de stationnement avec vous.&nbsp;<\/li><li>\u00c0 la fin de votre visite, vous pourrez payer \u00e0 l\u2019un des guichets de paiement automatis\u00e9s (argent comptant ou carte de cr\u00e9dit) ou \u00e0 une sortie rapide dans le stationnement (carte de cr\u00e9dit). Vous avez 20\u202fminutes pour sortir du stationnement apr\u00e8s avoir pay\u00e9.&nbsp;<\/li><li>Modes de paiement&nbsp;<ul><li>Guichets de paiement\u202f: Argent comptant ou carte de cr\u00e9dit (Visa, MasterCard ou American Express)&nbsp;<\/li><\/ul><\/li><li>Frais de stationnement\u202f: maximum de 13 $ par jour&nbsp;<\/li><\/ul>\n\n\n\n<p>Visitez le site Web de L\u2019H\u00f4pital d\u2019Ottawa pour en savoir plus sur le <a href=\"https:\/\/www.ottawahospital.on.ca\/fr\/patients-et-visiteurs\/visites-a-lhopital\/\">chemin \u00e0 prendre et le stationnement. <\/a>Vous y trouverez des plans des lieux.&nbsp;<\/p>\n","protected":false},"excerpt":{"rendered":"<p>Votre m\u00e9decin vous envoie passer une scintigraphie thyro\u00efdienne avec test de captation de l\u2019iode radioactif. Ce guide r\u00e9pondra \u00e0 certaines de vos questions.&nbsp; Qu\u2019est-ce qu\u2019une scintigraphie thyro\u00efdienne avec test de captation de l\u2019iode radioactif?\u202f&nbsp; Il s\u2019agit d\u2019un examen d\u2019imagerie m\u00e9dicale simple et indolore qui sert \u00e0 produire des images de la glande thyro\u00efde \u00e0 l\u2019aide [&hellip;]<\/p>\n","protected":false},"author":25,"featured_media":0,"parent":0,"menu_order":0,"comment_status":"closed","ping_status":"closed","template":"","meta":{"_acf_changed":false,"_mc_calendar":[],"footnotes":""},"class_list":["post-71817","page","type-page","status-publish","hentry"],"acf":[],"wps_subtitle":"","_links":{"self":[{"href":"https:\/\/www.ottawahospital.on.ca\/fr\/wp-json\/wp\/v2\/pages\/71817","targetHints":{"allow":["GET"]}}],"collection":[{"href":"https:\/\/www.ottawahospital.on.ca\/fr\/wp-json\/wp\/v2\/pages"}],"about":[{"href":"https:\/\/www.ottawahospital.on.ca\/fr\/wp-json\/wp\/v2\/types\/page"}],"author":[{"embeddable":true,"href":"https:\/\/www.ottawahospital.on.ca\/fr\/wp-json\/wp\/v2\/users\/25"}],"replies":[{"embeddable":true,"href":"https:\/\/www.ottawahospital.on.ca\/fr\/wp-json\/wp\/v2\/comments?post=71817"}],"version-history":[{"count":0,"href":"https:\/\/www.ottawahospital.on.ca\/fr\/wp-json\/wp\/v2\/pages\/71817\/revisions"}],"wp:attachment":[{"href":"https:\/\/www.ottawahospital.on.ca\/fr\/wp-json\/wp\/v2\/media?parent=71817"}],"curies":[{"name":"wp","href":"https:\/\/api.w.org\/{rel}","templated":true}]}}