{"id":7176,"date":"2016-11-15T10:49:32","date_gmt":"2016-11-15T15:49:32","guid":{"rendered":"http:\/\/52.229.122.34\/fr\/?page_id=7176"},"modified":"2024-04-22T09:00:22","modified_gmt":"2024-04-22T13:00:22","slug":"stages-detudiants","status":"publish","type":"page","link":"https:\/\/www.ottawahospital.on.ca\/fr\/notre-modele-de-soins\/notre-equipe-de-professionnels-de-la-sante\/ergotherapie\/stages-detudiants\/","title":{"rendered":"Stages d&rsquo;\u00e9tudiants"},"content":{"rendered":"<div class=\"wp-block-image is-style-default\">\n<figure class=\"aligncenter\"><img decoding=\"async\" src=\"\/wp-content\/uploads\/2016\/11\/feedingbutteringWeb.jpg\" alt=\"Feeding Buttering\"\/><\/figure>\n<\/div>\n\n\n<p>Les ergoth\u00e9rapeutes de L\u2019H\u00f4pital d\u2019Ottawa se consacrent \u00e0 valoriser la formation des futurs ergoth\u00e9rapeutes au Canada, en proposant des stages, en participant \u00e0 la formation dans la collectivit\u00e9, \u00e0 l\u2019enseignement et \u00e0 la recherche.<\/p>\n\n\n\n<p>Des stages sont \u00e9galement propos\u00e9s aux futurs assistants en r\u00e9adaptation. Les stages offerts \u00e0 L\u2019H\u00f4pital&nbsp;d\u2019Ottawa sont en fran\u00e7ais et en anglais.<\/p>\n\n\n\n<p>Pour obtenir un compl\u00e9ment d\u2019information sur les possibilit\u00e9s de stages offertes aux \u00e9tudiants \u00e0 L\u2019H\u00f4pital d\u2019Ottawa, veuillez contacter le Service d\u2019ergoth\u00e9rapie au 613 737-8368.<\/p>\n","protected":false},"excerpt":{"rendered":"<p>Les ergoth\u00e9rapeutes de L\u2019H\u00f4pital d\u2019Ottawa se consacrent \u00e0 valoriser la formation des futurs ergoth\u00e9rapeutes au Canada, en proposant des stages, en participant \u00e0 la formation dans la collectivit\u00e9, \u00e0 l\u2019enseignement et \u00e0 la recherche. Des stages sont \u00e9galement propos\u00e9s aux futurs assistants en r\u00e9adaptation. Les stages offerts \u00e0 L\u2019H\u00f4pital&nbsp;d\u2019Ottawa sont en fran\u00e7ais et en anglais. [&hellip;]<\/p>\n","protected":false},"author":25,"featured_media":0,"parent":7135,"menu_order":5,"comment_status":"closed","ping_status":"closed","template":"","meta":{"_acf_changed":false,"_mc_calendar":[],"footnotes":""},"class_list":["post-7176","page","type-page","status-publish","hentry"],"acf":[],"wps_subtitle":"","_links":{"self":[{"href":"https:\/\/www.ottawahospital.on.ca\/fr\/wp-json\/wp\/v2\/pages\/7176","targetHints":{"allow":["GET"]}}],"collection":[{"href":"https:\/\/www.ottawahospital.on.ca\/fr\/wp-json\/wp\/v2\/pages"}],"about":[{"href":"https:\/\/www.ottawahospital.on.ca\/fr\/wp-json\/wp\/v2\/types\/page"}],"author":[{"embeddable":true,"href":"https:\/\/www.ottawahospital.on.ca\/fr\/wp-json\/wp\/v2\/users\/25"}],"replies":[{"embeddable":true,"href":"https:\/\/www.ottawahospital.on.ca\/fr\/wp-json\/wp\/v2\/comments?post=7176"}],"version-history":[{"count":0,"href":"https:\/\/www.ottawahospital.on.ca\/fr\/wp-json\/wp\/v2\/pages\/7176\/revisions"}],"up":[{"embeddable":true,"href":"https:\/\/www.ottawahospital.on.ca\/fr\/wp-json\/wp\/v2\/pages\/7135"}],"wp:attachment":[{"href":"https:\/\/www.ottawahospital.on.ca\/fr\/wp-json\/wp\/v2\/media?parent=7176"}],"curies":[{"name":"wp","href":"https:\/\/api.w.org\/{rel}","templated":true}]}}