{"id":71719,"date":"2022-04-22T11:25:07","date_gmt":"2022-04-22T15:25:07","guid":{"rendered":"https:\/\/www.ottawahospital.on.ca\/?page_id=71719"},"modified":"2022-04-22T11:25:20","modified_gmt":"2022-04-22T15:25:20","slug":"analyse-du-debit-de-filtration-glomerulaire-des-reins","status":"publish","type":"page","link":"https:\/\/www.ottawahospital.on.ca\/fr\/analyse-du-debit-de-filtration-glomerulaire-des-reins\/","title":{"rendered":"Analyse du d\u00e9bit de filtration glom\u00e9rulaire des reins"},"content":{"rendered":"\n<p class=\"intro-text1\">Votre m\u00e9decin vous a demand\u00e9 une analyse du d\u00e9bit de filtration glom\u00e9rulaire (DFG) de vos reins. Ce guide r\u00e9pondra \u00e0 certaines de vos questions.&nbsp;<\/p>\n\n\n\n<h2 class=\"wp-block-heading\">Qu\u2019est-ce qu\u2019une analyse du d\u00e9bit de filtration glom\u00e9rulaire des reins?\u00a0<\/h2>\n\n\n\n<p>On analyse le d\u00e9bit de filtration glom\u00e9rulaire des reins pour d\u00e9terminer leur efficacit\u00e9 \u00e0 filtrer le sang et \u00e0 en \u00e9vacuer l\u2019exc\u00e8s de liquide. L\u2019analyse n\u00e9cessite plusieurs prises de sang pendant une p\u00e9riode de quatre heures.&nbsp;<\/p>\n\n\n\n<h2 class=\"wp-block-heading\">En quoi consiste cette analyse?\u00a0<\/h2>\n\n\n\n<p>L\u2019analyse se d\u00e9roule en plusieurs parties, \u00e0 diff\u00e9rents intervalles sur une p\u00e9riode d\u2019environ quatre heures.&nbsp;<\/p>\n\n\n\n<p><strong>Partie\u202f1 (20-60 minutes)\u202f:<\/strong> \u00c0 votre arriv\u00e9e au Service de m\u00e9decine nucl\u00e9aire, un technologue vous expliquera l\u2019intervention et r\u00e9pondra \u00e0 vos questions. Il posera un cath\u00e9ter dans une veine de votre bras pour effectuer les prises de sang. Ensuite, il injectera un traceur radioactif dans une autre veine. Ce produit ne cause aucun effet secondaire connu. Si votre m\u00e9decin a \u00e9galement demand\u00e9 des images du fonctionnement des reins, vous recevrez l\u2019injection pendant que vous \u00eates sur une table d\u2019imagerie au-dessus de laquelle se trouve une cam\u00e9ra sp\u00e9ciale (cam\u00e9ra \u00e0 ondes gamma). Apr\u00e8s l\u2019injection (et la prise d\u2019images au besoin), vous pourrez quitter le Service et revenir trois autres fois \u00e0 des intervalles d\u2019une heure le jour m\u00eame. Avant de vous laisser partir, le technologue vous dira \u00e0 quelles heures vous devrez revenir.&nbsp;<\/p>\n\n\n\n<p><strong>Parties\u202f2, 3 et 4 (10 minutes)\u202f:<\/strong> Chaque fois que vous reviendrez, le technologue pr\u00e9l\u00e8vera un \u00e9chantillon de sang. Apr\u00e8s les 3 prises de sang, vous pourrez rentrer \u00e0 la maison sans aucun effet ind\u00e9sirable.&nbsp;&nbsp;<\/p>\n\n\n\n<h2 class=\"wp-block-heading\">Y a-t-il quelque chose \u00e0 faire avant l\u2019analyse?\u00a0<\/h2>\n\n\n\n<ul class=\"wp-block-list\"><li>Apportez votre carte d\u2019assurance-sant\u00e9.\u00a0<\/li><li>Vous am\u00e9liorerez les r\u00e9sultats si vous buvez au moins un demi-litre (500\u202fmL) d\u2019eau dans l\u2019heure avant votre rendez-vous. Vous n\u2019avez pas besoin d\u2019\u00eatre \u00e0 jeun pour cette analyse. Vous pouvez continuer \u00e0 prendre vos m\u00e9dicaments comme d\u2019habitude.\u00a0<\/li><li>Laissez tout objet de valeur \u00e0 la maison.\u00a0<\/li><li>Comme vous devrez peut-\u00eatre attendre quelques heures entre les prises d\u2019images, nous vous recommandons de vous apporter de la lecture. Le Service offre un acc\u00e8s gratuit \u00e0 son r\u00e9seau Internet sans fil.\u00a0<\/li><li>Au moment de prendre rendez-vous, informez le personnel du bureau des rendez-vous de toute pr\u00e9occupation li\u00e9e \u00e0 un obstacle linguistique ou de tout autre besoin sp\u00e9cial. Ainsi, nous prendrons les dispositions n\u00e9cessaires pour vous offrir les meilleurs soins qui soient.\u00a0<\/li><\/ul>\n\n\n\n<h2 class=\"wp-block-heading\">L\u2019intervention est-elle douloureuse?\u00a0<\/h2>\n\n\n\n<p>Seule l\u2019aiguille qui sert \u00e0 la prise de sang ou \u00e0 l\u2019injection pourrait causer un peu de douleur. On vous a peut-\u00eatre d\u00e9j\u00e0 pr\u00e9lev\u00e9 du sang pour des analyses. L\u2019injection que vous aurez est tr\u00e8s similaire.&nbsp;<\/p>\n\n\n\n<h2 class=\"wp-block-heading\">Les radiations sont-elles dangereuses?\u00a0<\/h2>\n\n\n\n<p>L\u2019injection contient une petite quantit\u00e9 d\u2019un traceur radioactif qui \u00e9met des rayons gamma (semblables aux rayons X). La dose de rayonnement est tr\u00e8s faible et dispara\u00eetra d\u2019elle-m\u00eame apr\u00e8s deux jours. Les r\u00e9sultats de votre analyse fourniront de l\u2019information utile sur votre \u00e9tat de sant\u00e9 \u00e0 votre m\u00e9decin et l\u2019aideront \u00e0 planifier votre traitement. Les avantages de passer cette analyse l\u2019emportent nettement sur les risques possibles d\u2019une petite dose de rayonnement.<strong>&nbsp;<\/strong>&nbsp;<\/p>\n\n\n\n<h2 class=\"wp-block-heading\">Devez-vous faire quelque chose apr\u00e8s l\u2019analyse?\u00a0<\/h2>\n\n\n\n<p>Vous n\u2019avez pas \u00e0 prendre de pr\u00e9caution particuli\u00e8re apr\u00e8s l\u2019analyse. Mais si vous devez traverser une fronti\u00e8re dans les 7\u202fjours suivants, dites-le-nous. Les d\u00e9tecteurs de rayonnement des postes frontaliers et des a\u00e9roports sont tr\u00e8s sensibles et peuvent d\u00e9tecter les minuscules traces de radioactivit\u00e9. Nous vous donnerons une lettre que vous pourrez montrer aux agents des douanes.&nbsp;<\/p>\n\n\n\n<h2 class=\"wp-block-heading\">Y a-t-il quelque chose que vous devriez dire au personnel avant l\u2019injection?\u00a0<\/h2>\n\n\n\n<p>Veuillez nous dire si vous \u00eates enceinte ou que vous allaitez.&nbsp;&nbsp;<\/p>\n\n\n\n<h2 class=\"wp-block-heading\">Comment obtiendrez-vous les r\u00e9sultats de votre analyse?\u00a0<\/h2>\n\n\n\n<p>Un m\u00e9decin sp\u00e9cialiste examinera les images peu apr\u00e8s l\u2019examen. Il enverra un rapport au m\u00e9decin qui a demand\u00e9 l\u2019examen. Votre m\u00e9decin devrait le recevoir dans la semaine qui suit l\u2019examen. Vous aurez acc\u00e8s au rapport dans MyChart d\u00e8s qu\u2019il sera disponible.&nbsp;<\/p>\n\n\n\n<p>Si vous avez des questions sur les r\u00e9sultats ou le rapport d\u2019analyse, veuillez communiquer directement avec votre m\u00e9decin. Il est le mieux plac\u00e9 pour interpr\u00e9ter les r\u00e9sultats pour vous.&nbsp;<\/p>\n\n\n\n<h2 class=\"wp-block-heading\">Y a-t-il des frais pour cette analyse?\u00a0<\/h2>\n\n\n\n<p>Non. L\u2019analyse est pay\u00e9e par le syst\u00e8me de sant\u00e9. Comme il nous en co\u00fbte plusieurs centaines de dollars, nous vous prions d\u2019aviser le service au 613\u202f761-4831 si vous ne pouvez pas venir \u00e0 votre rendez-vous.&nbsp;<\/p>\n\n\n\n<h2 class=\"wp-block-heading\">Que devriez-vous faire si vous ne pouvez pas venir \u00e0 votre rendez-vous?\u00a0<\/h2>\n\n\n\n<p>Si vous ne pouvez pas venir \u00e0 votre rendez-vous, il est important d\u2019en aviser d\u00e8s que possible le service au 613\u202f761-4831. Ne pas vous pr\u00e9senter pour l\u2019analyse entra\u00eene un gaspillage de mat\u00e9riel co\u00fbteux command\u00e9 sp\u00e9cialement pour votre rendez-vous et r\u00e9duit la disponibilit\u00e9 des rendez-vous pour les autres patients. Un rendez-vous manqu\u00e9 peut aussi entra\u00eener un retard dans vos traitements.&nbsp;<\/p>\n\n\n\n<h2 class=\"wp-block-heading\">Indications et stationnement\u00a0<\/h2>\n\n\n\n<figure class=\"wp-block-table is-style-stripes\"><table><tbody><tr><td>Campus Civic&nbsp;&nbsp;1053, avenue Carling, 1<sup>er<\/sup>\u202f\u00e9tage&nbsp;T\u00e9l\u00e9phone\u202f: 613\u202f761-4831 (option\u202f8)&nbsp;Heures d\u2019ouverture\u202f: Du lundi au vendredi, de 8\u202fh \u00e0 16\u202fh&nbsp;Pour nous trouver\u202f: Une fois dans le Campus Civic, prenez l\u2019ascenseur C pour vous rendre au premier \u00e9tage, puis suivez les panneaux de la M\u00e9decine nucl\u00e9aire. Vous pouvez aussi demander le chemin au bureau d\u2019information.\u202f&nbsp;<\/td><td>Campus G\u00e9n\u00e9ral&nbsp;&nbsp;501, chemin Smyth, rez-de-chauss\u00e9e&nbsp;T\u00e9l\u00e9phone\u202f: 613\u202f761-4831 (option\u202f8)&nbsp;Heures d\u2019ouverture\u202f: Du lundi au vendredi, de 7\u202fh \u00e0 16\u202fh&nbsp;Pour nous trouver\u202f: \u00c0 partir de l\u2019entr\u00e9e principale de l\u2019h\u00f4pital, rendez-vous aux ascenseurs, puis suivez les panneaux de la M\u00e9decine nucl\u00e9aire. Vous pouvez aussi demander le chemin au bureau d\u2019information.\u202f&nbsp;<\/td><\/tr><tr><td>Stationnez-vous dans le stationnement accessible depuis l\u2019avenue Carling (P7) <strong>ou<\/strong> dans le stationnement \u00e0 \u00e9tages (P1).&nbsp;<\/td><td>Stationnez-vous dans le stationnement \u00e0 \u00e9tages \u00e0 c\u00f4t\u00e9 de l\u2019entr\u00e9e principale qui donne sur le\u202fchemin Smyth.&nbsp;<\/td><\/tr><\/tbody><\/table><\/figure>\n\n\n\n<h3 class=\"wp-block-heading\">Instructions pour le stationnement&nbsp;<\/h3>\n\n\n\n<ul class=\"wp-block-list\"><li>Tous nos stationnements sont automatis\u00e9s.\u00a0\u00a0<\/li><li>Gardez le billet de stationnement sur vous.\u00a0\u00a0<\/li><li>\u00c0 la fin de votre visite, vous pourrez payer \u00e0 l\u2019un des guichets de paiement automatis\u00e9s (argent comptant ou carte de cr\u00e9dit) ou \u00e0 une sortie rapide dans le stationnement (carte de cr\u00e9dit). Vous avez 20\u202fminutes pour sortir du stationnement apr\u00e8s avoir pay\u00e9.\u00a0<\/li><li>Modes de paiement\u00a0<ul><li>Guichets de paiement\u202f: Argent comptant ou carte de cr\u00e9dit (Visa, MasterCard ou American Express)\u00a0<\/li><\/ul><\/li><li>Frais de stationnement\u202f: maximum de 13\u202f$ par jour\u00a0<\/li><\/ul>\n\n\n\n<p>Visitez le site Web de L\u2019H\u00f4pital d\u2019Ottawa pour en savoir plus sur le <a href=\"https:\/\/www.ottawahospital.on.ca\/fr\/patients-et-visiteurs\/visites-a-lhopital\">chemin \u00e0 prendre et le stationnement<\/a>. Vous y trouverez des plans des lieux.\u00a0<\/p>\n","protected":false},"excerpt":{"rendered":"<p>Votre m\u00e9decin vous a demand\u00e9 une analyse du d\u00e9bit de filtration glom\u00e9rulaire (DFG) de vos reins. Ce guide r\u00e9pondra \u00e0 certaines de vos questions.&nbsp; Qu\u2019est-ce qu\u2019une analyse du d\u00e9bit de filtration glom\u00e9rulaire des reins?\u00a0 On analyse le d\u00e9bit de filtration glom\u00e9rulaire des reins pour d\u00e9terminer leur efficacit\u00e9 \u00e0 filtrer le sang et \u00e0 en \u00e9vacuer [&hellip;]<\/p>\n","protected":false},"author":25,"featured_media":0,"parent":0,"menu_order":0,"comment_status":"closed","ping_status":"closed","template":"","meta":{"_acf_changed":false,"_mc_calendar":[],"footnotes":""},"class_list":["post-71719","page","type-page","status-publish","hentry"],"acf":[],"wps_subtitle":"","_links":{"self":[{"href":"https:\/\/www.ottawahospital.on.ca\/fr\/wp-json\/wp\/v2\/pages\/71719","targetHints":{"allow":["GET"]}}],"collection":[{"href":"https:\/\/www.ottawahospital.on.ca\/fr\/wp-json\/wp\/v2\/pages"}],"about":[{"href":"https:\/\/www.ottawahospital.on.ca\/fr\/wp-json\/wp\/v2\/types\/page"}],"author":[{"embeddable":true,"href":"https:\/\/www.ottawahospital.on.ca\/fr\/wp-json\/wp\/v2\/users\/25"}],"replies":[{"embeddable":true,"href":"https:\/\/www.ottawahospital.on.ca\/fr\/wp-json\/wp\/v2\/comments?post=71719"}],"version-history":[{"count":0,"href":"https:\/\/www.ottawahospital.on.ca\/fr\/wp-json\/wp\/v2\/pages\/71719\/revisions"}],"wp:attachment":[{"href":"https:\/\/www.ottawahospital.on.ca\/fr\/wp-json\/wp\/v2\/media?parent=71719"}],"curies":[{"name":"wp","href":"https:\/\/api.w.org\/{rel}","templated":true}]}}