{"id":7171,"date":"2016-11-15T10:47:29","date_gmt":"2016-11-15T15:47:29","guid":{"rendered":"http:\/\/52.229.122.34\/fr\/?page_id=7171"},"modified":"2024-04-22T09:01:24","modified_gmt":"2024-04-22T13:01:24","slug":"devenir-ergotherapeute","status":"publish","type":"page","link":"https:\/\/www.ottawahospital.on.ca\/fr\/notre-modele-de-soins\/notre-equipe-de-professionnels-de-la-sante\/ergotherapie\/devenir-ergotherapeute\/","title":{"rendered":"Devenir ergoth\u00e9rapeute"},"content":{"rendered":"<div class=\"wp-block-image is-style-default\">\n<figure class=\"aligncenter\"><img decoding=\"async\" src=\"\/wp-content\/uploads\/2016\/11\/groupGeneral.jpg\" alt=\"Group General Campus\"\/><\/figure>\n<\/div>\n\n\n<p>Au Canada, les ergoth\u00e9rapeutes poss\u00e8dent une formation universitaire et ont effectu\u00e9 un stage supervis\u00e9 d\u2019au moins 1 000 heures.<\/p>\n\n\n\n<p>Treize universit\u00e9s offrent un programme d\u2019ergoth\u00e9rapie (ma\u00eetrise) dans l\u2019ensemble du Canada. Il est obligatoire de d\u00e9tenir au moins un dipl\u00f4me de deuxi\u00e8me cycle (ma\u00eetrise) pour exercer cette profession.<\/p>\n\n\n\n<p>Les ergoth\u00e9rapeutes sont des professionnels de la sant\u00e9 r\u00e9glement\u00e9s dans toutes les provinces du Canada. Il y a un ordre responsable d\u2019encadrer la pratique de l\u2019ergoth\u00e9rapie dans chaque province.<\/p>\n\n\n\n<p>En Ontario, les ergoth\u00e9rapeutes doivent avoir r\u00e9ussi l\u2019examen d\u2019attestation de l\u2019<a title=\"Association canadienne des ergoth\u00e9rapeutes\" href=\"https:\/\/www.caot.ca\/\" target=\"_blank\" rel=\"noopener\">Association canadienne des ergoth\u00e9rapeutes<\/a>&nbsp;et \u00eatre membres de l\u2019<a title=\"Ordre des ergoth\u00e9rapeutes de l\u2019Ontario\" href=\"https:\/\/www.coto.org\/\" target=\"_blank\" rel=\"noopener\">Ordre des ergoth\u00e9rapeutes de l\u2019Ontario<\/a>.<\/p>\n\n\n\n<p>Pour recevoir plus d\u2019information concernant une carri\u00e8re en ergoth\u00e9rapie \u00e0 L\u2019H\u00f4pital d\u2019Ottawa, veuillez contacter :<\/p>\n\n\n\n<p>Sandra MacLeod<br>Gestionnaire de la pratique professionnelle, R\u00e9adaptation<br>L\u2019H\u00f4pital d\u2019Ottawa \u2013 Campus G\u00e9n\u00e9ral<br>501, ch. Smyth &#8211; Pi\u00e8ce M1260, C.P. 305<br>Ottawa ON K1H 8L6<br>T\u00e9l.: 613-737-8007<br>T\u00e9l\u00e9c. : 613-739-6670<br>Courriel : <a href=\"mailto:samacleod@toh.ca\">samacleod@toh.ca<\/a><\/p>\n","protected":false},"excerpt":{"rendered":"<p>Au Canada, les ergoth\u00e9rapeutes poss\u00e8dent une formation universitaire et ont effectu\u00e9 un stage supervis\u00e9 d\u2019au moins 1 000 heures. Treize universit\u00e9s offrent un programme d\u2019ergoth\u00e9rapie (ma\u00eetrise) dans l\u2019ensemble du Canada. Il est obligatoire de d\u00e9tenir au moins un dipl\u00f4me de deuxi\u00e8me cycle (ma\u00eetrise) pour exercer cette profession. Les ergoth\u00e9rapeutes sont des professionnels de la sant\u00e9 [&hellip;]<\/p>\n","protected":false},"author":25,"featured_media":0,"parent":7135,"menu_order":4,"comment_status":"closed","ping_status":"closed","template":"","meta":{"_acf_changed":false,"_mc_calendar":[],"footnotes":""},"class_list":["post-7171","page","type-page","status-publish","hentry"],"acf":[],"wps_subtitle":"","_links":{"self":[{"href":"https:\/\/www.ottawahospital.on.ca\/fr\/wp-json\/wp\/v2\/pages\/7171","targetHints":{"allow":["GET"]}}],"collection":[{"href":"https:\/\/www.ottawahospital.on.ca\/fr\/wp-json\/wp\/v2\/pages"}],"about":[{"href":"https:\/\/www.ottawahospital.on.ca\/fr\/wp-json\/wp\/v2\/types\/page"}],"author":[{"embeddable":true,"href":"https:\/\/www.ottawahospital.on.ca\/fr\/wp-json\/wp\/v2\/users\/25"}],"replies":[{"embeddable":true,"href":"https:\/\/www.ottawahospital.on.ca\/fr\/wp-json\/wp\/v2\/comments?post=7171"}],"version-history":[{"count":0,"href":"https:\/\/www.ottawahospital.on.ca\/fr\/wp-json\/wp\/v2\/pages\/7171\/revisions"}],"up":[{"embeddable":true,"href":"https:\/\/www.ottawahospital.on.ca\/fr\/wp-json\/wp\/v2\/pages\/7135"}],"wp:attachment":[{"href":"https:\/\/www.ottawahospital.on.ca\/fr\/wp-json\/wp\/v2\/media?parent=7171"}],"curies":[{"name":"wp","href":"https:\/\/api.w.org\/{rel}","templated":true}]}}