{"id":71692,"date":"2022-04-21T15:20:07","date_gmt":"2022-04-21T19:20:07","guid":{"rendered":"https:\/\/www.ottawahospital.on.ca\/?page_id=71692"},"modified":"2022-04-21T15:20:09","modified_gmt":"2022-04-21T19:20:09","slug":"scintigraphie-renale-au-captopril","status":"publish","type":"page","link":"https:\/\/www.ottawahospital.on.ca\/fr\/scintigraphie-renale-au-captopril\/","title":{"rendered":"Scintigraphie r\u00e9nale au captopril"},"content":{"rendered":"\n<p class=\"intro-text1\">Votre m\u00e9decin demande que vous passiez une scintigraphie r\u00e9nale au captopril. Vous trouverez dans le pr\u00e9sent document des r\u00e9ponses aux questions que vous pourriez avoir au sujet de cet examen.&nbsp;<\/p>\n\n\n\n<h2 class=\"wp-block-heading\">Qu\u2019est-ce qu\u2019une scintigraphie r\u00e9nale au captopril?\u202f\u00a0<\/h2>\n\n\n\n<p>Il s\u2019agit d\u2019un moyen simple et sans douleur d\u2019obtenir des images de la circulation sanguine et du fonctionnement de vos reins \u00e0 l\u2019aide d\u2019une substance radioactive qui sert de traceur. Votre m\u00e9decin demande que vous passiez cet examen pour d\u00e9terminer si votre hypertension art\u00e9rielle est caus\u00e9e par le r\u00e9tr\u00e9cissement des art\u00e8res qui alimentent les reins.\u00a0<\/p>\n\n\n\n<h2 class=\"wp-block-heading\">En quoi consiste cet examen?\u202f\u00a0<\/h2>\n\n\n\n<p>L\u2019examen peut \u00eatre r\u00e9alis\u00e9 <strong>dans une journ\u00e9e ou sur 2 journ\u00e9es<\/strong>. Notre commis aux rendezvous vous dira \u00e0 quelle(s) heure(s) vous pr\u00e9senter. \u00c0 votre arriv\u00e9e au Service, un technologue vous expliquera en d\u00e9tail en quoi consiste l\u2019examen et r\u00e9pondra \u00e0 vos questions.&nbsp;<\/p>\n\n\n\n<p><strong>Examen d\u2019un jour\u202f: (dur\u00e9e d\u2019environ 4 heures)<\/strong>&nbsp;<\/p>\n\n\n\n<p>On vous donnera <strong>3 rendez-vous<\/strong> pour cet examen\u202f:&nbsp;<\/p>\n\n\n\n<p><strong>Partie\u202f1 (1 heure)\u202f:<\/strong> Le technologue vous demandera ensuite de vous allonger sur une table pour vous placer sous un appareil appel\u00e9 \u00ab\u202fcam\u00e9ra gamma\u202f\u00bb. Le technologue injectera un traceur radioactif dans la veine d\u2019un de vos bras. Cette substance ne cause aucun effet secondaire. Le technologue prendra ensuite une s\u00e9rie d\u2019images de vos reins. L\u2019examen prendra environ 45 minutes. Ensuite, vous pourrez quitter le Service pendant environ une heure. Vous devrez continuer de je\u00fbner en attendant votre prochain rendez-vous, dont l\u2019heure vous sera communiqu\u00e9e avant de partir.&nbsp;<\/p>\n\n\n\n<p><strong>Partie\u202f2 (1 heure)\u202f:<\/strong> \u00c0 votre retour, le technologue mesurera votre tension art\u00e9rielle et vous demandera d\u2019avaler une pilule de captopril, qui est n\u00e9cessaire pour l\u2019examen. Il mesurera de nouveau votre tension art\u00e9rielle environ toutes les 15 minutes sur une p\u00e9riode de 60 minutes.&nbsp;<\/p>\n\n\n\n<p><strong>Partie\u202f3 (1 heure)\u202f:<\/strong> Reprise de la partie\u202f1. Apr\u00e8s l\u2019examen, vous pouvez retourner \u00e0 la maison sans aucun inconfort.&nbsp;<\/p>\n\n\n\n<p><strong><\/strong>Page Break<strong><\/strong>&nbsp;<\/p>\n\n\n\n<h2 class=\"wp-block-heading\">Examen sur 2 jours\u202f: (dur\u00e9e d\u2019environ 1 heure chaque jour)\u00a0<\/h2>\n\n\n\n<p>On effectuera la partie\u202f1 le premier jour (pas besoin de je\u00fbner) et les parties\u202f2 et 3 (exigeant le je\u00fbne pendant 4 heures), un autre jour.&nbsp;&nbsp;<\/p>\n\n\n\n<h2 class=\"wp-block-heading\">Comment devez-vous vous pr\u00e9parer pour l\u2019examen?\u202f\u00a0<\/h2>\n\n\n\n<ul class=\"wp-block-list\"><li>Apportez votre carte d\u2019assurance-sant\u00e9.\u00a0<\/li><li>Arrivez bien hydrat\u00e9 en buvant au moins 0,5 litre d\u2019eau une heure avant votre rendezvous. Vous pouvez aller \u00e0 la toilette au besoin.\u00a0\u00a0<\/li><li>Vous devez je\u00fbner durant 4 heures avant l\u2019examen.\u00a0<\/li><li>Certains m\u00e9dicaments peuvent nuire \u00e0 l\u2019examen, alors vous devrez cesser de les prendre avant l\u2019examen. Le commis aux rendez-vous vous demandera de lui fournir une liste compl\u00e8te des m\u00e9dicaments que vous prenez. <strong>Il est important que vous apportiez aussi cette liste \u00e0 votre premier rendez-vous.<\/strong> Veuillez consulter votre m\u00e9decin avant de cesser de prendre un m\u00e9dicament.\u202f\u00a0<\/li><li>Laissez tout objet de valeur \u00e0 la maison.\u00a0<\/li><li>Lorsque que vous prendrez rendez-vous, veuillez signaler au commis si vous avez de la claustrophobie ou de la difficult\u00e9 \u00e0 rester immobile, avez besoin d\u2019un l\u00e8ve-personne pour votre transfert sur la table d\u2019imagerie ou si vous avez tout autre besoin (p.ex. besoin d\u2019un interpr\u00e8te). Ainsi, nous prendrons les mesures n\u00e9cessaires pour vous offrir les meilleurs soins possible.\u00a0<\/li><\/ul>\n\n\n\n<h2 class=\"wp-block-heading\">Est-ce que l\u2019examen fera mal?\u00a0<\/h2>\n\n\n\n<p>Seule l\u2019aiguille qui sert \u00e0 l\u2019injection pourrait causer un peu de douleur. On vous a peut-\u00eatre d\u00e9j\u00e0 pr\u00e9lev\u00e9 du sang pour des analyses sanguines. L\u2019injection que vous subirez est tr\u00e8s similaire.&nbsp;<\/p>\n\n\n\n<h2 class=\"wp-block-heading\">Les radiations sont-elles dangereuses?\u00a0<\/h2>\n\n\n\n<p>On vous injectera une petite quantit\u00e9 d\u2019un produit radioactif qui \u00e9met des rayons gamma (semblables aux rayons X). La dose de rayonnement est tr\u00e8s faible et dispara\u00eetra d\u2019elle-m\u00eame apr\u00e8s 2 jours. Les r\u00e9sultats de votre examen r\u00e9v\u00e8leront de l\u2019information utile sur votre \u00e9tat de sant\u00e9 \u00e0 votre m\u00e9decin et l\u2019aideront \u00e0 planifier votre traitement. Les avantages de passer une scintigraphie surpassent nettement sur les risques possibles d\u2019une dose de rayonnement.<strong>&nbsp;<\/strong>&nbsp;<\/p>\n\n\n\n<h2 class=\"wp-block-heading\">Que devez-vous faire apr\u00e8s le rendez-vous?\u00a0<\/h2>\n\n\n\n<p>Vous n\u2019avez pas \u00e0 prendre de pr\u00e9caution particuli\u00e8re apr\u00e8s le rendez-vous. Mais si vous devez traverser une fronti\u00e8re dans les 7\u202fjours suivants, dites-le-nous. Les d\u00e9tecteurs de radiation des postes frontaliers et des a\u00e9roports sont tr\u00e8s sensibles et peuvent d\u00e9tecter les minuscules quantit\u00e9s de radioactivit\u00e9. Nous vous donnerons une lettre que vous pourrez montrer aux agents des douanes.&nbsp;<\/p>\n\n\n\n<h2 class=\"wp-block-heading\">Devez-vous nous signaler quelque chose avant l\u2019injection?\u00a0<\/h2>\n\n\n\n<p>Veuillez nous dire si vous \u00eates enceinte ou si vous allaitez.&nbsp;&nbsp;<\/p>\n\n\n\n<h2 class=\"wp-block-heading\">Qu\u2019en est-il de l\u2019allaitement?\u00a0<\/h2>\n\n\n\n<p>\u00c9vitez d&rsquo;allaiter durant 4 heures apr\u00e8s l&rsquo;examen, et tirez votre lait une fois durant cette p\u00e9riode et jetez-le. Pr\u00e9parez-vous pour l&rsquo;examen comme pr\u00e9vu.&nbsp;<\/p>\n\n\n\n<h2 class=\"wp-block-heading\">Comment obtiendrez-vous les r\u00e9sultats de votre examen?\u00a0<\/h2>\n\n\n\n<p>Un m\u00e9decin sp\u00e9cialiste examinera les images, puis il enverra un rapport au m\u00e9decin qui a demand\u00e9 la scintigraphie. Votre m\u00e9decin devrait le recevoir moins d\u2019une semaine apr\u00e8s la scintigraphie. Vous aurez acc\u00e8s au rapport dans MyChart d\u00e8s qu\u2019il sera disponible.&nbsp;<\/p>\n\n\n\n<p>Si vous avez des questions sur les r\u00e9sultats ou le rapport d\u2019examen, veuillez communiquer directement avec votre m\u00e9decin. Il est le mieux plac\u00e9 pour interpr\u00e9ter les r\u00e9sultats pour vous.&nbsp;<\/p>\n\n\n\n<h2 class=\"wp-block-heading\">Y a-t-il des frais pour cet examen?\u00a0<\/h2>\n\n\n\n<p>Non. L\u2019examen est couvert par le syst\u00e8me de sant\u00e9. Comme il co\u00fbte plusieurs centaines de dollars, nous vous prions de nous appeler au 613-761-4831 si vous ne pouvez pas vous pr\u00e9senter \u00e0 votre rendez-vous.&nbsp;<\/p>\n\n\n\n<h2 class=\"wp-block-heading\">Que faire si vous ne pouvez pas venir \u00e0 votre rendez-vous?\u00a0<\/h2>\n\n\n\n<p>Si vous ne pouvez pas venir \u00e0 votre rendez-vous, il est important de nous en aviser d\u00e8s que possible en appelant au 613-761-4831. Autrement, votre absence non signal\u00e9e causera le gaspillage du mat\u00e9riel co\u00fbteux command\u00e9 sp\u00e9cialement pour votre examen en plus de r\u00e9duire l\u2019acc\u00e8s \u00e0 ce service pour d\u2019autres patients. Un rendez-vous manqu\u00e9 peut aussi entra\u00eener un retard dans vos traitements.<\/p>\n\n\n\n<h2 class=\"wp-block-heading\">Comment vous rendre et o\u00f9 vous stationner\u00a0<\/h2>\n\n\n\n<figure class=\"wp-block-table is-style-stripes\"><table><tbody><tr><td>Campus Civic&nbsp;&nbsp;1053, avenue Carling, 1<sup>er<\/sup>\u202f\u00e9tage&nbsp;T\u00e9l\u00e9phone\u202f: 613-761-4831 (option\u202f8)&nbsp;Heures d\u2019ouverture\u202f: Du lundi au vendredi, de 8\u202fh \u00e0 16\u202fh&nbsp;Pour nous trouver\u202f: Une fois dans le Campus Civic, prenez l\u2019ascenseur C pour vous rendre au premier \u00e9tage, puis suivez les panneaux de la M\u00e9decine nucl\u00e9aire. Vous pouvez aussi demander le chemin au bureau d\u2019information.&nbsp;<\/td><td>Campus G\u00e9n\u00e9ral&nbsp;&nbsp;501, chemin Smyth, rez-de-chauss\u00e9e&nbsp;T\u00e9l\u00e9phone\u202f: 613-761-4831 (option\u202f8)&nbsp;Heures d\u2019ouverture\u202f: Du lundi au vendredi, de 7\u202fh \u00e0 16\u202fh&nbsp;Pour nous trouver\u202f: \u00c0 partir de l\u2019entr\u00e9e principale de l\u2019h\u00f4pital, rendez-vous aux ascenseurs, puis suivez les panneaux de la M\u00e9decine nucl\u00e9aire. Vous pouvez aussi demander le chemin au bureau d\u2019information.&nbsp;<\/td><\/tr><tr><td>Utilisez le stationnement accessible depuis l\u2019avenue Carling (P7) <strong>ou<\/strong> le stationnement \u00e0 \u00e9tages (P1).&nbsp;<\/td><td>Utilisez le stationnement \u00e0 \u00e9tages \u00e0 c\u00f4t\u00e9 de l\u2019entr\u00e9e principale qui donne sur le\u202fchemin Smyth.&nbsp;<\/td><\/tr><\/tbody><\/table><\/figure>\n\n\n\n<h3 class=\"wp-block-heading\">Instructions pour le stationnement&nbsp;<\/h3>\n\n\n\n<ul class=\"wp-block-list\"><li>Tous nos stationnements sont automatis\u00e9s.\u00a0\u00a0<\/li><li>Gardez le billet de stationnement sur vous.\u00a0\u00a0<\/li><li>\u00c0 la fin de votre visite, vous pourrez payer \u00e0 l\u2019un des guichets de paiement automatis\u00e9s (argent comptant ou carte de cr\u00e9dit) <strong>ou<\/strong> \u00e0 une sortie rapide dans le stationnement (carte de cr\u00e9dit). Vous avez 20\u202fminutes pour sortir du stationnement apr\u00e8s avoir pay\u00e9.\u00a0<\/li><li>Modes de paiement\u00a0<ul><li>Guichets de paiement\u202f: Argent comptant ou carte de cr\u00e9dit (Visa, MasterCard ou American Express)\u00a0<\/li><\/ul><\/li><li>Frais de stationnement\u202f: maximum de 13 $ par jour\u00a0<\/li><\/ul>\n\n\n\n<p>Visitez le site Web de L\u2019H\u00f4pital d\u2019Ottawa pour en savoir plus sur le <a href=\"https:\/\/www.ottawahospital.on.ca\/en\/patients-visitors\/visiting-the-hospital\/\">chemin \u00e0 prendre et le stationnement. <\/a>Vous y trouverez des plans des lieux.<\/p>\n","protected":false},"excerpt":{"rendered":"<p>Votre m\u00e9decin demande que vous passiez une scintigraphie r\u00e9nale au captopril. Vous trouverez dans le pr\u00e9sent document des r\u00e9ponses aux questions que vous pourriez avoir au sujet de cet examen.&nbsp; Qu\u2019est-ce qu\u2019une scintigraphie r\u00e9nale au captopril?\u202f\u00a0 Il s\u2019agit d\u2019un moyen simple et sans douleur d\u2019obtenir des images de la circulation sanguine et du fonctionnement de [&hellip;]<\/p>\n","protected":false},"author":25,"featured_media":0,"parent":0,"menu_order":0,"comment_status":"closed","ping_status":"closed","template":"","meta":{"_acf_changed":false,"_mc_calendar":[],"footnotes":""},"class_list":["post-71692","page","type-page","status-publish","hentry"],"acf":[],"wps_subtitle":"","_links":{"self":[{"href":"https:\/\/www.ottawahospital.on.ca\/fr\/wp-json\/wp\/v2\/pages\/71692","targetHints":{"allow":["GET"]}}],"collection":[{"href":"https:\/\/www.ottawahospital.on.ca\/fr\/wp-json\/wp\/v2\/pages"}],"about":[{"href":"https:\/\/www.ottawahospital.on.ca\/fr\/wp-json\/wp\/v2\/types\/page"}],"author":[{"embeddable":true,"href":"https:\/\/www.ottawahospital.on.ca\/fr\/wp-json\/wp\/v2\/users\/25"}],"replies":[{"embeddable":true,"href":"https:\/\/www.ottawahospital.on.ca\/fr\/wp-json\/wp\/v2\/comments?post=71692"}],"version-history":[{"count":0,"href":"https:\/\/www.ottawahospital.on.ca\/fr\/wp-json\/wp\/v2\/pages\/71692\/revisions"}],"wp:attachment":[{"href":"https:\/\/www.ottawahospital.on.ca\/fr\/wp-json\/wp\/v2\/media?parent=71692"}],"curies":[{"name":"wp","href":"https:\/\/api.w.org\/{rel}","templated":true}]}}