{"id":71688,"date":"2022-04-21T14:46:02","date_gmt":"2022-04-21T18:46:02","guid":{"rendered":"https:\/\/www.ottawahospital.on.ca\/?page_id=71688"},"modified":"2022-04-21T14:46:06","modified_gmt":"2022-04-21T18:46:06","slug":"traitement-a-liode-radioactif-pour-lhyperthyroidie","status":"publish","type":"page","link":"https:\/\/www.ottawahospital.on.ca\/fr\/traitement-a-liode-radioactif-pour-lhyperthyroidie\/","title":{"rendered":"Traitement \u00e0 l\u2019iode radioactif pour l\u2019hyperthyro\u00efdie"},"content":{"rendered":"\n<p class=\"intro-text1\">Votre m\u00e9decin vous a prescrit un traitement \u00e0 l\u2019iode radioactif. Voici les r\u00e9ponses \u00e0 des questions courantes sur ce traitement.&nbsp;<\/p>\n\n\n\n<h2 class=\"wp-block-heading\">\u00c0 quoi sert l\u2019iode radioactif?\u00a0<\/h2>\n\n\n\n<p>L\u2019iode radioactif est utilis\u00e9 dans les situations suivantes\u202f:&nbsp;<\/p>\n\n\n\n<ul class=\"wp-block-list\"><li>Pour traiter l\u2019hyperthyro\u00efdie (activit\u00e9 excessive de la thyro\u00efde) caus\u00e9e par la maladie de Graves.&nbsp;<\/li><\/ul>\n\n\n\n<ul class=\"wp-block-list\"><li>Pour traiter l\u2019hyperthyro\u00efdie caus\u00e9e par un nodule thyro\u00efdien qui est trop actif.&nbsp;<\/li><li>Pour rapetisser une glande thyro\u00efde grossie (goitre) qui compresse les voies respiratoires ou l\u2019\u0153sophage sans recourir \u00e0 la chirurgie.&nbsp;<\/li><\/ul>\n\n\n\n<h2 class=\"wp-block-heading\">Qu\u2019est-ce qu\u2019un traitement \u00e0 l\u2019iode radioactif?\u00a0<\/h2>\n\n\n\n<p>L\u2019iode radioactif (I-131) sert \u00e0 traiter les troubles de la glande thyro\u00efde trop active (hyperthyro\u00efdie) depuis le d\u00e9but des ann\u00e9es\u202f1940. C\u2019est une m\u00e9thode de traitement efficace. L\u2019iode radioactif est administr\u00e9 sous forme de capsule ou de liquide. La glande thyro\u00efde absorbe l\u2019iode, qui d\u00e9truit les cellules dans la glande. Cela a pour effet de r\u00e9duire la quantit\u00e9 d\u2019hormone thyro\u00efdienne produite et la taille de la glande.&nbsp;<\/p>\n\n\n\n<h2 class=\"wp-block-heading\">En quoi consiste le traitement?\u00a0<\/h2>\n\n\n\n<p>Avant le traitement, votre m\u00e9decin commandera un examen d\u2019imagerie appel\u00e9 scintigraphie de la glande thyro\u00efde. Les r\u00e9sultats servent \u00e0 d\u00e9terminer la cause de votre hyperthyro\u00efdie et fournissent de l\u2019information sur vos tissus thyro\u00efdiens afin de d\u00e9terminer votre dose th\u00e9rapeutique. La th\u00e9rapie \u00e0 l\u2019iode radioactif vise \u00e0 traiter uniquement la glande thyro\u00efde. Il n\u2019y a donc que tr\u00e8s peu de rayonnement dans les autres cellules de votre corps. Lorsque les cellules thyro\u00efdiennes absorbent la radiation, elles sont endommag\u00e9es ou d\u00e9truites.&nbsp;<\/p>\n\n\n\n<p>Environ 90\u202f% des patients ont besoin d\u2019une seule dose pour \u00eatre gu\u00e9ris de l\u2019hyperthyro\u00efdie. Vous pourriez avoir besoin d\u2019une seule dose, mais le m\u00e9dicament pourrait prendre jusqu\u2019\u00e0 6\u202fmois pour d\u00e9truire compl\u00e8tement une partie ou la totalit\u00e9 de la thyro\u00efde et atteindre son plein effet. Si vos sympt\u00f4mes persistent 6\u202fmois apr\u00e8s le traitement, vous pourriez avoir besoin d\u2019une deuxi\u00e8me dose.&nbsp;<\/p>\n\n\n\n<p>Avant d\u2019obtenir un rendez-vous, un m\u00e9decin sp\u00e9cialis\u00e9 en m\u00e9decine nucl\u00e9aire vous expliquera les risques et les avantages de recevoir un traitement \u00e0 l\u2019iode radioactif. Il vous donnera des instructions pr\u00e9cises sur les pr\u00e9cautions \u00e0 prendre et vous demandera de signer un formulaire de consentement. &nbsp;<\/p>\n\n\n\n<p>\u00c0 votre arriv\u00e9e au Service de m\u00e9decine nucl\u00e9aire, un technologue vous expliquera en d\u00e9tail le d\u00e9roulement du traitement et vous demandera si vous avez des questions. Un m\u00e9decin en m\u00e9decine nucl\u00e9aire s\u2019assurera que vous recevez la bonne quantit\u00e9 d\u2019iode radioactif qui a \u00e9t\u00e9 command\u00e9e pour vous. Le technologue vous donnera ensuite la dose sous forme de capsule ou de liquide. Lorsque vous aurez re\u00e7u la dose, vous pourrez quitter l\u2019h\u00f4pital. Vous n\u2019aurez aucun effet secondaire. L\u2019intervention dure environ 30\u202fminutes.&nbsp;<\/p>\n\n\n\n<h2 class=\"wp-block-heading\">Y a-t-il quelque chose \u00e0 faire avant l\u2019examen?\u00a0<\/h2>\n\n\n\n<ul class=\"wp-block-list\"><li>Apportez votre carte d\u2019assurance-sant\u00e9.&nbsp;&nbsp;<\/li><li>Certains m\u00e9dicaments peuvent nuire au traitement. On vous donnera des instructions pr\u00e9cises sur les m\u00e9dicaments que vous devez cesser de prendre.&nbsp;&nbsp;<\/li><li>Les femmes en \u00e2ge de procr\u00e9er devront passer une analyse de sang peu avant de recevoir le traitement, souvent le matin m\u00eame, pour nous assurer qu\u2019elles ne sont pas enceintes. Le Service de m\u00e9decine nucl\u00e9aire vous donnera des instructions sur le moment et le lieu o\u00f9 vous devrez faire cette analyse. Cette analyse de sang peut uniquement \u00eatre omise en cas d\u2019hyst\u00e9rectomie ou de m\u00e9nopause.&nbsp;<\/li><li>Allaitement\u202f: L\u2019iode se retrouvera dans le lait maternel. Il faut donc cesser d\u2019allaiter apr\u00e8s le traitement. Pour r\u00e9duire le plus possible la dose de rayonnement dans les seins, la th\u00e9rapie par iode radioactif doit \u00eatre report\u00e9e jusqu\u2019\u00e0 ce que la lactation prenne fin (normalement de 4 \u00e0 6\u202fsemaines apr\u00e8s la fin de l\u2019allaitement).&nbsp;<\/li><\/ul>\n\n\n\n<h2 class=\"wp-block-heading\">Effets secondaires de l\u2019iode radioactif\u00a0<\/h2>\n\n\n\n<p>Une glande thyro\u00efde qui ne produit pas assez d\u2019hormone (hypothyro\u00efdie) est un effet secondaire courant du traitement \u00e0 l\u2019iode radioactif, d\u2019o\u00f9 l\u2019importance de passer r\u00e9guli\u00e8rement des analyses sanguines de la glande thyro\u00efde de 4 \u00e0 6\u202fsemaines apr\u00e8s le traitement, afin de relever et de traiter ce trouble d\u00e8s que possible.&nbsp;<\/p>\n\n\n\n<p>Les autres effets secondaires que vous pourriez ressentir sont les suivants\u202f:&nbsp;<\/p>\n\n\n\n<ul class=\"wp-block-list\"><li>Mal de gorge pouvant durer une semaine\u00a0<\/li><li>Go\u00fbt m\u00e9tallique dans la bouche pouvant durer quelques semaines\u00a0<\/li><li>Naus\u00e9es qui disparaissent de 1 \u00e0 2\u202fjours apr\u00e8s le traitement\u00a0<\/li><li>Enflement des glandes salivaires pouvant durer quelques semaines. Cela se produit parce que les glandes salivaires absorbent de l\u2019iode. Stimuler la salivation un jour apr\u00e8s le traitement (par exemple en prenant un bonbon au citron) est un rem\u00e8de efficace.\u00a0<\/li><li>Une complication grave, mais tr\u00e8s rare peut se produire dans les 2\u202fsemaines apr\u00e8s le traitement\u202f: l\u2019hyperthyro\u00efdie peut s\u2019aggraver. Si vos sympt\u00f4mes d\u2019hyperthyro\u00efdie s\u2019aggravent apr\u00e8s le traitement, informez-en votre m\u00e9decin ou rendez-vous \u00e0 l\u2019urgence la plus proche.\u00a0<\/li><li>Si vous avez une maladie de la glande thyro\u00efde qui affecte les yeux (ce qui peut se produire avec la maladie de Graves), les sympt\u00f4mes pourraient s\u2019aggraver avec le traitement \u00e0 l\u2019iode. Si vous avez des sympt\u00f4mes aux yeux, informez-en votre m\u00e9decin afin qu\u2019il v\u00e9rifie s\u2019ils sont li\u00e9s \u00e0 la glande thyro\u00efde. Votre m\u00e9decin vous conseillera sur les fa\u00e7ons de minimiser le risque d\u2019aggraver la maladie de l\u2019\u0153il et vous devrez peut-\u00eatre consulter un sp\u00e9cialiste des yeux.\u00a0<\/li><\/ul>\n\n\n\n<h2 class=\"wp-block-heading\">Est-il s\u00e9curitaire de concevoir apr\u00e8s avoir re\u00e7u un traitement \u00e0 l\u2019iode radioactif?\u00a0<\/h2>\n\n\n\n<p>Il n\u2019existe aucune preuve que les patients qui ont re\u00e7u un traitement \u00e0 l\u2019iode radioactif sont moins fertiles ou que leurs enfants auront des anomalies g\u00e9n\u00e9tiques. Cependant, comme pr\u00e9caution g\u00e9n\u00e9rale, apr\u00e8s avoir re\u00e7u un traitement \u00e0 l\u2019iode radioactif, les hommes devraient \u00e9viter de procr\u00e9er pendant au moins 4\u202fmois et les femmes, de concevoir pendant au moins 6\u202fmois. Votre centre de traitement vous donnera plus d\u2019information \u00e0 ce sujet. Cette p\u00e9riode d\u2019attente \u00e9coul\u00e9e, on peut avoir un b\u00e9b\u00e9 sans probl\u00e8me et celui-ci se d\u00e9veloppera normalement. De nombreuses personnes qui ont re\u00e7u un traitement \u00e0 l\u2019iode radioactif ont eu des enfants en sant\u00e9.&nbsp;<\/p>\n\n\n\n<h2 class=\"wp-block-heading\">Les radiations sont-elles dangereuses?\u00a0<\/h2>\n\n\n\n<p>Apr\u00e8s avoir re\u00e7u un traitement \u00e0 l\u2019iode radioactif, le risque d\u2019avoir le cancer de la glande thyro\u00efde ou la leuc\u00e9mie n\u2019est pas accru. Pour la plupart des patients, les avantages du traitement de leur glande thyro\u00efde trop active l\u2019emportent nettement sur le risque extr\u00eamement faible d\u2019avoir le cancer. Les sp\u00e9cialistes qui vous traiteront pourront r\u00e9pondre \u00e0 vos questions sur la s\u00e9curit\u00e9 du traitement dans votre situation.&nbsp;<\/p>\n\n\n\n<h2 class=\"wp-block-heading\">Devez-vous faire quelque chose apr\u00e8s le traitement?\u00a0<\/h2>\n\n\n\n<p>Dans les jours qui suivent le traitement, vous devrez prendre quelques pr\u00e9cautions pour \u00e9viter d\u2019exposer les autres au rayonnement. <strong>Les pr\u00e9cautions ci-dessous sont g\u00e9n\u00e9rales et votre m\u00e9decin vous fournira plus de d\u00e9tails, y compris la dur\u00e9e des pr\u00e9cautions, selon vos besoins individuels et votre \u00e9tat de sant\u00e9.<\/strong>&nbsp;<\/p>\n\n\n\n<p>L\u2019iode radioactif utilis\u00e9 dans le cadre de votre traitement demeurera dans votre corps seulement de fa\u00e7on temporaire. Vous \u00e9liminerez en quelques jours dans votre urine la majeure partie de l\u2019iode qui n\u2019a pas \u00e9t\u00e9 capt\u00e9 par votre thyro\u00efde. De petites quantit\u00e9s pourront aussi s\u2019\u00e9chapper dans votre salive, votre sueur et vos selles. Nous n\u2019avons aucune preuve que l\u2019exposition \u00e0 une si petite quantit\u00e9 de radiations peut causer des effets nocifs. Malgr\u00e9 cela, il est pr\u00e9f\u00e9rable d\u2019\u00e9viter une exposition non n\u00e9cessaire des autres \u00e0 l\u2019iode. Vous devriez donc suivre les simples pr\u00e9cautions suivantes apr\u00e8s votre traitement\u202f:&nbsp;<\/p>\n\n\n\n<ul class=\"wp-block-list\"><li>Lorsque vous retournerez \u00e0 la maison apr\u00e8s le traitement, il est pr\u00e9f\u00e9rable de voyager seul dans un v\u00e9hicule priv\u00e9 ou, si cela n\u2019est pas possible, avec un seul conducteur. Gardez la plus grande distance possible entre vous et le conducteur.\u00a0<\/li><li>Demeurez \u00e0 l\u2019\u00e9cart des autres, m\u00eame \u00e0 l\u2019heure du repas.\u00a0<\/li><li>Demeurez \u00e0 la maison pendant les 2\u202fjours apr\u00e8s le traitement.\u00a0<\/li><li>N\u2019allez pas au travail tout de suite, sauf si vous pouvez prendre ces pr\u00e9cautions au travail et en vous y rendant.\u00a0<\/li><li>Dormez dans une chambre \u00e0 part.\u00a0<\/li><li>\u00c9vitez le contact personnel avec les autres (c\u00e2lins, baisers, rapports sexuels).\u00a0<\/li><li>\u00c9vitez les contacts physiques prolong\u00e9s avec les b\u00e9b\u00e9s, les jeunes enfants, les femmes enceintes et les animaux de compagnie.\u00a0<\/li><li>Buvez beaucoup de liquides. Cela vous aidera \u00e0 \u00e9liminer l\u2019iode radioactif plus rapidement.\u00a0<\/li><li>Urinez aussi souvent que possible. Les hommes devraient s\u2019asseoir pour uriner. Utilisez une salle de bain \u00e0 part. Tirez 2\u202ffois la chasse d\u2019eau de la toilette (le couvercle ferm\u00e9) apr\u00e8s chaque utilisation. Si vous n\u2019avez pas de salle de bain \u00e0 part, avant de laisser les autres utiliser la salle de bain, nettoyez-la \u00e0 fond. Apr\u00e8s \u00eatre all\u00e9 aux toilettes, lavezvous les mains avec beaucoup d\u2019eau et de savon.\u00a0<\/li><li>Ne partagez pas d\u2019articles (ustensiles, serviettes et articles d\u2019usage personnel) avec d\u2019autres.\u00a0<\/li><li>Lavez tous vos v\u00eatements et vos draps \u00e0 part.\u00a0<\/li><\/ul>\n\n\n\n<p>Les personnes qui ont r\u00e9cemment re\u00e7u un traitement \u00e0 l\u2019iode radioactif peuvent d\u00e9clencher les d\u00e9tecteurs de rayonnement utilis\u00e9s \u00e0 des fins de s\u00e9curit\u00e9, par exemple dans les a\u00e9roports et aux postes frontaliers. Cela peut se produire pendant jusqu\u2019\u00e0 3\u202fmois apr\u00e8s le traitement. Si vous voyagez pendant cette p\u00e9riode, vous devriez emporter une lettre fournie par le Service de m\u00e9decine nucl\u00e9aire.&nbsp;<\/p>\n\n\n\n<p>Le suivi apr\u00e8s le traitement \u00e0 l\u2019iode radioactif est essentiel. Il n\u2019existe pas de dose parfaite et environ 10\u202f% des patients ont besoin d\u2019une autre dose. Recevoir plus d\u2019une dose ne cause pas d\u2019autres probl\u00e8mes. Certains patients auront besoin de recevoir un m\u00e9dicament antithyro\u00efdien pendant quelques semaines ou mois jusqu\u2019\u00e0 ce que l\u2019iode radioactif ait fait effet et que la glande cesse d\u2019\u00eatre trop active.&nbsp;<\/p>\n\n\n\n<p>Plus des deux tiers des personnes qui re\u00e7oivent un traitement \u00e0 l\u2019iode radioactif seront atteintes d\u2019hypothyro\u00efdie (glande qui n\u2019est pas assez active). Cela peut se produire \u00e0 partir d\u2019un mois apr\u00e8s le traitement et survient le plus couramment dans les 12\u202fmois suivant le traitement (mais peut aussi se produire plus tard). Votre m\u00e9decin surveillera la situation au moyen d\u2019analyses de sang r\u00e9guli\u00e8res.&nbsp;&nbsp;<\/p>\n\n\n\n<h2 class=\"wp-block-heading\">Qu\u2019en est-il du traitement \u00e0 l\u2019iode radioactif chez les enfants et les adolescents?\u00a0<\/h2>\n\n\n\n<p>L\u2019iode radioactif est une option efficace et s\u00e9curitaire pour les enfants et les adolescents. Cependant, il s\u2019agit habituellement d\u2019un traitement secondaire apr\u00e8s avoir administr\u00e9 un m\u00e9dicament antithyro\u00efdien pendant une assez longue p\u00e9riode. On l\u2019utilise moins couramment chez les jeunes enfants.&nbsp;<\/p>\n\n\n\n<h2 class=\"wp-block-heading\">Qu\u2019en est-il de l\u2019allaitement?\u00a0<\/h2>\n\n\n\n<p>Il faut cesser compl\u00e8tement d\u2019allaiter apr\u00e8s le traitement. Il est crucial de nous aviser si vous \u00eates enceinte ou allaitez.&nbsp;<\/p>\n\n\n\n<h2 class=\"wp-block-heading\">Y a-t-il des frais pour le traitement?\u00a0<\/h2>\n\n\n\n<p>Non. L\u2019examen est pay\u00e9 par le syst\u00e8me de sant\u00e9. Comme il nous en co\u00fbte plusieurs centaines de dollars, nous vous prions d\u2019aviser le service au 613\u202f761-4831 si vous ne pouvez pas venir \u00e0 votre rendez-vous.&nbsp;<\/p>\n\n\n\n<h2 class=\"wp-block-heading\">Que devriez-vous faire si vous ne pouvez pas venir \u00e0 votre rendez-vous?\u00a0<\/h2>\n\n\n\n<p>Si vous ne pouvez pas venir \u00e0 votre rendez-vous, il est important de nous en aviser d\u00e8s que possible, au 613\u202f761-4831. Manquer un rendez-vous sans pr\u00e9avis entra\u00eene un gaspillage du mat\u00e9riel co\u00fbteux command\u00e9 sp\u00e9cialement pour vous et r\u00e9duit la disponibilit\u00e9 des rendez-vous pour les autres patients. Un rendez-vous manqu\u00e9 peut aussi entra\u00eener un retard dans vos traitements.&nbsp;<\/p>\n\n\n\n<h2 class=\"wp-block-heading\">Indications et stationnement\u00a0<\/h2>\n\n\n\n<figure class=\"wp-block-table is-style-stripes\"><table><tbody><tr><td>Campus Civic&nbsp;&nbsp;1053, avenue Carling, 1<sup>er<\/sup>\u202f\u00e9tage&nbsp;T\u00e9l\u00e9phone\u202f: 613\u202f761-4831 (option\u202f8)&nbsp;Heures d\u2019ouverture\u202f: Du lundi au vendredi, de 8\u202fh \u00e0 16\u202fh&nbsp;Pour nous trouver\u202f: Une fois dans le Campus Civic, prenez l\u2019ascenseur C pour vous rendre au premier \u00e9tage, puis suivez les panneaux de la M\u00e9decine nucl\u00e9aire. Vous pouvez aussi demander le chemin au bureau d\u2019information.&nbsp;<\/td><td>Campus G\u00e9n\u00e9ral&nbsp;&nbsp;501, chemin Smyth, rez-de-chauss\u00e9e&nbsp;T\u00e9l\u00e9phone\u202f: 613\u202f761-4831 (option\u202f8)&nbsp;Heures d\u2019ouverture\u202f: Du lundi au vendredi, de 7\u202fh \u00e0 16\u202fh&nbsp;Pour nous trouver\u202f: \u00c0 partir de l\u2019entr\u00e9e principale de l\u2019h\u00f4pital, rendez-vous aux ascenseurs, puis suivez les panneaux de la M\u00e9decine nucl\u00e9aire. Vous pouvez aussi demander le chemin au bureau d\u2019information.&nbsp;<\/td><\/tr><tr><td>Utilisez le stationnement accessible depuis l\u2019avenue Carling (P7) <strong>ou<\/strong> le stationnement \u00e0 \u00e9tages (P1).&nbsp;<\/td><td>Utilisez le stationnement \u00e0 \u00e9tages \u00e0 c\u00f4t\u00e9 de l\u2019entr\u00e9e principale qui donne sur le\u202fchemin Smyth.&nbsp;<\/td><\/tr><\/tbody><\/table><\/figure>\n\n\n\n<h3 class=\"wp-block-heading\">Instructions pour le stationnement&nbsp;<\/h3>\n\n\n\n<ul class=\"wp-block-list\"><li>Tous nos stationnements sont automatis\u00e9s.\u00a0\u00a0<\/li><li>Gardez le billet de stationnement sur vous.\u00a0\u00a0<\/li><li>\u00c0 la fin de votre visite, vous pourrez payer \u00e0 l\u2019un des guichets de paiement automatis\u00e9s (argent comptant ou carte de cr\u00e9dit) ou \u00e0 une sortie rapide dans le stationnement (carte de cr\u00e9dit). Vous avez 20\u202fminutes pour sortir du stationnement apr\u00e8s avoir pay\u00e9.\u00a0<\/li><li>Modes de paiement\u00a0<ul><li>Guichets de paiement\u202f: Argent comptant ou carte de cr\u00e9dit (Visa, MasterCard ou American Express)\u00a0<\/li><\/ul><\/li><li>Frais de stationnement\u202f: maximum de 13 $ par jour\u00a0<\/li><\/ul>\n\n\n\n<p>Visitez le site Web de L\u2019H\u00f4pital d\u2019Ottawa pour en savoir plus sur le <a href=\"https:\/\/www.ottawahospital.on.ca\/fr\/patients-et-visiteurs\/visites-a-lhopital\/\">chemin \u00e0 prendre et le stationnement.<\/a> Vous y trouverez des plans des lieux.\u00a0<\/p>\n","protected":false},"excerpt":{"rendered":"<p>Votre m\u00e9decin vous a prescrit un traitement \u00e0 l\u2019iode radioactif. Voici les r\u00e9ponses \u00e0 des questions courantes sur ce traitement.&nbsp; \u00c0 quoi sert l\u2019iode radioactif?\u00a0 L\u2019iode radioactif est utilis\u00e9 dans les situations suivantes\u202f:&nbsp; Pour traiter l\u2019hyperthyro\u00efdie (activit\u00e9 excessive de la thyro\u00efde) caus\u00e9e par la maladie de Graves.&nbsp; Pour traiter l\u2019hyperthyro\u00efdie caus\u00e9e par un nodule thyro\u00efdien [&hellip;]<\/p>\n","protected":false},"author":25,"featured_media":0,"parent":0,"menu_order":0,"comment_status":"closed","ping_status":"closed","template":"","meta":{"_acf_changed":false,"_mc_calendar":[],"footnotes":""},"class_list":["post-71688","page","type-page","status-publish","hentry"],"acf":[],"wps_subtitle":"","_links":{"self":[{"href":"https:\/\/www.ottawahospital.on.ca\/fr\/wp-json\/wp\/v2\/pages\/71688","targetHints":{"allow":["GET"]}}],"collection":[{"href":"https:\/\/www.ottawahospital.on.ca\/fr\/wp-json\/wp\/v2\/pages"}],"about":[{"href":"https:\/\/www.ottawahospital.on.ca\/fr\/wp-json\/wp\/v2\/types\/page"}],"author":[{"embeddable":true,"href":"https:\/\/www.ottawahospital.on.ca\/fr\/wp-json\/wp\/v2\/users\/25"}],"replies":[{"embeddable":true,"href":"https:\/\/www.ottawahospital.on.ca\/fr\/wp-json\/wp\/v2\/comments?post=71688"}],"version-history":[{"count":0,"href":"https:\/\/www.ottawahospital.on.ca\/fr\/wp-json\/wp\/v2\/pages\/71688\/revisions"}],"wp:attachment":[{"href":"https:\/\/www.ottawahospital.on.ca\/fr\/wp-json\/wp\/v2\/media?parent=71688"}],"curies":[{"name":"wp","href":"https:\/\/api.w.org\/{rel}","templated":true}]}}