{"id":7166,"date":"2016-11-15T10:45:05","date_gmt":"2016-11-15T15:45:05","guid":{"rendered":"http:\/\/52.229.122.34\/fr\/?page_id=7166"},"modified":"2016-11-15T10:45:05","modified_gmt":"2016-11-15T15:45:05","slug":"faq","status":"publish","type":"page","link":"https:\/\/www.ottawahospital.on.ca\/fr\/notre-modele-de-soins\/notre-equipe-de-professionnels-de-la-sante\/ergotherapie\/faq\/","title":{"rendered":"FAQ"},"content":{"rendered":"<p><strong><img decoding=\"async\" class=\"img-resposnive alignright\" src=\"\/wp-content\/uploads\/2016\/11\/bathtransfer.jpg\" alt=\"Bath Transfer\" width=\"240\" height=\"267\" \/>De quelle fa\u00e7on puis-je obtenir une consultation en ergoth\u00e9rapie dans l\u2019H\u00f4pital?<\/strong><\/p>\n<p>Il est essentiel qu\u2019un m\u00e9decin ou un membre de l\u2019\u00e9quipe interdisciplinaire de soins remplisse une demande de consultation en ergoth\u00e9rapie. Parlez-en \u00e0 un professionnel de la sant\u00e9 pendant votre s\u00e9jour \u00e0 l\u2019H\u00f4pital.<\/p>\n<p><strong>\u00c0 quel endroit puis-je me procurer les accessoires et les appareils pour la salle de bain et les autres objets recommand\u00e9s?<\/strong><\/p>\n<p>Votre ergoth\u00e9rapeute peut vous remettre une liste de fournisseurs de la r\u00e9gion d\u2019Ottawa-Carleton qui vendent ou louent des accessoires et des appareils fonctionnels. Vous pouvez \u00e9galement chercher sur Internet ou consulter la rubrique \u00ab\u00a0\u00c9quipement et fournitures d\u2019h\u00f4pitaux, Ottawa\u00a0\u00bb dans les pages jaunes de votre annuaire.<\/p>\n<p><strong>Je veux acheter un fauteuil roulant. Quelle est la meilleure fa\u00e7on de m\u2019y prendre?<\/strong><\/p>\n<p>Votre ergoth\u00e9rapeute peut vous renseigner sur l\u2019achat d\u2019un fauteuil roulant et des accessoires. Demandez-lui de vous donner de l\u2019information sur le Programme des appareils et accessoires fonctionnels du minist\u00e8re de la Sant\u00e9 et des Soins de longue dur\u00e9e de l\u2019Ontario qui subventionne l\u2019achat d\u2019aides \u00e0 la mobilit\u00e9.<\/p>\n<p><strong>De quelle fa\u00e7on puis-je localiser un ergoth\u00e9rapeute dans ma collectivit\u00e9?<\/strong><\/p>\n<p>Les coordonn\u00e9es des ergoth\u00e9rapeutes peuvent \u00eatre consult\u00e9es sur Internet ou sous la rubrique \u00ab\u00a0Ergoth\u00e9rapeutes, Ottawa\u00a0\u00bb dans les pages jaunes de votre annuaire. Vous pouvez \u00e9galement communiquer avec le centre d\u2019acc\u00e8s aux soins communautaires le plus pr\u00e8s de chez vous et demander \u00e0 ce qu\u2019un ergoth\u00e9rapeute vienne effectuer une \u00e9valuation \u00e0 votre domicile.<\/p>\n","protected":false},"excerpt":{"rendered":"<p>De quelle fa\u00e7on puis-je obtenir une consultation en ergoth\u00e9rapie dans l\u2019H\u00f4pital? Il est essentiel qu\u2019un m\u00e9decin ou un membre de l\u2019\u00e9quipe interdisciplinaire de soins remplisse une demande de consultation en ergoth\u00e9rapie. Parlez-en \u00e0 un professionnel de la sant\u00e9 pendant votre s\u00e9jour \u00e0 l\u2019H\u00f4pital. \u00c0 quel endroit puis-je me procurer les accessoires et les appareils pour [&hellip;]<\/p>\n","protected":false},"author":25,"featured_media":0,"parent":7135,"menu_order":3,"comment_status":"closed","ping_status":"closed","template":"","meta":{"_acf_changed":false,"_mc_calendar":[],"footnotes":""},"class_list":["post-7166","page","type-page","status-publish","hentry"],"acf":[],"wps_subtitle":"","_links":{"self":[{"href":"https:\/\/www.ottawahospital.on.ca\/fr\/wp-json\/wp\/v2\/pages\/7166","targetHints":{"allow":["GET"]}}],"collection":[{"href":"https:\/\/www.ottawahospital.on.ca\/fr\/wp-json\/wp\/v2\/pages"}],"about":[{"href":"https:\/\/www.ottawahospital.on.ca\/fr\/wp-json\/wp\/v2\/types\/page"}],"author":[{"embeddable":true,"href":"https:\/\/www.ottawahospital.on.ca\/fr\/wp-json\/wp\/v2\/users\/25"}],"replies":[{"embeddable":true,"href":"https:\/\/www.ottawahospital.on.ca\/fr\/wp-json\/wp\/v2\/comments?post=7166"}],"version-history":[{"count":0,"href":"https:\/\/www.ottawahospital.on.ca\/fr\/wp-json\/wp\/v2\/pages\/7166\/revisions"}],"up":[{"embeddable":true,"href":"https:\/\/www.ottawahospital.on.ca\/fr\/wp-json\/wp\/v2\/pages\/7135"}],"wp:attachment":[{"href":"https:\/\/www.ottawahospital.on.ca\/fr\/wp-json\/wp\/v2\/media?parent=7166"}],"curies":[{"name":"wp","href":"https:\/\/api.w.org\/{rel}","templated":true}]}}