{"id":71591,"date":"2022-04-19T16:10:26","date_gmt":"2022-04-19T20:10:26","guid":{"rendered":"https:\/\/www.ottawahospital.on.ca\/?page_id=71591"},"modified":"2022-04-19T16:10:29","modified_gmt":"2022-04-19T20:10:29","slug":"tep-tdm-ciblant-lantigene-membranaire-specifique-de-la-prostate","status":"publish","type":"page","link":"https:\/\/www.ottawahospital.on.ca\/fr\/tep-tdm-ciblant-lantigene-membranaire-specifique-de-la-prostate\/","title":{"rendered":"TEP-TDM ciblant l\u2019antig\u00e8ne membranaire sp\u00e9cifique de la prostate"},"content":{"rendered":"\n<p class=\"intro-text1\">Votre m\u00e9decin vous envoie passer une tomographie par \u00e9mission de positons (TEP) combin\u00e9e \u00e0 une tomodensitom\u00e9trie (TDM) ciblant l\u2019antig\u00e8ne membranaire sp\u00e9cifique de la prostate. Ce guide r\u00e9pondra \u00e0 certaines de vos questions.\u202f&nbsp;<\/p>\n\n\n\n<h2 class=\"wp-block-heading\">Qu\u2019est-ce qu\u2019une TEP-TDM ciblant l\u2019antig\u00e8ne membranaire sp\u00e9cifique de la prostate?\u202f\u00a0<\/h2>\n\n\n\n<p>Il s\u2019agit d\u2019un examen d\u2019imagerie diagnostique qui combine la tomodensitom\u00e9trie (TDM ou <em>CT scan<\/em>) \u00e0 la tomographie par \u00e9mission de positons (TEP ou <em>PET scan<\/em>) pour d\u00e9terminer si le cancer de la prostate s\u2019est propag\u00e9 ailleurs dans votre corps (formant des m\u00e9tastases).&nbsp;&nbsp;<\/p>\n\n\n\n<p>Vous recevrez d\u2019abord l\u2019injection d\u2019un <strong>traceur radioactif<\/strong> dans une veine du bras, puis nous attendrons qu\u2019il circule dans votre syst\u00e8me, le temps qu\u2019il se lie \u00e0 l\u2019<strong>antig\u00e8ne membranaire sp\u00e9cifique de la prostate<\/strong>.<strong>&nbsp;<\/strong>&nbsp;<\/p>\n\n\n\n<p>Nous utiliserons ensuite un appareil d\u2019imagerie m\u00e9dicale sp\u00e9cial&nbsp; qui&nbsp; combine la TEP \u00e0 la TDM. La TDM est r\u00e9alis\u00e9e en premier pour produire des images d\u00e9taill\u00e9es de votre anatomie \u00e0 l\u2019aide de rayons X. Vous resterez allong\u00e9 sur la table d\u2019examen, car la TEP est effectu\u00e9e imm\u00e9diatement apr\u00e8s. Ensemble, ces deux examens r\u00e9v\u00e8lent la pr\u00e9sence des cellules de cancer de la prostate et, le cas \u00e9ch\u00e9ant, leur emplacement pr\u00e9cis dans le corps.&nbsp;&nbsp;<\/p>\n\n\n\n<h2 class=\"wp-block-heading\">Comment se d\u00e9roulera l\u2019examen?\u202f\u00a0<\/h2>\n\n\n\n<p>L\u2019examen complet devrait prendre environ <strong>2,5 heures<\/strong>.&nbsp;<\/p>\n\n\n\n<p>\u00c0 votre arriv\u00e9e, le technologue vous expliquera les \u00e9tapes de l\u2019examen et r\u00e9pondra \u00e0 vos questions. On vous posera un <strong>cath\u00e9ter intraveineux<\/strong> dans une veine du bras afin de vous donner 2 injections diff\u00e9rentes.&nbsp;&nbsp;<\/p>\n\n\n\n<p>La <strong>premi\u00e8re injection<\/strong> est une substance radioactive qui ne cause aucun effet secondaire connu. La substance doit circuler dans tout votre syst\u00e8me pendant environ 70 ou 80 minutes avant l\u2019examen d\u2019imagerie. Entre-temps, on vous demandera d\u2019attendre dans une petite salle pour vous d\u00e9tendre et boire un verre d\u2019eau.&nbsp;<\/p>\n\n\n\n<p>La <strong>deuxi\u00e8me injection<\/strong> est un diur\u00e9tique que vous recevrez environ 5 minutes apr\u00e8s l\u2019injection de la substance radioactive. Vous aurez envie d\u2019aller \u00e0 la toilette souvent pendant que vous attendez. On vous montrera o\u00f9 se trouvent les toilettes, que vous pouvez utiliser au besoin.&nbsp;&nbsp;<\/p>\n\n\n\n<p>Apr\u00e8s la p\u00e9riode d\u2019attente, le technologue vous fera entrer dans la salle d\u2019examen et vous demandera de vous allonger sur la table d\u2019examen, qui se d\u00e9placera \u00e0 travers le d\u00e9tecteur. Vous devez simplement rester immobile et respirer normalement durant l\u2019examen. Le technologue quittera la salle avant de mettre en marche l\u2019appareil, mais il pourra vous entendre par interphone et vous voir par une fen\u00eatre. L\u2019appareil produit des bourdonnements ou des cliquetis durant l\u2019examen. C\u2019est normal. Ne vous inqui\u00e9tez pas. L\u2019examen dure <strong>de<\/strong> <strong>20 \u00e0 40 minutes<\/strong>.&nbsp;<\/p>\n\n\n\n<p>Une fois l\u2019examen termin\u00e9, le technologue vous montrera la sortie et vous pourrez retourner \u00e0 la maison. Vous ne sentirez aucun effet secondaire.&nbsp;<\/p>\n\n\n\n<h2 class=\"wp-block-heading\">Que devez-vous faire avant l\u2019examen?\u202f\u00a0<\/h2>\n\n\n\n<ul class=\"wp-block-list\"><li>Apportez votre carte d\u2019assurance-sant\u00e9.\u00a0<\/li><li>Vous n\u2019avez pas \u00e0 vous pr\u00e9parer pour cet examen. Le jour de l\u2019examen, vous pourrez manger, boire et prendre vos m\u00e9dicaments comme vous le feriez normalement.\u00a0<\/li><li>Nous vous prions de porter des v\u00eatements qui ne contiennent pas de m\u00e9tal. Veuillez ne porter aucun bijou. Laissez tout objet de valeur \u00e0 la maison.\u00a0<\/li><li>Apportez la <strong>liste compl\u00e8te des m\u00e9dicaments que vous prenez actuellement<\/strong>.\u00a0<\/li><li>Lorsque vous prendrez rendez-vous, veuillez signaler tout besoin particulier (p. ex. claustrophobie, difficult\u00e9 \u00e0 rester allong\u00e9 sans bouger, l\u00e8ve-personne pour monter sur la table d\u2019examen, barri\u00e8re linguistique). Ainsi, nous prendrons les mesures n\u00e9cessaires pour vous offrir les meilleurs soins possible.\u00a0<\/li><\/ul>\n\n\n\n<h2 class=\"wp-block-heading\">L\u2019examen est-il douloureux?\u202f\u00a0<\/h2>\n\n\n\n<p>Seule l\u2019insertion du cath\u00e9ter intraveineux pourrait \u00eatre douloureuse.&nbsp;<\/p>\n\n\n\n<h2 class=\"wp-block-heading\">Les radiations sont-elles dangereuses?\u202f\u00a0<\/h2>\n\n\n\n<p>La premi\u00e8re injection contient une petite quantit\u00e9 d\u2019un traceur radioactif qui \u00e9met des rayons gamma (semblables aux rayons x) d\u00e9tectables par notre appareil. La dose de rayonnement est tr\u00e8s faible et dispara\u00eetra toute seule apr\u00e8s un jour. Les r\u00e9sultats de votre examen fourniront de l\u2019information sur votre \u00e9tat de sant\u00e9 qui aidera votre m\u00e9decin \u00e0 planifier votre traitement. Les avantages de passer cet examen l\u2019emportent nettement sur les risques possibles d\u2019une petite dose de rayonnement.\u202f&nbsp;<\/p>\n\n\n\n<h2 class=\"wp-block-heading\">Devez-vous faire quelque chose apr\u00e8s l\u2019examen?\u00a0<\/h2>\n\n\n\n<p>Vous n\u2019avez pas \u00e0 prendre de pr\u00e9caution particuli\u00e8re apr\u00e8s l\u2019examen. Mais si vous devez traverser une fronti\u00e8re dans les 7\u202fjours suivants, dites-le-nous. Les d\u00e9tecteurs de rayonnement utilis\u00e9s aux postes frontaliers et dans les a\u00e9roports sont tr\u00e8s sensibles et peuvent d\u00e9tecter les minuscules traces de radioactivit\u00e9. Nous vous donnerons une lettre que vous pourrez montrer aux agents des douanes.\u202f&nbsp;<\/p>\n\n\n\n<h2 class=\"wp-block-heading\">Comment obtiendrez-vous les r\u00e9sultats de votre examen?\u202f\u00a0<\/h2>\n\n\n\n<p>Un m\u00e9decin sp\u00e9cialiste examinera les images peu apr\u00e8s l\u2019examen. Il enverra dans environ une semaine un rapport \u00e0 votre m\u00e9decin qui a demand\u00e9 l\u2019examen. Vous aurez aussi acc\u00e8s au rapport dans MyChart d\u00e8s qu\u2019il sera disponible.&nbsp;<\/p>\n\n\n\n<p>Si vous avez des questions sur les r\u00e9sultats ou le rapport d\u2019examen, veuillez communiquer directement avec votre m\u00e9decin. Il est le mieux plac\u00e9 pour interpr\u00e9ter les r\u00e9sultats pour vous.&nbsp;<\/p>\n\n\n\n<h2 class=\"wp-block-heading\">Y a-t-il des frais pour cet examen?\u00a0<\/h2>\n\n\n\n<p>Non. L\u2019examen est couvert par le syst\u00e8me de sant\u00e9. Comme il co\u00fbte plusieurs centaines de dollars, nous vous prions de nous appeler au <strong>613\u202f761-4831<\/strong> si vous ne pouvez pas vous pr\u00e9senter.&nbsp;<\/p>\n\n\n\n<h2 class=\"wp-block-heading\">Et si vous ne pouvez pas venir \u00e0 votre rendez-vous?\u00a0<\/h2>\n\n\n\n<p>En cas d\u2019emp\u00eachement, il est important de nous en aviser d\u00e8s que possible au <strong>613 761-4831<\/strong>. Autrement, votre absence entra\u00eenera un gaspillage du mat\u00e9riel co\u00fbteux command\u00e9 sp\u00e9cialement pour vous, en plus de r\u00e9duire l\u2019acc\u00e8s \u00e0 nos services pour d\u2019autres patients. Un rendez-vous manqu\u00e9 peut aussi retarder vos traitements.&nbsp;<\/p>\n\n\n\n<h2 class=\"wp-block-heading\">Indications et stationnement\u00a0<\/h2>\n\n\n\n<figure class=\"wp-block-table is-style-stripes\"><table><tbody><tr><td>Campus Civic&nbsp;&nbsp;1053, avenue Carling, 1<sup>er\u202f<\/sup>\u00e9tage&nbsp;T\u00e9l\u00e9phone\u202f: 613-761-4831 (option\u202f8)&nbsp;Ouvert du lundi au vendredi, de 8\u202fh \u00e0 16\u202fh&nbsp;Pour nous trouver\u202f: Une fois dans le Campus Civic, prenez l\u2019ascenseur C pour vous rendre au 1<sup>er<\/sup> \u00e9tage, puis suivez les panneaux de la <strong>M\u00e9decine nucl\u00e9aire<\/strong>. Vous pouvez aussi demander le chemin au bureau d\u2019information.\u202f&nbsp;<\/td><td>Campus G\u00e9n\u00e9ral&nbsp;&nbsp;501, chemin Smyth, rez-de-chauss\u00e9e&nbsp;T\u00e9l\u00e9phone\u202f: 613-761-4831 (option\u202f8)&nbsp;Ouvert du lundi au vendredi, de 7\u202fh \u00e0 16\u202fh&nbsp;Pour nous trouver\u202f: \u00c0 partir de l\u2019entr\u00e9e principale, allez jusqu\u2019aux ascenseurs, puis suivez les panneaux de la <strong>M\u00e9decine nucl\u00e9aire<\/strong>. Vous pouvez aussi demander le chemin au bureau d\u2019information.\u202f&nbsp;<\/td><\/tr><tr><td>Utilisez le stationnement accessible depuis l\u2019avenue Carling (P7) <strong>ou<\/strong> le stationnement \u00e0 \u00e9tages (P1).&nbsp;<\/td><td>Utilisez le stationnement \u00e0 \u00e9tages \u00e0 c\u00f4t\u00e9 de l\u2019entr\u00e9e principale qui donne sur le\u202fchemin Smyth.&nbsp;<\/td><\/tr><\/tbody><\/table><\/figure>\n\n\n\n<h3 class=\"wp-block-heading\">Instructions pour le stationnement\u00a0<\/h3>\n\n\n\n<ul class=\"wp-block-list\"><li>Tous nos stationnements sont automatis\u00e9s.\u00a0<\/li><li>Gardez le billet de stationnement avec vous.\u00a0<\/li><li>\u00c0 la fin de votre visite, vous pourrez payer \u00e0 l\u2019un des guichets de paiement automatis\u00e9s (argent comptant ou carte de cr\u00e9dit) ou \u00e0 une sortie rapide dans le stationnement (carte de cr\u00e9dit). Vous avez 20\u202fminutes pour sortir du stationnement apr\u00e8s avoir pay\u00e9.\u00a0<\/li><li>Modes de paiement\u00a0<ul><li>Guichets de paiement\u202f: Argent comptant ou carte de cr\u00e9dit (Visa, MasterCard ou American Express)\u00a0<\/li><\/ul><\/li><li>Frais de stationnement\u202f: maximum de 13 $ par jour\u00a0<\/li><\/ul>\n\n\n\n<p>Visitez le site Web de L\u2019H\u00f4pital d\u2019Ottawa pour en savoir plus sur le <a href=\"https:\/\/www.ottawahospital.on.ca\/fr\/patients-et-visiteurs\/visites-a-lhopital\/\">chemin \u00e0 prendre et le stationnement<\/a>. Vous y trouverez des plans des lieux.\u00a0<\/p>\n","protected":false},"excerpt":{"rendered":"<p>Votre m\u00e9decin vous envoie passer une tomographie par \u00e9mission de positons (TEP) combin\u00e9e \u00e0 une tomodensitom\u00e9trie (TDM) ciblant l\u2019antig\u00e8ne membranaire sp\u00e9cifique de la prostate. Ce guide r\u00e9pondra \u00e0 certaines de vos questions.\u202f&nbsp; Qu\u2019est-ce qu\u2019une TEP-TDM ciblant l\u2019antig\u00e8ne membranaire sp\u00e9cifique de la prostate?\u202f\u00a0 Il s\u2019agit d\u2019un examen d\u2019imagerie diagnostique qui combine la tomodensitom\u00e9trie (TDM ou CT [&hellip;]<\/p>\n","protected":false},"author":25,"featured_media":0,"parent":0,"menu_order":0,"comment_status":"closed","ping_status":"closed","template":"","meta":{"_acf_changed":false,"_mc_calendar":[],"footnotes":""},"class_list":["post-71591","page","type-page","status-publish","hentry"],"acf":[],"wps_subtitle":"","_links":{"self":[{"href":"https:\/\/www.ottawahospital.on.ca\/fr\/wp-json\/wp\/v2\/pages\/71591","targetHints":{"allow":["GET"]}}],"collection":[{"href":"https:\/\/www.ottawahospital.on.ca\/fr\/wp-json\/wp\/v2\/pages"}],"about":[{"href":"https:\/\/www.ottawahospital.on.ca\/fr\/wp-json\/wp\/v2\/types\/page"}],"author":[{"embeddable":true,"href":"https:\/\/www.ottawahospital.on.ca\/fr\/wp-json\/wp\/v2\/users\/25"}],"replies":[{"embeddable":true,"href":"https:\/\/www.ottawahospital.on.ca\/fr\/wp-json\/wp\/v2\/comments?post=71591"}],"version-history":[{"count":0,"href":"https:\/\/www.ottawahospital.on.ca\/fr\/wp-json\/wp\/v2\/pages\/71591\/revisions"}],"wp:attachment":[{"href":"https:\/\/www.ottawahospital.on.ca\/fr\/wp-json\/wp\/v2\/media?parent=71591"}],"curies":[{"name":"wp","href":"https:\/\/api.w.org\/{rel}","templated":true}]}}