{"id":71587,"date":"2022-04-19T16:01:36","date_gmt":"2022-04-19T20:01:36","guid":{"rendered":"https:\/\/www.ottawahospital.on.ca\/?page_id=71587"},"modified":"2022-05-17T12:15:21","modified_gmt":"2022-05-17T16:15:21","slug":"tomographie-par-emission-de-positons-au-fluorodesoxyglucose-couplee-a-la-tomodensitometrie-tep-tdm-au-fdg","status":"publish","type":"page","link":"https:\/\/www.ottawahospital.on.ca\/fr\/tomographie-par-emission-de-positons-au-fluorodesoxyglucose-couplee-a-la-tomodensitometrie-tep-tdm-au-fdg\/","title":{"rendered":"Tomographie par \u00e9mission de positons au fluorod\u00e9soxyglucose coupl\u00e9e \u00e0 la tomodensitom\u00e9trie (TEP-TDM au FDG)"},"content":{"rendered":"\n<p class=\"intro-text1\">Votre m\u00e9decin vous demande de passer une tomographie par \u00e9mission de positons au fluod\u00e9soxyglucose (TEP-FDG) combin\u00e9e \u00e0 une tomodensitom\u00e9trie (TDM). Ce guide r\u00e9pondra \u00e0 certaines de vos questions.\u202f&nbsp;<\/p>\n\n\n\n<div class=\"emer-alert-inner supernora\" style=\"margin-top: 0; margin-bottom: 5%;\">\n<p class=\"emer-alert-text\"><i class=\"fa fa-exclamation-circle fa-lg\"><\/i>Ces instructions ne sont pas exhaustives. Deux jours avant votre rendezvous, vous devez nous appeler au <strong>613\u202f761-4831 (option\u202f8)<\/strong> pour obtenir des instructions pr\u00e9cises.&nbsp;<\/p><\/div>\n\n\n\n<h2 class=\"wp-block-heading\">Qu\u2019est-ce qu\u2019une TEP-TDM au FDG?\u202f&nbsp;<\/h2>\n\n\n\n<p>Une TEP (tomodensitom\u00e9trie par \u00e9mission de positons) est un examen diagnostique pendant lequel on utilise une forme de <strong>sucre radioactif<\/strong> pour d\u00e9celer les cellules canc\u00e9reuses, qui consomment beaucoup de glucose. Nous vous injecterons ce <strong>traceur<\/strong> et attendrons qu\u2019il circule dans votre syst\u00e8me avant de vous examiner \u00e0 l\u2019aide d\u2019un d\u00e9tecteur pour visualiser l\u2019accumulation du traceur radioactif dans votre corps.&nbsp;<\/p>\n\n\n\n<p>Le d\u00e9tecteur est un appareil d\u2019imagerie diagnostique qui combine la TEP \u00e0 la TDM. On r\u00e9alise d\u2019abord la TDM pour produire des images d\u00e9taill\u00e9es de votre anatomie \u00e0 l\u2019aide de rayons X, puis la TEP. Ensemble, ces deux examens r\u00e9v\u00e8lent la pr\u00e9sence de cellules canc\u00e9reuses et, le cas \u00e9ch\u00e9ant, leur emplacement pr\u00e9cis dans le corps.&nbsp;&nbsp;<\/p>\n\n\n\n<h2 class=\"wp-block-heading\">Comment se d\u00e9roulera l\u2019examen?\u202f&nbsp;<\/h2>\n\n\n\n<p>L\u2019examen complet devrait prendre <strong>2 ou 2,5 heures<\/strong>.&nbsp;<\/p>\n\n\n\n<p>\u00c0 votre arriv\u00e9e au Service de m\u00e9decine nucl\u00e9aire, un technologue vous expliquera les \u00e9tapes de l\u2019examen et r\u00e9pondra \u00e0 vos questions.&nbsp;&nbsp;<\/p>\n\n\n\n<p>On vous posera un <strong>cath\u00e9ter intraveineux<\/strong> dans une veine du bras afin d\u2019y injecter le traceur radioactif, qui ne cause aucun effet secondaire connu. Ensuite, vous vous reposerez pendant environ <strong>60 minutes<\/strong> dans une salle d\u2019attente, le temps que le traceur circule dans votre corps. On vous donnera \u00e0 boire (de l\u2019eau ou une boisson contenant un produit de contraste pour la TDM).&nbsp;&nbsp;&nbsp;<\/p>\n\n\n\n<p>Le technologue vous fera entrer dans la salle d\u2019examen et vous demandera de vous allonger sur la table d\u2019examen, qui se d\u00e9placera \u00e0 travers le d\u00e9tecteur. Vous devez simplement rester immobile et respirer normalement durant l\u2019examen. Le technologue quittera la salle avant de mettre en marche l\u2019appareil d\u2019imagerie, mais il pourra vous entendre par interphone et vous voir par une fen\u00eatre. L\u2019appareil d\u2019imagerie produit des bourdonnements et des cliquetis durant l\u2019examen. C\u2019est normal. Ne vous inqui\u00e9tez pas. L\u2019examen dure <strong>de 20 \u00e0 40 minutes<\/strong>.&nbsp;<\/p>\n\n\n\n<p>Une fois l\u2019examen termin\u00e9, le technologue vous montrera la sortie et vous pourrez retourner \u00e0 la maison. Vous ne sentirez aucun effet secondaire.&nbsp;<\/p>\n\n\n\n<h2 class=\"wp-block-heading\">Que devez-vous faire avant l\u2019examen?\u202f&nbsp;<\/h2>\n\n\n\n<ul class=\"wp-block-list\"><li>Apportez votre carte d\u2019assurance-sant\u00e9.\u00a0<\/li><li><strong>Ne buvez et ne mangez rien pendant les<\/strong> <strong>6 heures avant<\/strong> votre rendez-vous (m\u00eame pas de caf\u00e9, de bonbon, de pastille ou de gomme \u00e0 m\u00e2cher). Vous pouvez boire de l\u2019eau non aromatis\u00e9e.\u00a0\u00a0<\/li><li>Si vous avez le diab\u00e8te, faites bien attention \u00e0 votre r\u00e9gime alimentaire la journ\u00e9e avant votre rendez-vous. V\u00e9rifiez souvent votre glyc\u00e9mie et tentez de la maintenir sous 162\u202fmg\/dL (9,0\u202fmmol\/L). Veillez \u00e0 stabiliser votre glyc\u00e9mie avant l\u2019examen. Veuillez ne pas utiliser d&rsquo;insuline le matin de votre examen.\u00a0<\/li><li>\u00c9vitez tout exercice vigoureux 2 jours avant l\u2019examen. Par exemple, vous pouvez faire une promenade, mais ne faites pas de jogging.\u00a0<\/li><li>Si vous pouvez prendre vos m\u00e9dicaments \u00e0 jeun, vous pouvez continuer \u00e0 les prendre.\u00a0<\/li><li>Si vous avez re\u00e7u une chimioth\u00e9rapie ou une radioth\u00e9rapie r\u00e9cemment, appelez-nous au <strong>613\u202f761-4831<\/strong> .\u00a0<\/li><li>Si vous prenez des antibiotiques en raison d\u2019une infection, veuillez nous en aviser imm\u00e9diatement.\u00a0<\/li><li>Laissez tout objet de valeur \u00e0 la maison.\u00a0<\/li><li>Lorsque vous prendrez rendez-vous, veuillez signaler tout besoin particulier (p. ex. claustrophobie, difficult\u00e9 \u00e0 rester allong\u00e9 sans bouger, l\u00e8ve-personne pour monter sur la table d\u2019examen, barri\u00e8re linguistique). Ainsi, nous prendrons les mesures n\u00e9cessaires pour vous offrir les meilleurs soins possible.\u00a0<\/li><\/ul>\n\n\n\n<h2 class=\"wp-block-heading\">L\u2019examen est-il douloureux?\u202f&nbsp;<\/h2>\n\n\n\n<p>Seulement le test de glyc\u00e9mie et l\u2019insertion du cath\u00e9ter intraveineux pourrait \u00eatre un peu douloureux.&nbsp;&nbsp;<\/p>\n\n\n\n<h2 class=\"wp-block-heading\">Les radiations sont-elles dangereuses?\u202f&nbsp;<\/h2>\n\n\n\n<p>On vous administre une petite quantit\u00e9 d\u2019un traceur radioactif qui \u00e9met des rayons gamma (semblables aux rayons X) d\u00e9tectables par notre appareil d\u2019imagerie. La dose de rayonnement est tr\u00e8s faible et dispara\u00eetra toute seule apr\u00e8s un jour. Les r\u00e9sultats de l\u2019examen fourniront de l\u2019information sur votre \u00e9tat de sant\u00e9 qui permettra \u00e0 votre m\u00e9decin de planifier votre traitement. Les avantages de passer cet examen l\u2019emportent nettement sur les risques possibles d\u2019une petite dose de rayonnement.\u202f&nbsp;<\/p>\n\n\n\n<h2 class=\"wp-block-heading\">Devez-vous faire quelque chose apr\u00e8s l\u2019examen?\u202f&nbsp;<\/h2>\n\n\n\n<p>Vous n\u2019avez pas \u00e0 prendre de pr\u00e9caution particuli\u00e8re apr\u00e8s l\u2019examen. Mais si vous devez traverser une fronti\u00e8re dans les 7\u202fjours suivants, dites-le-nous. Les d\u00e9tecteurs de rayonnement utilis\u00e9s aux postes frontaliers et dans les a\u00e9roports sont tr\u00e8s sensibles et peuvent d\u00e9tecter les minuscules traces de radioactivit\u00e9. Nous vous donnerons une lettre que vous pourrez montrer aux agents des douanes.&nbsp;<\/p>\n\n\n\n<h2 class=\"wp-block-heading\">Que devez-vous nous dire avant l\u2019examen?\u202f&nbsp;<\/h2>\n\n\n\n<p>Il est important de nous ne signaler d\u2019avance si vous \u00eates enceinte ou que vous allaitez.&nbsp;&nbsp;<\/p>\n\n\n\n<h2 class=\"wp-block-heading\">Qu\u2019en est-il de l\u2019allaitement?&nbsp;<\/h2>\n\n\n\n<p>Vous devez cesser d\u2019allaiter pendant 12\u202fheures apr\u00e8s l\u2019examen, p\u00e9riode pendant laquelle vous devrez tirer et jeter votre lait. Veuillez pr\u00e9voir les mesures n\u00e9cessaires.&nbsp;<\/p>\n\n\n\n<h2 class=\"wp-block-heading\">Comment obtiendrez-vous les r\u00e9sultats de votre examen?\u202f&nbsp;<\/h2>\n\n\n\n<p>Un m\u00e9decin sp\u00e9cialiste examinera les images, puis enverra un rapport \u00e0 votre m\u00e9decin qui a demand\u00e9 l\u2019examen dans environ une semaine. Vous aurez acc\u00e8s au rapport dans MyChart d\u00e8s qu\u2019il y sera vers\u00e9.&nbsp;<\/p>\n\n\n\n<p>Si vous avez des questions sur les r\u00e9sultats ou le rapport d\u2019examen, veuillez communiquer directement avec votre m\u00e9decin. Il est le mieux plac\u00e9 pour vous expliquer les r\u00e9sultats.&nbsp;<\/p>\n\n\n\n<h2 class=\"wp-block-heading\">Y a-t-il des frais pour cet examen?&nbsp;<\/h2>\n\n\n\n<p>Non. L\u2019examen est couvert par le syst\u00e8me de sant\u00e9. Comme il co\u00fbte plusieurs centaines de dollars, veuillez nous appeler au <strong>613\u202f761-4831<\/strong> (option 8) si vous ne pouvez pas vous pr\u00e9senter.&nbsp;<\/p>\n\n\n\n<h2 class=\"wp-block-heading\">Et si vous ne pouvez pas venir \u00e0 votre rendez-vous?&nbsp;<\/h2>\n\n\n\n<p>En cas d\u2019emp\u00eachement, il est important de nous en aviser d\u00e8s que possible au <strong>613 761-4831<\/strong>. Autrement, votre absence entra\u00eenera un gaspillage du mat\u00e9riel co\u00fbteux command\u00e9 sp\u00e9cialement pour vous, en plus de r\u00e9duire l\u2019acc\u00e8s \u00e0 nos services pour d\u2019autres patients. Un rendez-vous manqu\u00e9 peut aussi retarder vos traitements.&nbsp;<\/p>\n\n\n\n<h2 class=\"wp-block-heading\">Indications et stationnement&nbsp;<\/h2>\n\n\n\n<figure class=\"wp-block-table is-style-stripes\"><table><tbody><tr><td><strong>Campus G\u00e9n\u00e9ral \u2013 M\u00e9decine nucl\u00e9aire&nbsp;<\/strong>&nbsp;501, chemin Smyth, rez-de-chauss\u00e9e&nbsp;T\u00e9l\u00e9phone\u202f: <strong>613\u202f761-4831 (option\u202f8)<\/strong>&nbsp;Ouvert du lundi au vendredi, de 7\u202fh \u00e0 16\u202fh&nbsp;Pour nous trouver\u202f: \u00c0 partir de l\u2019entr\u00e9e principale, allez jusqu\u2019aux ascenseurs, puis suivez les panneaux de la <strong>M\u00e9decine nucl\u00e9aire<\/strong>. Vous pouvez aussi demander le chemin au bureau d\u2019information.&nbsp;<\/td><\/tr><tr><td>Utilisez le stationnement \u00e0 \u00e9tages \u00e0 c\u00f4t\u00e9 de l\u2019entr\u00e9e principale qui donne sur le\u202fchemin Smyth.&nbsp;<\/td><\/tr><\/tbody><\/table><\/figure>\n\n\n\n<h3 class=\"wp-block-heading\">Instructions pour le stationnement&nbsp;<\/h3>\n\n\n\n<ul class=\"wp-block-list\"><li>Tous nos stationnements sont automatis\u00e9s.&nbsp;&nbsp;<\/li><li>Gardez le billet de stationnement avec vous.&nbsp;&nbsp;<\/li><li>\u00c0 la fin de votre visite, vous pourrez payer \u00e0 l\u2019un des guichets de paiement automatis\u00e9s (argent comptant ou carte de cr\u00e9dit) ou \u00e0 une sortie rapide dans le stationnement (carte de cr\u00e9dit). Vous avez 20\u202fminutes pour sortir du stationnement apr\u00e8s avoir pay\u00e9.&nbsp;<\/li><li>Modes de paiement&nbsp;<ul><li>Guichets de paiement\u202f: Argent comptant ou carte de cr\u00e9dit (Visa, MasterCard ou American Express)&nbsp;<\/li><\/ul><\/li><li>Frais de stationnement\u202f: maximum de 13 $ par jour&nbsp;<\/li><\/ul>\n\n\n\n<p>Visitez le site Web de L\u2019H\u00f4pital d\u2019Ottawa pour en savoir plus sur le <a href=\"https:\/\/www.ottawahospital.on.ca\/fr\/patients-et-visiteurs\/visites-a-lhopital\/\">chemin \u00e0 prendre et le stationnement<\/a>. Vous y trouverez des plans des lieux.&nbsp;<\/p>\n","protected":false},"excerpt":{"rendered":"<p>Votre m\u00e9decin vous demande de passer une tomographie par \u00e9mission de positons au fluod\u00e9soxyglucose (TEP-FDG) combin\u00e9e \u00e0 une tomodensitom\u00e9trie (TDM). Ce guide r\u00e9pondra \u00e0 certaines de vos questions.\u202f&nbsp; Ces instructions ne sont pas exhaustives. Deux jours avant votre rendezvous, vous devez nous appeler au 613\u202f761-4831 (option\u202f8) pour obtenir des instructions pr\u00e9cises.&nbsp; Qu\u2019est-ce qu\u2019une TEP-TDM au [&hellip;]<\/p>\n","protected":false},"author":25,"featured_media":0,"parent":0,"menu_order":0,"comment_status":"closed","ping_status":"closed","template":"","meta":{"_acf_changed":false,"_mc_calendar":[],"footnotes":""},"class_list":["post-71587","page","type-page","status-publish","hentry"],"acf":[],"wps_subtitle":"","_links":{"self":[{"href":"https:\/\/www.ottawahospital.on.ca\/fr\/wp-json\/wp\/v2\/pages\/71587","targetHints":{"allow":["GET"]}}],"collection":[{"href":"https:\/\/www.ottawahospital.on.ca\/fr\/wp-json\/wp\/v2\/pages"}],"about":[{"href":"https:\/\/www.ottawahospital.on.ca\/fr\/wp-json\/wp\/v2\/types\/page"}],"author":[{"embeddable":true,"href":"https:\/\/www.ottawahospital.on.ca\/fr\/wp-json\/wp\/v2\/users\/25"}],"replies":[{"embeddable":true,"href":"https:\/\/www.ottawahospital.on.ca\/fr\/wp-json\/wp\/v2\/comments?post=71587"}],"version-history":[{"count":0,"href":"https:\/\/www.ottawahospital.on.ca\/fr\/wp-json\/wp\/v2\/pages\/71587\/revisions"}],"wp:attachment":[{"href":"https:\/\/www.ottawahospital.on.ca\/fr\/wp-json\/wp\/v2\/media?parent=71587"}],"curies":[{"name":"wp","href":"https:\/\/api.w.org\/{rel}","templated":true}]}}