{"id":7158,"date":"2016-11-15T10:42:04","date_gmt":"2016-11-15T15:42:04","guid":{"rendered":"http:\/\/52.229.122.34\/fr\/?page_id=7158"},"modified":"2017-06-20T15:29:43","modified_gmt":"2017-06-20T19:29:43","slug":"patients-hospitalises","status":"publish","type":"page","link":"https:\/\/www.ottawahospital.on.ca\/fr\/notre-modele-de-soins\/notre-equipe-de-professionnels-de-la-sante\/ergotherapie\/patients-hospitalises\/","title":{"rendered":"Patients hospitalis\u00e9s"},"content":{"rendered":"<div class=\"row\">\n<div class=\"col-md-6\">\nLes services d\u2019ergoth\u00e9rapie offerts aux patients hospitalis\u00e9s sont dispens\u00e9s aux campus G\u00e9n\u00e9ral et Civic. Ils sont ax\u00e9s sur la m\u00e9decine physique et la sant\u00e9 mentale. Au Centre de r\u00e9adaptation, les services d\u2019ergoth\u00e9rapie sont offerts aux patients hospitalis\u00e9s dans le cadre de quatre programmes\u00a0: l\u00e9sions c\u00e9r\u00e9brales acquises, troubles locomoteurs, troubles neuromusculaires et services sp\u00e9cialis\u00e9s.<\/p>\n<h2>M\u00e9decine physique<\/h2>\n<p>L\u2019ergoth\u00e9rapeute peut r\u00e9aliser une \u00e9valuation approfondie des capacit\u00e9s physiques, cognitives et fonctionnelles d\u2019un patient hospitalis\u00e9 qui souffre d\u2019une maladie physique. Il travaille dans les unit\u00e9s de soins de courte dur\u00e9e suivantes\u00a0:<\/p>\n<ul>\n<li>cardiologie (Campus G\u00e9n\u00e9ral et Institut de cardiologie)<\/li>\n<li>m\u00e9decine de famille<\/li>\n<li>m\u00e9decine interne g\u00e9n\u00e9rale<\/li>\n<li>soins intensifs<\/li>\n<li>oncologie m\u00e9dicale, radio-oncologie et h\u00e9matologie<\/li>\n<li>n\u00e9phrologie<\/li>\n<li>neurologie<\/li>\n<li>neurochirurgie<\/li>\n<li>orthop\u00e9dique<\/li>\n<li>pneumologie<\/li>\n<li>chirurgie, chirurgie g\u00e9n\u00e9rale<\/li>\n<li>chirurgie thoracique<\/li>\n<li>traumatologie<\/li>\n<li>chirurgie vasculaire.<\/li>\n<\/ul>\n<\/div>\n<div class=\"col-md-6\">\n<img decoding=\"async\" class=\"img-responsive alignright\" src=\"\/wp-content\/uploads\/2016\/11\/kitchenstoveWeb.jpg\" alt=\"Kitchen Stove\" width=\"478\" height=\"640\" \/>\n<\/div>\n<\/div>\n<p>L\u2019ergoth\u00e9rapeute r\u00e9alise des \u00e9valuations et des interventions dans l\u2019Unit\u00e9 de soins transitoires du Campus G\u00e9n\u00e9ral et du Campus Civic.<\/p>\n<p>Des \u00e9valuations et des consultations sont \u00e9galement offertes \u00e0 l\u2019Unit\u00e9 de m\u00e9decine g\u00e9riatrique au Campus Civic.<\/p>\n<p>Le patient qui a besoin de traitements de r\u00e9adaptation suppl\u00e9mentaires avant son cong\u00e9 peut recevoir des traitements d\u2019ergoth\u00e9rapie \u00e0 l\u2019Unit\u00e9 de r\u00e9adaptation \u00e0 court terme et au\u00a0<a href=\"\/fr\/services-cliniques\/deptpgrmcs\/departements\/centre-de-readaptation\/\">Centre de r\u00e9adaptation<\/a>. Au Centre de r\u00e9adaptation, l\u2019ergoth\u00e9rapeute \u00e9value, traite et renseigne les patients qui ont besoin d\u2019une aide physique, cognitive ou comportementale complexe et qui n\u2019est \u00a0pas disponible dans la collectivit\u00e9.<\/p>\n<p><img decoding=\"async\" class=\"img-responsive aligncenter\" src=\"\/wp-content\/uploads\/2016\/11\/dressingsockaidweb.jpg\" alt=\"Dressing Sock Aid\" width=\"640\" height=\"427\" \/><\/p>\n<h2>Sant\u00e9 mentale<\/h2>\n<p><img decoding=\"async\" class=\"img-responsive alignright\" src=\"\/wp-content\/uploads\/2016\/11\/OccTherapyphoto2.jpg\" alt=\"Occupational Therapy\" width=\"270\" height=\"203\" \/>Dans le domaine de la sant\u00e9 mentale, les traitements d\u2019ergoth\u00e9rapie offerts aux patients hospitalis\u00e9s sont ax\u00e9s sur des activit\u00e9s individuelles et de groupe pour \u00e9valuer la fonction, promouvoir la participation, renforcer des aptitudes de tol\u00e9rance au stress et appuyer l\u2019int\u00e9gration dans la collectivit\u00e9 apr\u00e8s le cong\u00e9.<br \/>\nLes activit\u00e9s th\u00e9rapeutiques et les th\u00e9rapies de groupe servent \u00e0 favoriser les contacts avec le monde r\u00e9el, l\u2019acquisition de comp\u00e9tences organisationnelles et cognitives, la conscience de soi, l\u2019expression, l\u2019adoption de strat\u00e9gies d\u2019adaptation, l\u2019affirmation de soi ainsi que la sociabilit\u00e9 et les aptitudes \u00e0 la vie quotidienne.<\/p>\n<p>&nbsp;<\/p>\n","protected":false},"excerpt":{"rendered":"<p>Les services d\u2019ergoth\u00e9rapie offerts aux patients hospitalis\u00e9s sont dispens\u00e9s aux campus G\u00e9n\u00e9ral et Civic. Ils sont ax\u00e9s sur la m\u00e9decine physique et la sant\u00e9 mentale. Au Centre de r\u00e9adaptation, les services d\u2019ergoth\u00e9rapie sont offerts aux patients hospitalis\u00e9s dans le cadre de quatre programmes\u00a0: l\u00e9sions c\u00e9r\u00e9brales acquises, troubles locomoteurs, troubles neuromusculaires et services sp\u00e9cialis\u00e9s. M\u00e9decine physique [&hellip;]<\/p>\n","protected":false},"author":25,"featured_media":0,"parent":7135,"menu_order":2,"comment_status":"closed","ping_status":"closed","template":"","meta":{"_acf_changed":false,"_mc_calendar":[],"footnotes":""},"class_list":["post-7158","page","type-page","status-publish","hentry"],"acf":[],"wps_subtitle":"","_links":{"self":[{"href":"https:\/\/www.ottawahospital.on.ca\/fr\/wp-json\/wp\/v2\/pages\/7158","targetHints":{"allow":["GET"]}}],"collection":[{"href":"https:\/\/www.ottawahospital.on.ca\/fr\/wp-json\/wp\/v2\/pages"}],"about":[{"href":"https:\/\/www.ottawahospital.on.ca\/fr\/wp-json\/wp\/v2\/types\/page"}],"author":[{"embeddable":true,"href":"https:\/\/www.ottawahospital.on.ca\/fr\/wp-json\/wp\/v2\/users\/25"}],"replies":[{"embeddable":true,"href":"https:\/\/www.ottawahospital.on.ca\/fr\/wp-json\/wp\/v2\/comments?post=7158"}],"version-history":[{"count":0,"href":"https:\/\/www.ottawahospital.on.ca\/fr\/wp-json\/wp\/v2\/pages\/7158\/revisions"}],"up":[{"embeddable":true,"href":"https:\/\/www.ottawahospital.on.ca\/fr\/wp-json\/wp\/v2\/pages\/7135"}],"wp:attachment":[{"href":"https:\/\/www.ottawahospital.on.ca\/fr\/wp-json\/wp\/v2\/media?parent=7158"}],"curies":[{"name":"wp","href":"https:\/\/api.w.org\/{rel}","templated":true}]}}