{"id":71575,"date":"2022-04-19T15:20:13","date_gmt":"2022-04-19T19:20:13","guid":{"rendered":"https:\/\/www.ottawahospital.on.ca\/?page_id=71575"},"modified":"2022-04-19T15:21:51","modified_gmt":"2022-04-19T19:21:51","slug":"ventriculographie-isotopique-muga","status":"publish","type":"page","link":"https:\/\/www.ottawahospital.on.ca\/fr\/ventriculographie-isotopique-muga\/","title":{"rendered":"Ventriculographie isotopique (MUGA)"},"content":{"rendered":"\n<p class=\"intro-text1\">Votre m\u00e9decin vous envoie passer une ventriculographie isotopique (MUGA). Ce guide r\u00e9pondra \u00e0 certaines de vos questions \u00e0 ce sujet.&nbsp;<\/p>\n\n\n\n<h2 class=\"wp-block-heading\">Qu\u2019est-ce qu\u2019une ventriculographie isotopique?\u202f\u00a0<\/h2>\n\n\n\n<p>Une ventriculographie isotopique est un moyen simple et sans douleur d\u2019obtenir des images du c\u0153ur \u00e0 l\u2019aide d\u2019un traceur radioactif. Elle renseigne votre m\u00e9decin sur la capacit\u00e9 de votre c\u0153ur \u00e0 pomper le sang dans le reste du corps. Cette mesure s\u2019appelle la fraction d\u2019\u00e9jection du c\u0153ur.&nbsp;&nbsp;<\/p>\n\n\n\n<h2 class=\"wp-block-heading\">Comment se d\u00e9roulera l\u2019examen?\u202f\u00a0<\/h2>\n\n\n\n<p>L\u2019intervention durera environ <strong>1,5 heure<\/strong>.&nbsp;<\/p>\n\n\n\n<p>\u00c0 votre arriv\u00e9e, le technologue vous expliquera en d\u00e9tail en quoi consiste l\u2019examen et r\u00e9pondra \u00e0 vos questions. Le technologue vous mesurera et vous p\u00e8sera aussi.&nbsp;&nbsp;<\/p>\n\n\n\n<p>On placera un acc\u00e8s intraveineux dans une veine de votre bras. Il permettra de vous injecter un m\u00e9dicament sp\u00e9cial qui pr\u00e9parera vos globules rouges \u00e0 recevoir le traceur radioactif. Apr\u00e8s l\u2019injection, vous devrez attendre 20 \u00e0 30 minutes, le temps que le m\u00e9dicament fasse effet. \u00c0 l\u2019\u00e9tape suivante, le technologue utilisera l\u2019acc\u00e8s intraveineux pour vous pr\u00e9lever une petite quantit\u00e9 de sang. Il ajoutera une petite quantit\u00e9 du traceur radioactif au sang pr\u00e9lev\u00e9 et le laissera incuber environ 10 minutes, le temps de marquer vos globules rouges. Ensuite, le sang pr\u00e9lev\u00e9 et marqu\u00e9 vous sera r\u00e9inject\u00e9. Cette injection ne cause aucun effet secondaire connu.&nbsp;<\/p>\n\n\n\n<p>Apr\u00e8s la deuxi\u00e8me injection, vous devrez vous allonger sur une table d\u2019examen. On placera des \u00e9lectrodes sur votre poitrine avant de placer un appareil appel\u00e9 \u00ab\u2009cam\u00e9ra gamma\u2009\u00bb pr\u00e8s de votre poitrine. On prendra ensuite des images de votre c\u0153ur pour d\u00e9terminer s\u2019il fonctionne bien. On prendra aussi des images en trois dimensions de votre c\u0153ur. La cam\u00e9ra n\u2019\u00e9met pas de radiation. Elle ne fait que capter les signaux (rayons gamma) \u00e9mis par le traceur radioactif qui vous a \u00e9t\u00e9 inject\u00e9. Ainsi, m\u00eame si on prend beaucoup de photos, vous ne serez pas expos\u00e9 \u00e0 plus de radiations. Il faudra environ 30 minutes pour prendre cette s\u00e9rie d\u2019images.&nbsp;<\/p>\n\n\n\n<p>\u00c0 la fin de l\u2019intervention, vous rentrerez chez vous ou retournerez dans votre chambre (si vous \u00eates hospitalis\u00e9) sans \u00e9prouver d\u2019effet d\u00e9sagr\u00e9able.&nbsp;&nbsp;<\/p>\n\n\n\n<h2 class=\"wp-block-heading\">Que devez-vous faire avant l\u2019examen?\u202f\u00a0<\/h2>\n\n\n\n<ul class=\"wp-block-list\"><li>Apportez votre carte d\u2019assurance-sant\u00e9.\u00a0<\/li><li>Vous n\u2019avez pas \u00e0 vous pr\u00e9parer pour cet examen. Le jour de l\u2019examen, vous pourrez manger, boire et prendre vos m\u00e9dicaments comme vous le feriez normalement.\u00a0\u00a0<\/li><li>Nous vous prions de porter des v\u00eatements qui ne contiennent pas de m\u00e9tal. Veuillez ne porter aucun bijou et laisser tout objet de valeur \u00e0 la maison.\u00a0<\/li><li>Lorsque vous prendrez rendez-vous, veuillez signaler tout besoin particulier (p. ex. claustrophobie, difficult\u00e9 \u00e0 rester allong\u00e9 sans bouger, l\u00e8ve-personne pour monter sur la table d\u2019examen, barri\u00e8re linguistique). Ainsi, nous prendrons les mesures n\u00e9cessaires pour vous offrir les meilleurs soins qui soient.\u00a0<\/li><\/ul>\n\n\n\n<h2 class=\"wp-block-heading\">L\u2019examen est-il douloureux?\u202f\u00a0<\/h2>\n\n\n\n<p>Seule l\u2019aiguille qui sert \u00e0 l\u2019injection pourrait causer un peu de douleur. On vous a peut-\u00eatre d\u00e9j\u00e0 pr\u00e9lev\u00e9 du sang pour des analyses. L\u2019injection que vous aurez est tr\u00e8s similaire.\u202f&nbsp;<\/p>\n\n\n\n<h2 class=\"wp-block-heading\">Le traceur radioactif est-il dangereux?\u202f\u00a0<\/h2>\n\n\n\n<p>L\u2019injection contient une petite quantit\u00e9 d\u2019un traceur radioactif qui \u00e9met des rayons gamma (semblables aux rayons X) d\u00e9tectables par notre appareil. La dose de rayonnement est tr\u00e8s faible et dispara\u00eetra d\u2019elle-m\u00eame apr\u00e8s 2\u202fjours. Les r\u00e9sultats de votre examen fourniront de l\u2019information utile sur votre \u00e9tat de sant\u00e9 \u00e0 votre m\u00e9decin et l\u2019aideront \u00e0 planifier votre traitement. Les avantages de passer cet examen l\u2019emportent nettement sur les risques possibles d\u2019une petite dose de rayonnement.\u202f&nbsp;<\/p>\n\n\n\n<h2 class=\"wp-block-heading\">Devez-vous faire quelque chose apr\u00e8s l\u2019examen?\u202f\u00a0<\/h2>\n\n\n\n<p>Vous n\u2019avez pas \u00e0 prendre de pr\u00e9caution particuli\u00e8re apr\u00e8s l\u2019examen. Mais si vous devez traverser une fronti\u00e8re dans les 7\u202fjours suivants, dites-le-nous. Les d\u00e9tecteurs de rayonnement des postes frontaliers et des a\u00e9roports sont tr\u00e8s sensibles et peuvent d\u00e9tecter de minuscules traces de radioactivit\u00e9. Nous vous donnerons une lettre que vous pourrez montrer aux agents des douanes.\u202f&nbsp;<\/p>\n\n\n\n<h2 class=\"wp-block-heading\">Que devez-vous nous dire avant l\u2019injection?\u00a0\u00a0<\/h2>\n\n\n\n<p>Veuillez nous dire si vous \u00eates enceinte ou si vous allaitez.&nbsp;&nbsp;<\/p>\n\n\n\n<h2 class=\"wp-block-heading\">Qu\u2019en est-il de l\u2019allaitement?\u00a0<\/h2>\n\n\n\n<p>Vous devez cesser d\u2019allaiter pendant 12\u202fheures apr\u00e8s l\u2019examen, pendant lesquelles vous devrez tirer et jeter votre lait. Veuillez pr\u00e9voir les mesures n\u00e9cessaires pour cette p\u00e9riode d\u2019arr\u00eat.&nbsp;<\/p>\n\n\n\n<h2 class=\"wp-block-heading\">Comment obtiendrez-vous les r\u00e9sultats de votre examen?\u00a0<\/h2>\n\n\n\n<p>Un m\u00e9decin sp\u00e9cialiste examinera les images peu apr\u00e8s l\u2019examen, puis il enverra un rapport au m\u00e9decin qui a demand\u00e9 l\u2019examen. Votre m\u00e9decin devrait le recevoir dans la semaine qui suit l\u2019examen. Vous aurez acc\u00e8s au rapport dans MyChart d\u00e8s qu\u2019il sera disponible.&nbsp;<\/p>\n\n\n\n<p>Si vous avez des questions sur les r\u00e9sultats ou le rapport d\u2019examen, veuillez communiquer directement avec votre m\u00e9decin. Il est le mieux plac\u00e9 pour vous expliquer les r\u00e9sultats.&nbsp;<\/p>\n\n\n\n<h2 class=\"wp-block-heading\">Y a-t-il des frais pour cet examen?\u00a0<\/h2>\n\n\n\n<p>Non. L\u2019examen est pay\u00e9 par le syst\u00e8me de sant\u00e9. Comme il nous en co\u00fbte plusieurs centaines de dollars, nous vous prions de nous appeler au 613\u202f761-4831 si vous ne pouvez pas venir \u00e0 votre rendez-vous.&nbsp;<\/p>\n\n\n\n<h2 class=\"wp-block-heading\">Que devriez-vous faire si vous ne pouvez pas venir \u00e0 votre rendez-vous?\u00a0<\/h2>\n\n\n\n<p>En cas d\u2019emp\u00eachement, il est important de nous en aviser d\u00e8s que possible au 613\u202f761-4831. Autrement, votre absence entra\u00eenera un gaspillage de mat\u00e9riel co\u00fbteux command\u00e9 sp\u00e9cialement pour votre examen, en plus de r\u00e9duire l\u2019acc\u00e8s \u00e0 nos services pour d\u2019autres patients. Un rendez-vous manqu\u00e9 peut aussi entra\u00eener un retard dans vos traitements.&nbsp;<\/p>\n\n\n\n<h2 class=\"wp-block-heading\">Indications et stationnement\u00a0<\/h2>\n\n\n\n<figure class=\"wp-block-table is-style-stripes\"><table><tbody><tr><td>Campus G\u00e9n\u00e9ral&nbsp;&nbsp;501, chemin Smyth, rez-de-chauss\u00e9e&nbsp;T\u00e9l\u00e9phone\u202f: 613\u202f761-4831 (option\u202f8)&nbsp;Heures d\u2019ouverture\u202f: Du lundi au vendredi, de 7\u202fh \u00e0 16\u202fh&nbsp;Pour nous trouver\u202f: \u00c0 partir de l\u2019entr\u00e9e principale de l\u2019h\u00f4pital, allez jusqu\u2019aux ascenseurs, puis suivez les panneaux de la M\u00e9decine nucl\u00e9aire. Vous pouvez aussi demander le chemin au bureau d\u2019information.\u202f&nbsp;<\/td><\/tr><tr><td>Stationnez-vous dans le stationnement \u00e0 \u00e9tages \u00e0 c\u00f4t\u00e9 de l\u2019entr\u00e9e principale qui donne sur le\u202fchemin Smyth.&nbsp;<\/td><\/tr><\/tbody><\/table><\/figure>\n\n\n\n<h3 class=\"wp-block-heading\">Instructions pour le stationnement&nbsp;<\/h3>\n\n\n\n<ul class=\"wp-block-list\"><li>Tous nos stationnements sont automatis\u00e9s.\u00a0\u00a0<\/li><li>Gardez le billet de stationnement avec vous.\u00a0\u00a0<\/li><li>\u00c0 la fin de votre visite, vous pourrez payer \u00e0 l\u2019un des guichets de paiement automatis\u00e9s (argent comptant ou carte de cr\u00e9dit) ou \u00e0 une sortie rapide dans le stationnement (carte de cr\u00e9dit). Vous avez 20\u202fminutes pour sortir du stationnement apr\u00e8s avoir pay\u00e9.\u00a0<\/li><li>Modes de paiement\u00a0<ul><li>Guichets de paiement\u202f: Argent comptant ou carte de cr\u00e9dit (Visa, MasterCard ou American Express)\u00a0<\/li><\/ul><\/li><li>Frais de stationnement\u202f: maximum de 13\u202f$ par jour\u00a0<\/li><\/ul>\n\n\n\n<p>Visitez le site Web de L\u2019H\u00f4pital d\u2019Ottawa pour en savoir plus sur le <a href=\"https:\/\/www.ottawahospital.on.ca\/fr\/patients-et-visiteurs\/visites-a-lhopital\">chemin \u00e0 prendre et le stationnement.<\/a> Vous y trouverez des plans des lieux.<\/p>\n","protected":false},"excerpt":{"rendered":"<p>Votre m\u00e9decin vous envoie passer une ventriculographie isotopique (MUGA). Ce guide r\u00e9pondra \u00e0 certaines de vos questions \u00e0 ce sujet.&nbsp; Qu\u2019est-ce qu\u2019une ventriculographie isotopique?\u202f\u00a0 Une ventriculographie isotopique est un moyen simple et sans douleur d\u2019obtenir des images du c\u0153ur \u00e0 l\u2019aide d\u2019un traceur radioactif. Elle renseigne votre m\u00e9decin sur la capacit\u00e9 de votre c\u0153ur \u00e0 [&hellip;]<\/p>\n","protected":false},"author":25,"featured_media":0,"parent":0,"menu_order":0,"comment_status":"closed","ping_status":"closed","template":"","meta":{"_acf_changed":false,"_mc_calendar":[],"footnotes":""},"class_list":["post-71575","page","type-page","status-publish","hentry"],"acf":[],"wps_subtitle":"","_links":{"self":[{"href":"https:\/\/www.ottawahospital.on.ca\/fr\/wp-json\/wp\/v2\/pages\/71575","targetHints":{"allow":["GET"]}}],"collection":[{"href":"https:\/\/www.ottawahospital.on.ca\/fr\/wp-json\/wp\/v2\/pages"}],"about":[{"href":"https:\/\/www.ottawahospital.on.ca\/fr\/wp-json\/wp\/v2\/types\/page"}],"author":[{"embeddable":true,"href":"https:\/\/www.ottawahospital.on.ca\/fr\/wp-json\/wp\/v2\/users\/25"}],"replies":[{"embeddable":true,"href":"https:\/\/www.ottawahospital.on.ca\/fr\/wp-json\/wp\/v2\/comments?post=71575"}],"version-history":[{"count":0,"href":"https:\/\/www.ottawahospital.on.ca\/fr\/wp-json\/wp\/v2\/pages\/71575\/revisions"}],"wp:attachment":[{"href":"https:\/\/www.ottawahospital.on.ca\/fr\/wp-json\/wp\/v2\/media?parent=71575"}],"curies":[{"name":"wp","href":"https:\/\/api.w.org\/{rel}","templated":true}]}}