{"id":71567,"date":"2022-04-19T14:28:31","date_gmt":"2022-04-19T18:28:31","guid":{"rendered":"https:\/\/www.ottawahospital.on.ca\/?page_id=71567"},"modified":"2022-04-19T14:29:15","modified_gmt":"2022-04-19T18:29:15","slug":"scintigraphie-des-diverticules-de-meckel","status":"publish","type":"page","link":"https:\/\/www.ottawahospital.on.ca\/fr\/scintigraphie-des-diverticules-de-meckel\/","title":{"rendered":"Scintigraphie des diverticules de Meckel"},"content":{"rendered":"\n<p class=\"intro-text1\">Votre m\u00e9decin vous envoie passer une scintigraphie des diverticules de Meckel. Vous trouverez dans le pr\u00e9sent document des r\u00e9ponses aux questions courantes sur cet examen d\u2019imagerie.&nbsp;&nbsp;<\/p>\n\n\n\n<h2 class=\"wp-block-heading\">Qu\u2019est-ce qu\u2019une scintigraphie des diverticules de Meckel?\u00a0<\/h2>\n\n\n\n<p>Une scintigraphie des diverticules de Meckel est un examen d\u2019imagerie m\u00e9dicale simple et indolore r\u00e9alis\u00e9 \u00e0 l\u2019aide d\u2019un traceur radioactif pour d\u00e9celer et localiser les muqueuses gastriques ectopiques qui causent des saignements dans l\u2019intestin gr\u00eale. Votre m\u00e9decin pourrait prescrire cet examen si vous des saignements gastro-intestinaux dont on ne connait pas la source.&nbsp;<\/p>\n\n\n\n<h2 class=\"wp-block-heading\">En quoi consiste l\u2019examen?\u00a0<\/h2>\n\n\n\n<p>\u00c0 votre arriv\u00e9e au Service de m\u00e9decine nucl\u00e9aire, un technologue vous expliquera en d\u00e9tail le d\u00e9roulement de l\u2019examen et r\u00e9pondra \u00e0 vos questions. Il vous donnera un m\u00e9dicament pour augmenter la pr\u00e9cision des images capt\u00e9es, puis vous <strong>devrez attendre 1\u202fheure<\/strong>, soit le temps que le m\u00e9dicament fasse effet.&nbsp;&nbsp;<\/p>\n\n\n\n<p>Avant d\u2019entrer en salle d\u2019examen, vous devrez mettre une chemise d\u2019h\u00f4pital et enlever tout accessoire en m\u00e9tal. Le technologue vous demandera de vous allonger sur une table d\u2019imagerie, puis il vous injectera un <strong>traceur radioactif<\/strong> dans une veine du bras. Cette substance ne cause aucun effet secondaire connu.&nbsp;&nbsp;<\/p>\n\n\n\n<p>Une\u202fcam\u00e9ra gamma\u202fsera positionn\u00e9e pour prendre une s\u00e9rie d\u2019images de votre abdomen. On vous demandera ensuite d\u2019aller \u00e0 la toilette et \u00e0 votre retour, le technologue captera d\u2019autres images sous diff\u00e9rents angles. Il pourrait \u00e9galement prendre des images en trois dimensions. Cette partie de l\u2019examen prend environ 1 heure.&nbsp;<\/p>\n\n\n\n<p>Pr\u00e9voyez d\u2019\u00eatre \u00e0 l\u2019h\u00f4pital environ <strong>2,5 heures<\/strong> la journ\u00e9e de l\u2019examen.&nbsp;<\/p>\n\n\n\n<h2 class=\"wp-block-heading\">Comment vous pr\u00e9parer avant l\u2019examen?\u00a0<\/h2>\n\n\n\n<ul class=\"wp-block-list\"><li>Apportez votre carte d\u2019assurance-sant\u00e9.&nbsp;<\/li><\/ul>\n\n\n\n<ul class=\"wp-block-list\"><li>Vous devez <strong>je\u00fbner \u00e0 partir de minuit la veille<\/strong> de l\u2019examen.&nbsp;&nbsp;<\/li><li>Nous vous prions de porter des v\u00eatements qui ne contiennent pas de m\u00e9tal. Veuillez ne porter aucun bijou. Laissez tout objet de valeur \u00e0 la maison.&nbsp;<\/li><li>Lorsque vous prendrez rendez-vous, veuillez nous le signaler si vous avez des besoins particuliers (p. ex. claustrophobie, difficult\u00e9 \u00e0 rester immobile, l\u00e8ve-personne pour monter sur la table d\u2019imagerie, barri\u00e8re linguistique). Ainsi, nous prendrons les mesures n\u00e9cessaires pour vous offrir les meilleurs soins possible.&nbsp;<\/li><\/ul>\n\n\n\n<h2 class=\"wp-block-heading\">L\u2019examen est-il douloureux?\u00a0<\/h2>\n\n\n\n<p>La ponction de l\u2019aiguille pourrait causer une petite douleur, similairement \u00e0 une prise de sang.&nbsp;&nbsp;<\/p>\n\n\n\n<h2 class=\"wp-block-heading\">Le traceur radioactif inject\u00e9 est-il dangereux?\u00a0<\/h2>\n\n\n\n<p>L\u2019injection contient une petite quantit\u00e9 d\u2019une substance radioactive qui \u00e9met des rayons gamma (semblables aux rayons X). La dose de rayonnement est tr\u00e8s faible et se dissipera d\u2019elle-m\u00eame apr\u00e8s 2 jours. Les r\u00e9sultats de votre examen fourniront de l\u2019information importante sur votre \u00e9tat de sant\u00e9 qui permettra \u00e0 votre m\u00e9decin de planifier votre traitement. Les avantages de l\u2019examen l\u2019emportent nettement sur les risques possibles d\u2019une faible exposition au rayonnement.&nbsp;&nbsp;<\/p>\n\n\n\n<h2 class=\"wp-block-heading\">Devez-vous faire quelque chose apr\u00e8s l\u2019examen?\u00a0<\/h2>\n\n\n\n<p>Vous n\u2019avez pas \u00e0 prendre de pr\u00e9caution particuli\u00e8re apr\u00e8s l\u2019examen. Mais si vous devez traverser une fronti\u00e8re dans les 7\u202fjours suivants, dites-le-nous. Les d\u00e9tecteurs de rayonnement des postes frontaliers et des a\u00e9roports sont tr\u00e8s sensibles et peuvent d\u00e9tecter les minuscules traces de radioactivit\u00e9. Nous vous donnerons une lettre que vous pourrez montrer aux agents des douanes.&nbsp;<\/p>\n\n\n\n<h2 class=\"wp-block-heading\">Que devez-vous nous dire<strong> <\/strong>avant l\u2019injection?\u00a0<\/h2>\n\n\n\n<p>Si vous \u00eates enceinte ou allaitez, assurez-vous de nous le dire d\u2019avance.&nbsp;&nbsp;<\/p>\n\n\n\n<h2 class=\"wp-block-heading\">Qu\u2019en est-il de l\u2019allaitement?\u00a0<\/h2>\n\n\n\n<p>Il faut cesser l\u2019allaitement durant les 4\u202fheures apr\u00e8s l\u2019examen et tirer et jeter votre lait. Veuillez pr\u00e9voir&nbsp; les mesures n\u00e9cessaires afin de pouvoir le faire.&nbsp;<\/p>\n\n\n\n<h2 class=\"wp-block-heading\">Comment obtiendrez-vous les r\u00e9sultats de votre examen?\u00a0<\/h2>\n\n\n\n<p>Un m\u00e9decin sp\u00e9cialiste examinera les images, puis enverra un rapport au m\u00e9decin qui a demand\u00e9 l\u2019examen. Votre m\u00e9decin devrait le recevoir moins d\u2019une semaine apr\u00e8s l\u2019examen. Vous aurez aussi acc\u00e8s au rapport dans MyChart.&nbsp;<\/p>\n\n\n\n<p>Si vous avez des questions sur les r\u00e9sultats ou le rapport d\u2019examen, veuillez communiquer directement avec votre m\u00e9decin. Il est le mieux plac\u00e9 pour interpr\u00e9ter les r\u00e9sultats pour vous.&nbsp;<\/p>\n\n\n\n<h2 class=\"wp-block-heading\">Y a-t-il des frais pour cet examen?\u00a0<\/h2>\n\n\n\n<p>Non. L\u2019examen est pay\u00e9 par le syst\u00e8me de sant\u00e9. Comme il co\u00fbte plusieurs centaines de dollars, nous vous prions de nous appeler au <strong>613-761-4831<\/strong> si vous ne pouvez pas vous pr\u00e9senter.&nbsp;<\/p>\n\n\n\n<h2 class=\"wp-block-heading\">Et si vous ne pouvez pas venir \u00e0 votre rendez-vous?\u00a0<\/h2>\n\n\n\n<p>En cas d\u2019emp\u00eachement, il est important de nous en aviser d\u00e8s que possible au <strong>613-761-4831<\/strong>. Autrement, votre absence entra\u00eene un gaspillage du mat\u00e9riel co\u00fbteux command\u00e9 sp\u00e9cialement pour vous, en plus de r\u00e9duire l\u2019acc\u00e8s des autres patients \u00e0 nos services. Un rendez-vous manqu\u00e9 peut aussi entra\u00eener un retard dans vos traitements.&nbsp;<\/p>\n\n\n\n<h2 class=\"wp-block-heading\">Indications et stationnement\u00a0<\/h2>\n\n\n\n<figure class=\"wp-block-table is-style-stripes\"><table><tbody><tr><td>Campus Civic&nbsp;&nbsp;1053, avenue Carling, 1<sup>er\u202f<\/sup>\u00e9tage&nbsp;T\u00e9l\u00e9phone\u202f: 613-761-4831 (option\u202f8)&nbsp;Ouvert du lundi au vendredi, de 8\u202fh \u00e0 16\u202fh&nbsp;Pour nous trouver\u202f: Une fois dans le Campus Civic, prenez l\u2019ascenseur C pour vous rendre au 1<sup>er<\/sup> \u00e9tage, puis suivez les panneaux de la <strong>M\u00e9decine nucl\u00e9aire<\/strong>. Vous pouvez aussi demander le chemin au bureau d\u2019information.\u202f&nbsp;<\/td><td>Campus G\u00e9n\u00e9ral&nbsp;&nbsp;501, chemin Smyth, rez-de-chauss\u00e9e&nbsp;T\u00e9l\u00e9phone\u202f: 613-761-4831 (option\u202f8)&nbsp;Ouvert du lundi au vendredi, de 7\u202fh \u00e0 16\u202fh&nbsp;Pour nous trouver\u202f: \u00c0 partir de l\u2019entr\u00e9e principale, allez vers les ascenseurs, puis suivez les panneaux de la <strong>M\u00e9decine nucl\u00e9aire<\/strong>. Vous pouvez aussi demander le chemin au bureau d\u2019information.\u202f&nbsp;<\/td><\/tr><tr><td>Utilisez le stationnement accessible depuis l\u2019avenue Carling (P7) <strong>ou<\/strong> le stationnement \u00e0 \u00e9tages (P1).&nbsp;<\/td><td>Utilisez le stationnement \u00e0 \u00e9tages \u00e0 c\u00f4t\u00e9 de l\u2019entr\u00e9e principale qui donne sur le\u202fchemin Smyth.&nbsp;<\/td><\/tr><\/tbody><\/table><\/figure>\n\n\n\n<h2 class=\"wp-block-heading\">Instructions pour le stationnement\u00a0<\/h2>\n\n\n\n<ul class=\"wp-block-list\"><li>Tous nos stationnements sont automatis\u00e9s.\u00a0<\/li><li>Gardez le billet de stationnement avec vous.\u00a0<\/li><li>\u00c0 la fin de votre visite, vous pourrez payer \u00e0 l\u2019un des guichets de paiement automatis\u00e9s (argent comptant ou carte de cr\u00e9dit) ou \u00e0 une sortie rapide dans le stationnement (carte de cr\u00e9dit). Vous avez 20\u202fminutes pour sortir du stationnement apr\u00e8s avoir pay\u00e9.\u00a0<\/li><li>Modes de paiement\u00a0<ul><li>Guichets de paiement\u202f: Argent comptant ou carte de cr\u00e9dit (Visa, MasterCard ou American Express)\u00a0<\/li><\/ul><\/li><li>Frais de stationnement\u202f: maximum de 13 $ par jour\u00a0<\/li><\/ul>\n\n\n\n<p>Visitez le site Web de L\u2019H\u00f4pital d\u2019Ottawa pour en savoir plus sur le <a href=\"https:\/\/www.ottawahospital.on.ca\/fr\/patients-et-visiteurs\/visites-a-lhopital\/\">chemin \u00e0 prendre et le stationnement<\/a>. Vous y trouverez des plans des lieux.\u00a0<\/p>\n","protected":false},"excerpt":{"rendered":"<p>Votre m\u00e9decin vous envoie passer une scintigraphie des diverticules de Meckel. Vous trouverez dans le pr\u00e9sent document des r\u00e9ponses aux questions courantes sur cet examen d\u2019imagerie.&nbsp;&nbsp; Qu\u2019est-ce qu\u2019une scintigraphie des diverticules de Meckel?\u00a0 Une scintigraphie des diverticules de Meckel est un examen d\u2019imagerie m\u00e9dicale simple et indolore r\u00e9alis\u00e9 \u00e0 l\u2019aide d\u2019un traceur radioactif pour d\u00e9celer [&hellip;]<\/p>\n","protected":false},"author":25,"featured_media":0,"parent":0,"menu_order":0,"comment_status":"closed","ping_status":"closed","template":"","meta":{"_acf_changed":false,"_mc_calendar":[],"footnotes":""},"class_list":["post-71567","page","type-page","status-publish","hentry"],"acf":[],"wps_subtitle":"","_links":{"self":[{"href":"https:\/\/www.ottawahospital.on.ca\/fr\/wp-json\/wp\/v2\/pages\/71567","targetHints":{"allow":["GET"]}}],"collection":[{"href":"https:\/\/www.ottawahospital.on.ca\/fr\/wp-json\/wp\/v2\/pages"}],"about":[{"href":"https:\/\/www.ottawahospital.on.ca\/fr\/wp-json\/wp\/v2\/types\/page"}],"author":[{"embeddable":true,"href":"https:\/\/www.ottawahospital.on.ca\/fr\/wp-json\/wp\/v2\/users\/25"}],"replies":[{"embeddable":true,"href":"https:\/\/www.ottawahospital.on.ca\/fr\/wp-json\/wp\/v2\/comments?post=71567"}],"version-history":[{"count":0,"href":"https:\/\/www.ottawahospital.on.ca\/fr\/wp-json\/wp\/v2\/pages\/71567\/revisions"}],"wp:attachment":[{"href":"https:\/\/www.ottawahospital.on.ca\/fr\/wp-json\/wp\/v2\/media?parent=71567"}],"curies":[{"name":"wp","href":"https:\/\/api.w.org\/{rel}","templated":true}]}}