{"id":71563,"date":"2022-04-19T14:12:59","date_gmt":"2022-04-19T18:12:59","guid":{"rendered":"https:\/\/www.ottawahospital.on.ca\/?page_id=71563"},"modified":"2022-04-19T14:13:02","modified_gmt":"2022-04-19T18:13:02","slug":"lymphangiogramme","status":"publish","type":"page","link":"https:\/\/www.ottawahospital.on.ca\/fr\/lymphangiogramme\/","title":{"rendered":"Lymphangiogramme"},"content":{"rendered":"\n<p class=\"intro-text1\">Votre m\u00e9decin vous envoie passer un lymphangiogramme. Voici les r\u00e9ponses \u00e0 certaines questions courantes sur cet examen d\u2019imagerie.&nbsp;<\/p>\n\n\n\n<h2 class=\"wp-block-heading\">Qu\u2019est-ce qu\u2019un lymphangiogramme?\u00a0<\/h2>\n\n\n\n<p>Le syst\u00e8me lymphatique est compos\u00e9 de vaisseaux et de n\u0153uds lymphatiques (anciennement appel\u00e9s \u00ab\u202fganglions lymphatiques\u202f\u00bb) et de la lymphe, un liquide transparent qui aide le corps \u00e0 combattre les infections. Les vaisseaux lymphatiques transportent la lymphe dans tout le corps.&nbsp;&nbsp;<\/p>\n\n\n\n<p>Un lymphangiogramme est un examen d\u2019imagerie m\u00e9dicale r\u00e9alis\u00e9 pour d\u00e9tecter la pr\u00e9sence d\u2019obstructions dans les vaisseaux lymphatiques. Une obstruction emp\u00eache le drainage de la lymphe et peut provoquer de l\u2019enflure dans les jambes et les bras. L\u2019examen d\u00e9c\u00e8lera aussi la pr\u00e9sence de fuites dans le syst\u00e8me lymphatique.&nbsp;<\/p>\n\n\n\n<h2 class=\"wp-block-heading\">En quoi consiste l\u2019examen?\u00a0<\/h2>\n\n\n\n<p>L\u2019examen comprend <strong>2 rendez-vous<\/strong> le m\u00eame jour :&nbsp;<\/p>\n\n\n\n<p>\u00c0 votre arriv\u00e9e au Service de m\u00e9decine nucl\u00e9aire pour votre premier rendez-vous, un technologue vous expliquera en d\u00e9tail le d\u00e9roulement de l\u2019examen et r\u00e9pondra \u00e0 vos questions. Il vous demandera de vous allonger sur une table d\u2019imagerie, puis vous injectera entre les orteils ou les doigts une petite quantit\u00e9 d\u2019un <strong>traceur radioactif<\/strong> \u00e0 l\u2019aide une aiguille tr\u00e8s fine. Cette substance ne cause aucun effet secondaire. Une cam\u00e9ra gamma sera positionn\u00e9e pour capter des images permettant de v\u00e9rifier le fonctionnement de votre syst\u00e8me lymphatique. La prise d\u2019images prendra <strong>une heure<\/strong>.&nbsp;&nbsp;<\/p>\n\n\n\n<p>Vous aurez ensuite un 2<sup>e<\/sup> rendez-vous, <strong>3 ou 4 heures plus tard<\/strong>, pour la prise d&rsquo;une autre s\u00e9rie d&rsquo;images.&nbsp;&nbsp;<\/p>\n\n\n\n<p>La deuxi\u00e8me s\u00e9rie d\u2019images prendra <strong>de 20 \u00e0 60 minutes<\/strong>, selon votre cas. Il faudra peut-\u00eatre prendre encore d\u2019autres images.&nbsp;<\/p>\n\n\n\n<p>Il faut donc r\u00e9server toute une journ\u00e9e pour l\u2019examen. Entre les rendez-vous, vous pouvez manger et boire ce que vous voulez et sortir du Service de m\u00e9decine nucl\u00e9aire.&nbsp;<\/p>\n\n\n\n<h2 class=\"wp-block-heading\">Devez-vous vous pr\u00e9parer pour l\u2019examen?\u00a0<\/h2>\n\n\n\n<ul class=\"wp-block-list\"><li>Apportez votre carte d\u2019assurance-sant\u00e9.\u00a0<\/li><li>Vous n\u2019avez pas \u00e0 vous pr\u00e9parer pour cet examen. Le jour de l\u2019examen, vous pourrez manger, boire et prendre vos m\u00e9dicaments comme vous le feriez normalement.\u00a0\u00a0<\/li><li>Nous vous prions de porter des v\u00eatements qui ne contiennent pas de m\u00e9tal. Veuillez ne porter aucun bijou. Laissez tout objet de valeur \u00e0 la maison.\u00a0<\/li><li>Comme vous devrez peut-\u00eatre attendre quelques heures entre la prise de la premi\u00e8re et de la deuxi\u00e8me s\u00e9rie d\u2019images, c\u2019est une bonne id\u00e9e de vous apporter de la lecture. Vous aurez acc\u00e8s sans frais \u00e0 un r\u00e9seau sans fil (Wi-Fi).\u00a0<\/li><li>Lorsque vous prendrez rendez-vous, veuillez signaler tout besoin particulier (p. ex. claustrophobie, difficult\u00e9 \u00e0 rester immobile, l\u00e8ve-personne pour monter sur la table d\u2019imagerie, barri\u00e8re linguistique). Ainsi, nous prendrons les mesures n\u00e9cessaires pour vous offrir les meilleurs soins possible.\u00a0<\/li><\/ul>\n\n\n\n<h2 class=\"wp-block-heading\">Est-ce que \u00e7a fera mal?\u00a0<\/h2>\n\n\n\n<p>L\u2019insertion de l\u2019aiguille pourrait causer une petite douleur. Vous pourrez aussi \u00e9prouver une sensation de br\u00fblure pendant l\u2019injection du traceur. C\u2019est normal et la sensation dispara\u00eet normalement rapidement.&nbsp;<\/p>\n\n\n\n<h2 class=\"wp-block-heading\">Le traceur radioactif est-il dangereux?\u00a0<\/h2>\n\n\n\n<p>L\u2019injection contient une petite quantit\u00e9 d\u2019une substance radioactive qui \u00e9met des rayons gamma (semblables aux rayons X). La dose de rayonnement est tr\u00e8s faible et dispara\u00eetra d\u2019elle-m\u00eame apr\u00e8s 2 jours. Les r\u00e9sultats de votre examen fourniront de l\u2019information sur votre \u00e9tat de sant\u00e9 qui permettra \u00e0 votre m\u00e9decin de planifier votre traitement. Les avantages de l\u2019examen l\u2019emportent nettement sur les risques possibles d\u2019une faible dose de rayonnement.\u202f&nbsp;<\/p>\n\n\n\n<h2 class=\"wp-block-heading\">Devez-vous faire quelque chose apr\u00e8s le rendez-vous?\u00a0<\/h2>\n\n\n\n<p>Vous n\u2019avez pas \u00e0 prendre de pr\u00e9caution particuli\u00e8re apr\u00e8s le rendez-vous. Mais si vous devez traverser une fronti\u00e8re dans les 7\u202fjours suivants, dites-le-nous. Les d\u00e9tecteurs de radiation aux postes frontaliers et dans les a\u00e9roports sont tr\u00e8s sensibles et peuvent d\u00e9celer de minuscules quantit\u00e9s de radioactivit\u00e9. Nous vous donnerons une lettre que vous pourrez pr\u00e9senter aux agents des douanes.&nbsp;<\/p>\n\n\n\n<h2 class=\"wp-block-heading\">Que devez-vous nous dire avant l\u2019injection?\u00a0<\/h2>\n\n\n\n<p>Si vous \u00eates enceinte ou que vous allaitez, assurez-vous de nous le dire d\u2019avance.&nbsp;&nbsp;<\/p>\n\n\n\n<p>Page Break<strong><\/strong>&nbsp;<\/p>\n\n\n\n<h2 class=\"wp-block-heading\">Qu\u2019en est-il de l\u2019allaitement?\u00a0<\/h2>\n\n\n\n<p>Il faut cesser l\u2019allaitement 4\u202fheures apr\u00e8s l\u2019examen et pendant cette p\u00e9riode, tirer et jeter votre lait. Veuillez pr\u00e9voir les mesures n\u00e9cessaires afin de pouvoir le faire.&nbsp;<\/p>\n\n\n\n<h2 class=\"wp-block-heading\">Comment obtiendrez-vous les r\u00e9sultats de votre examen?\u00a0<\/h2>\n\n\n\n<p>Un m\u00e9decin sp\u00e9cialiste examinera les images, puis enverra un rapport au m\u00e9decin qui a demand\u00e9 l\u2019examen. Votre m\u00e9decin devrait le recevoir moins d\u2019une semaine apr\u00e8s l\u2019examen. Vous aurez aussi acc\u00e8s au rapport dans MyChart.&nbsp;<\/p>\n\n\n\n<p>Si vous avez des questions sur les r\u00e9sultats ou le rapport d\u2019examen, veuillez communiquer directement avec votre m\u00e9decin. Il sera le mieux plac\u00e9 pour vous expliquer les r\u00e9sultats.&nbsp;<\/p>\n\n\n\n<h2 class=\"wp-block-heading\">Y a-t-il des frais pour cet examen?\u00a0<\/h2>\n\n\n\n<p>Non. L\u2019examen est pay\u00e9 par le syst\u00e8me de sant\u00e9. Comme il co\u00fbte plusieurs centaines de dollars, nous vous prions de nous appeler au <strong>613-761-4831<\/strong> si vous ne pouvez pas vous pr\u00e9senter.&nbsp;<\/p>\n\n\n\n<h2 class=\"wp-block-heading\">Et si vous ne pouvez pas venir \u00e0 votre rendez-vous?\u00a0<\/h2>\n\n\n\n<p>En cas d\u2019emp\u00eachement, il est important de nous en aviser d\u00e8s que possible au <strong>613 761-4831<\/strong>. Autrement, votre absence entra\u00eene un gaspillage du mat\u00e9riel co\u00fbteux command\u00e9 sp\u00e9cialement pour vous, en plus de r\u00e9duire l\u2019acc\u00e8s \u00e0 nos services pour d\u2019autres patients. Un rendez-vous manqu\u00e9 peut aussi entra\u00eener un retard dans vos traitements.&nbsp;<\/p>\n\n\n\n<h2 class=\"wp-block-heading\">Indications et stationnement\u00a0<\/h2>\n\n\n\n<figure class=\"wp-block-table is-style-stripes\"><table><tbody><tr><td>Campus Civic&nbsp;&nbsp;1053, avenue Carling, 1<sup>er\u202f<\/sup>\u00e9tage&nbsp;T\u00e9l\u00e9phone\u202f: 613-761-4831 (option\u202f8)&nbsp;Ouvert du lundi au vendredi, de 8\u202fh \u00e0 16\u202fh&nbsp;Pour nous trouver\u202f: Une fois dans le Campus Civic, prenez l\u2019ascenseur C pour vous rendre au 1<sup>er<\/sup> \u00e9tage, puis suivez les panneaux de la <strong>M\u00e9decine nucl\u00e9aire<\/strong>. Vous pouvez aussi demander le chemin au bureau d\u2019information.\u202f&nbsp;<\/td><td>Campus G\u00e9n\u00e9ral&nbsp;&nbsp;501, chemin Smyth, rez-de-chauss\u00e9e&nbsp;T\u00e9l\u00e9phone\u202f: 613-761-4831 (option\u202f8)&nbsp;Ouvert du lundi au vendredi, de 7\u202fh \u00e0 16\u202fh&nbsp;Pour nous trouver\u202f: \u00c0 partir de l\u2019entr\u00e9e principale, allez vers les ascenseurs, puis suivez les panneaux de la <strong>M\u00e9decine nucl\u00e9aire<\/strong>. Vous pouvez aussi demander le chemin au bureau d\u2019information.\u202f&nbsp;<\/td><\/tr><tr><td>Utilisez le stationnement accessible depuis l\u2019avenue Carling (P7) <strong>ou<\/strong> le stationnement \u00e0 \u00e9tages (P1).&nbsp;<\/td><td>Utilisez le stationnement \u00e0 \u00e9tages \u00e0 c\u00f4t\u00e9 de l\u2019entr\u00e9e principale qui donne sur le\u202fchemin Smyth.&nbsp;<\/td><\/tr><\/tbody><\/table><\/figure>\n\n\n\n<h3 class=\"wp-block-heading\">Instructions pour le stationnement\u00a0<\/h3>\n\n\n\n<ul class=\"wp-block-list\"><li>Tous nos stationnements sont automatis\u00e9s.\u00a0<\/li><li>Gardez le billet de stationnement avec vous.\u00a0<\/li><li>\u00c0 la fin de votre visite, vous pourrez payer \u00e0 l\u2019un des guichets de paiement automatis\u00e9s (argent comptant ou carte de cr\u00e9dit) ou \u00e0 une sortie rapide dans le stationnement (carte de cr\u00e9dit). Vous avez 20\u202fminutes pour sortir du stationnement apr\u00e8s avoir pay\u00e9.\u00a0<\/li><li>Modes de paiement\u00a0<ul><li>Guichets de paiement\u202f: Argent comptant ou carte de cr\u00e9dit (Visa, MasterCard ou American Express)\u00a0<\/li><\/ul><\/li><li>Frais de stationnement\u202f: maximum de 13 $ par jour\u00a0<\/li><\/ul>\n\n\n\n<p>Visitez le site Web de L\u2019H\u00f4pital d\u2019Ottawa pour en savoir plus sur le <a href=\"https:\/\/www.ottawahospital.on.ca\/fr\/patients-et-visiteurs\/visites-a-lhopital\/\">chemin \u00e0 prendre et le stationnement<\/a>. Vous y trouverez des plans des lieux.\u00a0<\/p>\n","protected":false},"excerpt":{"rendered":"<p>Votre m\u00e9decin vous envoie passer un lymphangiogramme. Voici les r\u00e9ponses \u00e0 certaines questions courantes sur cet examen d\u2019imagerie.&nbsp; Qu\u2019est-ce qu\u2019un lymphangiogramme?\u00a0 Le syst\u00e8me lymphatique est compos\u00e9 de vaisseaux et de n\u0153uds lymphatiques (anciennement appel\u00e9s \u00ab\u202fganglions lymphatiques\u202f\u00bb) et de la lymphe, un liquide transparent qui aide le corps \u00e0 combattre les infections. Les vaisseaux lymphatiques transportent [&hellip;]<\/p>\n","protected":false},"author":25,"featured_media":0,"parent":0,"menu_order":0,"comment_status":"closed","ping_status":"closed","template":"","meta":{"_acf_changed":false,"_mc_calendar":[],"footnotes":""},"class_list":["post-71563","page","type-page","status-publish","hentry"],"acf":[],"wps_subtitle":"","_links":{"self":[{"href":"https:\/\/www.ottawahospital.on.ca\/fr\/wp-json\/wp\/v2\/pages\/71563","targetHints":{"allow":["GET"]}}],"collection":[{"href":"https:\/\/www.ottawahospital.on.ca\/fr\/wp-json\/wp\/v2\/pages"}],"about":[{"href":"https:\/\/www.ottawahospital.on.ca\/fr\/wp-json\/wp\/v2\/types\/page"}],"author":[{"embeddable":true,"href":"https:\/\/www.ottawahospital.on.ca\/fr\/wp-json\/wp\/v2\/users\/25"}],"replies":[{"embeddable":true,"href":"https:\/\/www.ottawahospital.on.ca\/fr\/wp-json\/wp\/v2\/comments?post=71563"}],"version-history":[{"count":0,"href":"https:\/\/www.ottawahospital.on.ca\/fr\/wp-json\/wp\/v2\/pages\/71563\/revisions"}],"wp:attachment":[{"href":"https:\/\/www.ottawahospital.on.ca\/fr\/wp-json\/wp\/v2\/media?parent=71563"}],"curies":[{"name":"wp","href":"https:\/\/api.w.org\/{rel}","templated":true}]}}