{"id":71546,"date":"2022-04-19T12:16:12","date_gmt":"2022-04-19T16:16:12","guid":{"rendered":"https:\/\/www.ottawahospital.on.ca\/?page_id=71546"},"modified":"2022-04-19T12:16:15","modified_gmt":"2022-04-19T16:16:15","slug":"scintigraphie-de-la-vesicule-biliaire","status":"publish","type":"page","link":"https:\/\/www.ottawahospital.on.ca\/fr\/scintigraphie-de-la-vesicule-biliaire\/","title":{"rendered":"Scintigraphie de la v\u00e9sicule biliaire"},"content":{"rendered":"\n<p class=\"intro-text1\">Votre m\u00e9decin vous envoie passer une scintigraphie h\u00e9patobiliaire. Ce guide r\u00e9pondra \u00e0 certaines de vos questions.&nbsp;<\/p>\n\n\n\n<h2 class=\"wp-block-heading\">Qu\u2019est-ce qu\u2019une scintigraphie de la v\u00e9sicule biliaire?\u00a0<\/h2>\n\n\n\n<p>Il s\u2019agit d\u2019un examen d\u2019imagerie simple et indolore servant \u00e0 produire des images de votre abdomen \u00e0 l\u2019aide d\u2019un traceur radioactif. Les images permettront \u00e0 votre m\u00e9decin d\u2019\u00e9valuer le fonctionnement de votre v\u00e9sicule biliaire.&nbsp;<\/p>\n\n\n\n<h2 class=\"wp-block-heading\">En quoi consiste cet examen?\u00a0<\/h2>\n\n\n\n<p>\u00c0 votre arriv\u00e9e au Service de m\u00e9decine nucl\u00e9aire, un technologue vous expliquera en d\u00e9tail le d\u00e9roulement de l\u2019examen et r\u00e9pondra \u00e0 vos questions. Vous devrez retirer tout objet m\u00e9tallique que vous portez, y compris les bijoux. Vous devrez peut-\u00eatre aussi mettre une chemise d\u2019h\u00f4pital. On vous demandera de vous allonger sur une table d\u2019imagerie et une cam\u00e9ra gamma sera plac\u00e9e au-dessus de votre abdomen. Ensuite, le technologue injectera un <strong>traceur radioactif<\/strong> (appel\u00e9 dans une veine de votre bras. Ce produit ne cause aucun effet secondaire connu. Le technologue prendra une s\u00e9rie d\u2019images de votre abdomen pour v\u00e9rifier l\u2019accumulation du traceur radioactif dans la v\u00e9sicule biliaire. L\u2019examen dure environ <strong>une heure.<\/strong>&nbsp;<\/p>\n\n\n\n<p>Un m\u00e9decin sp\u00e9cialis\u00e9 en m\u00e9decine nucl\u00e9aire examinera cette premi\u00e8re s\u00e9rie d\u2019images afin de d\u00e9terminer si elles sont suffisantes.&nbsp; L\u2019examen se termine donc \u00e0 cette \u00e9tape pour certains patients.&nbsp;&nbsp;<\/p>\n\n\n\n<p>Pour d\u2019autres patients, il faudra prendre des images additionnelles pour \u00e9valuer la capacit\u00e9 de remplissage de la v\u00e9sicule biliaire. Certains patients recevront une injection de morphine pour stimuler l\u2019accumulation du traceur radioactif dans la v\u00e9sicule biliaire. Si vous \u00eates allergique \u00e0 la morphine, on attendra 2 ou 3 heures que le traceur s\u2019accumule naturellement dans la v\u00e9sicule avant de prendre les nouvelles images.&nbsp;<\/p>\n\n\n\n<p>Le m\u00e9decin pourrait aussi demander d\u2019autres images pour \u00e9valuer la capacit\u00e9 de contraction de la v\u00e9sicule biliaire. Le technologue vous injectera alors une forme synth\u00e9tique de l\u2019hormone CCK (que le corps produit quand on mange) avant de capter des images. Ce type d\u2019examen prendra <strong>une heure<\/strong>.&nbsp;<\/p>\n\n\n\n<p>Pour obtenir les images additionnelles, on vous administrera de la morphine ou l\u2019hormone CCK synth\u00e9tique, mais pas les deux. L\u2019examen complet prend environ <strong>2,5 ou 3 heures.<\/strong>&nbsp;<\/p>\n\n\n\n<p>Page Break<strong><\/strong>&nbsp;<\/p>\n\n\n\n<h2 class=\"wp-block-heading\">Que devez-vous faire avant l\u2019examen?\u00a0<\/h2>\n\n\n\n<ul class=\"wp-block-list\"><li>Apportez votre carte d\u2019assurance-sant\u00e9.&nbsp;<\/li><li>Vous devez arr\u00eater de manger pour une dur\u00e9e <strong>entre 4 et 14 heures<\/strong> avant l\u2019examen. Le jour de l\u2019examen, vous pouvez prendre vos m\u00e9dicaments comme vous le feriez normalement.&nbsp;&nbsp;<\/li><li>Nous vous prions de porter des v\u00eatements qui ne contiennent pas de m\u00e9tal. Veuillez ne porter aucun bijou. Laissez tout objet de valeur \u00e0 la maison.&nbsp;<\/li><\/ul>\n\n\n\n<ul class=\"wp-block-list\"><li>Lorsque vous prendrez rendez-vous, veuillez nous informer de tout besoin particulier (p. ex. claustrophobie, difficult\u00e9 \u00e0 rester immobile, l\u00e8ve-personne pour monter sur la table d\u2019imagerie, barri\u00e8re linguistique). Ainsi, nous prendrons les mesures n\u00e9cessaires pour vous offrir les meilleurs soins possible.&nbsp;<\/li><li>Si on doit vous administrer de la morphine, vous ne pourrez pas conduire pour retourner \u00e0 la maison. Assurez-vous de vous faire conduire par une autre personne avant et apr\u00e8s l\u2019examen.&nbsp;<\/li><\/ul>\n\n\n\n<h2 class=\"wp-block-heading\">Est-ce que \u00e7a fera mal?\u00a0<\/h2>\n\n\n\n<p>La piq\u00fbre de l\u2019injection pourrait \u00eatre l\u00e9g\u00e8rement douloureuse. La sensation est similaire \u00e0 celle d\u2019une prise de sang.&nbsp;<\/p>\n\n\n\n<p>Si vous avez eu des douleurs r\u00e9centes \u00e0 l\u2019abdomen, l\u2019examen pourrait les faire revenir. Le technologue sera l\u00e0 durant tout l\u2019examen pour veiller \u00e0 votre bien-\u00eatre.&nbsp;<\/p>\n\n\n\n<h2 class=\"wp-block-heading\">Le traceur radioactif est-il dangereux?\u00a0<\/h2>\n\n\n\n<p>L\u2019injection contient une petite quantit\u00e9 d\u2019un traceur radioactif qui \u00e9met des rayons gamma (semblables aux rayons X). La dose de rayonnement est tr\u00e8s faible et sera \u00e9vacu\u00e9e dans votre urine dans 2 jours. Les r\u00e9sultats de votre examen fourniront de l\u2019information utile sur votre \u00e9tat de sant\u00e9 \u00e0 votre m\u00e9decin et l\u2019aideront \u00e0 planifier votre traitement. Les avantages de la scintigraphie l\u2019emportent nettement sur les risques possibles d\u2019une petite dose de rayonnement.\u202f&nbsp;<\/p>\n\n\n\n<h2 class=\"wp-block-heading\">Devez-vous faire quelque chose apr\u00e8s l\u2019examen?\u00a0<\/h2>\n\n\n\n<p>Non, vous n\u2019avez pas \u00e0 prendre de pr\u00e9caution particuli\u00e8re apr\u00e8s l\u2019examen. Mais si vous devez traverser une fronti\u00e8re dans les 7\u202fjours suivants, dites-le-nous. Les d\u00e9tecteurs de radiation aux postes frontaliers et dans les a\u00e9roports sont tr\u00e8s sensibles et peuvent d\u00e9tecter les minuscules traces de radioactivit\u00e9. Nous vous donnerons une lettre que vous pourrez montrer aux agents des douanes.&nbsp;<\/p>\n\n\n\n<p>Rappelez-vous que si vous recevez de la morphine (ce que vous ne saurez pas d\u2019avance), vous ne pourrez pas conduire. Prenez des dispositions \u00e0 l\u2019avance pour votre transport.&nbsp;<\/p>\n\n\n\n<h2 class=\"wp-block-heading\">Que devez-vous nous dire avant l\u2019injection?\u00a0<\/h2>\n\n\n\n<p>Si vous \u00eates enceinte ou allaitez, assurez-vous de nous le dire d\u2019avance.&nbsp;&nbsp;<\/p>\n\n\n\n<h2 class=\"wp-block-heading\">Qu\u2019en est-il de l\u2019allaitement?\u00a0<\/h2>\n\n\n\n<p>Il faut cesser l\u2019allaitement 4\u202fheures apr\u00e8s l\u2019examen et pendant cette p\u00e9riode, tirer et jeter votre lait. Veuillez pr\u00e9voir&nbsp; les mesures n\u00e9cessaires afin de pouvoir le faire.&nbsp;<\/p>\n\n\n\n<h2 class=\"wp-block-heading\">Comment obtiendrez-vous les r\u00e9sultats de votre examen?\u00a0<\/h2>\n\n\n\n<p>Un m\u00e9decin sp\u00e9cialiste examinera les images, puis enverra un rapport au m\u00e9decin qui a demand\u00e9 la scintigraphie. Votre m\u00e9decin devrait le recevoir dans la semaine apr\u00e8s l\u2019examen. Vous aurez acc\u00e8s au rapport dans MyChart d\u00e8s qu\u2019il sera disponible.&nbsp;<\/p>\n\n\n\n<p>Si vous avez des questions sur les r\u00e9sultats ou le rapport d\u2019examen, veuillez communiquer directement avec votre m\u00e9decin. Il est le mieux plac\u00e9 pour interpr\u00e9ter les r\u00e9sultats pour vous.&nbsp;<\/p>\n\n\n\n<h2 class=\"wp-block-heading\">Y a-t-il des frais pour cet examen?\u00a0<\/h2>\n\n\n\n<p>Non. L\u2019examen est pay\u00e9 par le syst\u00e8me de sant\u00e9. Comme il nous en co\u00fbte plusieurs centaines de dollars, nous vous prions de nous appeler au <strong>613\u202f761-4831<\/strong> si vous ne pouvez pas vous pr\u00e9senter.&nbsp;<\/p>\n\n\n\n<h2 class=\"wp-block-heading\">Et si vous ne pouvez pas venir \u00e0 votre rendez-vous?\u00a0<\/h2>\n\n\n\n<p>En cas d\u2019emp\u00eachement, il est important de nous en aviser d\u00e8s que possible au <strong>613 761-4831<\/strong>. Autrement, votre absence entra\u00eene un gaspillage du mat\u00e9riel co\u00fbteux command\u00e9 sp\u00e9cialement pour vous, en plus de r\u00e9duire l\u2019acc\u00e8s des autres patients \u00e0 nos services. Un rendez-vous manqu\u00e9 peut aussi entra\u00eener un retard dans vos traitements.&nbsp;<\/p>\n\n\n\n<h2 class=\"wp-block-heading\">Indications et stationnement\u00a0<\/h2>\n\n\n\n<figure class=\"wp-block-table is-style-stripes\"><table><tbody><tr><td>Campus Civic&nbsp;&nbsp;1053, avenue Carling, 1<sup>er\u202f<\/sup>\u00e9tage&nbsp;T\u00e9l\u00e9phone\u202f: 613-761-4831 (option\u202f8)&nbsp;Ouvert du lundi au vendredi, de 8\u202fh \u00e0 16\u202fh&nbsp;Pour nous trouver\u202f: Une fois dans le Campus Civic, prenez l\u2019ascenseur C pour vous rendre au 1<sup>er<\/sup> \u00e9tage, puis suivez les panneaux de la <strong>M\u00e9decine nucl\u00e9aire<\/strong>. Vous pouvez aussi demander le chemin au bureau d\u2019information.\u202f&nbsp;<\/td><td>Campus G\u00e9n\u00e9ral&nbsp;&nbsp;501, chemin Smyth, rez-de-chauss\u00e9e&nbsp;T\u00e9l\u00e9phone\u202f: 613-761-4831 (option\u202f8)&nbsp;Ouvert du lundi au vendredi, de 7\u202fh \u00e0 16\u202fh&nbsp;Pour nous trouver\u202f: \u00c0 partir de l\u2019entr\u00e9e principale, allez vers les ascenseurs, puis suivez les panneaux de la <strong>M\u00e9decine nucl\u00e9aire<\/strong>. Vous pouvez aussi demander le chemin au bureau d\u2019information.\u202f&nbsp;<\/td><\/tr><tr><td>Utilisez le stationnement accessible depuis l\u2019avenue Carling (P7) <strong>ou<\/strong> le stationnement \u00e0 \u00e9tages (P1).&nbsp;<\/td><td>Utilisez le stationnement \u00e0 \u00e9tages \u00e0 c\u00f4t\u00e9 de l\u2019entr\u00e9e principale qui donne sur le\u202fchemin Smyth.&nbsp;<\/td><\/tr><tr><td>Campus Civic&nbsp;&nbsp;1053, avenue Carling, 1<sup>er\u202f<\/sup>\u00e9tage&nbsp;T\u00e9l\u00e9phone\u202f: 613-761-4831 (option\u202f8)&nbsp;Ouvert du lundi au vendredi, de 8\u202fh \u00e0 16\u202fh&nbsp;Pour nous trouver\u202f: Une fois dans le Campus Civic, prenez l\u2019ascenseur C pour vous rendre au 1<sup>er<\/sup> \u00e9tage, puis suivez les panneaux de la <strong>M\u00e9decine nucl\u00e9aire<\/strong>. Vous pouvez aussi demander le chemin au bureau d\u2019information.\u202f&nbsp;<\/td><td>Campus G\u00e9n\u00e9ral&nbsp;&nbsp;501, chemin Smyth, rez-de-chauss\u00e9e&nbsp;T\u00e9l\u00e9phone\u202f: 613-761-4831 (option\u202f8)&nbsp;Ouvert du lundi au vendredi, de 7\u202fh \u00e0 16\u202fh&nbsp;Pour nous trouver\u202f: \u00c0 partir de l\u2019entr\u00e9e principale, allez vers les ascenseurs, puis suivez les panneaux de la <strong>M\u00e9decine nucl\u00e9aire<\/strong>. Vous pouvez aussi demander le chemin au bureau d\u2019information.\u202f&nbsp;<\/td><\/tr><tr><td>Utilisez le stationnement accessible depuis l\u2019avenue Carling (P7) <strong>ou<\/strong> le stationnement \u00e0 \u00e9tages (P1).&nbsp;<\/td><td>Utilisez le stationnement \u00e0 \u00e9tages \u00e0 c\u00f4t\u00e9 de l\u2019entr\u00e9e principale qui donne sur le\u202fchemin Smyth.&nbsp;<\/td><\/tr><\/tbody><\/table><\/figure>\n\n\n\n<h3 class=\"wp-block-heading\">Instructions pour le stationnement&nbsp;<\/h3>\n\n\n\n<ul class=\"wp-block-list\"><li>Tous nos stationnements sont automatis\u00e9s.\u00a0\u00a0<\/li><li>Gardez le billet de stationnement sur vous.\u00a0\u00a0<\/li><li>\u00c0 la fin de votre visite, vous pourrez payer \u00e0 l\u2019un des guichets de paiement automatis\u00e9s (argent comptant ou carte de cr\u00e9dit) ou \u00e0 une sortie rapide dans le stationnement (carte de cr\u00e9dit). Vous avez 20\u202fminutes pour sortir du stationnement apr\u00e8s avoir pay\u00e9.\u00a0<\/li><li>Modes de paiement\u00a0<ul><li>Guichets de paiement\u202f: Argent comptant ou carte de cr\u00e9dit (Visa, MasterCard ou American Express)\u00a0<\/li><\/ul><\/li><li>Frais de stationnement\u202f: maximum de 13 $ par jour\u00a0<\/li><\/ul>\n\n\n\n<p>Visitez le site Web de L\u2019H\u00f4pital d\u2019Ottawa pour en savoir plus sur le <a href=\"https:\/\/www.ottawahospital.on.ca\/fr\/patients-et-visiteurs\/visites-a-lhopital\/\">chemin \u00e0 prendre et le stationnement<\/a>. Vous y trouverez des plans des lieux.\u00a0<\/p>\n","protected":false},"excerpt":{"rendered":"<p>Votre m\u00e9decin vous envoie passer une scintigraphie h\u00e9patobiliaire. Ce guide r\u00e9pondra \u00e0 certaines de vos questions.&nbsp; Qu\u2019est-ce qu\u2019une scintigraphie de la v\u00e9sicule biliaire?\u00a0 Il s\u2019agit d\u2019un examen d\u2019imagerie simple et indolore servant \u00e0 produire des images de votre abdomen \u00e0 l\u2019aide d\u2019un traceur radioactif. Les images permettront \u00e0 votre m\u00e9decin d\u2019\u00e9valuer le fonctionnement de votre [&hellip;]<\/p>\n","protected":false},"author":25,"featured_media":0,"parent":0,"menu_order":0,"comment_status":"closed","ping_status":"closed","template":"","meta":{"_acf_changed":false,"_mc_calendar":[],"footnotes":""},"class_list":["post-71546","page","type-page","status-publish","hentry"],"acf":[],"wps_subtitle":"","_links":{"self":[{"href":"https:\/\/www.ottawahospital.on.ca\/fr\/wp-json\/wp\/v2\/pages\/71546","targetHints":{"allow":["GET"]}}],"collection":[{"href":"https:\/\/www.ottawahospital.on.ca\/fr\/wp-json\/wp\/v2\/pages"}],"about":[{"href":"https:\/\/www.ottawahospital.on.ca\/fr\/wp-json\/wp\/v2\/types\/page"}],"author":[{"embeddable":true,"href":"https:\/\/www.ottawahospital.on.ca\/fr\/wp-json\/wp\/v2\/users\/25"}],"replies":[{"embeddable":true,"href":"https:\/\/www.ottawahospital.on.ca\/fr\/wp-json\/wp\/v2\/comments?post=71546"}],"version-history":[{"count":0,"href":"https:\/\/www.ottawahospital.on.ca\/fr\/wp-json\/wp\/v2\/pages\/71546\/revisions"}],"wp:attachment":[{"href":"https:\/\/www.ottawahospital.on.ca\/fr\/wp-json\/wp\/v2\/media?parent=71546"}],"curies":[{"name":"wp","href":"https:\/\/api.w.org\/{rel}","templated":true}]}}