{"id":71457,"date":"2022-04-13T14:48:27","date_gmt":"2022-04-13T18:48:27","guid":{"rendered":"https:\/\/www.ottawahospital.on.ca\/?page_id=71457"},"modified":"2023-06-07T13:15:50","modified_gmt":"2023-06-07T17:15:50","slug":"centres-de-depistage-devaluation-et-de-traitement-de-la-covid-19","status":"publish","type":"page","link":"https:\/\/www.ottawahospital.on.ca\/fr\/covid-19\/centres-de-depistage-devaluation-et-de-traitement-de-la-covid-19\/","title":{"rendered":"Centres de d\u00e9pistage, d\u2019\u00e9valuation et de traitement de la COVID-19"},"content":{"rendered":"<p class=\"intro-text1\">L\u2019H\u00f4pital d\u2019Ottawa a pris de nouvelles mesures pour fournir aux patients touch\u00e9s par la COVID-19 des services de d\u00e9pistage, d\u2019\u00e9valuation et de traitement ad\u00e9quats.<\/p>\n<p>Afin de g\u00e9rer la COVID-19 \u00e0 long terme, de prot\u00e9ger les personnes les plus vuln\u00e9rables et de pr\u00e9server la capacit\u00e9 des h\u00f4pitaux, le gouvernement de l\u2019Ontario a r\u00e9cemment fait les <a href=\"https:\/\/news.ontario.ca\/fr\/release\/1002011\/lontario-elargit-lacces-aux-traitements-antiviraux-contre-la-covid-19\">annonces<\/a> suivantes\u00a0:<\/p>\n<ul>\n<li>\u00c9largissement de l\u2019admissibilit\u00e9 aux <a href=\"https:\/\/covid-19.ontario.ca\/fr\/traitement-antiviral-contre-la-covid-19\">traitements antiviraux contre la COVID-19<\/a> et augmentation de l\u2019acc\u00e8s aux tests PCR pour les personnes \u00e0 haut risque, en vigueur imm\u00e9diatement.<\/li>\n<li>\u00c9largissement de l\u2019acc\u00e8s aux antiviraux pour les personnes admissibles en augmentant les lieux de d\u00e9livrance pour inclure les pharmacies participantes de la province, en vigueur le 12\u00a0avril. <a href=\"https:\/\/news.ontario.ca\/fr\/release\/1002011\/lontario-elargit-lacces-aux-traitements-antiviraux-contre-la-covid-19\">En savoir plus<\/a>.<\/li>\n<\/ul>\n<p>Toute personne qui pr\u00e9sente l\u2019un des sympt\u00f4mes suivants doit plut\u00f4t composer imm\u00e9diatement le 9-1-1 ou aller \u00e0 l\u2019Urgence la plus proche :<\/p>\n<ul>\n<li>difficult\u00e9s respiratoires graves (chaque respiration exige un effort, capacit\u00e9 de prononcer un seul mot \u00e0 la fois)<\/li>\n<li>douleur intense \u00e0 la poitrine (sensation constante d\u2019\u00e9crasement)<\/li>\n<li>Perte de connaissance<\/li>\n<li>confusion ou incertitude quant au lieu o\u00f9 on se trouve.<\/li>\n<\/ul>\n<h2><span data-contrast=\"none\">\u00c9valuation<\/span><span data-ccp-props=\"{&quot;134233117&quot;:true,&quot;134233118&quot;:true,&quot;201341983&quot;:0,&quot;335559739&quot;:160,&quot;335559740&quot;:240}\">\u00a0<\/span><\/h2>\n<p><span data-contrast=\"none\">Important\u202f: Le Centre d\u2019\u00e9valuation de L\u2019H\u00f4pital\u202fd\u2019Ottawa est d\u00e9sormais ferm\u00e9.<\/span><span data-ccp-props=\"{&quot;201341983&quot;:0,&quot;335559739&quot;:150,&quot;335559740&quot;:240}\">\u00a0<\/span><\/p>\n<h2>Traitement<\/h2>\n<p><span data-contrast=\"none\">\u00c0 compter du 24\u202favril, seuls les Services de soutien \u00e0 domicile et en milieu communautaire acceptent les demandes de consultation pour des traitements par perfusion. Le formulaire \u00e0 la disposition de tous les m\u00e9decins peut \u00eatre t\u00e9l\u00e9copi\u00e9 au 613\u00a0745-6984 ou au 1\u00a0855\u00a0450-8569.<\/span><\/p>\n<p><span data-contrast=\"none\">Pour y \u00eatre admissible, une personne doit pr\u00e9senter un risque accru de maladie grave, \u00eatre non vaccin\u00e9e, \u00eatre immunod\u00e9prim\u00e9e ou avoir des troubles m\u00e9dicaux sous-jacents. Veuillez demander une \u00e9valuation de votre admissibilit\u00e9 \u00e0 votre fournisseur de soins.<\/span><span data-ccp-props=\"{&quot;134233117&quot;:false,&quot;134233118&quot;:false,&quot;201341983&quot;:0,&quot;335559738&quot;:0,&quot;335559739&quot;:150,&quot;335559740&quot;:240}\">\u00a0<\/span><\/p>\n<p><span data-contrast=\"none\">Il est obligatoire d\u2019obtenir la recommandation d\u2019un m\u00e9decin.<\/span><span data-ccp-props=\"{&quot;134233117&quot;:false,&quot;134233118&quot;:false,&quot;201341983&quot;:0,&quot;335559738&quot;:0,&quot;335559739&quot;:150,&quot;335559740&quot;:240}\">\u00a0<\/span><\/p>\n<p><b><span data-contrast=\"none\">Il est important de noter qu\u2019un examen de la s\u00e9curit\u00e9 du m\u00e9dicament est requis avant de fournir tout traitement. La p\u00e9riode d\u2019examen peut prendre jusqu\u2019\u00e0 deux jours.\u202f<\/span><\/b><span data-contrast=\"none\">Si le patient r\u00e9pond au crit\u00e8re d\u2019admissibilit\u00e9 de la table consultative scientifique de l\u2019Ontario pour le traitement des patients \u00e0 risque \u00e9lev\u00e9, le m\u00e9dicament lui sera fourni (livr\u00e9 \u00e0 son domicile par messagerie) et son m\u00e9decin traitant en sera inform\u00e9.<\/span><\/p>\n\n\n<p><\/p>\n\n\n\n<p><\/p>\n\n\n\n<p><\/p>\n","protected":false},"excerpt":{"rendered":"<p>L\u2019H\u00f4pital d\u2019Ottawa a pris de nouvelles mesures pour fournir aux patients touch\u00e9s par la COVID-19 des services de d\u00e9pistage, d\u2019\u00e9valuation et de traitement ad\u00e9quats. Afin de g\u00e9rer la COVID-19 \u00e0 long terme, de prot\u00e9ger les personnes les plus vuln\u00e9rables et de pr\u00e9server la capacit\u00e9 des h\u00f4pitaux, le gouvernement de l\u2019Ontario a r\u00e9cemment fait les annonces [&hellip;]<\/p>\n","protected":false},"author":25,"featured_media":0,"parent":51455,"menu_order":2,"comment_status":"closed","ping_status":"closed","template":"","meta":{"_acf_changed":false,"_mc_calendar":[],"footnotes":""},"class_list":["post-71457","page","type-page","status-publish","hentry"],"acf":[],"wps_subtitle":"","_links":{"self":[{"href":"https:\/\/www.ottawahospital.on.ca\/fr\/wp-json\/wp\/v2\/pages\/71457","targetHints":{"allow":["GET"]}}],"collection":[{"href":"https:\/\/www.ottawahospital.on.ca\/fr\/wp-json\/wp\/v2\/pages"}],"about":[{"href":"https:\/\/www.ottawahospital.on.ca\/fr\/wp-json\/wp\/v2\/types\/page"}],"author":[{"embeddable":true,"href":"https:\/\/www.ottawahospital.on.ca\/fr\/wp-json\/wp\/v2\/users\/25"}],"replies":[{"embeddable":true,"href":"https:\/\/www.ottawahospital.on.ca\/fr\/wp-json\/wp\/v2\/comments?post=71457"}],"version-history":[{"count":0,"href":"https:\/\/www.ottawahospital.on.ca\/fr\/wp-json\/wp\/v2\/pages\/71457\/revisions"}],"up":[{"embeddable":true,"href":"https:\/\/www.ottawahospital.on.ca\/fr\/wp-json\/wp\/v2\/pages\/51455"}],"wp:attachment":[{"href":"https:\/\/www.ottawahospital.on.ca\/fr\/wp-json\/wp\/v2\/media?parent=71457"}],"curies":[{"name":"wp","href":"https:\/\/api.w.org\/{rel}","templated":true}]}}