{"id":71440,"date":"2022-04-12T16:12:23","date_gmt":"2022-04-12T20:12:23","guid":{"rendered":"https:\/\/www.ottawahospital.on.ca\/?page_id=71440"},"modified":"2022-05-25T11:01:17","modified_gmt":"2022-05-25T15:01:17","slug":"analyse-du-transit-oesophagien-ou-de-laspiration","status":"publish","type":"page","link":"https:\/\/www.ottawahospital.on.ca\/fr\/analyse-du-transit-oesophagien-ou-de-laspiration\/","title":{"rendered":"Analyse du transit \u0153sophagien ou de l\u2019aspiration"},"content":{"rendered":"\n<p class=\"intro-text1\">Votre m\u00e9decin vous envoie passer une analyse du transit \u0153sophagien ou de l\u2019aspiration. Ce guide r\u00e9pondra \u00e0 certaines de vos questions \u00e0 ce sujet.&nbsp;<\/p>\n\n\n\n<h2 class=\"wp-block-heading\">Qu\u2019est-ce qu\u2019une analyse du transit \u0153sophagien ou de l\u2019aspiration?&nbsp;<\/h2>\n\n\n\n<p>Une\u202fanalyse du transit \u0153sophagien\u202fou de l\u2019aspiration est un moyen simple et sans douleur d\u2019obtenir des images de votre capacit\u00e9 \u00e0 avaler et de v\u00e9rifier s\u2019il y a du reflux dans vos poumons.&nbsp;<\/p>\n\n\n\n<h2 class=\"wp-block-heading\">Comment se d\u00e9roulera l\u2019examen?&nbsp;<\/h2>\n\n\n\n<h3 class=\"wp-block-heading\">Analyse du transit \u0153sophagien seulement (30\u202fmin)\u202f:&nbsp;<\/h3>\n\n\n\n<p>\u00c0 votre arriv\u00e9e au Service de m\u00e9decine nucl\u00e9aire, un technologue vous expliquera l\u2019examen en entier et r\u00e9pondra \u00e0 vos questions. On vous demandera d\u2019abord de vous pratiquer en avalant de l\u2019eau pour s\u2019assurer que vous serez \u00e0 l\u2019aise de faire l\u2019examen. On vous demandera de r\u00e9p\u00e9ter l\u2019exercice, mais cette fois, l\u2019eau contiendra une petite quantit\u00e9 d\u2019un traceur radioactif. Ce produit ne cause aucun effet secondaire connu. Le technologue utilisera un appareil appel\u00e9 \u00ab\u202fcam\u00e9ra gamma\u202f\u00bb pour prendre plusieurs images de votre d\u00e9glutition (action d\u2019avaler). L\u2019intervention dure environ <strong>30\u202fminutes<\/strong>.&nbsp;<\/p>\n\n\n\n<h3 class=\"wp-block-heading\">Analyse de l\u2019aspiration\u202f: (jusqu\u2019\u00e0 6\u202fheures)&nbsp;<\/h3>\n\n\n\n<p>Votre m\u00e9decin pourrait vouloir v\u00e9rifier s\u2019il y a du reflux dans votre gorge et vos poumons. Si c\u2019est le cas, en plus de l\u2019analyse du transit \u0153sophagien, nous ferons une analyse de l\u2019aspiration. Une fois le premier examen termin\u00e9, le technologue vous demandera de boire du jus d\u2019orange contenant un traceur radioactif. Lorsque vous l\u2019aurez bu, on vous demandera de vous allonger sur la table d\u2019examen. Le technologue utilisera un appareil appel\u00e9 \u00ab\u202fcam\u00e9ra gamma\u202f\u00bb pour prendre des images de votre thorax \u00e0 intervalles de 2, 4 et 6\u202fheures, ou jusqu\u2019\u00e0 ce qu\u2019on d\u00e9c\u00e8le une aspiration. L\u2019examen dure une <strong>bonne partie de la journ\u00e9e<\/strong>.&nbsp;&nbsp;<\/p>\n\n\n\n<h2 class=\"wp-block-heading\">Que devez-vous faire avant l\u2019examen?&nbsp;<\/h2>\n\n\n\n<ul class=\"wp-block-list\"><li>Apportez votre carte d\u2019assurance-sant\u00e9.\u00a0<\/li><li>Vous devez je\u00fbner \u00e0 compter de la veille et vous ne pourrez rien manger ni boire avant que l\u2019analyse soit termin\u00e9e.\u00a0<\/li><li>Vous devez vous abstenir de fumer au moins 2\u202fheures avant votre rendez-vous.\u00a0<\/li><li>Comme vous devrez peut-\u00eatre attendre quelques heures entre les prises d\u2019images, nous vous recommandons de vous apporter de la lecture. Vous aurez acc\u00e8s gratuitement au r\u00e9seau Internet sans fil de l\u2019h\u00f4pital.\u00a0<\/li><li>Laissez tout objet de valeur \u00e0 la maison.\u00a0<\/li><li>Lorsque vous prendrez rendez-vous, veuillez signaler tout besoin particulier (p. ex. claustrophobie, difficult\u00e9 \u00e0 rester allong\u00e9 sans bouger, l\u00e8ve-personne pour monter sur la table d\u2019examen, barri\u00e8re linguistique). Ainsi, nous prendrons les mesures n\u00e9cessaires pour vous offrir les meilleurs soins qui soient.\u00a0<\/li><\/ul>\n\n\n\n<h2 class=\"wp-block-heading\">L\u2019examen est-il douloureux?&nbsp;<\/h2>\n\n\n\n<p>Cet examen est sans douleur.&nbsp;<\/p>\n\n\n\n<h2 class=\"wp-block-heading\">Le traceur radioactif est-il dangereux?&nbsp;<\/h2>\n\n\n\n<p>La quantit\u00e9 de produit radioactif utilis\u00e9e pour cet examen est tr\u00e8s petite et elle dispara\u00eetra d\u2019elle-m\u00eame apr\u00e8s 2\u202fjours. Les r\u00e9sultats de votre examen fourniront de l\u2019information utile sur votre \u00e9tat de sant\u00e9 \u00e0 votre m\u00e9decin et l\u2019aideront \u00e0 planifier votre traitement. Les avantages de passer cet examen l\u2019emportent nettement sur les risques possibles d\u2019une petite dose de rayonnement.&nbsp;&nbsp;<\/p>\n\n\n\n<h2 class=\"wp-block-heading\">Devez-vous faire quelque chose apr\u00e8s l\u2019examen?&nbsp;<\/h2>\n\n\n\n<p>Vous n\u2019avez pas \u00e0 prendre de pr\u00e9caution particuli\u00e8re apr\u00e8s l\u2019examen. Mais si vous devez traverser une fronti\u00e8re dans les 7\u202fjours suivants, dites-le-nous. Les d\u00e9tecteurs de rayonnement des postes frontaliers et des a\u00e9roports sont tr\u00e8s sensibles et peuvent d\u00e9tecter de minuscules traces de radioactivit\u00e9. Nous vous donnerons une lettre que vous pourrez montrer aux agents des douanes.&nbsp;<\/p>\n\n\n\n<h2 class=\"wp-block-heading\">Que devez-vous nous dire avant l\u2019injection?&nbsp;<\/h2>\n\n\n\n<p>Veuillez nous dire si vous \u00eates enceinte ou si vous allaitez.&nbsp;&nbsp;<\/p>\n\n\n\n<h2 class=\"wp-block-heading\">Comment obtiendrez-vous les r\u00e9sultats de votre examen?&nbsp;<\/h2>\n\n\n\n<p>Un m\u00e9decin sp\u00e9cialiste examinera les images peu apr\u00e8s l\u2019examen, puis il enverra un rapport au m\u00e9decin qui a demand\u00e9 l\u2019examen. Votre m\u00e9decin devrait le recevoir dans la semaine qui suit l\u2019examen. Vous aurez acc\u00e8s au rapport dans MyChart d\u00e8s qu\u2019il sera disponible.&nbsp;<\/p>\n\n\n\n<p>Si vous avez des questions sur les r\u00e9sultats ou le rapport d\u2019examen, veuillez communiquer directement avec votre m\u00e9decin. Il est le mieux plac\u00e9 pour vous expliquer les r\u00e9sultats.&nbsp;<\/p>\n\n\n\n<h2 class=\"wp-block-heading\">Y a-t-il des frais pour cet examen?&nbsp;<\/h2>\n\n\n\n<p>Non. L\u2019examen est pay\u00e9 par le syst\u00e8me de sant\u00e9. Comme il nous en co\u00fbte plusieurs centaines de dollars, nous vous prions de nous appeler au 613\u202f761-4831 si vous ne pouvez pas venir \u00e0 votre rendez-vous.&nbsp;<\/p>\n\n\n\n<h2 class=\"wp-block-heading\">Que devriez-vous faire si vous ne pouvez pas venir \u00e0 votre rendez-vous?&nbsp;<\/h2>\n\n\n\n<p>En cas d\u2019emp\u00eachement, il est important de nous en aviser d\u00e8s que possible au 613\u202f761-4831. Autrement, votre absence entra\u00eenera un gaspillage de mat\u00e9riel co\u00fbteux command\u00e9 sp\u00e9cialement pour votre examen, en plus de r\u00e9duire l\u2019acc\u00e8s \u00e0 nos services pour d\u2019autres patients. Un rendez-vous manqu\u00e9 peut aussi entra\u00eener un retard dans vos traitements.&nbsp;<\/p>\n\n\n\n<h2 class=\"wp-block-heading\">Indications et stationnement&nbsp;<\/h2>\n\n\n\n<figure class=\"wp-block-table is-style-stripes\"><table><tbody><tr><td>Campus Civic&nbsp;&nbsp;1053, avenue Carling, 1<sup>er<\/sup>\u202f\u00e9tage&nbsp;T\u00e9l\u00e9phone\u202f: 613\u202f761-4831 (option\u202f8)&nbsp;Heures d\u2019ouverture\u202f: Du lundi au vendredi, de 8\u202fh \u00e0 16\u202fh&nbsp;Pour nous trouver\u202f: Une fois dans le Campus Civic, prenez l\u2019ascenseur C pour vous rendre au 1<sup>er<\/sup>\u202f\u00e9tage, puis suivez les panneaux de la M\u00e9decine nucl\u00e9aire. Vous pouvez aussi demander le chemin au bureau d\u2019information.\u202f&nbsp;<\/td><td>Campus G\u00e9n\u00e9ral&nbsp;&nbsp;501, chemin Smyth, rez-de-chauss\u00e9e&nbsp;T\u00e9l\u00e9phone\u202f: 613\u202f761-4831 (option\u202f8)&nbsp;Heures d\u2019ouverture\u202f: Du lundi au vendredi, de 7\u202fh \u00e0 16\u202fh&nbsp;Pour nous trouver\u202f: \u00c0 partir de l\u2019entr\u00e9e principale de l\u2019h\u00f4pital, allez jusqu\u2019aux ascenseurs, puis suivez les panneaux de la M\u00e9decine nucl\u00e9aire. Vous pouvez aussi demander le chemin au bureau d\u2019information.\u202f&nbsp;<\/td><\/tr><tr><td>Stationnez-vous dans le stationnement accessible depuis l\u2019avenue Carling (P7) <strong>ou<\/strong> dans le stationnement \u00e0 \u00e9tages (P1).&nbsp;<\/td><td>Stationnez-vous dans le stationnement \u00e0 \u00e9tages \u00e0 c\u00f4t\u00e9 de l\u2019entr\u00e9e principale qui donne sur le\u202fchemin Smyth.&nbsp;<\/td><\/tr><\/tbody><\/table><\/figure>\n\n\n\n<h3 class=\"wp-block-heading\">Instructions pour le stationnement&nbsp;<\/h3>\n\n\n\n<ul class=\"wp-block-list\"><li>Tous nos stationnements sont automatis\u00e9s.&nbsp;&nbsp;<\/li><li>Gardez le billet de stationnement avec vous.&nbsp;&nbsp;<\/li><li>\u00c0 la fin de votre visite, vous pourrez payer \u00e0 l\u2019un des guichets de paiement automatis\u00e9s (argent comptant ou carte de cr\u00e9dit) ou \u00e0 une sortie rapide dans le stationnement (carte de cr\u00e9dit). Vous avez 20\u202fminutes pour sortir du stationnement apr\u00e8s avoir pay\u00e9.&nbsp;<\/li><li>Modes de paiement&nbsp;<ul><li>Guichets de paiement\u202f: Argent comptant ou carte de cr\u00e9dit (Visa, MasterCard ou American Express)&nbsp;<\/li><\/ul><\/li><li>Frais de stationnement\u202f: maximum de 13\u202f$ par jour&nbsp;<\/li><\/ul>\n\n\n\n<p>Visitez le site Web de L\u2019H\u00f4pital d\u2019Ottawa pour en savoir plus sur le <a href=\"https:\/\/www.ottawahospital.on.ca\/fr\/patients-et-visiteurs\/visites-a-lhopital\">chemin \u00e0 prendre et le stationnement<\/a>. Vous y trouverez des plans des lieux.&nbsp;<\/p>\n","protected":false},"excerpt":{"rendered":"<p>Votre m\u00e9decin vous envoie passer une analyse du transit \u0153sophagien ou de l\u2019aspiration. Ce guide r\u00e9pondra \u00e0 certaines de vos questions \u00e0 ce sujet.&nbsp; Qu\u2019est-ce qu\u2019une analyse du transit \u0153sophagien ou de l\u2019aspiration?&nbsp; Une\u202fanalyse du transit \u0153sophagien\u202fou de l\u2019aspiration est un moyen simple et sans douleur d\u2019obtenir des images de votre capacit\u00e9 \u00e0 avaler et [&hellip;]<\/p>\n","protected":false},"author":25,"featured_media":0,"parent":0,"menu_order":0,"comment_status":"closed","ping_status":"closed","template":"","meta":{"_acf_changed":false,"_mc_calendar":[],"footnotes":""},"class_list":["post-71440","page","type-page","status-publish","hentry"],"acf":[],"wps_subtitle":"","_links":{"self":[{"href":"https:\/\/www.ottawahospital.on.ca\/fr\/wp-json\/wp\/v2\/pages\/71440","targetHints":{"allow":["GET"]}}],"collection":[{"href":"https:\/\/www.ottawahospital.on.ca\/fr\/wp-json\/wp\/v2\/pages"}],"about":[{"href":"https:\/\/www.ottawahospital.on.ca\/fr\/wp-json\/wp\/v2\/types\/page"}],"author":[{"embeddable":true,"href":"https:\/\/www.ottawahospital.on.ca\/fr\/wp-json\/wp\/v2\/users\/25"}],"replies":[{"embeddable":true,"href":"https:\/\/www.ottawahospital.on.ca\/fr\/wp-json\/wp\/v2\/comments?post=71440"}],"version-history":[{"count":0,"href":"https:\/\/www.ottawahospital.on.ca\/fr\/wp-json\/wp\/v2\/pages\/71440\/revisions"}],"wp:attachment":[{"href":"https:\/\/www.ottawahospital.on.ca\/fr\/wp-json\/wp\/v2\/media?parent=71440"}],"curies":[{"name":"wp","href":"https:\/\/api.w.org\/{rel}","templated":true}]}}