{"id":71435,"date":"2022-04-12T15:54:08","date_gmt":"2022-04-12T19:54:08","guid":{"rendered":"https:\/\/www.ottawahospital.on.ca\/?page_id=71435"},"modified":"2022-05-17T12:01:36","modified_gmt":"2022-05-17T16:01:36","slug":"scintigraphie-cerebrale-au-datscan","status":"publish","type":"page","link":"https:\/\/www.ottawahospital.on.ca\/fr\/scintigraphie-cerebrale-au-datscan\/","title":{"rendered":"Scintigraphie c\u00e9r\u00e9brale au DaTscan"},"content":{"rendered":"\n<p class=\"intro-text1\">Votre m\u00e9decin vous envoie passer une scintigraphie c\u00e9r\u00e9brale au DaTscan. Ce guide r\u00e9pondra \u00e0 certaines de vos questions \u00e0 ce sujet.&nbsp;<\/p>\n\n\n\n<h2 class=\"wp-block-heading\">Qu\u2019est-ce qu\u2019une scintigraphie c\u00e9r\u00e9brale au DaTscan?&nbsp;<\/h2>\n\n\n\n<p>Si vous avez des probl\u00e8mes de mobilit\u00e9, une scintigraphie au DaTscan pourrait aider votre m\u00e9decin \u00e0 d\u00e9terminer s\u2019ils sont attribuables \u00e0 un syndrome parkinsonien ou \u00e0 autre chose, comme un tremblement essentiel. Pour en faire la diff\u00e9rence, il peut demander une\u202fscintigraphie c\u00e9r\u00e9brale au DaTscan, un moyen simple et sans douleur d\u2019obtenir des images de votre cerveau \u00e0 l\u2019aide d\u2019un traceur radioactif. &nbsp;<\/p>\n\n\n\n<h2 class=\"wp-block-heading\">En quoi consiste cet examen?&nbsp;<\/h2>\n\n\n\n<p>\u00c0 votre arriv\u00e9e au Service de m\u00e9decine nucl\u00e9aire, un technologue vous expliquera en d\u00e9tail en quoi consiste l\u2019examen et vous pourrez lui poser des questions. Vous recevrez un m\u00e9dicament pour prot\u00e9ger votre glande thyro\u00efde de l\u2019iode que contient le traceur radioactif. Apr\u00e8s une attente d\u2019une\u202fheure pour que ce m\u00e9dicament fasse effet, vous recevrez le traceur radioactif.&nbsp;&nbsp;<\/p>\n\n\n\n<p>Le technologue installera alors une petite aiguille intraveineuse dans votre bras et injectera le traceur radioactif qui permettra de prendre des images de votre cerveau. Ce produit ne cause aucun effet secondaire connu. Le traceur radioactif prend du temps \u00e0 s\u2019acheminer au cerveau. Vous devrez donc attendre de 3 \u00e0 4\u202fheures apr\u00e8s cette injection avant qu\u2019on commence \u00e0 prendre des images. Entre-temps, vous pourrez prendre vos repas, quitter le Service de m\u00e9decine nucl\u00e9aire et revenir plus tard.&nbsp;<\/p>\n\n\n\n<p>Pour r\u00e9aliser la scintigraphie, on vous demandera de vous allonger sur une table d\u2019examen, puis le technologue vous placera la t\u00eate sur un appui-t\u00eate. Il placera un ruban adh\u00e9sif ou un autre moyen de contention flexible sur votre front et votre menton pour emp\u00eacher votre t\u00eate de bouger pendant l\u2019examen. La prise d\u2019images durera environ 30\u202fminutes et vous devrez rester immobile pendant cette p\u00e9riode.&nbsp;<\/p>\n\n\n\n<p>Cet examen dure presque toute la journ\u00e9e.&nbsp;<\/p>\n\n\n\n<h2 class=\"wp-block-heading\">Y a-t-il quelque chose \u00e0 faire avant l\u2019examen?&nbsp;<\/h2>\n\n\n\n<ul class=\"wp-block-list\"><li>Apportez votre carte d\u2019assurance-sant\u00e9.\u00a0<\/li><li>Apr\u00e8s avoir consult\u00e9 votre m\u00e9decin de famille, vous devez cesser de prendre les m\u00e9dicaments ci-dessous avant votre rendez-vou.\u00a0<\/li><\/ul>\n\n\n\n<figure class=\"wp-block-table is-style-stripes\"><table><tbody><tr><td><strong>M\u00e9dicaments qui pourraient nuire <\/strong><strong>\u00e0 la liaison d\u2019isoflurane<\/strong><strong> et qu\u2019il faut cesser de prendre si possible. <\/strong>&nbsp;<\/td><td><strong>Dur\u00e9e approximative<\/strong>&nbsp;<strong>(5\u202fdemi-vies)<\/strong>&nbsp;<\/td><\/tr><tr><td>\u00c9ph\u00e9drine, k\u00e9tamine, isoflurane&nbsp;<\/td><td>1\u202fjour&nbsp;<\/td><\/tr><tr><td>Coca\u00efne, m\u00e9thylph\u00e9nidate&nbsp;<\/td><td>2\u202fjours&nbsp;<\/td><\/tr><tr><td>M\u00e9thamph\u00e9tamine, mazindol, modafinil&nbsp;<\/td><td>3\u202fjours&nbsp;<\/td><\/tr><tr><td>Benzatropine, fentanyl&nbsp;<\/td><td>5\u202fjours&nbsp;<\/td><\/tr><tr><td>Dexamph\u00e9tamine&nbsp;<\/td><td>7\u202fjours&nbsp;<\/td><\/tr><tr><td>Bupropion&nbsp;<\/td><td>8\u202fjours&nbsp;<\/td><\/tr><tr><td>Phentermine, phencyclidine&nbsp;<\/td><td>14\u202fjours&nbsp;<\/td><\/tr><\/tbody><\/table><\/figure>\n\n\n\n<ul class=\"wp-block-list\"><li>Laissez tout objet de valeur \u00e0 la maison.&nbsp;<\/li><li>Lorsque que vous prendrez rendez-vous, veuillez indiquer au commis du bureau des rendez-vous si vous \u00eates claustrophobe ou si vous avez de la difficult\u00e9 \u00e0 rester allong\u00e9 sans bouger, avez besoin d\u2019un l\u00e8ve-personne pour votre transfert sur la table d\u2019examen ou si vous avez tout autre besoin particulier (p.\u202fex. besoin d\u2019un interpr\u00e8te). Ainsi, nous prendrons les mesures n\u00e9cessaires pour vous offrir les meilleurs soins qui soient.&nbsp;<\/li><\/ul>\n\n\n\n<h2 class=\"wp-block-heading\">L\u2019examen est-il douloureux?&nbsp;<\/h2>\n\n\n\n<p>Seule l\u2019aiguille qui sert \u00e0 l\u2019injection pourrait causer un peu de douleur. On vous a peut-\u00eatre d\u00e9j\u00e0 pr\u00e9lev\u00e9 du sang pour des analyses. L\u2019injection que vous aurez est tr\u00e8s similaire.&nbsp;<\/p>\n\n\n\n<h2 class=\"wp-block-heading\">Les radiations sont-elles dangereuses?&nbsp;<\/h2>\n\n\n\n<p>L\u2019injection contient une petite quantit\u00e9 d\u2019un traceur radioactif qui \u00e9met des rayons gamma (semblables aux rayons X). La dose de rayonnement est tr\u00e8s faible et dispara\u00eetra d\u2019elle-m\u00eame apr\u00e8s 6\u202fjours. Les r\u00e9sultats de votre examen fourniront de l\u2019information utile sur votre \u00e9tat de sant\u00e9 \u00e0 votre m\u00e9decin et l\u2019aideront \u00e0 planifier votre traitement. Les avantages de passer une scintigraphie l\u2019emportent nettement sur les risques possibles d\u2019une petite dose de rayonnement.<strong>&nbsp;<\/strong>&nbsp;<\/p>\n\n\n\n<h2 class=\"wp-block-heading\">Que devez-vous faire apr\u00e8s l\u2019examen?&nbsp;<\/h2>\n\n\n\n<p>Vous n\u2019avez pas \u00e0 prendre de pr\u00e9caution particuli\u00e8re apr\u00e8s l\u2019examen. Mais si vous devez traverser une fronti\u00e8re dans les 7\u202fjours suivants, dites-le-nous. Les d\u00e9tecteurs de rayonnement des postes frontaliers et des a\u00e9roports sont tr\u00e8s sensibles et peuvent d\u00e9tecter les minuscules traces de radioactivit\u00e9. Nous vous donnerons une lettre que vous pourrez montrer aux agents des douanes.&nbsp;<\/p>\n\n\n\n<h2 class=\"wp-block-heading\">Y a-t-il quelque chose que vous devriez mentionner au personnel avant l\u2019injection?&nbsp;<\/h2>\n\n\n\n<p>Veuillez nous avertir si vous\u202f:&nbsp;<\/p>\n\n\n\n<ul class=\"wp-block-list\"><li>\u00eates hypersensible \u00e0 l\u2019iode&nbsp;<\/li><li>\u00eates enceinte ou vous allaitez&nbsp;<\/li><\/ul>\n\n\n\n<h2 class=\"wp-block-heading\">Qu\u2019en est-il de l\u2019allaitement?&nbsp;<\/h2>\n\n\n\n<p>Vous devez cesser d\u2019allaiter pendant 3\u202fjours apr\u00e8s l\u2019examen. Pendant cette p\u00e9riode, vous devrez tirer et jeter votre lait. Veuillez pr\u00e9voir les mesures n\u00e9cessaires pour cette p\u00e9riode d\u2019arr\u00eat.&nbsp;<\/p>\n\n\n\n<h2 class=\"wp-block-heading\">Comment obtiendrez-vous les r\u00e9sultats de votre examen?&nbsp;<\/h2>\n\n\n\n<p>Un m\u00e9decin sp\u00e9cialiste examinera les images peu apr\u00e8s l\u2019examen. Il enverra un rapport au m\u00e9decin qui a demand\u00e9 la scintigraphie. Votre m\u00e9decin devrait le recevoir dans la semaine qui suit la scintigraphie. Vous aurez acc\u00e8s au rapport dans MyChart d\u00e8s qu\u2019il sera disponible.&nbsp;<\/p>\n\n\n\n<p>Si vous avez des questions sur les r\u00e9sultats ou le rapport d\u2019examen, veuillez communiquer directement avec votre m\u00e9decin. Il est le mieux plac\u00e9 pour interpr\u00e9ter les r\u00e9sultats pour vous.&nbsp;<\/p>\n\n\n\n<h2 class=\"wp-block-heading\">Y a-t-il des frais pour cet examen?&nbsp;<\/h2>\n\n\n\n<p>Oui. L\u2019assurance-sant\u00e9 de l\u2019Ontario (OHIP) ne couvre pas les frais de cet examen. Vous devrez donc payer le plein co\u00fbt.&nbsp;&nbsp;<\/p>\n\n\n\n<h2 class=\"wp-block-heading\">Que devriez-vous faire si vous ne pouvez pas venir \u00e0 votre rendez-vous?&nbsp;<\/h2>\n\n\n\n<p>Si vous ne pouvez pas venir \u00e0 votre rendez-vous, il est important d\u2019en aviser d\u00e8s que possible le Service au 613\u202f761-4831. Autrement, votre absence entra\u00eenera un gaspillage de mat\u00e9riel co\u00fbteux command\u00e9 sp\u00e9cialement pour votre examen en plus de r\u00e9duire l\u2019acc\u00e8s \u00e0 ce service pour d\u2019autres patients. Un rendez-vous manqu\u00e9 peut aussi entra\u00eener un retard dans vos traitements.&nbsp;<\/p>\n\n\n\n<h2 class=\"wp-block-heading\">Indications et stationnement&nbsp;<\/h2>\n\n\n\n<figure class=\"wp-block-table is-style-stripes\"><table><tbody><tr><td>Campus Civic&nbsp;&nbsp;1053, avenue Carling, 1<sup>er<\/sup>\u202f\u00e9tage&nbsp;T\u00e9l\u00e9phone\u202f: 613\u202f761-4831 (option\u202f8)&nbsp;Heures d\u2019ouverture\u202f: Du lundi au vendredi, de 8\u202fh \u00e0 16\u202fh&nbsp;Pour nous trouver\u202f: Une fois dans le Campus Civic, prenez l\u2019ascenseur C pour vous rendre au 1<sup>er<\/sup> \u00e9tage, puis suivez les panneaux de la M\u00e9decine nucl\u00e9aire. Vous pouvez aussi demander le chemin au bureau d\u2019information.\u202f&nbsp;<\/td><td>Campus G\u00e9n\u00e9ral&nbsp;&nbsp;501, chemin Smyth, rez-de-chauss\u00e9e&nbsp;T\u00e9l\u00e9phone\u202f: 613\u202f761-4831 (option\u202f8)&nbsp;Heures d\u2019ouverture\u202f: Du lundi au vendredi, de 7\u202fh \u00e0 16\u202fh&nbsp;Pour nous trouver\u202f: \u00c0 partir de l\u2019entr\u00e9e principale de l\u2019h\u00f4pital, rendez-vous aux ascenseurs, puis suivez les panneaux de la M\u00e9decine nucl\u00e9aire. Vous pouvez aussi demander le chemin au bureau d\u2019information.\u202f&nbsp;<\/td><\/tr><tr><td>Stationnez-vous dans le stationnement accessible depuis l\u2019avenue Carling (P7) <strong>ou<\/strong> dans le stationnement \u00e0 \u00e9tages (P1).&nbsp;<\/td><td>Stationnez-vous dans le stationnement \u00e0 \u00e9tages \u00e0 c\u00f4t\u00e9 de l\u2019entr\u00e9e principale qui donne sur le\u202fchemin Smyth.&nbsp;<\/td><\/tr><\/tbody><\/table><\/figure>\n\n\n\n<h3 class=\"wp-block-heading\">Instructions pour le stationnement&nbsp;<\/h3>\n\n\n\n<ul class=\"wp-block-list\"><li>Tous nos stationnements sont automatis\u00e9s.&nbsp;&nbsp;<\/li><li>Gardez le billet de stationnement sur vous.&nbsp;&nbsp;<\/li><li>\u00c0 la fin de votre visite, vous pourrez payer \u00e0 l\u2019un des guichets de paiement automatis\u00e9s (argent comptant ou carte de cr\u00e9dit) ou \u00e0 une sortie rapide dans le stationnement (carte de cr\u00e9dit). Vous avez 20\u202fminutes pour sortir du stationnement apr\u00e8s avoir pay\u00e9.&nbsp;<\/li><li>Modes de paiement&nbsp;<ul><li>Guichets de paiement\u202f: Argent comptant ou carte de cr\u00e9dit (Visa, MasterCard ou American Express)&nbsp;<\/li><\/ul><\/li><li>Frais de stationnement\u202f: maximum de 13\u202f$ par jour&nbsp;<\/li><\/ul>\n\n\n\n<p>Visitez le site Web de L\u2019H\u00f4pital d\u2019Ottawa pour en savoir plus sur le <a href=\"https:\/\/www.ottawahospital.on.ca\/fr\/patients-et-visiteurs\/visites-a-lhopital\">chemin \u00e0 prendre et le stationnement.<\/a> Vous y trouverez des plans des lieux.&nbsp;<\/p>\n","protected":false},"excerpt":{"rendered":"<p>Votre m\u00e9decin vous envoie passer une scintigraphie c\u00e9r\u00e9brale au DaTscan. Ce guide r\u00e9pondra \u00e0 certaines de vos questions \u00e0 ce sujet.&nbsp; Qu\u2019est-ce qu\u2019une scintigraphie c\u00e9r\u00e9brale au DaTscan?&nbsp; Si vous avez des probl\u00e8mes de mobilit\u00e9, une scintigraphie au DaTscan pourrait aider votre m\u00e9decin \u00e0 d\u00e9terminer s\u2019ils sont attribuables \u00e0 un syndrome parkinsonien ou \u00e0 autre chose, [&hellip;]<\/p>\n","protected":false},"author":25,"featured_media":0,"parent":0,"menu_order":0,"comment_status":"closed","ping_status":"closed","template":"","meta":{"_acf_changed":false,"_mc_calendar":[],"footnotes":""},"class_list":["post-71435","page","type-page","status-publish","hentry"],"acf":[],"wps_subtitle":"","_links":{"self":[{"href":"https:\/\/www.ottawahospital.on.ca\/fr\/wp-json\/wp\/v2\/pages\/71435","targetHints":{"allow":["GET"]}}],"collection":[{"href":"https:\/\/www.ottawahospital.on.ca\/fr\/wp-json\/wp\/v2\/pages"}],"about":[{"href":"https:\/\/www.ottawahospital.on.ca\/fr\/wp-json\/wp\/v2\/types\/page"}],"author":[{"embeddable":true,"href":"https:\/\/www.ottawahospital.on.ca\/fr\/wp-json\/wp\/v2\/users\/25"}],"replies":[{"embeddable":true,"href":"https:\/\/www.ottawahospital.on.ca\/fr\/wp-json\/wp\/v2\/comments?post=71435"}],"version-history":[{"count":0,"href":"https:\/\/www.ottawahospital.on.ca\/fr\/wp-json\/wp\/v2\/pages\/71435\/revisions"}],"wp:attachment":[{"href":"https:\/\/www.ottawahospital.on.ca\/fr\/wp-json\/wp\/v2\/media?parent=71435"}],"curies":[{"name":"wp","href":"https:\/\/api.w.org\/{rel}","templated":true}]}}