{"id":7135,"date":"2016-11-15T10:20:22","date_gmt":"2016-11-15T15:20:22","guid":{"rendered":"http:\/\/52.229.122.34\/fr\/?page_id=7135"},"modified":"2024-04-22T09:02:12","modified_gmt":"2024-04-22T13:02:12","slug":"ergotherapie","status":"publish","type":"page","link":"https:\/\/www.ottawahospital.on.ca\/fr\/notre-modele-de-soins\/notre-equipe-de-professionnels-de-la-sante\/ergotherapie\/","title":{"rendered":"Ergoth\u00e9rapie"},"content":{"rendered":"<div class=\"wp-block-image is-style-default\">\n<figure class=\"alignright\"><img decoding=\"async\" src=\"\/wp-content\/uploads\/2016\/11\/OccupationalTherapy1.jpg\" alt=\"Occupational Therapy\"\/><\/figure>\n<\/div>\n\n\n<p>Les professionnels de l\u2019ergoth\u00e9rapie sont \u00e0 m\u00eame de vous enseigner de nouvelles habilet\u00e9s pour relever le d\u00e9fi du quotidien et de r\u00e9soudre les probl\u00e8mes qui diminuent votre capacit\u00e9 \u00e0 participer aux activit\u00e9s ou aux occupations qui vous tiennent \u00e0 c\u0153ur.<\/p>\n\n\n\n<p>Ces probl\u00e8mes peuvent \u00eatre le r\u00e9sultat d\u2019une blessure, d\u2019une maladie ou d\u2019un facteur social ou environnemental.<\/p>\n\n\n\n<p>Le terme occupation englobe les activit\u00e9s et t\u00e2ches suivantes :<\/p>\n\n\n\n<ul class=\"wp-block-list\">\n<li><strong>Soins personnels<\/strong>\u00a0: activit\u00e9s visant \u00e0 s\u2019occuper de soi-m\u00eame, tel prendre un bain,\u00a0faire sa toilette, s\u2019habiller;<\/li>\n\n\n\n<li><strong>Loisirs<\/strong>\u00a0: activit\u00e9s visant \u00e0 se divertir, comme les \u00a0activit\u00e9s sociales ou un passe-temps;<\/li>\n\n\n\n<li><strong>Activit\u00e9s productives<\/strong>\u00a0: activit\u00e9s li\u00e9es au travail r\u00e9mun\u00e9r\u00e9 ou non, par exemple emploi, entretien domestique.<\/li>\n<\/ul>\n\n\n\n<p>L\u2019ergoth\u00e9rapeute est un professionnel de la sant\u00e9 r\u00e9glement\u00e9 qui est sp\u00e9cialis\u00e9 dans l\u2019analyse, l\u2019adaptation et l\u2019utilisation th\u00e9rapeutique d\u2019une occupation. Il collabore avec un patient et sa famille ou son soignant pour accro\u00eetre au maximum son autonomie. L\u2019ergoth\u00e9rapeute aide un patient \u00e0 retrouver et \u00e0 conserver sa capacit\u00e9 \u00e0 accomplir les activit\u00e9s de la vie courante et cherche \u00e0 pr\u00e9venir tout dysfonctionnement et \u00e0 promouvoir un mode de vie sain.<\/p>\n\n\n\n<p>Soixante-quinze&nbsp;ergoth\u00e9rapeutes ainsi que 25&nbsp;assistants en r\u00e9adaptation travaillent actuellement \u00e0 temps plein ou \u00e0 temps partiel pour aider \u00e0 la participation des patients ainsi qu\u2019\u00e0 la planification des cong\u00e9s, en tenant compte des capacit\u00e9s et des limites de chaque patient.<\/p>\n\n\n\n<p>L\u2019ergoth\u00e9rapeute se concentre principalement sur l\u2019\u00e9valuation et le traitement des fonctions physiques, cognitives, perceptuelles et psychosociales. L\u2019\u00e9valuation et le traitement sont fond\u00e9s sur des activit\u00e9s significatives. L\u2019ergoth\u00e9rapeute peut prescrire des appareils adapt\u00e9s ou recommander des techniques pour favoriser les capacit\u00e9s fonctionnelles ou minimiser l\u2019inconfort. Il fournit des renseignements personnalis\u00e9s, comme de l\u2019information sur la promotion de la s\u00e9curit\u00e9 \u00e0 la maison.<\/p>\n\n\n\n<p><strong>Voici quelques exemples du r\u00f4le de l\u2019ergoth\u00e9rapeute :<\/strong><\/p>\n\n\n\n<ul class=\"wp-block-list\">\n<li>Il peut enseigner de nouvelles fa\u00e7ons de faire, notamment la fa\u00e7on de s\u2019habiller avec\u00a0un seul bras apr\u00e8s un accident vasculaire c\u00e9r\u00e9bral;<\/li>\n\n\n\n<li>Il est capable d\u2019adapter les accessoires ou les appareils utilis\u00e9s par un patient, par exemple en cr\u00e9ant un manche de cuill\u00e8re qui l\u2019aide \u00e0 s\u2019alimenter.<\/li>\n\n\n\n<li>Il peut modifier l\u2019environnement, notamment en recommandant une chaise de baignoire pr\u00e9cise qui accro\u00eet la s\u00e9curit\u00e9 d\u2019un patient \u00e0 la maison.<\/li>\n<\/ul>\n\n\n\n<p>L\u2019ergoth\u00e9rapeute travaille dans un environnement multidisciplinaire. Les assistants de l\u2019ergoth\u00e9rapeute et assistants en r\u00e9adaptation sont aussi des membres importants de notre \u00e9quipe. \u00c0 L\u2019H\u00f4pital d\u2019Ottawa, les professionnels de l\u2019ergoth\u00e9rapie ont pour r\u00f4le d\u2019\u00e9valuer les capacit\u00e9s et les limites d\u2019un patient et de collaborer avec les autres membres d\u2019une \u00e9quipe de soins afin de favoriser une planification s\u00e9curitaire du cong\u00e9.<\/p>\n\n\n\n<h2 class=\"wp-block-heading\">Pour plus d&rsquo;information, pri\u00e8re de communiquer avec<\/h2>\n\n\n\n<p>Sandra MacLeod<br>Gestionnaire de la pratique professionnelle, R\u00e9adaptation<br>L\u2019H\u00f4pital d\u2019Ottawa \u2013 Campus G\u00e9n\u00e9ral<br>501, ch. Smyth &#8211; Pi\u00e8ce M1260, C.P. 305<br>Ottawa ON K1H 8L6<br>T\u00e9l.: 613-737-8007<br>T\u00e9l\u00e9c. : 613-739-6670<br>Courriel : <a href=\"mailto:samacleod@toh.ca\">samacleod@toh.ca<\/a><\/p>\n","protected":false},"excerpt":{"rendered":"<p>Les professionnels de l\u2019ergoth\u00e9rapie sont \u00e0 m\u00eame de vous enseigner de nouvelles habilet\u00e9s pour relever le d\u00e9fi du quotidien et de r\u00e9soudre les probl\u00e8mes qui diminuent votre capacit\u00e9 \u00e0 participer aux activit\u00e9s ou aux occupations qui vous tiennent \u00e0 c\u0153ur. Ces probl\u00e8mes peuvent \u00eatre le r\u00e9sultat d\u2019une blessure, d\u2019une maladie ou d\u2019un facteur social ou [&hellip;]<\/p>\n","protected":false},"author":25,"featured_media":0,"parent":7014,"menu_order":4,"comment_status":"closed","ping_status":"closed","template":"","meta":{"_acf_changed":false,"_mc_calendar":[],"footnotes":""},"class_list":["post-7135","page","type-page","status-publish","hentry"],"acf":[],"wps_subtitle":"","_links":{"self":[{"href":"https:\/\/www.ottawahospital.on.ca\/fr\/wp-json\/wp\/v2\/pages\/7135","targetHints":{"allow":["GET"]}}],"collection":[{"href":"https:\/\/www.ottawahospital.on.ca\/fr\/wp-json\/wp\/v2\/pages"}],"about":[{"href":"https:\/\/www.ottawahospital.on.ca\/fr\/wp-json\/wp\/v2\/types\/page"}],"author":[{"embeddable":true,"href":"https:\/\/www.ottawahospital.on.ca\/fr\/wp-json\/wp\/v2\/users\/25"}],"replies":[{"embeddable":true,"href":"https:\/\/www.ottawahospital.on.ca\/fr\/wp-json\/wp\/v2\/comments?post=7135"}],"version-history":[{"count":0,"href":"https:\/\/www.ottawahospital.on.ca\/fr\/wp-json\/wp\/v2\/pages\/7135\/revisions"}],"up":[{"embeddable":true,"href":"https:\/\/www.ottawahospital.on.ca\/fr\/wp-json\/wp\/v2\/pages\/7014"}],"wp:attachment":[{"href":"https:\/\/www.ottawahospital.on.ca\/fr\/wp-json\/wp\/v2\/media?parent=7135"}],"curies":[{"name":"wp","href":"https:\/\/api.w.org\/{rel}","templated":true}]}}