{"id":7130,"date":"2016-11-15T10:16:25","date_gmt":"2016-11-15T15:16:25","guid":{"rendered":"http:\/\/52.229.122.34\/fr\/?page_id=7130"},"modified":"2016-11-15T10:16:25","modified_gmt":"2016-11-15T15:16:25","slug":"ottawa-et-les-environs","status":"publish","type":"page","link":"https:\/\/www.ottawahospital.on.ca\/fr\/ottawa-et-les-environs\/","title":{"rendered":"Ottawa et les environs"},"content":{"rendered":"<p>Ottawa est la capitale nationale o\u00f9 si\u00e8ge le gouvernement f\u00e9d\u00e9ral. La r\u00e9gion m\u00e9tropolitaine d\u2019Ottawa, situ\u00e9e aux fronti\u00e8res de la province de Qu\u00e9bec, compte une population d\u2019environ un million d\u2019habitants. La ville d\u2019Ottawa longe la rivi\u00e8re des Outaouais et est travers\u00e9e par la rivi\u00e8re Rideau et le canal Rideau. \u00c0 moins de 20 minutes en voiture du centre-ville d\u2019Ottawa, on peut admirer les collines de la Gatineau. On peut aussi profiter du parc de la Gatineau et des beaut\u00e9s offertes par les nombreux lacs et centres de ski qu\u00e9b\u00e9cois. Ottawa jouit d\u2019une renomm\u00e9e bien m\u00e9rit\u00e9e pour ses nombreux parcs situ\u00e9s \u00e0 l\u2019int\u00e9rieur des limites de la ville, ses activit\u00e9s de plein air, ses festivals et ses concerts, comme Bal de Neige, le festival de jazz et la f\u00eate du Canada. Il y a deux universit\u00e9s \u00e0 Ottawa, l\u2019Universit\u00e9 Carleton et l\u2019Universit\u00e9 d\u2019Ottawa, de m\u00eame que de nombreux mus\u00e9es, dont le Mus\u00e9e national des sciences et de la technologie, le Mus\u00e9e canadien des civilisations et le Mus\u00e9e de l\u2019aviation du Canada. On y trouve \u00e9galement le Mus\u00e9e des beaux-arts du Canada, le Centre national des Arts et la Biblioth\u00e8que nationale.<\/p>\n<h2>Liens utiles<\/h2>\n<ul>\n<li>\n<div><a href=\"https:\/\/ottawa.ca\/index_fr.html\" target=\"_blank\">La Ville d&rsquo;Ottawa<\/a><\/div>\n<\/li>\n<li><a href=\"https:\/\/www.ottawakiosk.com\/\" target=\"_blank\">Ottawa Kiosk<\/a><\/li>\n<li><a href=\"https:\/\/www.ottawa.com\/\" target=\"_blank\">D\u00e9couvrez Ottawa<\/a><\/li>\n<li><a href=\"https:\/\/www.ccn-ncc.gc.ca\/\" target=\"_blank\">Commission de la capitale nationale<\/a><\/li>\n<li><a href=\"https:\/\/www.octranspo.com\/\" target=\"_blank\">OC Transpo (service d&rsquo;autobus)<\/a><\/li>\n<li><a href=\"https:\/\/www.mapquest.com\/\" target=\"_blank\">Mapquest<\/a><\/li>\n<li><a href=\"https:\/\/www.ottawa-airport.ca\/\" target=\"_blank\">A\u00e9roport international d&rsquo;Ottawa<\/a><\/li>\n<\/ul>\n","protected":false},"excerpt":{"rendered":"<p>Ottawa est la capitale nationale o\u00f9 si\u00e8ge le gouvernement f\u00e9d\u00e9ral. La r\u00e9gion m\u00e9tropolitaine d\u2019Ottawa, situ\u00e9e aux fronti\u00e8res de la province de Qu\u00e9bec, compte une population d\u2019environ un million d\u2019habitants. La ville d\u2019Ottawa longe la rivi\u00e8re des Outaouais et est travers\u00e9e par la rivi\u00e8re Rideau et le canal Rideau. \u00c0 moins de 20 minutes en voiture [&hellip;]<\/p>\n","protected":false},"author":25,"featured_media":0,"parent":0,"menu_order":4,"comment_status":"closed","ping_status":"closed","template":"","meta":{"_acf_changed":false,"_mc_calendar":[],"footnotes":""},"class_list":["post-7130","page","type-page","status-publish","hentry"],"acf":[],"wps_subtitle":"","_links":{"self":[{"href":"https:\/\/www.ottawahospital.on.ca\/fr\/wp-json\/wp\/v2\/pages\/7130","targetHints":{"allow":["GET"]}}],"collection":[{"href":"https:\/\/www.ottawahospital.on.ca\/fr\/wp-json\/wp\/v2\/pages"}],"about":[{"href":"https:\/\/www.ottawahospital.on.ca\/fr\/wp-json\/wp\/v2\/types\/page"}],"author":[{"embeddable":true,"href":"https:\/\/www.ottawahospital.on.ca\/fr\/wp-json\/wp\/v2\/users\/25"}],"replies":[{"embeddable":true,"href":"https:\/\/www.ottawahospital.on.ca\/fr\/wp-json\/wp\/v2\/comments?post=7130"}],"version-history":[{"count":0,"href":"https:\/\/www.ottawahospital.on.ca\/fr\/wp-json\/wp\/v2\/pages\/7130\/revisions"}],"wp:attachment":[{"href":"https:\/\/www.ottawahospital.on.ca\/fr\/wp-json\/wp\/v2\/media?parent=7130"}],"curies":[{"name":"wp","href":"https:\/\/api.w.org\/{rel}","templated":true}]}}