{"id":7122,"date":"2016-11-15T10:10:44","date_gmt":"2016-11-15T15:10:44","guid":{"rendered":"http:\/\/52.229.122.34\/fr\/?page_id=7122"},"modified":"2025-09-03T10:05:29","modified_gmt":"2025-09-03T14:05:29","slug":"programme-de-formation","status":"publish","type":"page","link":"https:\/\/www.ottawahospital.on.ca\/fr\/notre-modele-de-soins\/notre-equipe-de-professionnels-de-la-sante\/psychologie\/programme-de-formation\/","title":{"rendered":"Programme de formation"},"content":{"rendered":"<p class=\"intro-text1\">Le seul stage offert au sein du D\u00e9partement de psychologie de L\u2019H\u00f4pital d\u2019Ottawa est le stage pr\u00e9doctoral en psychologie clinique. Les exigences et le processus d\u2019inscription sont d\u00e9crits ci-dessous.<\/p>\n<p>Pour toute question relative au programme ou en cas de difficult\u00e9s \u00e0 acc\u00e9der \u00e0 la brochure actuelle, veuillez contacter la D<sup>re<\/sup> <span data-olk-copy-source=\"MessageBody\">Stefanie Ciszewski <\/span>, <span data-olk-copy-source=\"MessageBody\">Ph.D., C.Psych. <\/span>directrice de la formation \u00e0 <a title=\"mailto:stciszewski@toh.ca\" href=\"mailto:stciszewski@toh.ca\" data-linkindex=\"1\" data-olk-copy-source=\"MessageBody\">stciszewski@toh.ca<\/a>..<\/p>\n<p class=\"text-center\"><a href=\"https:\/\/www.ottawahospital.on.ca\/en\/documents\/2025\/09\/doctoral-internship-training-program-in-clinical-psychology-fr.pdf\"><button class=\"btn_yellow\"><strong>Guide du programme de stage pr\u00e9doctoral en psychologie clinique<\/strong><\/button><\/a><\/p>\n<div class=\"card\">\n<h2 class=\"card-header h2-mock\">Renseignements sur l&rsquo;accr\u00e9ditation<\/h2>\n<div class=\"card-body\">\n<p>Soci\u00e9t\u00e9 canadienne de psychologie, Jury d\u2019agr\u00e9ment<br \/>1101 Prince of Wales Drive, bureau 230<br \/>Ottawa, ON<br \/>Canada K2C 3W7<\/p>\n<p>T\u00e9l\u00e9phone : 613-237-2144<\/p>\n<p>Appel gratuit : 1-888-472-0657<br \/>Courriel : <a href=\"mailto:accreditation@cpa.ca\">accreditation@cpa.ca<\/a><br \/><a href=\"https:\/\/cpa.ca\/fr\/agrement\/\" target=\"_blank\" rel=\"noopener\">Site web d&rsquo;agr\u00e9ment<span class=\"sr-only\">(Opens in a new tab)<\/span><\/a><\/p>\n<\/div>\n<\/div>\n\n\n<p><\/p>\n","protected":false},"excerpt":{"rendered":"<p>Le seul stage offert au sein du D\u00e9partement de psychologie de L\u2019H\u00f4pital d\u2019Ottawa est le stage pr\u00e9doctoral en psychologie clinique. Les exigences et le processus d\u2019inscription sont d\u00e9crits ci-dessous. Pour toute question relative au programme ou en cas de difficult\u00e9s \u00e0 acc\u00e9der \u00e0 la brochure actuelle, veuillez contacter la Dre Stefanie Ciszewski , Ph.D., C.Psych. [&hellip;]<\/p>\n","protected":false},"author":25,"featured_media":0,"parent":7086,"menu_order":2,"comment_status":"closed","ping_status":"closed","template":"","meta":{"_acf_changed":false,"_mc_calendar":[],"footnotes":""},"class_list":["post-7122","page","type-page","status-publish","hentry"],"acf":[],"wps_subtitle":"","_links":{"self":[{"href":"https:\/\/www.ottawahospital.on.ca\/fr\/wp-json\/wp\/v2\/pages\/7122","targetHints":{"allow":["GET"]}}],"collection":[{"href":"https:\/\/www.ottawahospital.on.ca\/fr\/wp-json\/wp\/v2\/pages"}],"about":[{"href":"https:\/\/www.ottawahospital.on.ca\/fr\/wp-json\/wp\/v2\/types\/page"}],"author":[{"embeddable":true,"href":"https:\/\/www.ottawahospital.on.ca\/fr\/wp-json\/wp\/v2\/users\/25"}],"replies":[{"embeddable":true,"href":"https:\/\/www.ottawahospital.on.ca\/fr\/wp-json\/wp\/v2\/comments?post=7122"}],"version-history":[{"count":0,"href":"https:\/\/www.ottawahospital.on.ca\/fr\/wp-json\/wp\/v2\/pages\/7122\/revisions"}],"up":[{"embeddable":true,"href":"https:\/\/www.ottawahospital.on.ca\/fr\/wp-json\/wp\/v2\/pages\/7086"}],"wp:attachment":[{"href":"https:\/\/www.ottawahospital.on.ca\/fr\/wp-json\/wp\/v2\/media?parent=7122"}],"curies":[{"name":"wp","href":"https:\/\/api.w.org\/{rel}","templated":true}]}}