{"id":71159,"date":"2022-03-25T10:24:41","date_gmt":"2022-03-25T14:24:41","guid":{"rendered":"https:\/\/www.ottawahospital.on.ca\/?page_id=71159"},"modified":"2022-03-25T10:24:45","modified_gmt":"2022-03-25T14:24:45","slug":"scintigraphie-de-perfusion-myocardique-protocole-de-2-jours","status":"publish","type":"page","link":"https:\/\/www.ottawahospital.on.ca\/fr\/services-cliniques\/deptpgrmcs\/departements\/medecine-nucleaire\/examens-et-interventions\/scintigraphie-de-perfusion-myocardique-protocole-de-2-jours\/","title":{"rendered":"Scintigraphie de perfusion myocardique\u00a0(protocole de 2 jours)\u00a0"},"content":{"rendered":"\n<p class=\"class=\"intro-text1\">Votre m\u00e9decin vous envoie passer une scintigraphie de perfusion myocardique. Ce guide r\u00e9pondra \u00e0 certaines de vos questions au sujet de cet examen.&nbsp;<\/p>\n\n\n\n<h2 class=\"wp-block-heading\">Qu\u2019est-ce qu\u2019une scintigraphie de perfusion myocardique?\u202f\u00a0<\/h2>\n\n\n\n<p>La scintigraphie de perfusion myocardique permet de v\u00e9rifier si le sang se rend bien dans le muscle de votre c\u0153ur (appel\u00e9 myocarde) au repos et \u00e0 l\u2019effort.&nbsp;<\/p>\n\n\n\n<h2 class=\"wp-block-heading\">Comment se d\u00e9roulera l\u2019examen?\u202f\u00a0<\/h2>\n\n\n\n<p>La scintigraphie de perfusion myocardique se fait au Service de m\u00e9decine nucl\u00e9aire par un technologue responsable des \u00e9preuves d\u2019effort et un technologue en m\u00e9decine nucl\u00e9aire, sous la supervision \u00e9troite d\u2019un m\u00e9decin sur place.&nbsp;<\/p>\n\n\n\n<p>L\u2019examen a lieu habituellement sur deux jours et vous devrez vous y pr\u00e9parer. La premi\u00e8re partie dure environ <strong>2 heures<\/strong> et la deuxi\u00e8me partie environ <strong>3\u202fheures<\/strong>. Vous trouverez ci-apr\u00e8s une description compl\u00e8te de cet examen.&nbsp;<\/p>\n\n\n\n<h2 class=\"wp-block-heading\">Premier jour\u00a0<\/h2>\n\n\n\n<p>\u00c0 votre arriv\u00e9e, le technologue vous expliquera en d\u00e9tail en quoi consiste l\u2019examen et r\u00e9pondra \u00e0 vos questions \u00e0 ce sujet.&nbsp;<\/p>\n\n\n\n<p>Un technologue injectera une petite quantit\u00e9 d\u2019un produit radioactif dans une veine de votre bras. Cette injection ne cause aucun effet secondaire connu. Il vous demandera ensuite de retourner dans la salle d\u2019attente pour manger le repas riche en gras qu\u2019on vous a demand\u00e9 d\u2019apporter. On vous encourage \u00e0 manger pour am\u00e9liorer la qualit\u00e9 des images de votre c\u0153ur qui seront prises par la suite. Vous devrez attendre environ 30 minutes, c\u2019est-\u00e0-dire le temps que le produit se concentre dans le muscle de votre c\u0153ur.&nbsp;&nbsp;<\/p>\n\n\n\n<p>Par la suite, le technologue vous am\u00e8nera dans une salle d\u2019imagerie et vous demandera de vous allonger sur une table d\u2019examen. Il placera une cam\u00e9ra tout pr\u00e8s de votre poitrine. La cam\u00e9ra pivotera tr\u00e8s lentement pour prendre des images de votre c\u0153ur pendant 15 \u00e0 20 minutes.&nbsp;&nbsp;<\/p>\n\n\n\n<p>Apr\u00e8s la prise de ces images, vous pourrez quitter pour le reste de la journ\u00e9e, mais devrez revenir un autre jour pour passer la deuxi\u00e8me partie de l\u2019examen. On vous confirmera cette date avant votre d\u00e9part.&nbsp;<\/p>\n\n\n\n<h2 class=\"wp-block-heading\">Deuxi\u00e8me jour\u202f:\u00a0<\/h2>\n\n\n\n<p>\u00c0 votre arriv\u00e9e, le technologue vous expliquera de nouveau en d\u00e9tail en quoi consiste l\u2019examen et r\u00e9pondra \u00e0 vos questions \u00e0 ce sujet.&nbsp;<\/p>\n\n\n\n<p>Un technologue placera une petite sonde flexible dans la veine d\u2019un de vos bras. Elle sera utilis\u00e9e pour les injections que vous recevrez durant ce rendez-vous. Vous retournerez dans la salle d\u2019attente en attendant que le technologue responsable des \u00e9preuves d\u2019effort vous appelle pour la deuxi\u00e8me partie de l\u2019examen.&nbsp;<\/p>\n\n\n\n<p>Si vous pouvez marcher sur un tapis roulant, on vous demandera de le faire. On surveillera votre fr\u00e9quence cardiaque (battements de c\u0153ur) pendant que vous marchez au moyen d\u2019un \u00e9lectrocardiographe. Vous ferez l\u2019exercice pendant une p\u00e9riode de temps et on vous administrera un traceur radioactif.&nbsp;<\/p>\n\n\n\n<p>Si vous n\u2019\u00eates pas capable de marcher sur le tapis roulant, on vous administrera un m\u00e9dicament sp\u00e9cial, le dipyridamole, pour stimuler votre c\u0153ur. Ce m\u00e9dicament <strong>peut<\/strong> causer des \u00e9tourdissements, des rougeurs au visage, un mal de t\u00eate, des douleurs \u00e0 la poitrine ou des naus\u00e9es. Lorsque le premier m\u00e9dicament aura fait effet, on vous injectera une petite quantit\u00e9 du traceur radioactif. Ce traceur circulera dans votre corps pour se rendre jusqu\u2019au muscle de votre c\u0153ur. Cette injection ne cause aucun effet secondaire connu. Vers la fin de cette \u00e9tape, on vous injectera un autre m\u00e9dicament appel\u00e9 aminophylline pour annuler l\u2019effet de la dipyridamole re\u00e7u initialement.&nbsp;&nbsp;<\/p>\n\n\n\n<p>On vous demandera ensuite d\u2019attendre 30 \u00e0 40 minutes dans la salle d\u2019attente, le temps que le traceur radioactif se concentre dans le muscle de votre c\u0153ur. \u00c0 ce stade, vous pourrez manger le repas riche en gras que vous aurez apport\u00e9. On vous encourage \u00e0 manger pour am\u00e9liorer la qualit\u00e9 de la s\u00e9rie d\u2019images qui seront prises de votre c\u0153ur.&nbsp;<\/p>\n\n\n\n<p>Un technologue vous am\u00e8nera dans une salle d\u2019examen et prendra d\u2019autres images de votre c\u0153ur comme au premier rendez-vous. Si possible, il prendra d\u2019autres images pendant que vous \u00eates allong\u00e9 sur le ventre. Quand on aura pris toutes les images n\u00e9cessaires et que le technologue les aura v\u00e9rifi\u00e9es, vous pourrez retourner \u00e0 la maison ou dans votre chambre. Vous ne devriez sentir aucun autre effet secondaire apr\u00e8s l\u2019examen.&nbsp;<\/p>\n\n\n\n<h2 class=\"wp-block-heading\">Que devez-vous faire avant l\u2019examen?\u202f\u00a0<\/h2>\n\n\n\n<h3 class=\"wp-block-heading\">Jour de l\u2019examen\u00a0\u00a0\u00a0<\/h3>\n\n\n\n<ul class=\"wp-block-list\"><li>Apportez votre carte d\u2019assurance-sant\u00e9.&nbsp;<\/li><li>Apportez aussi la liste de tous les m\u00e9dicaments que vous prenez actuellement.&nbsp;<\/li><\/ul>\n\n\n\n<ul class=\"wp-block-list\"><li>Veuillez porter ou apporter des souliers confortables et un pantalon ou un short ample qui convient pour faire de l\u2019exercice. Nous vous prions de porter des v\u00eatements qui ne contiennent pas de m\u00e9tal. Laissez tout objet de valeur \u00e0 la maison.&nbsp;<\/li><li>Comme vous devrez peut-\u00eatre attendre avant la prise de la s\u00e9rie d\u2019images, on vous recommande de vous apporter de la lecture. L\u2019acc\u00e8s \u00e0 Internet sans fil est gratuit.&nbsp;<\/li><li>Apportez aussi une collation riche en gras (p. ex. du lait 3,25\u202f%, un substitut de repas de type Ensure ou du yogourt \u00e0 haute teneur en gras) puisque le technologue vous demandera de manger un peu avant la prise d\u2019images. Attendez qu\u2019il vous dise que vous pouvez manger.&nbsp;<\/li><li>Lorsque vous prendrez rendez-vous, veuillez indiquer au commis du bureau des rendez-vous si vous \u00eates claustrophobe ou si vous avez de la difficult\u00e9 \u00e0 rester allong\u00e9 sans bouger, avez besoin d\u2019un l\u00e8ve-personne pour votre transfert sur la table d\u2019examen ou si vous avez tout autre besoin particulier (p.\u202fex. besoin d\u2019un interpr\u00e8te). Ainsi, nous prendrons les mesures n\u00e9cessaires pour vous offrir les meilleurs soins qui soient.&nbsp;<\/li><\/ul>\n\n\n\n<h3 class=\"wp-block-heading\">48 heures avant le rendez-vous\u00a0<\/h3>\n\n\n\n<p>Vous recevrez des instructions du bureau des rendez-vous concernant les m\u00e9dicaments suivants\u202f:&nbsp;<\/p>\n\n\n\n<ul class=\"wp-block-list\"><li>Aminophylline (Phyllocontin ou Phyllocontin\u202f350), oxtriphylline (Choledyl), th\u00e9ophylline (Quibron-150, Uniphyl ou Theo-Dur), pentoxifylline (Trental) ou tout b\u00eatabloquant ou antagoniste du calcium.&nbsp;<\/li><\/ul>\n\n\n\n<h3 class=\"wp-block-heading\">24 heures avant le rendez-vous\u00a0<\/h3>\n\n\n\n<ul class=\"wp-block-list\"><li>Ne prenez pas les m\u00e9dicaments suivants\u202f: Viagra, Cialis, Aggrenox (dipyridamole + AAS), Persantine.&nbsp;<\/li><li>Ne prenez pas de m\u00e9dicaments qui contiennent de la caf\u00e9ine ou de la cod\u00e9ine (222, 282, 292, Anacin, Asacol, Darvon, Dristan, Excedrine, Fiorinal, Lenotec\u202f1, 2, 3, Midol, No Doz, Tylenol\u202f1, 2, 3, 4, Vanquish, Vivarin, Sinutab avec cod\u00e9ine, comprim\u00e9s pour contr\u00f4ler l\u2019app\u00e9tit, etc.)&nbsp;<\/li><li>Ne prenez pas de boissons ou de nourriture contenant de la caf\u00e9ine ou d\u00e9caf\u00e9in\u00e9es (caf\u00e9, caf\u00e9 d\u00e9caf\u00e9in\u00e9, th\u00e9, boissons gazeuses, chocolat, etc.)&nbsp;<\/li><li>Ne prenez pas les m\u00e9dicaments suivants\u202f: Imdur (mononitrate d\u2019isosorbide), Isordil (dinitrate d\u2019isosorbide), NitroDur, Transderm, Minitran, Nitropaste, Nitrong.&nbsp;<\/li><\/ul>\n\n\n\n<h3 class=\"wp-block-heading\">4 heures avant le rendez-vous\u00a0<\/h3>\n\n\n\n<ul class=\"wp-block-list\"><li>Ne mangez rien et ne buvez rien. Si vous \u00eates diab\u00e9tique, vous pouvez prendre une tranche de pain grill\u00e9e (sans rien dessus) ou un peu de jus (vous pouvez prendre des gorg\u00e9es d\u2019eau).&nbsp;<\/li><li>Si vous devez prendre un comprim\u00e9 ou un jet de nitroglyc\u00e9rine, prenez-le, mais avisez-en le technologue.&nbsp;<\/li><\/ul>\n\n\n\n<h2 class=\"wp-block-heading\">L\u2019examen est-il douloureux?\u202f\u00a0<\/h2>\n\n\n\n<p>Seule l\u2019aiguille qui sert \u00e0 l\u2019injection pourrait causer un peu de douleur. On vous a peut-\u00eatre d\u00e9j\u00e0 pr\u00e9lev\u00e9 du sang pour des analyses. L\u2019injection que vous aurez est tr\u00e8s similaire.\u202f&nbsp;<\/p>\n\n\n\n<p>Si vous devez prendre des m\u00e9dicaments pour simuler l\u2019exercice, vous pourriez \u00e9prouver de l\u00e9gers sympt\u00f4mes comme des naus\u00e9es, un mal de t\u00eate, des \u00e9tourdissements, des rougeurs au visage ou une douleur \u00e0 la poitrine (angine). Ces sympt\u00f4mes dureront seulement quelques minutes.&nbsp;<\/p>\n\n\n\n<h2 class=\"wp-block-heading\">Les radiations sont-elles dangereuses?\u202f\u00a0<\/h2>\n\n\n\n<p>L\u2019injection contient une petite quantit\u00e9 d\u2019un traceur radioactif qui \u00e9met des rayons gamma (semblables aux rayons X). La dose de rayonnement est tr\u00e8s faible et dispara\u00eetra d\u2019elle-m\u00eame apr\u00e8s deux jours. Les r\u00e9sultats de votre examen fourniront de l\u2019information utile sur votre \u00e9tat de sant\u00e9 \u00e0 votre m\u00e9decin et l\u2019aideront \u00e0 planifier votre traitement. Les avantages de passer une scintigraphie l\u2019emportent nettement sur les risques possibles d\u2019une petite dose de rayonnement.\u202f&nbsp;<\/p>\n\n\n\n<h2 class=\"wp-block-heading\">Autres risques\u00a0<\/h2>\n\n\n\n<p>L\u2019examen se d\u00e9roule dans un environnement contr\u00f4l\u00e9 sous la supervision d\u2019un m\u00e9decin.&nbsp;<\/p>\n\n\n\n<p>Les risques associ\u00e9s \u00e0 l\u2019\u00e9preuve d\u2019effort d\u00e9pendent de l\u2019\u00e9tat de votre c\u0153ur et de votre \u00e9tat de sant\u00e9 g\u00e9n\u00e9ral. Les risquent incluent\u202f:&nbsp;<\/p>\n\n\n\n<ul class=\"wp-block-list\"><li>l\u2019\u00e9vanouissement, des douleurs \u00e0 la poitrine, des battements de c\u0153ur irr\u00e9guliers et une crise cardiaque&nbsp;<\/li><\/ul>\n\n\n\n<h2 class=\"wp-block-heading\">Que devez-vous faire apr\u00e8s l\u2019examen?\u202f\u00a0<\/h2>\n\n\n\n<p>Vous n\u2019avez pas \u00e0 prendre de pr\u00e9caution particuli\u00e8re apr\u00e8s l\u2019examen. Mais si vous devez traverser une fronti\u00e8re dans les 7\u202fjours suivants, dites-le-nous. Les d\u00e9tecteurs de rayonnement des postes frontaliers et des a\u00e9roports sont tr\u00e8s sensibles et peuvent d\u00e9tecter les minuscules traces de radioactivit\u00e9. Nous vous donnerons une lettre que vous pourrez montrer aux agents des douanes.\u202f&nbsp;<\/p>\n\n\n\n<h2 class=\"wp-block-heading\">Y a-t-il quelque chose que vous devriez mentionner au personnel avant l\u2019injection?\u202f\u00a0<\/h2>\n\n\n\n<p>Veuillez nous dire si vous \u00eates enceinte ou si vous allaitez.&nbsp;&nbsp;<\/p>\n\n\n\n<h2 class=\"wp-block-heading\">Comment obtiendrez-vous les r\u00e9sultats de votre examen?\u202f\u00a0<\/h2>\n\n\n\n<p>Un m\u00e9decin sp\u00e9cialiste examinera les images peu apr\u00e8s l\u2019examen, puis il enverra un rapport au m\u00e9decin qui a demand\u00e9 la scintigraphie. Votre m\u00e9decin devrait le recevoir dans la semaine qui suit la scintigraphie. Vous aurez acc\u00e8s au rapport dans MyChart d\u00e8s qu\u2019il sera disponible.&nbsp;<\/p>\n\n\n\n<p>Si vous avez des questions sur les r\u00e9sultats ou le rapport d\u2019examen, veuillez communiquer directement avec votre m\u00e9decin. Il est le mieux plac\u00e9 pour interpr\u00e9ter les r\u00e9sultats pour vous.&nbsp;<\/p>\n\n\n\n<h2 class=\"wp-block-heading\">Y a-t-il des frais pour cet examen?\u00a0<\/h2>\n\n\n\n<p>Non. L\u2019examen est pay\u00e9 par le syst\u00e8me de sant\u00e9. Comme il nous en co\u00fbte plusieurs centaines de dollars, nous vous prions de nous aviser au 613\u202f761-4831 si vous ne pouvez pas venir \u00e0 votre rendez-vous.&nbsp;<\/p>\n\n\n\n<h2 class=\"wp-block-heading\">Que devriez-vous faire si vous ne pouvez pas venir \u00e0 votre rendez-vous?\u00a0<\/h2>\n\n\n\n<p>Si vous ne pouvez pas venir \u00e0 votre rendez-vous, il est important de nous en aviser d\u00e8s que possible au 613\u202f761-4831. Autrement, votre absence entra\u00eenera un gaspillage de mat\u00e9riel co\u00fbteux command\u00e9 sp\u00e9cialement pour votre rendez-vous en plus de r\u00e9duire l\u2019acc\u00e8s \u00e0 ce service pour d\u2019autres patients. Un rendez-vous manqu\u00e9 peut aussi entra\u00eener un retard dans vos traitements.&nbsp;<\/p>\n\n\n\n<h2 class=\"wp-block-heading\"><strong>Indications et stati<\/strong>onnement\u00a0<\/h2>\n\n\n\n<figure class=\"wp-block-table is-style-stripes\"><table><tbody><tr><td>Campus G\u00e9n\u00e9ral&nbsp;&nbsp;501, chemin Smyth, rez-de-chauss\u00e9e&nbsp;T\u00e9l\u00e9phone\u202f: 613\u202f761-4831 (option\u202f8)&nbsp;Heures d\u2019ouverture\u202f: Du lundi au vendredi, de 7\u202fh \u00e0 16\u202fh&nbsp;Pour nous trouver\u202f: \u00c0 partir de l\u2019entr\u00e9e principale de l\u2019h\u00f4pital, rendez-vous aux ascenseurs, puis suivez les panneaux de la M\u00e9decine nucl\u00e9aire. Vous pouvez aussi demander le chemin au bureau d\u2019information.\u202f&nbsp;<\/td><\/tr><tr><td>Stationnez-vous dans le stationnement \u00e0 \u00e9tages \u00e0 c\u00f4t\u00e9 de l\u2019entr\u00e9e principale qui donne sur le\u202fchemin Smyth&nbsp;<\/td><\/tr><\/tbody><\/table><\/figure>\n\n\n\n<h3 class=\"wp-block-heading\">Instructions pour le stationnement&nbsp;<\/h3>\n\n\n\n<ul class=\"wp-block-list\"><li>Tous nos stationnements sont automatis\u00e9s.\u00a0\u00a0<\/li><li>Gardez le billet de stationnement sur vous.\u00a0\u00a0<\/li><li>\u00c0 la fin de votre visite, vous pourrez payer \u00e0 l\u2019un des guichets de paiement automatis\u00e9s (argent comptant ou carte de cr\u00e9dit) ou \u00e0 une sortie rapide dans le stationnement (carte de cr\u00e9dit). Vous avez 20\u202fminutes pour sortir du stationnement apr\u00e8s avoir pay\u00e9.\u00a0<\/li><li>Modes de paiement\u00a0<ul><li>Guichets de paiement\u202f: Argent comptant ou carte de cr\u00e9dit (Visa, MasterCard ou American Express)\u00a0<\/li><\/ul><\/li><li>Frais de stationnement\u202f: maximum de 13\u202f$ par jour\u00a0<\/li><\/ul>\n\n\n\n<p>Visitez le site Web de L\u2019H\u00f4pital d\u2019Ottawa pour en savoir plus sur le <a href=\"https:\/\/www.ottawahospital.on.ca\/fr\/patients-et-visiteurs\/visites-a-lhopital\">chemin \u00e0 prendre et le stationnement<\/a>. Vous y trouverez des plans des lieux.\u00a0<\/p>\n","protected":false},"excerpt":{"rendered":"","protected":false},"author":25,"featured_media":0,"parent":12427,"menu_order":10,"comment_status":"closed","ping_status":"closed","template":"","meta":{"_acf_changed":false,"_mc_calendar":[],"footnotes":""},"class_list":["post-71159","page","type-page","status-publish","hentry"],"acf":[],"wps_subtitle":"","_links":{"self":[{"href":"https:\/\/www.ottawahospital.on.ca\/fr\/wp-json\/wp\/v2\/pages\/71159","targetHints":{"allow":["GET"]}}],"collection":[{"href":"https:\/\/www.ottawahospital.on.ca\/fr\/wp-json\/wp\/v2\/pages"}],"about":[{"href":"https:\/\/www.ottawahospital.on.ca\/fr\/wp-json\/wp\/v2\/types\/page"}],"author":[{"embeddable":true,"href":"https:\/\/www.ottawahospital.on.ca\/fr\/wp-json\/wp\/v2\/users\/25"}],"replies":[{"embeddable":true,"href":"https:\/\/www.ottawahospital.on.ca\/fr\/wp-json\/wp\/v2\/comments?post=71159"}],"version-history":[{"count":0,"href":"https:\/\/www.ottawahospital.on.ca\/fr\/wp-json\/wp\/v2\/pages\/71159\/revisions"}],"up":[{"embeddable":true,"href":"https:\/\/www.ottawahospital.on.ca\/fr\/wp-json\/wp\/v2\/pages\/12427"}],"wp:attachment":[{"href":"https:\/\/www.ottawahospital.on.ca\/fr\/wp-json\/wp\/v2\/media?parent=71159"}],"curies":[{"name":"wp","href":"https:\/\/api.w.org\/{rel}","templated":true}]}}