{"id":71138,"date":"2022-03-24T15:16:52","date_gmt":"2022-03-24T19:16:52","guid":{"rendered":"https:\/\/www.ottawahospital.on.ca\/?page_id=71138"},"modified":"2022-03-24T15:16:56","modified_gmt":"2022-03-24T19:16:56","slug":"scintigraphie-osseuse-du-coeur-pour-deceler-lamyloidose-cardiaque","status":"publish","type":"page","link":"https:\/\/www.ottawahospital.on.ca\/fr\/services-cliniques\/deptpgrmcs\/departements\/medecine-nucleaire\/examens-et-interventions\/scintigraphie-osseuse-du-coeur-pour-deceler-lamyloidose-cardiaque\/","title":{"rendered":"Scintigraphie osseuse du c\u0153ur pour d\u00e9celer l\u2019amylo\u00efdose cardiaque"},"content":{"rendered":"\n<p class=\"intro-text1\">Votre m\u00e9decin vous envoie passer une scintigraphie osseuse du c\u0153ur pour d\u00e9celer l\u2019amylo\u00efdose (ou l\u2019amylose) cardiaque. Ce guide r\u00e9pondra \u00e0 certaines de vos questions.\u202f&nbsp;<\/p>\n\n\n\n<h2 class=\"wp-block-heading\">Qu\u2019est-ce qu\u2019une scintigraphie osseuse du c\u0153ur?\u202f\u00a0<\/h2>\n\n\n\n<p>Il s\u2019agit d\u2019un examen d\u2019imagerie m\u00e9dicale (<em>scan<\/em>) qui utilise un traceur radioactif et une cam\u00e9ra gamma pour d\u00e9terminer si les tissus du c\u0153ur contiennent des d\u00e9p\u00f4ts d\u2019amylose anormaux.&nbsp;<\/p>\n\n\n\n<h2 class=\"wp-block-heading\">Comment se d\u00e9roulera l\u2019examen?\u202f\u00a0<\/h2>\n\n\n\n<p>Vous aurez <strong>2\u202frendez-vous<\/strong> le m\u00eame jour (\u00e0 environ 3\u202fheures d\u2019intervalle)\u202f:&nbsp;<\/p>\n\n\n\n<p><strong>Premier rendez-vous (dur\u00e9e de 15\u202fmin.)<\/strong>\u202f: Un technologue vous expliquera les \u00e9tapes de l\u2019intervention et r\u00e9pondra \u00e0 vos questions. On vous injectera ensuite un traceur radioactif dans une veine du bras. Ce produit ne cause aucun effet secondaire. Il y aura un \u00e9cart de 3\u202fheures entre l\u2019injection et la scintigraphie (<em>scan<\/em>) afin de permettre aux tissus du c\u0153ur d\u2019absorber le traceur. Entre-temps, vous pouvez manger et boire et m\u00eame quitter le Service de m\u00e9decine nucl\u00e9aire.&nbsp;&nbsp;<\/p>\n\n\n\n<p><strong>Deuxi\u00e8me rendez-vous (dur\u00e9e de 45-60\u202fmin.)<\/strong>\u202f: Nous ferons une scintigraphie de votre c\u0153ur. Vous devrez retirer tout objet m\u00e9tallique que vous portez, y compris les bijoux. Vous devrez peut-\u00eatre mettre une chemise d\u2019h\u00f4pital. On vous demandera de vous allonger sur la table d\u2019examen. Le technologue utilisera un d\u00e9tecteur appel\u00e9 \u00ab\u202fcam\u00e9ra gamma\u202f\u00bb pour prendre plusieurs images de votre thorax et cr\u00e9er des images en trois dimensions \u00e0 l\u2019intention de votre m\u00e9decin.&nbsp;<\/p>\n\n\n\n<p>L\u2019examen prendra une bonne partie de la journ\u00e9e.&nbsp;<\/p>\n\n\n\n<h2 class=\"wp-block-heading\">Que devez-vous faire avant l\u2019examen?\u202f\u00a0<\/h2>\n\n\n\n<ul class=\"wp-block-list\"><li>Apportez votre carte d\u2019assurance-sant\u00e9.&nbsp;&nbsp;<\/li><li>Vous n\u2019avez pas \u00e0 vous pr\u00e9parer pour cet examen. Le jour de l\u2019examen, vous pourrez manger, boire et prendre vos m\u00e9dicaments comme vous le feriez normalement.&nbsp;&nbsp;<\/li><li>Nous vous prions de porter des v\u00eatements qui ne contiennent pas de m\u00e9tal. Veuillez ne porter aucun bijou. Laissez tout objet de valeur \u00e0 la maison.&nbsp;<\/li><li>Lorsque vous prendrez rendez-vous, veuillez signaler tout besoin particulier (p. ex. claustrophobie, difficult\u00e9 \u00e0 rester allong\u00e9 sans bouger, l\u00e8ve-personne pour monter sur la table d\u2019examen, barri\u00e8re linguistique). Ainsi, nous prendrons les mesures n\u00e9cessaires pour vous offrir les meilleurs soins possible.&nbsp;<\/li><\/ul>\n\n\n\n<h2 class=\"wp-block-heading\">L\u2019examen est-il douloureux?\u202f\u00a0<\/h2>\n\n\n\n<p>Seule l\u2019aiguille qui sert \u00e0 l\u2019injection pourrait causer un peu de douleur, similairement \u00e0 une prise de sang.&nbsp;&nbsp;<\/p>\n\n\n\n<h2 class=\"wp-block-heading\">Le traceur radioactif est-il dangereux?\u00a0<\/h2>\n\n\n\n<p>L\u2019injection contient une petite quantit\u00e9 d\u2019un traceur radioactif qui \u00e9met des rayons gamma (semblables aux rayons X). La cam\u00e9ra gamma d\u00e9tecte ces rayons. La dose de rayonnement est tr\u00e8s faible et dispara\u00eetra d\u2019elle-m\u00eame apr\u00e8s 2 jours. Les r\u00e9sultats de l\u2019examen fourniront de l\u2019information utile sur votre \u00e9tat de sant\u00e9 \u00e0 votre m\u00e9decin et l\u2019aideront \u00e0 planifier votre traitement. Les avantages de passer une scintigraphie l\u2019emportent nettement sur les risques possibles d\u2019une petite dose de rayonnement.\u202f&nbsp;<\/p>\n\n\n\n<h2 class=\"wp-block-heading\">Devez-vous faire quelque chose apr\u00e8s l\u2019examen?\u202f\u00a0<\/h2>\n\n\n\n<p>Vous n\u2019avez pas \u00e0 prendre de pr\u00e9caution particuli\u00e8re apr\u00e8s l\u2019examen. Si vous devez voyager \u00e0 l\u2019\u00e9tranger dans les 7\u202fjours suivant l\u2019examen, veuillez nous en aviser pour obtenir des conseils. Les d\u00e9tecteurs de rayonnement utilis\u00e9s aux postes frontaliers et dans les a\u00e9roports sont tr\u00e8s sensibles et peuvent d\u00e9tecter les minuscules traces de radioactivit\u00e9 dans votre corps. Nous vous donnerons une lettre que vous pourrez montrer aux agents des douanes.\u202f&nbsp;<\/p>\n\n\n\n<h2 class=\"wp-block-heading\">Que devez-vous nous dire avant l\u2019injection?\u202f\u00a0<\/h2>\n\n\n\n<p>Si vous \u00eates enceinte ou que vous allaitez, assurez-vous de nous le dire d\u2019avance.\u00a0<\/p>\n\n\n\n<h2 class=\"wp-block-heading\">Comment obtiendrez-vous les r\u00e9sultats de votre examen?\u202f\u00a0<\/h2>\n\n\n\n<p>Un m\u00e9decin sp\u00e9cialiste examinera les images, puis enverra un rapport \u00e0 votre m\u00e9decin, qui a demand\u00e9 l\u2019examen. Votre m\u00e9decin devrait le recevoir moins d\u2019une semaine apr\u00e8s l\u2019examen. Vous aurez aussi acc\u00e8s au rapport dans MyChart.&nbsp;<\/p>\n\n\n\n<p>Si vous avez des questions sur les r\u00e9sultats ou le rapport d\u2019examen, veuillez communiquer directement avec votre m\u00e9decin. Il sera le mieux plac\u00e9 pour vous expliquer les r\u00e9sultats.&nbsp;<\/p>\n\n\n\n<h2 class=\"wp-block-heading\">Y a-t-il des frais pour cet examen?\u00a0<\/h2>\n\n\n\n<p>Non. L\u2019examen est pay\u00e9 par le syst\u00e8me de sant\u00e9. Comme il co\u00fbte plusieurs centaines de dollars, nous vous prions de nous appeler au <strong>613-761-4831<\/strong> si vous ne pouvez pas vous pr\u00e9senter.&nbsp;<\/p>\n\n\n\n<h2 class=\"wp-block-heading\">Et si vous ne pouvez pas venir \u00e0 votre rendez-vous?\u00a0<\/h2>\n\n\n\n<p>En cas d\u2019emp\u00eachement, il est important de nous en aviser d\u00e8s que possible au <strong>613 761-4831<\/strong>. Autrement, votre absence entra\u00eene un gaspillage du mat\u00e9riel co\u00fbteux command\u00e9 sp\u00e9cialement pour vous, en plus de r\u00e9duire l\u2019acc\u00e8s \u00e0 nos services pour d\u2019autres patients. Un rendez-vous manqu\u00e9 peut aussi entra\u00eener un retard dans vos traitements.&nbsp;<\/p>\n\n\n\n<h2 class=\"wp-block-heading\">Indications et stationnement\u00a0<\/h2>\n\n\n\n<figure class=\"wp-block-table is-style-stripes\"><table><tbody><tr><td>Campus G\u00e9n\u00e9ral&nbsp;&nbsp;501, chemin Smyth, rez-de-chauss\u00e9e&nbsp;T\u00e9l\u00e9phone\u202f: 613\u202f761-4831 (option\u202f8)&nbsp;Heures d\u2019ouverture\u202f: Du lundi au vendredi, de 7\u202fh \u00e0 16\u202fh&nbsp;Pour nous trouver\u202f: \u00c0 partir de l\u2019entr\u00e9e principale de l\u2019h\u00f4pital, allez jusqu\u2019aux ascenseurs, puis suivez les panneaux de la M\u00e9decine nucl\u00e9aire. Vous pouvez aussi demander le chemin au bureau d\u2019information.\u202f&nbsp;<\/td><\/tr><tr><td>Stationnez-vous dans le stationnement \u00e0 \u00e9tages \u00e0 c\u00f4t\u00e9 de l\u2019entr\u00e9e principale qui donne sur le\u202fchemin Smyth.&nbsp;<\/td><\/tr><\/tbody><\/table><\/figure>\n\n\n\n<h3 class=\"wp-block-heading\">Instructions pour le stationnement&nbsp;<\/h3>\n\n\n\n<ul class=\"wp-block-list\"><li>Tous nos stationnements sont automatis\u00e9s.\u00a0\u00a0<\/li><li>Gardez le billet de stationnement avec vous.\u00a0\u00a0<\/li><li>\u00c0 la fin de votre visite, vous pourrez payer \u00e0 l\u2019un des guichets de paiement automatis\u00e9s (argent comptant ou carte de cr\u00e9dit) ou \u00e0 une sortie rapide dans le stationnement (carte de cr\u00e9dit). Vous avez 20\u202fminutes pour sortir du stationnement apr\u00e8s avoir pay\u00e9.\u00a0<\/li><li>Modes de paiement\u00a0<ul><li>Guichets de paiement\u202f: Argent comptant ou carte de cr\u00e9dit (Visa, MasterCard ou American Express)\u00a0<\/li><\/ul><\/li><li>Frais de stationnement\u202f: maximum de 13\u202f$ par jour\u00a0<\/li><\/ul>\n\n\n\n<p>Visitez le site Web de L\u2019H\u00f4pital d\u2019Ottawa pour en savoir plus sur le <a href=\"https:\/\/www.ottawahospital.on.ca\/fr\/patients-et-visiteurs\/visites-a-lhopital\">chemin \u00e0 prendre et le stationnement<\/a>. Vous y trouverez des plans des lieux.\u00a0<\/p>\n","protected":false},"excerpt":{"rendered":"<p>Votre m\u00e9decin vous envoie passer une scintigraphie osseuse du c\u0153ur pour d\u00e9celer l\u2019amylo\u00efdose (ou l\u2019amylose) cardiaque. Ce guide r\u00e9pondra \u00e0 certaines de vos questions.\u202f&nbsp; Qu\u2019est-ce qu\u2019une scintigraphie osseuse du c\u0153ur?\u202f\u00a0 Il s\u2019agit d\u2019un examen d\u2019imagerie m\u00e9dicale (scan) qui utilise un traceur radioactif et une cam\u00e9ra gamma pour d\u00e9terminer si les tissus du c\u0153ur contiennent des [&hellip;]<\/p>\n","protected":false},"author":25,"featured_media":0,"parent":12427,"menu_order":7,"comment_status":"closed","ping_status":"closed","template":"","meta":{"_acf_changed":false,"_mc_calendar":[],"footnotes":""},"class_list":["post-71138","page","type-page","status-publish","hentry"],"acf":[],"wps_subtitle":"","_links":{"self":[{"href":"https:\/\/www.ottawahospital.on.ca\/fr\/wp-json\/wp\/v2\/pages\/71138","targetHints":{"allow":["GET"]}}],"collection":[{"href":"https:\/\/www.ottawahospital.on.ca\/fr\/wp-json\/wp\/v2\/pages"}],"about":[{"href":"https:\/\/www.ottawahospital.on.ca\/fr\/wp-json\/wp\/v2\/types\/page"}],"author":[{"embeddable":true,"href":"https:\/\/www.ottawahospital.on.ca\/fr\/wp-json\/wp\/v2\/users\/25"}],"replies":[{"embeddable":true,"href":"https:\/\/www.ottawahospital.on.ca\/fr\/wp-json\/wp\/v2\/comments?post=71138"}],"version-history":[{"count":0,"href":"https:\/\/www.ottawahospital.on.ca\/fr\/wp-json\/wp\/v2\/pages\/71138\/revisions"}],"up":[{"embeddable":true,"href":"https:\/\/www.ottawahospital.on.ca\/fr\/wp-json\/wp\/v2\/pages\/12427"}],"wp:attachment":[{"href":"https:\/\/www.ottawahospital.on.ca\/fr\/wp-json\/wp\/v2\/media?parent=71138"}],"curies":[{"name":"wp","href":"https:\/\/api.w.org\/{rel}","templated":true}]}}