{"id":71134,"date":"2022-03-24T14:45:55","date_gmt":"2022-03-24T18:45:55","guid":{"rendered":"https:\/\/www.ottawahospital.on.ca\/?page_id=71134"},"modified":"2022-05-17T11:04:58","modified_gmt":"2022-05-17T15:04:58","slug":"test-respiratoire-a-luree-marquee-au-carbone-14","status":"publish","type":"page","link":"https:\/\/www.ottawahospital.on.ca\/fr\/services-cliniques\/deptpgrmcs\/departements\/medecine-nucleaire\/examens-et-interventions\/test-respiratoire-a-luree-marquee-au-carbone-14\/","title":{"rendered":"Test respiratoire \u00e0 l\u2019ur\u00e9e marqu\u00e9e au carbone 14"},"content":{"rendered":"\n<p class=\"intro-text1\">Votre m\u00e9decin vous envoie passer un test respiratoire \u00e0 l\u2019ur\u00e9e marqu\u00e9e au carbone 14. Ce guide r\u00e9pondra \u00e0 certaines de vos questions.&nbsp;<\/p>\n\n\n\n<h2 class=\"wp-block-heading\">Qu\u2019est-ce qu\u2019un test respiratoire \u00e0 l\u2019ur\u00e9e marqu\u00e9e au carbone 14?&nbsp;<\/h2>\n\n\n\n<p>Il s\u2019agit d\u2019une fa\u00e7on simple et sans douleur de d\u00e9pister la pr\u00e9sence d\u2019une bact\u00e9rie appel\u00e9e <em>helicobacter pylori<\/em> dans votre estomac. Si la quantit\u00e9 de cette bact\u00e9rie dans l\u2019estomac est \u00e9lev\u00e9e, cela peut causer de la douleur et d\u2019autres probl\u00e8mes gastriques.&nbsp;<\/p>\n\n\n\n<h2 class=\"wp-block-heading\">En quoi consiste cet examen?&nbsp;<\/h2>\n\n\n\n<p>\u00c0 votre arriv\u00e9e au Service de m\u00e9decine, un technologue vous expliquera le d\u00e9roulement de l\u2019examen et r\u00e9pondra \u00e0 vos questions. On vous demandera d\u2019avaler avec de l\u2019eau une capsule contenant une petite quantit\u00e9 d\u2019ur\u00e9e marqu\u00e9e au carbone 14 radioactif. Le carbone 14 ne cause aucun effet secondaire connu. Apr\u00e8s 3\u202fminutes, on vous demandera de boire encore un peu d\u2019eau. Vous devrez ensuite patienter 10\u202fminutes pour permettre \u00e0 la capsule de se dissoudre dans votre estomac.&nbsp;&nbsp;<\/p>\n\n\n\n<p>On vous demandera alors d\u2019expirer l\u2019air de vos poumons en soufflant dans un ballon. L\u2019\u00e9chantillon d\u2019air ainsi pr\u00e9lev\u00e9 sera analys\u00e9 par un sp\u00e9cialiste en m\u00e9decine nucl\u00e9aire pour d\u00e9terminer la quantit\u00e9 de radioactivit\u00e9, ce qui r\u00e9v\u00e8lera la concentration de <em>helicobacter pylori<\/em> dans votre estomac.&nbsp;<\/p>\n\n\n\n<p>En tout, l\u2019examen dure environ <strong>15\u202fmin<\/strong>.&nbsp;<\/p>\n\n\n\n<h2 class=\"wp-block-heading\">Y a-t-il quelque chose \u00e0 faire avant l\u2019examen?&nbsp;<\/h2>\n\n\n\n<ul class=\"wp-block-list\"><li>Apportez votre carte d\u2019assurance-sant\u00e9.\u00a0<\/li><li>Lorsque vous prendrez rendez-vous, veuillez signaler tout besoin particulier (p. ex. claustrophobie, difficult\u00e9 \u00e0 rester allong\u00e9 sans bouger, l\u00e8ve-personne pour monter sur la table d\u2019examen, barri\u00e8re linguistique). Ainsi, nous prendrons les mesures n\u00e9cessaires pour vous offrir les meilleurs soins possible.\u00a0<\/li><li>Vous devez \u00eatre \u00e0 jeun (ni nourriture ni eau) et vous abstenir de fumer ou de vapoter 6\u202fheures avant votre rendez-vous\u00a0<\/li><li>Vous devez interrompre tout traitement antibiotique pendant 4\u202fsemaines avant Vous devez \u00eatre \u00e0 jeun (ni nourriture ni eau) et vous abstenir de fumer ou de vapoter 6\u202fheures avant votre rendez-vous, sans quoi l\u2019examen donnera un r\u00e9sultat faussement n\u00e9gatif.\u00a0<\/li><li>Si vous prenez des m\u00e9dicaments pour l\u2019estomac, suivez les instructions ci-dessous apr\u00e8s avoir consult\u00e9 votre m\u00e9decin. \u00a0<\/li><li>Le jour de l\u2019examen, veuillez apporter la liste de vos m\u00e9dicaments.\u00a0<\/li><li>M\u00e9dicaments que vous devez arr\u00eater de prendre pendant <strong>4\u202fsemaines<\/strong> avantvotre rendez-vous:\u00a0\u202f:\u00a0<ul><li>Bismuth &#8211; Bismed\u00a0<\/li><li>Sous-salicylate de bismuth\u00a0<\/li><li>Bismylate\u00a0<\/li><li>Pepto Bismol\u00a0<\/li><li>Caplets de Bismuth (marque Personnelle)\u00a0<\/li><li>Bismuth liquide rose\u00a0<\/li><\/ul><\/li><li>M\u00e9dicaments que vous devez arr\u00eater de prendre pendant<strong> 2 semaines<\/strong> avant votre rendez-vous:\u00a0 :\u00a0<ul><li>Prevacid (lansoprazole)\u00a0\u00a0<\/li><li>Losec\/Prilosec (om\u00e9prazole)\u00a0\u00a0<\/li><li>Pantoloc\/Tecta (pantoprazole)\u00a0\u00a0<\/li><li>Nexium (\u00e9som\u00e9prazole)\u00a0\u00a0<\/li><li>Pariet (ran-rab\u00e9prazole)\u00a0\u00a0<\/li><li>Dexilant (dexlansoprazole)\u00a0\u00a0<\/li><li>Pepcid AC (fanotidine)\u00a0\u00a0<\/li><li>Zantac (ranitidine)\u00a0\u00a0<\/li><li>Axid (rizatidine)\u00a0\u00a0<\/li><li>Tagamet (cin\u00e9tidine)\u00a0\u00a0<\/li><li>Carafate\/Sulcrate (sucralfate)\u00a0\u00a0<\/li><li>Lait de magn\u00e9sie\u00a0<\/li><\/ul><\/li><li>M\u00e9dicaments que vous devez arr\u00eater de prendre pendant<strong> 24\u202fheures<\/strong> avant votre rendez-vous:\u00a0:\u00a0<ul><li>Tums\u00a0<\/li><li>Gaviscon\u00a0<\/li><li>Rolaids\u00a0<\/li><li>Maalox\u00a0<\/li><\/ul><\/li><\/ul>\n\n\n\n<h2 class=\"wp-block-heading\">L\u2019examen est-il douloureux?&nbsp;<\/h2>\n\n\n\n<p>Non, il ne cause aucune douleur et vous n\u2019aurez aucun effet secondaire.&nbsp;<\/p>\n\n\n\n<h2 class=\"wp-block-heading\">Les radiations sont-elles dangereuses?&nbsp;<\/h2>\n\n\n\n<p>La quantit\u00e9 de radioactivit\u00e9 utilis\u00e9e pour cet examen est tr\u00e8s petite et ne d\u00e9passe pas la quantit\u00e9 qu\u2019une personne re\u00e7oit en moyenne de sources naturelles pr\u00e9sentes dans l\u2019environnement au quotidien. Le carbone 14 n\u2019entra\u00eene aucune r\u00e9action ind\u00e9sirable. Les r\u00e9sultats de votre examen fourniront de l\u2019information utile sur votre \u00e9tat de sant\u00e9 \u00e0 votre m\u00e9decin et l\u2019aideront \u00e0 planifier votre traitement. Les avantages de passer cet examen l\u2019emportent nettement sur les risques possibles d\u2019une petite dose de rayonnement.&nbsp;<\/p>\n\n\n\n<h2 class=\"wp-block-heading\">Devez-vous faire quelque chose apr\u00e8s l\u2019examen?&nbsp;<\/h2>\n\n\n\n<p>Vous n\u2019avez pas besoin de prendre de pr\u00e9cautions apr\u00e8s l\u2019examen. Si vous avez cess\u00e9 de prendre des m\u00e9dicaments pour vous pr\u00e9parer \u00e0 l\u2019examen, vous pouvez recommencer \u00e0 les prendre, sauf indication contraire de votre m\u00e9decin.&nbsp;<\/p>\n\n\n\n<h2 class=\"wp-block-heading\">Y a-t-il quelque chose que vous devriez dire au personnel avant l\u2019injection?&nbsp;<\/h2>\n\n\n\n<p>Veuillez nous dire si vous \u00eates enceinte ou que vous allaitez.&nbsp;&nbsp;<\/p>\n\n\n\n<h2 class=\"wp-block-heading\">Comment obtiendrez-vous les r\u00e9sultats de votre examen?&nbsp;<\/h2>\n\n\n\n<p>Un m\u00e9decin sp\u00e9cialiste examinera vos r\u00e9sultats et enverra un rapport \u00e0 votre m\u00e9decin qui a demand\u00e9 l\u2019examen dans un d\u00e9lai d\u2019environ une semaine. Vous aurez acc\u00e8s au rapport dans MyChart d\u00e8s qu\u2019il sera disponible.&nbsp;<\/p>\n\n\n\n<p>Si vous avez des questions sur les r\u00e9sultats ou le rapport d\u2019examen, veuillez communiquer directement avec votre m\u00e9decin. Il est le mieux plac\u00e9 pour vous expliquer les r\u00e9sultats.&nbsp;<\/p>\n\n\n\n<h2 class=\"wp-block-heading\">Y a-t-il des frais pour cet examen?&nbsp;<\/h2>\n\n\n\n<p>Non. L\u2019examen est couvert par le syst\u00e8me de sant\u00e9. Comme il co\u00fbte plusieurs centaines de dollars, nous vous prions de nous appeler au 613 761-4831 si vous ne pouvez pas vous pr\u00e9senter.&nbsp;<\/p>\n\n\n\n<h2 class=\"wp-block-heading\">Et si vous ne pouvez pas venir \u00e0 votre rendez-vous?&nbsp;<\/h2>\n\n\n\n<p>En cas d\u2019emp\u00eachement, il est important de nous en aviser d\u00e8s que possible au <strong>613 761-4831<\/strong>. Autrement, votre absence entra\u00eene un gaspillage du mat\u00e9riel co\u00fbteux command\u00e9 sp\u00e9cialement pour vous, en plus de r\u00e9duire l\u2019acc\u00e8s \u00e0 nos services pour d\u2019autres patients. Un rendez-vous manqu\u00e9 peut aussi entra\u00eener un retard dans vos traitements.&nbsp;<\/p>\n\n\n\n<h2 class=\"wp-block-heading\">Indications et stationnement&nbsp;<\/h2>\n\n\n\n<figure class=\"wp-block-table is-style-stripes\"><table><tbody><tr><td>Campus Civic&nbsp;&nbsp;1053, avenue Carling, 1<sup>er\u202f<\/sup>\u00e9tage&nbsp;T\u00e9l\u00e9phone\u202f: 613-761-4831 (option\u202f8)&nbsp;Ouvert du lundi au vendredi, de 8\u202fh \u00e0 16\u202fh&nbsp;Pour nous trouver\u202f: Une fois dans le Campus Civic, prenez l\u2019ascenseur C pour vous rendre au 1<sup>er<\/sup> \u00e9tage, puis suivez les panneaux de la <strong>M\u00e9decine nucl\u00e9aire<\/strong>. Vous pouvez aussi demander le chemin au bureau d\u2019information.\u202f&nbsp;<\/td><td>Campus G\u00e9n\u00e9ral&nbsp;&nbsp;501, chemin Smyth, rez-de-chauss\u00e9e&nbsp;T\u00e9l\u00e9phone\u202f: 613-761-4831 (option\u202f8)&nbsp;Ouvert du lundi au vendredi, de 7\u202fh \u00e0 16\u202fh&nbsp;Pour nous trouver\u202f: \u00c0 partir de l\u2019entr\u00e9e principale, allez jusqu\u2019aux ascenseurs, puis suivez les panneaux de la <strong>M\u00e9decine nucl\u00e9aire<\/strong>. Vous pouvez aussi demander le chemin au bureau d\u2019information.\u202f&nbsp;<\/td><\/tr><tr><td>Utilisez le stationnement accessible depuis l\u2019avenue Carling (P7) <strong>ou<\/strong> le stationnement \u00e0 \u00e9tages (P1).&nbsp;<\/td><td>Utilisez le stationnement \u00e0 \u00e9tages \u00e0 c\u00f4t\u00e9 de l\u2019entr\u00e9e principale qui donne sur le\u202fchemin Smyth.&nbsp;<\/td><\/tr><\/tbody><\/table><\/figure>\n\n\n\n<h3 class=\"wp-block-heading\">Instructions pour le stationnement&nbsp;<\/h3>\n\n\n\n<ul class=\"wp-block-list\"><li>Tous nos stationnements sont automatis\u00e9s.&nbsp;<\/li><li>Gardez le billet de stationnement avec vous.&nbsp;<\/li><li>\u00c0 la fin de votre visite, vous pourrez payer \u00e0 l\u2019un des guichets de paiement automatis\u00e9s (argent comptant ou carte de cr\u00e9dit) ou \u00e0 une sortie rapide dans le stationnement (carte de cr\u00e9dit). Vous avez 20\u202fminutes pour sortir du stationnement apr\u00e8s avoir pay\u00e9.&nbsp;<\/li><li>Modes de paiement&nbsp;<ul><li>Guichets de paiement\u202f: Argent comptant ou carte de cr\u00e9dit (Visa, MasterCard ou American Express)&nbsp;<\/li><\/ul><\/li><li>Frais de stationnement\u202f: maximum de 13 $ par jour&nbsp;<\/li><\/ul>\n\n\n\n<p>Visitez le site Web de L\u2019H\u00f4pital d\u2019Ottawa pour en savoir plus sur le <a href=\"https:\/\/www.ottawahospital.on.ca\/fr\/patients-et-visiteurs\/visites-a-lhopital\/\">chemin \u00e0 prendre et le stationnement<\/a>. Vous y trouverez des plans des lieux.&nbsp;<\/p>\n","protected":false},"excerpt":{"rendered":"<p>Votre m\u00e9decin vous envoie passer un test respiratoire \u00e0 l\u2019ur\u00e9e marqu\u00e9e au carbone 14. Ce guide r\u00e9pondra \u00e0 certaines de vos questions.&nbsp; Qu\u2019est-ce qu\u2019un test respiratoire \u00e0 l\u2019ur\u00e9e marqu\u00e9e au carbone 14?&nbsp; Il s\u2019agit d\u2019une fa\u00e7on simple et sans douleur de d\u00e9pister la pr\u00e9sence d\u2019une bact\u00e9rie appel\u00e9e helicobacter pylori dans votre estomac. Si la quantit\u00e9 [&hellip;]<\/p>\n","protected":false},"author":25,"featured_media":0,"parent":12427,"menu_order":6,"comment_status":"closed","ping_status":"closed","template":"","meta":{"_acf_changed":false,"_mc_calendar":[],"footnotes":""},"class_list":["post-71134","page","type-page","status-publish","hentry"],"acf":[],"wps_subtitle":"","_links":{"self":[{"href":"https:\/\/www.ottawahospital.on.ca\/fr\/wp-json\/wp\/v2\/pages\/71134","targetHints":{"allow":["GET"]}}],"collection":[{"href":"https:\/\/www.ottawahospital.on.ca\/fr\/wp-json\/wp\/v2\/pages"}],"about":[{"href":"https:\/\/www.ottawahospital.on.ca\/fr\/wp-json\/wp\/v2\/types\/page"}],"author":[{"embeddable":true,"href":"https:\/\/www.ottawahospital.on.ca\/fr\/wp-json\/wp\/v2\/users\/25"}],"replies":[{"embeddable":true,"href":"https:\/\/www.ottawahospital.on.ca\/fr\/wp-json\/wp\/v2\/comments?post=71134"}],"version-history":[{"count":0,"href":"https:\/\/www.ottawahospital.on.ca\/fr\/wp-json\/wp\/v2\/pages\/71134\/revisions"}],"up":[{"embeddable":true,"href":"https:\/\/www.ottawahospital.on.ca\/fr\/wp-json\/wp\/v2\/pages\/12427"}],"wp:attachment":[{"href":"https:\/\/www.ottawahospital.on.ca\/fr\/wp-json\/wp\/v2\/media?parent=71134"}],"curies":[{"name":"wp","href":"https:\/\/api.w.org\/{rel}","templated":true}]}}