{"id":71129,"date":"2022-03-24T14:30:32","date_gmt":"2022-03-24T18:30:32","guid":{"rendered":"https:\/\/www.ottawahospital.on.ca\/?page_id=71129"},"modified":"2022-03-24T14:30:37","modified_gmt":"2022-03-24T18:30:37","slug":"lymphangiographie-du-sein","status":"publish","type":"page","link":"https:\/\/www.ottawahospital.on.ca\/fr\/services-cliniques\/deptpgrmcs\/departements\/medecine-nucleaire\/examens-et-interventions\/lymphangiographie-du-sein\/","title":{"rendered":"Lymphangiographie du sein"},"content":{"rendered":"\n<p class=\"intro-text1\">Votre m\u00e9decin vous envoie passer une lymphangiographie du sein. Ce guide r\u00e9pondra \u00e0 certaines de vos questions \u00e0 ce sujet.&nbsp;<\/p>\n\n\n\n<h2 class=\"wp-block-heading\">Qu\u2019est-ce qu\u2019une lymphangiographie du sein?\u00a0<\/h2>\n\n\n\n<p>Une lymphangiogramphie montre la circulation de la lymphe depuis le point d\u2019injection jusque dans le ganglion sentinelle. Le ganglion sentinelle est le premier n\u0153ud lymphatique \u00e0 recevoir l\u2019\u00e9coulement provenant du foyer du cancer. La lymphangiographie du sein se fait avant votre chirurgie pour nous aider \u00e0 trouver le ganglion sentinelle. Il peut y avoir plus d\u2019un ganglion sentinelle. Si les analyses confirment qu\u2019il n\u2019y a pas de cancer dans ce n\u0153ud lymphatique, le risque de trouver des cellules canc\u00e9reuses dans les autres n\u0153uds lymphatiques est faible.&nbsp;&nbsp;<\/p>\n\n\n\n<p>Habituellement, l\u2019examen a lieu le jour de la chirurgie ou la veille. Votre m\u00e9decin d\u00e9terminera la date exacte de l\u2019examen et on vous donnera un rendez-vous pour cette date.&nbsp;<\/p>\n\n\n\n<h2 class=\"wp-block-heading\">En quoi consiste cet examen?\u00a0<\/h2>\n\n\n\n<p>\u00c0 votre arriv\u00e9e au Service de m\u00e9decine nucl\u00e9aire, un technologue vous expliquera en d\u00e9tail en quoi consiste l\u2019examen et vous pourrez lui poser des questions. Vous devrez porter une chemise d\u2019h\u00f4pital. Le technologue vous demandera ensuite de vous allonger sur une table d\u2019examen. On vous injectera un traceur radioactif dans le sein touch\u00e9, pr\u00e8s du mamelon, juste sous la surface de la peau. Le traceur radioactif contiendra une substance anesth\u00e9siante appel\u00e9e lidoca\u00efne. Ce produit ne cause aucun effet secondaire connu. Dans certains cas, il faut masser le point d\u2019injection pour favoriser la circulation du traceur radioactif. Le technologue vous donnera les instructions n\u00e9cessaires pour le faire s\u2019il y a lieu.<strong> <\/strong>Selon la date de votre chirurgie (le jour m\u00eame ou le lendemain), le technologue prendra plusieurs images de votre thorax ou des images en trois dimensions (ou les deux) \u00e0 l\u2019aide d\u2019un d\u00e9tecteur appel\u00e9 \u00ab\u2009cam\u00e9ra gamma\u2009\u00bb. Les images seront prises imm\u00e9diatement apr\u00e8s l\u2019injection ou apr\u00e8s une demi-heure d\u2019attente. Selon votre circulation lymphatique et le jour et l\u2019heure de votre chirurgie, l\u2019examen pourrait prendre entre <strong>15\u202fmin et 1\u202fheure et demie<\/strong>.&nbsp;<\/p>\n\n\n\n<h2 class=\"wp-block-heading\">Que devez-vous faire avant l\u2019examen?\u00a0<\/h2>\n\n\n\n<ul class=\"wp-block-list\"><li>Apportez votre carte d\u2019assurance-sant\u00e9.\u00a0<\/li><li>Vous n\u2019avez pas \u00e0 vous pr\u00e9parer pour cet examen. Cependant, vous devrez probablement arr\u00eater de manger apr\u00e8s minuit la veille si la chirurgie a lieu le jour m\u00eame de l\u2019examen.\u00a0\u00a0<\/li><li>Laissez tout objet de valeur \u00e0 la maison.\u00a0<\/li><li>Lorsque que vous prendrez rendez-vous, veuillez indiquer au commis du bureau des rendez-vous si vous \u00eates claustrophobe ou si vous avez de la difficult\u00e9 \u00e0 rester allong\u00e9 sans bouger, avez besoin d\u2019un l\u00e8ve-personne pour votre transfert sur la table d\u2019examen ou si vous avez tout autre besoin particulier (p.\u202fex. besoin d\u2019un interpr\u00e8te). Ainsi, nous prendrons les mesures n\u00e9cessaires pour vous offrir les meilleurs soins qui soient.\u00a0<\/li><\/ul>\n\n\n\n<h2 class=\"wp-block-heading\">L\u2019examen est-il douloureux?\u00a0<\/h2>\n\n\n\n<p>Seule l\u2019aiguille qui sert \u00e0 l\u2019injection pourrait causer un peu de douleur. Vous pourriez aussi avoir une sensation de br\u00fblure quand le technologue injectera le marqueur. C\u2019est normal et habituellement, la sensation dispara\u00eet rapidement.&nbsp;<\/p>\n\n\n\n<h2 class=\"wp-block-heading\">Les radiations sont-elles dangereuses?\u00a0<\/h2>\n\n\n\n<p>L\u2019injection contient une petite quantit\u00e9 d\u2019un traceur radioactif qui \u00e9met des rayons gamma (semblables aux rayons X). La dose de rayonnement est tr\u00e8s faible et dispara\u00eetra d\u2019elle-m\u00eame apr\u00e8s deux jours. Les r\u00e9sultats de votre examen fourniront de l\u2019information utile sur votre \u00e9tat de sant\u00e9 \u00e0 votre m\u00e9decin et l\u2019aideront \u00e0 planifier votre traitement. Les avantages de passer cet examen l\u2019emportent nettement sur les risques possibles d\u2019une petite dose de rayonnement.&nbsp;<\/p>\n\n\n\n<h2 class=\"wp-block-heading\">Que devez-vous faire apr\u00e8s l\u2019examen?\u00a0<\/h2>\n\n\n\n<p>Vous n\u2019avez pas \u00e0 prendre de pr\u00e9caution particuli\u00e8re apr\u00e8s l\u2019examen. Mais si vous devez traverser une fronti\u00e8re dans les 7\u202fjours suivants, dites-le-nous. Les d\u00e9tecteurs de rayonnement des postes frontaliers et des a\u00e9roports sont tr\u00e8s sensibles et peuvent d\u00e9tecter les minuscules traces de radioactivit\u00e9. Nous vous donnerons une lettre que vous pourrez montrer aux agents des douanes.&nbsp;<\/p>\n\n\n\n<h2 class=\"wp-block-heading\">Y a-t-il quelque chose que vous devriez mentionner au personnel avant l\u2019injection?\u00a0<\/h2>\n\n\n\n<p>Veuillez nous dire si vous \u00eates enceinte ou si vous allaitez.&nbsp;&nbsp;<\/p>\n\n\n\n<p>Veuillez nous dire aussi si vous \u00eates allergique \u00e0 la lidoca\u00efne ou aux anesth\u00e9siques qu\u2019utilisent les dentistes.&nbsp;<\/p>\n\n\n\n<h2 class=\"wp-block-heading\">Comment obtiendrez-vous les r\u00e9sultats de votre examen?\u00a0<\/h2>\n\n\n\n<p>Un m\u00e9decin sp\u00e9cialiste examinera les images peu apr\u00e8s l\u2019examen, puis il enverra un rapport au m\u00e9decin qui a demand\u00e9 l\u2019examen. Votre m\u00e9decin devrait le recevoir dans la semaine qui suit l\u2019examen. Vous aurez acc\u00e8s au rapport dans MyChart d\u00e8s qu\u2019il sera disponible.&nbsp;<\/p>\n\n\n\n<p>Si vous avez des questions sur les r\u00e9sultats ou le rapport d\u2019examen, veuillez communiquer directement avec votre m\u00e9decin. Il est le mieux plac\u00e9 pour interpr\u00e9ter les r\u00e9sultats pour vous.&nbsp;<\/p>\n\n\n\n<h2 class=\"wp-block-heading\">Y a-t-il des frais pour cet examen?\u00a0<\/h2>\n\n\n\n<p>Non. L\u2019examen est pay\u00e9 par le syst\u00e8me de sant\u00e9. Comme il nous en co\u00fbte plusieurs centaines de dollars, nous vous prions de nous aviser au 613\u202f761-4831 si vous ne pouvez pas venir \u00e0 votre rendez-vous.&nbsp;<\/p>\n\n\n\n<h2 class=\"wp-block-heading\">Que devriez-vous faire si vous ne pouvez pas venir \u00e0 votre rendez-vous?\u00a0<\/h2>\n\n\n\n<p>Si vous ne pouvez pas venir \u00e0 votre rendez-vous, il est important de nous en aviser d\u00e8s que possible au 613\u202f761-4831. Autrement, votre absence entra\u00eenera un gaspillage de mat\u00e9riel co\u00fbteux command\u00e9 sp\u00e9cialement pour votre examen en plus de r\u00e9duire l\u2019acc\u00e8s \u00e0 ce service pour d\u2019autres patients. Un rendez-vous manqu\u00e9 peut aussi entra\u00eener un retard dans vos traitements.&nbsp;<\/p>\n\n\n\n<h2 class=\"wp-block-heading\">Indications et stationnement\u00a0<\/h2>\n\n\n\n<figure class=\"wp-block-table is-style-stripes\"><table><tbody><tr><td>Campus Civic&nbsp;&nbsp;1053, avenue Carling, 1<sup>er<\/sup>\u202f\u00e9tage&nbsp;T\u00e9l\u00e9phone\u202f: 613\u202f761-4831 (option\u202f8)&nbsp;Heures d\u2019ouverture\u202f: Du lundi au vendredi, de 8\u202fh \u00e0 16\u202fh&nbsp;Pour nous trouver\u202f: Une fois dans le Campus Civic, prenez l\u2019ascenseur C pour vous rendre au 1<sup>er<\/sup>\u202f\u00e9tage, puis suivez les panneaux de la M\u00e9decine nucl\u00e9aire. Vous pouvez aussi demander le chemin au bureau d\u2019information.\u202f&nbsp;<\/td><td>Campus G\u00e9n\u00e9ral&nbsp;&nbsp;501, chemin Smyth, rez-de-chauss\u00e9e&nbsp;T\u00e9l\u00e9phone\u202f: 613\u202f761-4831 (option\u202f8)&nbsp;Heures d\u2019ouverture\u202f: Du lundi au vendredi, de 7\u202fh \u00e0 16\u202fh&nbsp;Pour nous trouver\u202f: \u00c0 partir de l\u2019entr\u00e9e principale de l\u2019h\u00f4pital, rendez-vous aux ascenseurs, puis suivez les panneaux de la M\u00e9decine nucl\u00e9aire. Vous pouvez aussi demander le chemin au bureau d\u2019information.\u202f&nbsp;<\/td><\/tr><tr><td>Stationnez-vous dans le stationnement accessible depuis l\u2019avenue Carling (P7) <strong>ou<\/strong> dans le stationnement \u00e0 \u00e9tages (P1).&nbsp;<\/td><td>Stationnez-vous dans le stationnement \u00e0 \u00e9tages \u00e0 c\u00f4t\u00e9 de l\u2019entr\u00e9e principale qui donne sur le\u202fchemin Smyth.&nbsp;<\/td><\/tr><\/tbody><\/table><\/figure>\n\n\n\n<h3 class=\"wp-block-heading\">Instructions pour le stationnement&nbsp;<\/h3>\n\n\n\n<ul class=\"wp-block-list\"><li>Tous nos stationnements sont automatis\u00e9s.\u00a0\u00a0<\/li><li>Gardez le billet de stationnement sur vous.\u00a0\u00a0<\/li><li>\u00c0 la fin de votre visite, vous pourrez payer \u00e0 l\u2019un des guichets de paiement automatis\u00e9s (argent comptant ou carte de cr\u00e9dit) ou \u00e0 une sortie rapide dans le stationnement (carte de cr\u00e9dit). Vous avez 20\u202fminutes pour sortir du stationnement apr\u00e8s avoir pay\u00e9.\u00a0<\/li><li>Modes de paiement\u00a0<ul><li>Guichets de paiement\u202f: Argent comptant ou carte de cr\u00e9dit (Visa, MasterCard ou American Express)\u00a0<\/li><\/ul><\/li><li>Frais de stationnement\u202f: maximum de 13\u202f$ par jour\u00a0<\/li><\/ul>\n\n\n\n<p>Visitez le site Web de L\u2019H\u00f4pital d\u2019Ottawa pour en savoir plus sur le <a href=\"https:\/\/www.ottawahospital.on.ca\/fr\/patients-et-visiteurs\/visites-a-lhopital\">chemin \u00e0 prendre et le stationnement. <\/a>Vous y trouverez des plans des lieux.<\/p>\n","protected":false},"excerpt":{"rendered":"<p>Votre m\u00e9decin vous envoie passer une lymphangiographie du sein. Ce guide r\u00e9pondra \u00e0 certaines de vos questions \u00e0 ce sujet.&nbsp; Qu\u2019est-ce qu\u2019une lymphangiographie du sein?\u00a0 Une lymphangiogramphie montre la circulation de la lymphe depuis le point d\u2019injection jusque dans le ganglion sentinelle. Le ganglion sentinelle est le premier n\u0153ud lymphatique \u00e0 recevoir l\u2019\u00e9coulement provenant du [&hellip;]<\/p>\n","protected":false},"author":25,"featured_media":0,"parent":12427,"menu_order":5,"comment_status":"closed","ping_status":"closed","template":"","meta":{"_acf_changed":false,"_mc_calendar":[],"footnotes":""},"class_list":["post-71129","page","type-page","status-publish","hentry"],"acf":[],"wps_subtitle":"","_links":{"self":[{"href":"https:\/\/www.ottawahospital.on.ca\/fr\/wp-json\/wp\/v2\/pages\/71129","targetHints":{"allow":["GET"]}}],"collection":[{"href":"https:\/\/www.ottawahospital.on.ca\/fr\/wp-json\/wp\/v2\/pages"}],"about":[{"href":"https:\/\/www.ottawahospital.on.ca\/fr\/wp-json\/wp\/v2\/types\/page"}],"author":[{"embeddable":true,"href":"https:\/\/www.ottawahospital.on.ca\/fr\/wp-json\/wp\/v2\/users\/25"}],"replies":[{"embeddable":true,"href":"https:\/\/www.ottawahospital.on.ca\/fr\/wp-json\/wp\/v2\/comments?post=71129"}],"version-history":[{"count":0,"href":"https:\/\/www.ottawahospital.on.ca\/fr\/wp-json\/wp\/v2\/pages\/71129\/revisions"}],"up":[{"embeddable":true,"href":"https:\/\/www.ottawahospital.on.ca\/fr\/wp-json\/wp\/v2\/pages\/12427"}],"wp:attachment":[{"href":"https:\/\/www.ottawahospital.on.ca\/fr\/wp-json\/wp\/v2\/media?parent=71129"}],"curies":[{"name":"wp","href":"https:\/\/api.w.org\/{rel}","templated":true}]}}