{"id":71060,"date":"2022-03-23T11:57:22","date_gmt":"2022-03-23T15:57:22","guid":{"rendered":"https:\/\/www.ottawahospital.on.ca\/?page_id=71060"},"modified":"2022-03-23T15:39:53","modified_gmt":"2022-03-23T19:39:53","slug":"densitometrie-osseuse","status":"publish","type":"page","link":"https:\/\/www.ottawahospital.on.ca\/fr\/services-cliniques\/deptpgrmcs\/departements\/medecine-nucleaire\/examens-et-interventions\/densitometrie-osseuse\/","title":{"rendered":"Densitom\u00e9trie osseuse"},"content":{"rendered":"\n<p class=\"intro-text1\">Votre m\u00e9decin vous a demand\u00e9 de passer une densitom\u00e9trie osseuse. Ce guide r\u00e9pondra \u00e0 certaines de vos questions.&nbsp;<\/p>\n\n\n\n<h2 class=\"wp-block-heading\">Qu\u2019est-ce qu\u2019une densitom\u00e9trie osseuse?&nbsp;<\/h2>\n\n\n\n<p>L\u2019ost\u00e9oporose est une maladie caract\u00e9ris\u00e9e par une faible masse osseuse qui accro\u00eet la fragilit\u00e9 des os et le risque de fracture. Une densitom\u00e9trie osseuse est un examen simple et indolore qui permet de mesurer la masse osseuse. Elle aide le m\u00e9decin \u00e0 \u00e9valuer le risque de fracture, \u00e0 cerner le besoin d\u2019un traitement m\u00e9dical et \u00e0 surveiller l\u2019efficacit\u00e9 du traitement en cours.&nbsp;<\/p>\n\n\n\n<h2 class=\"wp-block-heading\">En quoi consiste cet examen?&nbsp;<\/h2>\n\n\n\n<p>On proc\u00e8de g\u00e9n\u00e9ralement \u00e0 une densitom\u00e9trie osseuse pour examiner les os qui sont susceptibles de briser en raison de l\u2019ost\u00e9oporose, y compris les os du bas de la colonne, la hanche, la partie \u00e9troite de l\u2019os de la hanche et occasionnellement votre avant-bras.&nbsp;<\/p>\n\n\n\n<p>\u00c0 votre arriv\u00e9e au Service, un technologue vous expliquera en d\u00e9tail en quoi consiste l\u2019examen et vous pourrez lui poser des questions. Le technologue mesurera ensuite votre taille et votre poids avant de commencer l\u2019examen. On vous demandera de vous allonger sur une table sp\u00e9ciale et on placera un coussin sous vos genoux. Un d\u00e9tecteur sp\u00e9cial passera au-dessus de votre ventre, ce qui nous permettra de mesurer la densit\u00e9 des os au bas du dos. Ensuite, on enl\u00e8vera le coussin et on placera vos pieds dans une attache sp\u00e9ciale afin de mesurer la densit\u00e9 des os dans une de vos hanches. On vous demandera de rester immobile et de respirer normalement durant l\u2019examen. Selon la demande de votre m\u00e9decin, on pourrait mesurer la densit\u00e9 des os de votre avant-bras. Pour ce faire, on vous demandera de vous asseoir sur un pouf et de placer l\u2019avant-bras sur une planche sp\u00e9ciale en plastique. L\u2019appareil mesurera ensuite la densit\u00e9 des os de votre avant-bras.&nbsp;&nbsp;<\/p>\n\n\n\n<p>L\u2019intervention dure environ <strong>20\u202fminutes<\/strong>.&nbsp;<\/p>\n\n\n\n<h2 class=\"wp-block-heading\">Que devez-vous faire avant l\u2019examen?&nbsp;<\/h2>\n\n\n\n<ul class=\"wp-block-list\"><li>Apportez votre carte d\u2019assurance-sant\u00e9.&nbsp;<\/li><li>Vous n\u2019avez pas \u00e0 vous pr\u00e9parer pour cet examen. Le jour de l\u2019examen, vous pourrez manger, boire et prendre vos m\u00e9dicaments comme vous le feriez normalement.&nbsp;&nbsp;<\/li><li>Nous vous prions de porter des v\u00eatements qui ne contiennent pas de m\u00e9tal. Veuillez ne porter aucun bijou. Laissez tout objet de valeur \u00e0 la maison.&nbsp;<\/li><li>Si vous avez un compte dans MyChart, remplissez le questionnaire en ligne sur la densitom\u00e9trie osseuse avant votre rendez-vous. Si vous ne l\u2019avez pas rempli, on vous demandera de le remplir \u00e0 votre arriv\u00e9e au Service de m\u00e9decine nucl\u00e9aire.&nbsp;&nbsp;<\/li><li>Veuillez <strong>apporter \u00e0 votre rendez-vous la liste de tous les m\u00e9dicaments que vous prenez actuellement<\/strong>.&nbsp;<\/li><li>Avisez le commis du bureau des rendez-vous si vous avez d\u00e9j\u00e0 pass\u00e9 un examen de tomodensitom\u00e9trie, d\u2019imagerie par r\u00e9sonance magn\u00e9tique (IRM) ou de m\u00e9decine nucl\u00e9aire dans la semaine qui a pr\u00e9c\u00e9d\u00e9 votre rendez-vous pour une densitom\u00e9trie osseuse.&nbsp;<\/li><li>Lorsque vous prendrez rendez-vous, veuillez indiquer au commis du bureau des rendez-vous si vous \u00eates claustrophobe ou si vous avez de la difficult\u00e9 \u00e0 rester allong\u00e9 sans bouger, avez besoin d\u2019un l\u00e8ve-personne pour votre transfert sur la table d\u2019examen ou avez une barri\u00e8re linguistique ou si vous avez tout autre besoin particulier (p.\u202fex. besoin d\u2019un interpr\u00e8te). Ainsi, nous prendrons les mesures n\u00e9cessaires pour vous offrir les meilleurs soins qui soient.&nbsp;<\/li><\/ul>\n\n\n\n<h2 class=\"wp-block-heading\">L\u2019examen est-il douloureux?&nbsp;<\/h2>\n\n\n\n<p>L\u2019examen ne cause pas de douleur. Cependant, si vous avez normalement de la difficult\u00e9 \u00e0 rester allong\u00e9 sur le dos pendant 20 minutes, vous pourriez trouver l\u2019examen difficile.&nbsp;<\/p>\n\n\n\n<h2 class=\"wp-block-heading\">Les radiations sont-elles dangereuses?&nbsp;<\/h2>\n\n\n\n<p>Nous utilisons une tr\u00e8s petite quantit\u00e9 de radiations pour r\u00e9aliser l\u2019examen \u2013 moins que pour la plupart des radiographies. Les r\u00e9sultats de votre examen fourniront de l\u2019information utile sur votre \u00e9tat de sant\u00e9 \u00e0 votre m\u00e9decin et l\u2019aideront \u00e0 planifier votre traitement. Les avantages de passer une densitom\u00e9trie osseuse l\u2019emportent nettement sur les risques possibles d\u2019une petite dose de rayonnement.&nbsp;&nbsp;<\/p>\n\n\n\n<h2 class=\"wp-block-heading\">Que devez-vous faire apr\u00e8s l\u2019examen?&nbsp;<\/h2>\n\n\n\n<p>Vous n\u2019avez pas \u00e0 prendre de pr\u00e9caution particuli\u00e8re apr\u00e8s l\u2019examen.&nbsp;&nbsp;<\/p>\n\n\n\n<h2 class=\"wp-block-heading\">Y a-t-il quelque chose que vous devriez mentionner au personnel avant l\u2019examen?&nbsp;<\/h2>\n\n\n\n<p>Veuillez nous dire si vous \u00eates enceinte ou pourriez l\u2019\u00eatre.&nbsp;<\/p>\n\n\n\n<h2 class=\"wp-block-heading\">Comment obtiendrez-vous les r\u00e9sultats de votre examen?&nbsp;<\/h2>\n\n\n\n<p>Un m\u00e9decin sp\u00e9cialiste examinera les donn\u00e9es de la densitom\u00e9trie osseuse peu apr\u00e8s l\u2019examen, puis il enverra un rapport au m\u00e9decin qui a demand\u00e9 l\u2019examen. Votre m\u00e9decin devrait le recevoir dans un d\u00e9lai d\u2019une \u00e0 deux semaines apr\u00e8s la densitom\u00e9trie osseuse. Vous aurez acc\u00e8s au rapport dans MyChart d\u00e8s qu\u2019il sera disponible.&nbsp;<\/p>\n\n\n\n<p>Si vous avez des questions sur les r\u00e9sultats ou le rapport d\u2019examen, veuillez communiquer directement avec votre m\u00e9decin. Il est le mieux plac\u00e9 pour interpr\u00e9ter les r\u00e9sultats pour vous.&nbsp;<\/p>\n\n\n\n<h2 class=\"wp-block-heading\">Y a-t-il des frais pour cet examen?&nbsp;<\/h2>\n\n\n\n<p>Non. L\u2019examen est pay\u00e9 par le syst\u00e8me de sant\u00e9. Comme il nous en co\u00fbte plusieurs centaines de dollars, nous vous prions d\u2019aviser le Service au 613\u202f761-4831 si vous ne pouvez pas venir \u00e0 votre rendez-vous.&nbsp;<\/p>\n\n\n\n<h2 class=\"wp-block-heading\">Que devriez-vous faire si vous ne pouvez pas venir \u00e0 votre rendez-vous?&nbsp;<\/h2>\n\n\n\n<p>Si vous ne pouvez pas venir \u00e0 votre rendez-vous, il est important d\u2019en aviser d\u00e8s que possible le Service au 613\u202f761-4831. Autrement, votre absence entra\u00eenera un gaspillage de mat\u00e9riel co\u00fbteux command\u00e9 sp\u00e9cialement pour votre rendez-vous en plus de r\u00e9duire l\u2019acc\u00e8s \u00e0 ce service pour d\u2019autres patients. Un rendez-vous manqu\u00e9 peut aussi entra\u00eener un retard dans vos traitements.&nbsp;<\/p>\n\n\n\n<h2 class=\"wp-block-heading\">Indications&nbsp;<\/h2>\n\n\n\n<figure class=\"wp-block-table\"><table><tbody><tr><td>Campus Riverside&nbsp;&nbsp;1967, prom. Riverside, Ottawa (ON) K1H 7W9&nbsp;Rez-de-chauss\u00e9e&nbsp;T\u00e9l.\u202f: 613 761-4831, option 8&nbsp;Heures d\u2019ouverture\u202f: Du lundi au vendredi, de\u202f8\u202fh \u00e0 16\u202fh&nbsp;&nbsp;Pour nous trouver\u202f: \u00c0 partir de l\u2019entr\u00e9e principale de l\u2019h\u00f4pital, suivez les panneaux du Service d\u2019imagerie m\u00e9dicale au rez-de-chauss\u00e9e. Vous pouvez aussi demander le chemin au bureau d\u2019information.&nbsp;<\/td><\/tr><tr><td>Vous pouvez utiliser l\u2019un des stationnements sur le campus.&nbsp;<\/td><\/tr><\/tbody><\/table><\/figure>\n\n\n\n<h2 class=\"wp-block-heading\">Stationnement&nbsp;<\/h2>\n\n\n\n<ul class=\"wp-block-list\"><li>Tous nos stationnements sont automatis\u00e9s.&nbsp;&nbsp;<\/li><li>Gardez le billet de stationnement sur vous.&nbsp;<\/li><li>\u00c0 la fin de votre visite, vous pourrez payer \u00e0 l\u2019un des guichets de paiement automatis\u00e9s (argent comptant ou carte de cr\u00e9dit) ou \u00e0 une sortie rapide dans le stationnement (carte de cr\u00e9dit). Vous avez 20\u202fminutes pour sortir du stationnement apr\u00e8s avoir pay\u00e9.&nbsp;<\/li><li>Modes de paiement&nbsp;<ul><li>Guichets de paiement\u202f: Argent comptant ou carte de cr\u00e9dit (Visa, MasterCard ou American Express)&nbsp;<\/li><\/ul><\/li><li>Frais de stationnement\u202f: maximum de 13\u202f$ par jour&nbsp;<\/li><\/ul>\n\n\n\n<p>Visitez le site Web de L\u2019H\u00f4pital d\u2019Ottawa pour en savoir plus sur le <a href=\"https:\/\/www.ottawahospital.on.ca\/fr\/patients-et-visiteurs\/visites-a-lhopital\">chemin \u00e0 prendre et le stationnement<\/a>. Vous y trouverez des plans des lieux.&nbsp;<\/p>\n","protected":false},"excerpt":{"rendered":"<p>Votre m\u00e9decin vous a demand\u00e9 de passer une densitom\u00e9trie osseuse. Ce guide r\u00e9pondra \u00e0 certaines de vos questions.&nbsp; Qu\u2019est-ce qu\u2019une densitom\u00e9trie osseuse?&nbsp; L\u2019ost\u00e9oporose est une maladie caract\u00e9ris\u00e9e par une faible masse osseuse qui accro\u00eet la fragilit\u00e9 des os et le risque de fracture. Une densitom\u00e9trie osseuse est un examen simple et indolore qui permet de [&hellip;]<\/p>\n","protected":false},"author":25,"featured_media":0,"parent":12427,"menu_order":1,"comment_status":"closed","ping_status":"closed","template":"","meta":{"_acf_changed":false,"_mc_calendar":[],"footnotes":""},"class_list":["post-71060","page","type-page","status-publish","hentry"],"acf":[],"wps_subtitle":"","_links":{"self":[{"href":"https:\/\/www.ottawahospital.on.ca\/fr\/wp-json\/wp\/v2\/pages\/71060","targetHints":{"allow":["GET"]}}],"collection":[{"href":"https:\/\/www.ottawahospital.on.ca\/fr\/wp-json\/wp\/v2\/pages"}],"about":[{"href":"https:\/\/www.ottawahospital.on.ca\/fr\/wp-json\/wp\/v2\/types\/page"}],"author":[{"embeddable":true,"href":"https:\/\/www.ottawahospital.on.ca\/fr\/wp-json\/wp\/v2\/users\/25"}],"replies":[{"embeddable":true,"href":"https:\/\/www.ottawahospital.on.ca\/fr\/wp-json\/wp\/v2\/comments?post=71060"}],"version-history":[{"count":0,"href":"https:\/\/www.ottawahospital.on.ca\/fr\/wp-json\/wp\/v2\/pages\/71060\/revisions"}],"up":[{"embeddable":true,"href":"https:\/\/www.ottawahospital.on.ca\/fr\/wp-json\/wp\/v2\/pages\/12427"}],"wp:attachment":[{"href":"https:\/\/www.ottawahospital.on.ca\/fr\/wp-json\/wp\/v2\/media?parent=71060"}],"curies":[{"name":"wp","href":"https:\/\/api.w.org\/{rel}","templated":true}]}}