{"id":7095,"date":"2016-11-14T17:30:19","date_gmt":"2016-11-14T22:30:19","guid":{"rendered":"http:\/\/52.229.122.34\/fr\/?page_id=7095"},"modified":"2025-11-13T14:15:52","modified_gmt":"2025-11-13T19:15:52","slug":"services-psychologiques","status":"publish","type":"page","link":"https:\/\/www.ottawahospital.on.ca\/fr\/notre-modele-de-soins\/notre-equipe-de-professionnels-de-la-sante\/psychologie\/services-psychologiques\/","title":{"rendered":"Services psychologiques"},"content":{"rendered":"\n<h2 class=\"wp-block-heading\">Psychologie<\/h2>\n\n\n\n<p>l\u2019H\u00f4pital d\u2019Ottawa;<br>Campus G\u00e9n\u00e9ral<br>501 chemin Smyth, bureau 7300<br>Ottawa, ON &nbsp;K1H 8L6<\/p>\n\n\n\n<p><strong>D<sup>re<\/sup>&nbsp;Amanda Pontefract, C.Psych.<\/strong><br>Responsible de la pratique professionnelle<\/p>\n\n\n\n<p><strong>D<strong><sup>re<\/sup><\/strong> Stefanie Ciszewski, C. Psych.<\/strong><br>Coordonnatrice par de la pratique professionelle, Formation, Psychologie<\/p>\n\n\n\n<h2 class=\"wp-block-heading\">Service de Consultation Psychologique pour Patients Hospitalis\u00e9s<\/h2>\n\n\n\n<h3 class=\"wp-block-heading\">Services de Neuropsychologie-Unit\u00e9s de Soins Aigus<\/h3>\n\n\n\n<ul class=\"wp-block-list\">\n<li>D<sup>re<\/sup> Faisal Al-Yawer, C.Psych.<\/li>\n\n\n\n<li>D<sup>re<\/sup>&nbsp;Lori Della Malva, C.Psych.<\/li>\n\n\n\n<li>D<sup>r<\/sup>&nbsp;Octavio Santos, C.Psych.<\/li>\n\n\n\n<li>D<sup>re<\/sup> Lisa Walker, C.Psych.<\/li>\n<\/ul>\n\n\n\n<h3 class=\"wp-block-heading\">Service de Consultation Psychologique pour Patients Hospitalis\u00e9s (PCSI)<\/h3>\n\n\n\n<ul class=\"wp-block-list\">\n<li>D<sup>re&nbsp;<\/sup>Lucia Farinon, C.Psych.<\/li>\n<\/ul>\n\n\n\n<p><strong>Enqu\u00eates administratives&nbsp;:&nbsp;<\/strong>613-737-8039<\/p>\n\n\n\n<h2 class=\"wp-block-heading\">Chirurgie Bariatrique, Clinique de Gestion du Poids<\/h2>\n\n\n\n<ul class=\"wp-block-list\">\n<li>Dana Dupuis<\/li>\n\n\n\n<li>Daniella Sandre, C. Psych.<\/li>\n<\/ul>\n\n\n\n<h2 class=\"wp-block-heading\">Unit\u00e9 de surveillance de l\u2019\u00e9pilepsie (neuropsychologie)<\/h2>\n\n\n\n<ul class=\"wp-block-list\">\n<li>Dr. Faisal Al-Yawer, C. Psych. <\/li>\n\n\n\n<li>D<sup>r<\/sup> Bryce Mulligan, C. Psych.<\/li>\n\n\n\n<li>D<sup>r<\/sup> Nazanin Sadaat, C. Psych. (Pratique supervis\u00e9e)<\/li>\n<\/ul>\n\n\n\n<h3 class=\"wp-block-heading\">Psychom\u00e9tricienne <\/h3>\n\n\n\n<ul class=\"wp-block-list\">\n<li>Kelly Wilkinson<\/li>\n<\/ul>\n\n\n\n<h2 class=\"wp-block-heading\">Programme de Sant\u00e9 Mentale<\/h2>\n\n\n\n<ul class=\"wp-block-list\">\n<li><strong>On Avance: Programme d\u2019Intervention au Premier \u00c9pisode de Psychose du District Champlain<\/strong><br>D<sup>re<\/sup>\u00a0Mary Marquardt, C.Psych. (neuropsychologie)<br>D<sup>re<\/sup> Christine Boisvert, C. Psych.<\/li>\n\n\n\n<li><strong>Centre R\u00e9gional de Traitement des Troubles de l\u2019Alimentation<br><\/strong>D<sup>re<\/sup>\u00a0Natasha Demidenko, C.Psych.<br>D<sup>re<\/sup> Christina Tomei, C.Psych.<\/li>\n<\/ul>\n\n\n\n<h2 class=\"wp-block-heading\">Aspire Health<\/h2>\n\n\n\n<ul class=\"wp-block-list\">\n<li>D<sup>re<\/sup>&nbsp;Justine Joseph, C. Psych.<\/li>\n\n\n\n<li>D<sup>re<\/sup> Sebastien Dwez, C.Psych<\/li>\n\n\n\n<li>D<sup>re<\/sup> Suzanne Bell, C.Psych<\/li>\n\n\n\n<li>D<sup>re<\/sup> Shaina Gabriel, C. Psych.<\/li>\n<\/ul>\n\n\n\n<h3 class=\"wp-block-heading\">Psychom\u00e9tricienne<\/h3>\n\n\n\n<ul class=\"wp-block-list\">\n<li>Rachelle Humes<\/li>\n<\/ul>\n\n\n\n<h2 class=\"wp-block-heading\">Clinique de la Douleur<\/h2>\n\n\n\n<ul class=\"wp-block-list\">\n<li>D<sup>re<\/sup>&nbsp;Patricia Poulin, C.Psych.<\/li>\n\n\n\n<li>D<sup>re<\/sup>&nbsp;Louise Overington, C.Psych.<\/li>\n\n\n\n<li>D<sup>re<\/sup> Rose Robbins, C.Psych.<\/li>\n\n\n\n<li>D<sup>re<\/sup> Stefanie Ciszewski, C.Psych.<\/li>\n<\/ul>\n\n\n\n<h2 class=\"wp-block-heading\">Oncologie Psychosociale<\/h2>\n\n\n\n<ul class=\"wp-block-list\">\n<li>D<sup>re<\/sup>&nbsp;Cheryl Harris, C.Psych.<\/li>\n<\/ul>\n\n\n\n<h2 class=\"wp-block-heading\">Centre de R\u00e9adaptation de l\u2019H\u00f4pital d\u2019Ottawa<\/h2>\n\n\n\n<p><strong>Enqu\u00eates administratives&nbsp;:<\/strong><br>613-737-7350 post 75317<\/p>\n\n\n\n<h3 class=\"wp-block-heading\">Psychologie de la R\u00e9adaptation<\/h3>\n\n\n\n<ul class=\"wp-block-list\">\n<li>D<sup>re<\/sup>&nbsp;Stefanie Ciszewski, C.Psych.<\/li>\n\n\n\n<li>D<sup>r&nbsp;<\/sup>Bryce Mulligan, C.Psych.<\/li>\n\n\n\n<li>D<sup>r&nbsp;<\/sup>Vasilis Pallikaras, C.Psych.<\/li>\n\n\n\n<li>D<sup>r<\/sup> Ivan Valdivia, C. Psych.<\/li>\n\n\n\n<li>D<sup>re<\/sup> Jani Lamarche, C. Psych. (Pratique supervis\u00e9e)<\/li>\n\n\n\n<li>D<sup>re<\/sup> Jennifer Leckey, C. Psych. (Pratique supervis\u00e9e)<\/li>\n<\/ul>\n\n\n\n<h3 class=\"wp-block-heading\">Psychom\u00e9tricienne<\/h3>\n\n\n\n<ul class=\"wp-block-list\">\n<li>Curtis Gough<\/li>\n<\/ul>\n\n\n\n<h3 class=\"wp-block-heading\">Neuropsychologie<\/h3>\n\n\n\n<ul class=\"wp-block-list\">\n<li>D<sup>re<\/sup>&nbsp;Nesrine Awad Shimoon, C.Psych. (Centre Robin Easey)<\/li>\n\n\n\n<li>D<sup>re<\/sup>&nbsp;Aziza Byron-Alhassan, C.Psych. &nbsp;<\/li>\n\n\n\n<li>D<sup>r<\/sup>&nbsp;Steve Joncas, C.Psych. (Service de r\u00e9adaptation comportementale)<\/li>\n\n\n\n<li>D<sup>re<\/sup>&nbsp;Laura Rees, C.Psych.<\/li>\n\n\n\n<li>D<sup>re<\/sup> Nazanin Saadat, C. Psych. (Pratique supervis\u00e9e)<\/li>\n<\/ul>\n\n\n\n<h2 class=\"wp-block-heading\">Pr\u00e9vention and R\u00e9adaptation Cardiaque, Institut de Cardiologie de L\u2019Universit\u00e9 d\u2019Ottawa<\/h2>\n\n\n\n<ul class=\"wp-block-list\">\n<li>D<sup>re<\/sup>  Rozen Alex, C.Psych<\/li>\n\n\n\n<li>D<sup>re<\/sup> Chelsea Morin, C. Psych. (Pratique supervis\u00e9e)<\/li>\n\n\n\n<li>D<sup>re<\/sup>&nbsp;Heather Tulloch, C.Psych.<\/li>\n<\/ul>\n\n\n\n<h2 class=\"wp-block-heading\">R\u00e9sidents en Psychologie 2025-2026<\/h2>\n\n\n\n<ul class=\"wp-block-list\">\n<li>Alanna Chu<\/li>\n\n\n\n<li>Lynne Potvin<\/li>\n\n\n\n<li>Katherine-Ann Piedalue<\/li>\n\n\n\n<li>Sabrina Adamo<\/li>\n<\/ul>\n\n\n\n<p><\/p>\n","protected":false},"excerpt":{"rendered":"<p>Psychologie l\u2019H\u00f4pital d\u2019Ottawa;Campus G\u00e9n\u00e9ral501 chemin Smyth, bureau 7300Ottawa, ON &nbsp;K1H 8L6 Dre&nbsp;Amanda Pontefract, C.Psych.Responsible de la pratique professionnelle Dre Stefanie Ciszewski, C. Psych.Coordonnatrice par de la pratique professionelle, Formation, Psychologie Service de Consultation Psychologique pour Patients Hospitalis\u00e9s Services de Neuropsychologie-Unit\u00e9s de Soins Aigus Service de Consultation Psychologique pour Patients Hospitalis\u00e9s (PCSI) Enqu\u00eates administratives&nbsp;:&nbsp;613-737-8039 Chirurgie Bariatrique, [&hellip;]<\/p>\n","protected":false},"author":25,"featured_media":0,"parent":7086,"menu_order":1,"comment_status":"closed","ping_status":"closed","template":"","meta":{"_acf_changed":false,"_mc_calendar":[],"footnotes":""},"class_list":["post-7095","page","type-page","status-publish","hentry"],"acf":[],"wps_subtitle":"","_links":{"self":[{"href":"https:\/\/www.ottawahospital.on.ca\/fr\/wp-json\/wp\/v2\/pages\/7095","targetHints":{"allow":["GET"]}}],"collection":[{"href":"https:\/\/www.ottawahospital.on.ca\/fr\/wp-json\/wp\/v2\/pages"}],"about":[{"href":"https:\/\/www.ottawahospital.on.ca\/fr\/wp-json\/wp\/v2\/types\/page"}],"author":[{"embeddable":true,"href":"https:\/\/www.ottawahospital.on.ca\/fr\/wp-json\/wp\/v2\/users\/25"}],"replies":[{"embeddable":true,"href":"https:\/\/www.ottawahospital.on.ca\/fr\/wp-json\/wp\/v2\/comments?post=7095"}],"version-history":[{"count":0,"href":"https:\/\/www.ottawahospital.on.ca\/fr\/wp-json\/wp\/v2\/pages\/7095\/revisions"}],"up":[{"embeddable":true,"href":"https:\/\/www.ottawahospital.on.ca\/fr\/wp-json\/wp\/v2\/pages\/7086"}],"wp:attachment":[{"href":"https:\/\/www.ottawahospital.on.ca\/fr\/wp-json\/wp\/v2\/media?parent=7095"}],"curies":[{"name":"wp","href":"https:\/\/api.w.org\/{rel}","templated":true}]}}