{"id":7086,"date":"2016-11-14T17:21:42","date_gmt":"2016-11-14T22:21:42","guid":{"rendered":"http:\/\/52.229.122.34\/fr\/?page_id=7086"},"modified":"2025-02-07T16:43:53","modified_gmt":"2025-02-07T21:43:53","slug":"psychologie","status":"publish","type":"page","link":"https:\/\/www.ottawahospital.on.ca\/fr\/notre-modele-de-soins\/notre-equipe-de-professionnels-de-la-sante\/psychologie\/","title":{"rendered":"Psychologie"},"content":{"rendered":"<p>Les psychologues de L\u2019H\u00f4pital d\u2019Ottawa fournissent des soins sp\u00e9cialis\u00e9s \u00e0 des patients atteints de probl\u00e8mes m\u00e9dicaux complexes dus \u00e0 des blessures, \u00e0 des probl\u00e8mes de sant\u00e9 aigus ou chroniques ou \u00e0 des probl\u00e8mes de sant\u00e9 mentale. Faisant partie de l\u2019\u00e9quipe interprofessionnelle, les psychologues contribuent \u00e0 am\u00e9liorer les r\u00e9sultats en mati\u00e8re de sant\u00e9 par l\u2019\u00e9valuation, le diagnostic, le traitement individuel et de groupe et la consultation. De plus, les psychologues soutiennent les soins cliniques en d\u00e9veloppant des programmes, en prenant part \u00e0 des initiatives d\u2019\u00e9valuation des r\u00e9sultats et en participant \u00e0 des projets de recherche interprofessionnels. Dans le cadre de leur mission universitaire, les psychologues participent \u00e0 la supervision des r\u00e9sidents du programme de stages agr\u00e9\u00e9 en psychologie de l\u2019H\u00f4pital et des stagiaires en psychologie au niveau du doctorat ainsi qu\u2019\u00e0 l\u2019enseignement en \u00e9quipe de cours d\u2019\u00e9tudes sup\u00e9rieures dans le but de pr\u00e9parer les futurs psychologues pour le travail en milieu hospitalier. Les psychologues donnent aussi des s\u00e9ances didactiques et de consultation au personnel m\u00e9dical, aux \u00e9tudiants, aux r\u00e9sidents, aux professionnels param\u00e9dicaux et aux associations et groupes communautaires.<\/p>\n<h2>Campus G\u00e9n\u00e9ral et Campus Civic<\/h2>\n<p>Aux campus G\u00e9n\u00e9ral et Civic, la Psychologie est divis\u00e9e en trois secteurs : la Sant\u00e9 mentale, la Psychologie de la sant\u00e9 et la Neuropsychologie. En pratique, ces sections constituent des composantes interd\u00e9pendantes des services et de la formation en psychologie.<\/p>\n<p>De plus, la Psychologie g\u00e8re des programmes actifs de recherche et collabore \u00e0 plusieurs projets de recherche multidisciplinaires.<\/p>\n<h2>Centre de r\u00e9adaptation de L&rsquo;H\u00f4pital d&rsquo;Ottawa<\/h2>\n<p>Le Centre de r\u00e9adaptation offre ses services aux adultes et aux a\u00een\u00e9s atteints d\u2019une maladie chronique ou d\u2019une incapacit\u00e9 physique qui doivent suivre un programme de r\u00e9adaptation. Le Centre dispose de 66 lits et offre de nombreux consultations externes, en fran\u00e7ais et en anglais, aux patients et \u00e0 leur famille.<\/p>\n<p>Les services cliniques sont ax\u00e9s sur les besoins fonctionnels. Ils se divisent en trois programmes principaux : troubles neurocognitifs, troubles neuromusculaires et troubles locomoteurs. La majorit\u00e9 des patients qui consultent pour des troubles neurocognitifs ont une l\u00e9sion c\u00e9r\u00e9brale acquise. Les patients trait\u00e9s pour des troubles neuromusculaires sont des gens ayant subi un traumatisme m\u00e9dullaire ou un accident vasculaire c\u00e9r\u00e9bral (AVC), sont atteints de scl\u00e9rose en plaques, de paralysie c\u00e9r\u00e9brale ou de troubles neuromusculaires de spina-bifida. Les patients ayant subi une amputation ou qui souffrent de douleur chronique, de troubles respiratoires ou de traumatismes multiples sont pris en charge par le programme des troubles locomoteurs.<\/p>\n<p>Des \u00e9quipes multidisciplinaires fournissent tous les services du Centre, qui est structur\u00e9 selon un mod\u00e8le de gestion de programme. Chaque volet clinique est dispens\u00e9 par une \u00e9quipe multidisciplinaire qui compte au moins un membre de l&rsquo;\u00e9quipe de psychologie. Les professionnels du Service de psychologie sont les ressources en sant\u00e9 mentale du Centre et, \u00e0 ce titre, ils offrent des services d\u2019\u00e9valuation, d\u2019intervention individuelle ou collective et de consultation aux patients hospitalis\u00e9s ou externes. Ils participent \u00e9galement \u00e0 des projets de recherche multidisciplinaire, ainsi qu\u2019aux initiatives d\u2019\u00e9laboration et d\u2019\u00e9valuation des programmes en cours.<\/p>\n<h2>\u00c9quipe de psychologie<\/h2>\n<p>Le Programme de psychologie de L\u2019H\u00f4pital d\u2019Ottawa est compos\u00e9 de 32\u00a0psychologues et de trois psychom\u00e9triciens. Les membres du personnel rel\u00e8vent du responsable de la pratique professionnelle de la Psychologie et fournissent des soins au sein de certains de services sp\u00e9cialis\u00e9s de l\u2019H\u00f4pital. Les psychologues de L\u2019H\u00f4pital d\u2019Ottawa sont titulaires de doctorats et, en plus d\u2019avoir re\u00e7u une formation clinique compl\u00e8te, suivent aussi une formation rigoureuse en conception et en mise en \u0153uvre de projets de recherche. Les psychologues de l\u2019H\u00f4pital sont aussi membres en r\u00e8gle de l\u2019Ordre des psychologues et des analystes du comportement de l\u2019Ontario et sont autoris\u00e9s \u00e0 exercer leur profession dans divers domaines de pratique, tels que la neuropsychologie clinique, la psychologie clinique, la psychologie de la r\u00e9adaptation et la psychologie de la sant\u00e9.<\/p>\n<h2>L&rsquo;H\u00f4pital d&rsquo;Ottawa<\/h2>\n<p>Situ\u00e9 dans la capitale nationale, L&rsquo;H\u00f4pital d&rsquo;Ottawa compte 950 lits de soins de niveau tertiaire. Reconnu \u00e0 l\u2019\u00e9chelle nationale comme un centre hospitalier universitaire, l&rsquo;H\u00f4pital offre un large \u00e9ventail de services, dans les deux langues officielles, \u00e0 des patients hospitalis\u00e9s et externes, aux campus Riverside, Civic et G\u00e9n\u00e9ral, o\u00f9 se trouve \u00e9galement le Centre de r\u00e9adaptation. Le Campus G\u00e9n\u00e9ral est situ\u00e9 pr\u00e8s du Centre des sciences de la sant\u00e9 de l\u2019Universit\u00e9 d\u2019Ottawa et du Centre hospitalier pour enfants de l\u2019est de l\u2019Ontario. Tout pr\u00e8s de ce complexe se trouve le Centre m\u00e9dical de la D\u00e9fense nationale. L\u2019H\u00f4pital d&rsquo;Ottawa \u00e9tant un centre hospitalier universitaire, l\u2019enseignement, la formation et la recherche font partie int\u00e9grante de sa mission.<\/p>\n<p class=\"returnto\"><a href=\"\/fr\/services-cliniques\/deptpgrmcs\/\">Tous les services et cliniques<\/a><\/p>\n","protected":false},"excerpt":{"rendered":"<p>Les psychologues de L\u2019H\u00f4pital d\u2019Ottawa fournissent des soins sp\u00e9cialis\u00e9s \u00e0 des patients atteints de probl\u00e8mes m\u00e9dicaux complexes dus \u00e0 des blessures, \u00e0 des probl\u00e8mes de sant\u00e9 aigus ou chroniques ou \u00e0 des probl\u00e8mes de sant\u00e9 mentale. Faisant partie de l\u2019\u00e9quipe interprofessionnelle, les psychologues contribuent \u00e0 am\u00e9liorer les r\u00e9sultats en mati\u00e8re de sant\u00e9 par l\u2019\u00e9valuation, le [&hellip;]<\/p>\n","protected":false},"author":25,"featured_media":0,"parent":7014,"menu_order":3,"comment_status":"closed","ping_status":"closed","template":"","meta":{"_acf_changed":false,"_mc_calendar":[],"footnotes":""},"class_list":["post-7086","page","type-page","status-publish","hentry"],"acf":[],"wps_subtitle":"","_links":{"self":[{"href":"https:\/\/www.ottawahospital.on.ca\/fr\/wp-json\/wp\/v2\/pages\/7086","targetHints":{"allow":["GET"]}}],"collection":[{"href":"https:\/\/www.ottawahospital.on.ca\/fr\/wp-json\/wp\/v2\/pages"}],"about":[{"href":"https:\/\/www.ottawahospital.on.ca\/fr\/wp-json\/wp\/v2\/types\/page"}],"author":[{"embeddable":true,"href":"https:\/\/www.ottawahospital.on.ca\/fr\/wp-json\/wp\/v2\/users\/25"}],"replies":[{"embeddable":true,"href":"https:\/\/www.ottawahospital.on.ca\/fr\/wp-json\/wp\/v2\/comments?post=7086"}],"version-history":[{"count":0,"href":"https:\/\/www.ottawahospital.on.ca\/fr\/wp-json\/wp\/v2\/pages\/7086\/revisions"}],"up":[{"embeddable":true,"href":"https:\/\/www.ottawahospital.on.ca\/fr\/wp-json\/wp\/v2\/pages\/7014"}],"wp:attachment":[{"href":"https:\/\/www.ottawahospital.on.ca\/fr\/wp-json\/wp\/v2\/media?parent=7086"}],"curies":[{"name":"wp","href":"https:\/\/api.w.org\/{rel}","templated":true}]}}