{"id":7082,"date":"2016-11-14T17:13:28","date_gmt":"2016-11-14T22:13:28","guid":{"rendered":"http:\/\/52.229.122.34\/fr\/?page_id=7082"},"modified":"2019-07-16T16:27:45","modified_gmt":"2019-07-16T20:27:45","slug":"liens","status":"publish","type":"page","link":"https:\/\/www.ottawahospital.on.ca\/fr\/notre-modele-de-soins\/notre-equipe-de-professionnels-de-la-sante\/physiotherapie\/liens\/","title":{"rendered":"Liens"},"content":{"rendered":"<p><a href=\"https:\/\/www.lignesantechamplain.ca\/index.aspx\">Portail lignesant\u00e9Champlain<\/a><\/p>\n<p><a href=\"https:\/\/www.livinghealthychamplain.ca\/fr\/Accueil\">Vivre en sant\u00e9 Champlain<\/a><\/p>\n<p><a href=\"https:\/\/heartwise.ottawaheart.ca\/fr\">Programme d\u2019exercices Corps \u00e0 c\u0153ur<\/a><\/p>\n<p><a href=\"https:\/\/www.collegept.org\/about\/en-fran\u00e7ais\">Ordre des physioth\u00e9rapeutes de l\u2019Ontario<\/a><\/p>\n<p><a href=\"https:\/\/arthrite.ca\/\">Soci\u00e9t\u00e9 Arthrite<\/a><\/p>\n\n\n<p><\/p>\n","protected":false},"excerpt":{"rendered":"<p>Portail lignesant\u00e9Champlain Vivre en sant\u00e9 Champlain Programme d\u2019exercices Corps \u00e0 c\u0153ur Ordre des physioth\u00e9rapeutes de l\u2019Ontario Soci\u00e9t\u00e9 Arthrite<\/p>\n","protected":false},"author":25,"featured_media":0,"parent":7023,"menu_order":6,"comment_status":"closed","ping_status":"closed","template":"","meta":{"_acf_changed":false,"_mc_calendar":[],"footnotes":""},"class_list":["post-7082","page","type-page","status-publish","hentry"],"acf":[],"wps_subtitle":"","_links":{"self":[{"href":"https:\/\/www.ottawahospital.on.ca\/fr\/wp-json\/wp\/v2\/pages\/7082","targetHints":{"allow":["GET"]}}],"collection":[{"href":"https:\/\/www.ottawahospital.on.ca\/fr\/wp-json\/wp\/v2\/pages"}],"about":[{"href":"https:\/\/www.ottawahospital.on.ca\/fr\/wp-json\/wp\/v2\/types\/page"}],"author":[{"embeddable":true,"href":"https:\/\/www.ottawahospital.on.ca\/fr\/wp-json\/wp\/v2\/users\/25"}],"replies":[{"embeddable":true,"href":"https:\/\/www.ottawahospital.on.ca\/fr\/wp-json\/wp\/v2\/comments?post=7082"}],"version-history":[{"count":0,"href":"https:\/\/www.ottawahospital.on.ca\/fr\/wp-json\/wp\/v2\/pages\/7082\/revisions"}],"up":[{"embeddable":true,"href":"https:\/\/www.ottawahospital.on.ca\/fr\/wp-json\/wp\/v2\/pages\/7023"}],"wp:attachment":[{"href":"https:\/\/www.ottawahospital.on.ca\/fr\/wp-json\/wp\/v2\/media?parent=7082"}],"curies":[{"name":"wp","href":"https:\/\/api.w.org\/{rel}","templated":true}]}}