{"id":7078,"date":"2016-11-14T17:11:16","date_gmt":"2016-11-14T22:11:16","guid":{"rendered":"http:\/\/52.229.122.34\/fr\/?page_id=7078"},"modified":"2021-03-12T10:00:45","modified_gmt":"2021-03-12T15:00:45","slug":"carriere-en-physiotherapie","status":"publish","type":"page","link":"https:\/\/www.ottawahospital.on.ca\/fr\/notre-modele-de-soins\/notre-equipe-de-professionnels-de-la-sante\/physiotherapie\/carriere-en-physiotherapie\/","title":{"rendered":"Carri\u00e8re en physioth\u00e9rapie"},"content":{"rendered":"<p><img decoding=\"async\" class=\"img-responsive alignright\" src=\"\/wp-content\/uploads\/2016\/11\/PhysiotherapyCareers1.jpg\" alt=\"Physiotherapy Careers\" width=\"170\" height=\"128\" \/><\/p>\n<h2>Devenir physioth\u00e9rapeute<\/h2>\n<p>Il faut avoir obtenu une ma\u00eetrise pour exercer la profession de physioth\u00e9rapeute au Canada. Pour exercer en Ontario, les physioth\u00e9rapeutes doivent aussi obtenir leur agr\u00e9ment. Apr\u00e8s l\u2019obtention de leur dipl\u00f4me dans un \u00e9tablissement d\u2019enseignement reconnu, ils doivent ainsi r\u00e9ussir l\u2019examen de l\u2019Ordre des physioth\u00e9rapeutes de l\u2019Ontario, qui r\u00e9glemente leur profession.<\/p>\n<p>Vous aimeriez devenir physioth\u00e9rapeute? Voici des liens qui pourraient vous renseigner\u00a0:<\/p>\n<ul>\n<li><a href=\"https:\/\/physiotherapy.ca\/fr\">Association canadienne de physioth\u00e9rapie<\/a><\/li>\n<li><a href=\"https:\/\/www.alliancept.org\/\">Physioth\u00e9rapeute dipl\u00f4m\u00e9 d\u2019un \u00e9tablissement d\u2019enseignement de l\u2019ext\u00e9rieur du Canada<\/a><\/li>\n<li><a href=\"https:\/\/www.collegept.org\/\">Ordre des physioth\u00e9rapeutes de l\u2019Ontario<\/a><\/li>\n<li><a href=\"https:\/\/sante.uottawa.ca\/readaptation\/\">\u00c9cole des sciences de la r\u00e9adaptation de l\u2019Universit\u00e9 d\u2019Ottawa<\/a><\/li>\n<\/ul>\n","protected":false},"excerpt":{"rendered":"<p>Devenir physioth\u00e9rapeute Il faut avoir obtenu une ma\u00eetrise pour exercer la profession de physioth\u00e9rapeute au Canada. Pour exercer en Ontario, les physioth\u00e9rapeutes doivent aussi obtenir leur agr\u00e9ment. Apr\u00e8s l\u2019obtention de leur dipl\u00f4me dans un \u00e9tablissement d\u2019enseignement reconnu, ils doivent ainsi r\u00e9ussir l\u2019examen de l\u2019Ordre des physioth\u00e9rapeutes de l\u2019Ontario, qui r\u00e9glemente leur profession. Vous aimeriez devenir [&hellip;]<\/p>\n","protected":false},"author":25,"featured_media":0,"parent":7023,"menu_order":5,"comment_status":"closed","ping_status":"closed","template":"","meta":{"_acf_changed":false,"_mc_calendar":[],"footnotes":""},"class_list":["post-7078","page","type-page","status-publish","hentry"],"acf":[],"wps_subtitle":"","_links":{"self":[{"href":"https:\/\/www.ottawahospital.on.ca\/fr\/wp-json\/wp\/v2\/pages\/7078","targetHints":{"allow":["GET"]}}],"collection":[{"href":"https:\/\/www.ottawahospital.on.ca\/fr\/wp-json\/wp\/v2\/pages"}],"about":[{"href":"https:\/\/www.ottawahospital.on.ca\/fr\/wp-json\/wp\/v2\/types\/page"}],"author":[{"embeddable":true,"href":"https:\/\/www.ottawahospital.on.ca\/fr\/wp-json\/wp\/v2\/users\/25"}],"replies":[{"embeddable":true,"href":"https:\/\/www.ottawahospital.on.ca\/fr\/wp-json\/wp\/v2\/comments?post=7078"}],"version-history":[{"count":0,"href":"https:\/\/www.ottawahospital.on.ca\/fr\/wp-json\/wp\/v2\/pages\/7078\/revisions"}],"up":[{"embeddable":true,"href":"https:\/\/www.ottawahospital.on.ca\/fr\/wp-json\/wp\/v2\/pages\/7023"}],"wp:attachment":[{"href":"https:\/\/www.ottawahospital.on.ca\/fr\/wp-json\/wp\/v2\/media?parent=7078"}],"curies":[{"name":"wp","href":"https:\/\/api.w.org\/{rel}","templated":true}]}}