{"id":7068,"date":"2016-11-14T17:04:50","date_gmt":"2016-11-14T22:04:50","guid":{"rendered":"http:\/\/52.229.122.34\/fr\/?page_id=7068"},"modified":"2024-06-10T14:34:49","modified_gmt":"2024-06-10T18:34:49","slug":"demandes-de-services-pour-patient-externes","status":"publish","type":"page","link":"https:\/\/www.ottawahospital.on.ca\/fr\/notre-modele-de-soins\/notre-equipe-de-professionnels-de-la-sante\/physiotherapie\/demandes-de-services-pour-patient-externes\/","title":{"rendered":"Demande de services pour patient externe"},"content":{"rendered":"<h2>Campus Riverside<\/h2>\n<p><span lang=\"FR-CA\">Un m\u00e9decin doit envoyer une demande de services par t\u00e9l\u00e9copieur<\/span><span lang=\"FR-CA\">\u00a0au 613-738-8431 ou par le biais de notre syst\u00e8me Epic.\u00a0 Pour obtenir plus de renseignements, veuillez appeler au 613-738-8208 ou envoyer un courriel \u00e0\u00a0<a href=\"mailto:rivrehabdept@toh.ca\">rivrehabdept@toh.ca<\/a>.\u00a0 Toutes les demandes sont trait\u00e9es dans l&rsquo;ordre o\u00f9 elles sont re\u00e7ues et selon nos crit\u00e8res de priorit\u00e9.<\/span><\/p>\n<h2><strong>Centre de r\u00e9adaptation de L\u2019H\u00f4pital d\u2019Ottawa<\/strong><\/h2>\n<p>Un physiatre (m\u00e9decin sp\u00e9cialis\u00e9 en m\u00e9decine de la r\u00e9adaptation) ou une infirmi\u00e8re praticienne qui travaille au Centre de r\u00e9adaptation doit nous envoyer une demande de services d\u00fbment remplie en votre nom. Cliquez <a href=\"https:\/\/www.ottawahospital.on.ca\/fr\/services-cliniques\/deptpgrmcs\/departements\/centre-de-readaptation\/demande-de-service\/\">ici<\/a> pour remplir une demande de services.<\/p>\n<p>Pour obtenir plus de renseignements, appelez au 613-737-8899, poste 75615.<\/p>\n<h2><strong>Centre de canc\u00e9rologie<\/strong><\/h2>\n<p>Un m\u00e9decin doit envoyer une demande de services par t\u00e9l\u00e9copieur ou courrier. Voici les coordonn\u00e9es du centre.<\/p>\n<h2><strong>Campus G\u00e9n\u00e9ral<\/strong><\/h2>\n<p><strong>Programme d\u2019oncologie psychosociale de L\u2019H\u00f4pital d\u2019Ottawa<br \/>\n<\/strong>Centre de canc\u00e9rologie de L\u2019H\u00f4pital d\u2019Ottawa<\/p>\n<p>501, chemin Smyth<br \/>\nC.P. 938<br \/>\nOttawa ON\u00a0 K1H 8L6<\/p>\n<p>T\u00e9l\u00e9phone\u00a0: 613-737-7700, poste 70516<br \/>\nT\u00e9l\u00e9copieur\u00a0: 613-737-8331<\/p>\n<p>Pour obtenir plus de renseignements, appelez au 613-737-7700, poste 70516.<\/p>\n<h2>H\u00f4pital Queensway Carleton<\/h2>\n<p><strong>Programme d\u2019oncologie psychosociale de L\u2019H\u00f4pital d\u2019Ottawa<br \/>\n<\/strong>Centre de canc\u00e9rologie de L\u2019H\u00f4pital d\u2019Ottawa \u2013 Centre de canc\u00e9rologie Famille Irving Greenberg<\/p>\n<p>3045, chemin Baseline<br \/>\nC.P. 938<br \/>\nOttawa ON K2H 8P4<\/p>\n<p>T\u00e9l\u00e9phone\u00a0: 613-737-7700, poste 25200<br \/>\nT\u00e9l\u00e9copieur\u00a0: 613-726-5107<\/p>\n<p>Pour obtenir plus de renseignements, appelez au 613-737-7700, poste 25200.<\/p>\n<h2>Institut de cardiologie de l\u2019Universit\u00e9 d\u2019Ottawa<\/h2>\n<p>Un m\u00e9decin doit envoyer par courriel ou t\u00e9l\u00e9copieur une <a href=\"https:\/\/www.ottawaheart.ca\/document\/cardiac-rehabilitation-outpatient-program-physician-referral-form\">demande de services<\/a> d\u00fbment remplie. Voici les coordonn\u00e9es.<\/p>\n<p>Centre de pr\u00e9vention et de r\u00e9adaptation<br \/>\nInstitut de cardiologie de l\u2019Universit\u00e9 d\u2019Ottawa<br \/>\n40, rue Ruskin<br \/>\nOttawa ON\u00a0 K1Y 4W7<\/p>\n<p>T\u00e9l\u00e9copieur\u00a0: 613-696-7106<\/p>\n<p>Pour obtenir plus de renseignements, appelez au 613-696-7068.<\/p>\n","protected":false},"excerpt":{"rendered":"<p>Campus Riverside Un m\u00e9decin doit envoyer une demande de services par t\u00e9l\u00e9copieur\u00a0au 613-738-8431 ou par le biais de notre syst\u00e8me Epic.\u00a0 Pour obtenir plus de renseignements, veuillez appeler au 613-738-8208 ou envoyer un courriel \u00e0\u00a0rivrehabdept@toh.ca.\u00a0 Toutes les demandes sont trait\u00e9es dans l&rsquo;ordre o\u00f9 elles sont re\u00e7ues et selon nos crit\u00e8res de priorit\u00e9. Centre de r\u00e9adaptation [&hellip;]<\/p>\n","protected":false},"author":25,"featured_media":0,"parent":7023,"menu_order":4,"comment_status":"closed","ping_status":"closed","template":"","meta":{"_acf_changed":false,"_mc_calendar":[],"footnotes":""},"class_list":["post-7068","page","type-page","status-publish","hentry"],"acf":[],"wps_subtitle":"","_links":{"self":[{"href":"https:\/\/www.ottawahospital.on.ca\/fr\/wp-json\/wp\/v2\/pages\/7068","targetHints":{"allow":["GET"]}}],"collection":[{"href":"https:\/\/www.ottawahospital.on.ca\/fr\/wp-json\/wp\/v2\/pages"}],"about":[{"href":"https:\/\/www.ottawahospital.on.ca\/fr\/wp-json\/wp\/v2\/types\/page"}],"author":[{"embeddable":true,"href":"https:\/\/www.ottawahospital.on.ca\/fr\/wp-json\/wp\/v2\/users\/25"}],"replies":[{"embeddable":true,"href":"https:\/\/www.ottawahospital.on.ca\/fr\/wp-json\/wp\/v2\/comments?post=7068"}],"version-history":[{"count":0,"href":"https:\/\/www.ottawahospital.on.ca\/fr\/wp-json\/wp\/v2\/pages\/7068\/revisions"}],"up":[{"embeddable":true,"href":"https:\/\/www.ottawahospital.on.ca\/fr\/wp-json\/wp\/v2\/pages\/7023"}],"wp:attachment":[{"href":"https:\/\/www.ottawahospital.on.ca\/fr\/wp-json\/wp\/v2\/media?parent=7068"}],"curies":[{"name":"wp","href":"https:\/\/api.w.org\/{rel}","templated":true}]}}