{"id":70597,"date":"2022-02-11T07:02:53","date_gmt":"2022-02-11T12:02:53","guid":{"rendered":"https:\/\/www.ottawahospital.on.ca\/?page_id=70597"},"modified":"2023-10-26T22:59:02","modified_gmt":"2023-10-27T02:59:02","slug":"services","status":"publish","type":"page","link":"https:\/\/www.ottawahospital.on.ca\/fr\/services-cliniques\/deptpgrmcs\/cliniques-et-services\/cardiologie\/services-cardiorespiratoires\/services\/","title":{"rendered":"Services"},"content":{"rendered":"<p class=\"intro-text1\">Les patients qui ont un rendez-vous \u00e0 L\u2019H\u00f4pital d\u2019Ottawa re\u00e7oivent un appel de confirmation automatis\u00e9 jusqu\u2019\u00e0 5 jours avant la date du rendez-vous. Pour modifier ou annuler un rendez-vous, veuillez appeler notre bureau des rendez vous 48 heures d\u2019avance.<\/p>\n<h2>Examens diagnostiques cardiaques<\/h2>\n<div id=\"accordion\" class=\"panel-group\">\n<div class=\"panel panel-default\">\n<div class=\"panel-heading\">\n<h3 class=\"panel-title\"><a href=\"#collapse1\" data-toggle=\"collapse\" data-parent=\"#accordion\">\u00c9lectrocardiogramme (ECG)<\/a><\/h3>\n<\/div>\n<div id=\"collapse1\" class=\"panel-collapse collapse\">\n<div class=\"panel-body\">\n<p>L\u2019\u00e9lectrocardiogramme (ECG) est la mesure de l\u2019activit\u00e9 \u00e9lectrique du c\u0153ur. Le jour de votre examen, un technologue ECG vous expliquera la proc\u00e9dure et vous collera de petites \u00e9lectrodes sur la peau. Pour que les \u00e9lectrodes collent bien, nous devrons peut \u00eatre vous frotter l\u00e9g\u00e8rement la peau avec une sorte de papier sabl\u00e9 fin ou vous raser. Nous relierons ensuite ces \u00e9lectrodes par des fils \u00e0 l\u2019\u00e9lectrocardiographe (l\u2019appareil qui produit l\u2019ECG).<\/p>\n<p>Vous devrez rester allong\u00e9 sans bouger pendant quelques minutes, le temps que l\u2019appareil enregistre l\u2019activit\u00e9 \u00e9lectrique de votre c\u0153ur. Plus tard, un cardiologue interpr\u00e9tera les r\u00e9sultats et enverra un rapport \u00e0 votre m\u00e9decin.<\/p>\n<p><strong>Aucune pr\u00e9paration n\u2019est n\u00e9cessaire.<\/strong><\/p>\n<\/div>\n<\/div>\n<\/div>\n<div class=\"panel panel-default\">\n<div class=\"panel-heading\">\n<h3 class=\"panel-title\"><a href=\"#collapse2\" data-toggle=\"collapse\" data-parent=\"#accordion\">Moniteur Holter<\/a><\/h3>\n<\/div>\n<div id=\"collapse2\" class=\"panel-collapse collapse\">\n<div class=\"panel-body\">\n<p>Votre m\u00e9decin a prescrit cet examen pour v\u00e9rifier si vous avez des probl\u00e8mes de rythme cardiaque. Le jour de votre examen, un technologue pr\u00e9parera votre peau et y collera de petites \u00e9lectrodes. Pour que les \u00e9lectrodes collent bien, nous devrons peut \u00eatre vous frotter l\u00e9g\u00e8rement la peau avec une sorte de papier sabl\u00e9 fin ou vous raser. Nous relierons ensuite ces \u00e9lectrodes par des fils \u00e0 un appareil de surveillance appel\u00e9 moniteur Holter, ou enregistreur d\u2019\u00e9v\u00e9nement.<\/p>\n<p>Si votre examen se fait avec un moniteur Holter, on vous demandera de noter tous vos sympt\u00f4mes (palpitations, essoufflement, \u00e9tourdissements, douleurs \u00e0 la poitrine) dans un journal. Vous devrez aussi pr\u00e9ciser l\u2019heure \u00e0 laquelle vous avez \u00e9prouv\u00e9 ces sympt\u00f4mes. On vous demandera \u00e9galement de retirer le moniteur \u00e0 une heure pr\u00e9cise.<\/p>\n<p>Si votre examen se fait avec un enregistreur d\u2019\u00e9v\u00e9nement (aussi appel\u00e9 moniteur en boucle), on vous demandera d\u2019appuyer sur le bouton d\u2019enregistrement en plus de noter vos sympt\u00f4mes dans votre journal. Vous devrez retirer le moniteur \u00e0 une heure pr\u00e9cise.<\/p>\n<p>On vous donnera un rendez-vous pour nous rendre le moniteur. Un cardiologue interpr\u00e9tera les r\u00e9sultats et enverra un rapport \u00e0 votre m\u00e9decin.<\/p>\n<\/div>\n<\/div>\n<\/div>\n<div class=\"panel panel-default\">\n<div class=\"panel-heading\">\n<h3 class=\"panel-title\"><a href=\"#collapse3\" data-toggle=\"collapse\" data-parent=\"#accordion\">\u00c9preuve d\u2019effort<\/a><\/h3>\n<\/div>\n<div id=\"collapse3\" class=\"panel-collapse collapse\">\n<div class=\"panel-body\">\n<p><strong>Que se passera-t-il la journ\u00e9e de l\u2019examen?<br \/>\n<\/strong>Un technologue ou un m\u00e9decin vous expliquera les risques et avantages de l\u2019\u00e9preuve d\u2019effort sur tapis roulant et vous demandera de signer un formulaire de consentement. On pr\u00e9parera votre peau et on placera des \u00e9lectrodes sur votre poitrine. Les \u00e9lectrodes seront reli\u00e9es \u00e0 un moniteur cardiaque et permettront de surveiller votre fr\u00e9quence et votre rythme cardiaques durant l\u2019examen.<\/p>\n<p>On vous demandera de marcher ou de courir sur un tapis roulant. L\u2019examen commencera \u00e0 basse vitesse. Ensuite, graduellement, la vitesse et la pente augmenteront. Tout au long de l\u2019examen, nous surveillerons votre fr\u00e9quence cardiaque et votre pression sanguine. Vous serez encourag\u00e9 \u00e0 tenir le plus longtemps possible.<\/p>\n<p><strong>Pr\u00e9paration pour l\u2019examen\u00a0:<\/strong><\/p>\n<ol>\n<li>Ne mangez pas, ne buvez pas et ne fumez pas pendant les 2\u00a0heures pr\u00e9c\u00e9dant l\u2019examen.<\/li>\n<li>Arr\u00eatez de prendre les m\u00e9dicaments suivants 48\u00a0heures avant l\u2019examen\u00a0: b\u00eata-bloquants, nitrates et inhibiteurs calciques non dihydropyridines. Veuillez v\u00e9rifier aupr\u00e8s de votre m\u00e9decin.<\/li>\n<li>Apportez une liste des m\u00e9dicaments que vous prenez actuellement.<\/li>\n<li>Portez des v\u00eatements confortables et des souliers de course.<\/li>\n<\/ol>\n<\/div>\n<\/div>\n<\/div>\n<div class=\"panel panel-default\">\n<div class=\"panel-heading\">\n<h3 class=\"panel-title\"><a href=\"#collapse4\" data-toggle=\"collapse\" data-parent=\"#accordion\">\u00c9chocardiographie<\/a><\/h3>\n<\/div>\n<div id=\"collapse4\" class=\"panel-collapse collapse\">\n<div class=\"panel-body\">\n<p>Une \u00e9chocardiographie est un examen par \u00e9chographie permettant de voir le c\u0153ur en direct afin d\u2019\u00e9valuer l\u2019anatomie et le fonctionnement du muscle cardiaque, de ses cavit\u00e9s et de ses valves. C\u2019est la m\u00eame technologie que celle qui sert \u00e0 voir un b\u00e9b\u00e9 dans le ventre de sa m\u00e8re. Cet examen sans douleur dure de 30 \u00e0 45\u00a0minutes environ. Un \u00e9chographiste \u2013 un technologue ayant re\u00e7u une formation sp\u00e9ciale \u2013 fixera des \u00e9lectrodes \u00e0 votre poitrine pour enregistrer votre rythme cardiaque. Vous devrez vous d\u00e9shabiller jusqu\u2019\u00e0 la taille et enfiler une chemise d\u2019h\u00f4pital. Ensuite, on vous demandera de vous allonger sur le c\u00f4t\u00e9 gauche, sur la table d\u2019examen. On baissera les lumi\u00e8res pendant l\u2019examen. L\u2019\u00e9chographiste appliquera du gel sur la sonde, puis sur votre poitrine, pour examiner votre c\u0153ur. Plus tard, un cardiologue analysera les images enregistr\u00e9es et enverra un rapport \u00e0 votre m\u00e9decin.<\/p>\n<p>S\u2019il est difficile de voir une partie du muscle cardiaque, il se peut qu\u2019on vous injecte dans une veine un m\u00e9dicament appel\u00e9 Definity, qui nous permettra de mieux voir le c\u0153ur et d\u2019obtenir des r\u00e9sultats pr\u00e9cis.<\/p>\n<p><strong>Aucune pr\u00e9paration n\u2019est n\u00e9cessaire.<\/strong><\/p>\n<\/div>\n<\/div>\n<\/div>\n<div class=\"panel panel-default\">\n<div class=\"panel-heading\">\n<h3 class=\"panel-title\"><a href=\"#collapse5\" data-toggle=\"collapse\" data-parent=\"#accordion\">\u00c9chocardiographie \u00e0 l\u2019effort<\/a><\/h3>\n<\/div>\n<div id=\"collapse5\" class=\"panel-collapse collapse\">\n<div class=\"panel-body\">\n<p>Votre m\u00e9decin vous a recommand\u00e9 de passer une \u00e9chocardiographie \u00e0 l\u2019effort. Cet examen comprend une \u00e9chographie du c\u0153ur et une \u00e9preuve d\u2019effort. Nous capterons des images du c\u0153ur avant et pendant l\u2019effort afin de les comparer. Si le c\u0153ur est normal, toutes les parties du muscle cardiaque travailleront plus fort durant l\u2019exercice ou apr\u00e8s l\u2019administration de la dobutamine (un m\u00e9dicament qui imite l\u2019effet de l\u2019exercice). Des battements du c\u0153ur anormaux durant l\u2019exercice peuvent signaler qu\u2019une art\u00e8re coronaire est bloqu\u00e9e.<\/p>\n<p><strong>Pr\u00e9paration pour l\u2019examen\u00a0:<\/strong><\/p>\n<ol>\n<li>Ne mangez pas, ne buvez pas et ne fumez pas pendant les 2\u00a0heures pr\u00e9c\u00e9dant l\u2019examen.<\/li>\n<li>Arr\u00eatez de prendre les m\u00e9dicaments suivants 48\u00a0heures avant l\u2019examen\u00a0: b\u00eata-bloquants, nitrates et inhibiteurs calciques non dihydropyridines. Veuillez v\u00e9rifier aupr\u00e8s de votre m\u00e9decin ou de votre pharmacien.<\/li>\n<li>Apportez une liste des m\u00e9dicaments que vous prenez actuellement.<\/li>\n<li>Portez des v\u00eatements confortables et des souliers de course si vous passez une \u00e9chocardiographie \u00e0 l\u2019effort sur v\u00e9lo stationnaire ou tapis roulant.<\/li>\n<\/ol>\n<p><strong>Que se passera-t-il la journ\u00e9e de l\u2019examen?<\/strong><br \/>\nUn \u00e9chographiste ou un m\u00e9decin vous expliquera les risques et les avantages de l\u2019\u00e9chocardiographie \u00e0 l\u2019effort et vous demandera de signer un formulaire de consentement. On pr\u00e9parera votre peau et on vous placera des \u00e9lectrodes sur la poitrine.\u00a0Les \u00e9lectrodes seront reli\u00e9es \u00e0 un moniteur cardiaque et permettront de surveiller votre fr\u00e9quence et votre rythme cardiaques durant l\u2019examen. S\u2019il est difficile de voir une partie du muscle cardiaque, il se peut qu\u2019on vous injecte dans une veine un m\u00e9dicament appel\u00e9 Definity, qui nous permettra de mieux voir le c\u0153ur et d\u2019obtenir des r\u00e9sultats pr\u00e9cis.<\/p>\n<p><strong>\u00c9chocardiographie \u00e0 l\u2019effort sur v\u00e9lo stationnaire ou sur tapis roulant\u00a0:<\/strong><br \/>\nSi votre m\u00e9decin a recommand\u00e9 une \u00e9chocardiographie \u00e0 l\u2019effort, on vous demandera de faire de l\u2019exercice sur un v\u00e9lo stationnaire ou un tapis roulant. L\u2019examen commencera \u00e0 basse vitesse. Ensuite, si vous utilisez un v\u00e9lo stationnaire, la r\u00e9sistance augmentera graduellement. Si vous utilisez un tapis roulant, la vitesse et la pente augmenteront graduellement. Tout au long de l\u2019examen, nous surveillerons votre fr\u00e9quence cardiaque et votre pression sanguine. Vous serez encourag\u00e9 \u00e0 tenir le plus longtemps possible. Nous ferons une \u00e9chographie de votre c\u0153ur pour obtenir des images avant et pendant ou apr\u00e8s la s\u00e9ance d\u2019exercice.<\/p>\n<p><strong>\u00c9chocardiographie \u00e0 l\u2019effort avec dobutamine\u00a0:<br \/>\n<\/strong>La dobutamine est un m\u00e9dicament qui simule l\u2019effort cardiaque si vous n\u2019\u00eates pas en mesure de faire de l\u2019exercice sur un v\u00e9lo stationnaire ou un tapis roulant. On vous administrera le m\u00e9dicament pendant de 15 \u00e0 20\u00a0minutes, jusqu\u2019\u00e0 ce que votre c\u0153ur atteigne la fr\u00e9quence cardiaque cible. Si, avec la dose maximale de dobutamine, votre c\u0153ur n\u2019a toujours pas atteint la fr\u00e9quence cardiaque cible, on vous donnera peut-\u00eatre un m\u00e9dicament appel\u00e9 atropine pour augmenter encore davantage votre fr\u00e9quence cardiaque. Nous ferons une \u00e9chographie de votre c\u0153ur pour obtenir des images avant l\u2019examen et \u00e0 diff\u00e9rents moments pendant celui-ci.<\/p>\n<\/div>\n<\/div>\n<\/div>\n<div class=\"panel panel-default\">\n<div class=\"panel-heading\">\n<h3 class=\"panel-title\"><a href=\"#collapse55\" data-toggle=\"collapse\" data-parent=\"#accordion\">\u00c9chocardiographie trans\u0153sophagienne<\/a><\/h3>\n<\/div>\n<div id=\"collapse55\" class=\"panel-collapse collapse\">\n<div class=\"panel-body\">\n<p>L\u2019\u00e9chocardiographie trans\u0153sophagienne fournit \u00e0 votre m\u00e9decin des renseignements utiles qu\u2019une \u00e9chocardiographie transthoracique ne permet pas toujours d\u2019obtenir.<\/p>\n<p>Elle peut \u00eatre prescrite, par exemple, pour v\u00e9rifier s\u2019il y a des caillots dans le c\u0153ur, pour faire un examen d\u00e9taill\u00e9 de certaines maladies des valves ou pour \u00e9valuer l\u2019aorte. Pour faire l\u2019examen, on ins\u00e8re dans l\u2019\u0153sophage (tube qui relie la bouche \u00e0 l\u2019estomac) une sonde d\u2019\u00e9chographie sp\u00e9ciale. Un cardiologue effectue l\u2019examen avec l\u2019aide d\u2019un \u00e9chographiste.<\/p>\n<p>Avant l\u2019examen, l\u2019\u00e9chographiste vous expliquera la proc\u00e9dure et vous demandera de signer un formulaire de consentement. On ins\u00e9rera un cath\u00e9ter dans votre bras. Si vous avez un appareil dentaire ou un dentier, on vous demandera de le retirer. Le m\u00e9decin vaporisera au fond de votre gorge un m\u00e9dicament (xyloca\u00efne) qui vous engourdira et vous donnera un l\u00e9ger s\u00e9datif (midazolam) pour vous aider \u00e0 vous d\u00e9tendre. On vous placera un prot\u00e8ge-dents dans la bouche. Ensuite, le cardiologue ins\u00e9rera la sonde d\u2019\u00e9chographie dans votre bouche et vous demandera d\u2019avaler plusieurs fois pour que la sonde se mette en place. Le cardiologue effectuera alors l\u2019examen, qui devrait durer de 15 \u00e0 20\u00a0minutes. Pendant ce temps, l\u2019\u00e9chographiste enregistrera des images et prendra des mesures. Ensuite, le cardiologue analysera les images et enverra un rapport \u00e0 votre m\u00e9decin.<\/p>\n<p><strong>Pr\u00e9paration pour l\u2019examen\u00a0:<\/strong><\/p>\n<ol>\n<li>Ne mangez pas et ne buvez pas pendant les 6\u00a0heures pr\u00e9c\u00e9dant l\u2019examen.<\/li>\n<li>Apportez une liste des m\u00e9dicaments que vous prenez actuellement.<\/li>\n<li>Demandez \u00e0 quelqu\u2019un de rester avec vous et de vous accompagner \u00e0 la maison.<\/li>\n<li>Ne mangez pas et ne buvez pas pendant au moins une heure apr\u00e8s l\u2019examen.<\/li>\n<li>Ne conduisez pas de v\u00e9hicule ou de machinerie lourde pendant au moins 12\u00a0heures apr\u00e8s l\u2019examen.<\/li>\n<\/ol>\n<\/div>\n<\/div>\n<\/div>\n<\/div>\n<h2>Examen de la fonction respiratoire<\/h2>\n<div id=\"accordion1\" class=\"panel-group\">\n<div class=\"panel panel-default\">\n<div class=\"panel-heading\">\n<h3 class=\"panel-title\"><a href=\"#collapse6\" data-toggle=\"collapse\" data-parent=\"#accordion1\">Examen de la fonction respiratoire<\/a><\/h3>\n<\/div>\n<div id=\"collapse6\" class=\"panel-collapse collapse\">\n<div class=\"panel-body\">\n<p>L\u2019examen de la fonction respiratoire sert \u00e0 \u00e9valuer si vos poumons fonctionnent bien. On v\u00e9rifie entre autres la quantit\u00e9 d\u2019air que contiennent vos poumons et leur capacit\u00e9 d\u2019acheminer efficacement l\u2019oxyg\u00e8ne partout dans le corps. L\u2019examen sans douleur dure de 30 \u00e0 45\u00a0minutes environ. Pendant l\u2019examen, le th\u00e9rapeute respiratoire vous demandera d\u2019ex\u00e9cuter une s\u00e9rie de techniques de respiration diff\u00e9rentes. Dans certains cas, vous pourriez avoir \u00e0 recommencer jusqu\u2019\u00e0 8\u00a0fois. Quand l\u2019examen sera termin\u00e9, un pneumologue examinera et interpr\u00e9tera les mesures prises, puis enverra un rapport \u00e0 votre m\u00e9decin.<\/p>\n<p><strong>Pr\u00e9cautions \u00e0 prendre avant l\u2019examen\u00a0:<\/strong><\/p>\n<ol>\n<li>\u00c9vitez de fumer, de vapoter ou d\u2019utiliser une pipe \u00e0 eau pendant l\u2019heure qui pr\u00e9c\u00e8de l\u2019examen.<\/li>\n<li>\u00c9vitez de faire un exercice vigoureux pendant l\u2019heure qui pr\u00e9c\u00e8de l\u2019examen.<\/li>\n<li>Portez des v\u00eatements confortables, qui n\u2019emp\u00eacheront pas vos poumons de se dilater.<\/li>\n<\/ol>\n<\/div>\n<\/div>\n<\/div>\n<div class=\"panel panel-default\">\n<div class=\"panel-heading\">\n<h3 class=\"panel-title\"><a href=\"#collapse7\" data-toggle=\"collapse\" data-parent=\"#accordion1\">Provocation bronchique<\/a><\/h3>\n<\/div>\n<div id=\"collapse7\" class=\"panel-collapse collapse\">\n<div class=\"panel-body\">\n<p><strong>Objectif <\/strong><\/p>\n<p>D\u00e9terminer si une personne a de l\u2019asthme et, le cas \u00e9ch\u00e9ant, la s\u00e9v\u00e9rit\u00e9 de la maladie.<\/p>\n<p><strong>Description<\/strong><\/p>\n<p>Avant qu\u2019un m\u00e9decin demande un test de provocation bronchique \u00e0 la m\u00e9thacholine, le patient doit avoir pass\u00e9 un examen de la fonction respiratoire avec mesure des d\u00e9bits d\u2019air.<\/p>\n<p>Pendant le test de provocation bronchique \u00e0 la m\u00e9thacholine, on mesure les d\u00e9bits d\u2019air avant et apr\u00e8s l\u2019inhalation de diff\u00e9rentes concentrations de m\u00e9thacholine.<\/p>\n<p>La m\u00e9thacholine\u00a0est un produit chimique qui fait varier les mesures de d\u00e9bit d\u2019air chez les personnes qui ont de l\u2019asthme.<\/p>\n<p>Si le patient r\u00e9agit \u00e0 la m\u00e9thacholine, il doit attendre que l\u2019effet se r\u00e9sorbe avant de quitter le laboratoire.\u00a0Selon la r\u00e9action du patient, le test peut donc durer d\u2019une demi\u2011heure \u00e0 une heure.<\/p>\n<div class=\"table-responsive\">\n<table class=\"table\">\n<tbody>\n<tr>\n<td><strong>M\u00e9dicament\u00a0<\/strong><\/td>\n<td><strong>P\u00e9riode de cessation de l\u2019utilisation\u00a0<\/strong><\/td>\n<\/tr>\n<tr>\n<td>\n<p>Bronchodilatateurs en inhalation \u00e0 action rapide<\/p>\n<p>(Ventolin,\u00a0Airomir, Salbutamol, Apo-Salvent,\u00a0Atrovent,\u00a0Bricanyl,\u00a0Combivent)<\/td>\n<td>8\u00a0heures<\/td>\n<\/tr>\n<tr>\n<td>\n<p>Bronchodilatateurs en inhalation \u00e0 action prolong\u00e9e<\/p>\n<p>(Serevent,\u00a0Oxeze,\u00a0Symbicort, Advair)<\/td>\n<td>48\u00a0heures<\/td>\n<\/tr>\n<tr>\n<td>Tiotropium\u00a0(Spiriva)<\/td>\n<td>48\u00a0heures<\/td>\n<\/tr>\n<tr>\n<td>Accolate, Singular<\/td>\n<td>48\u00a0heures<\/td>\n<\/tr>\n<tr>\n<td>\n<p>Antihistaminiques<\/p>\n<p>(Claritin,\u00a0Reactine, Allegra)<\/td>\n<td>48\u00a0heures<\/td>\n<\/tr>\n<tr>\n<td>*Sauf indication contraire, les patients peuvent prendre leurs st\u00e9ro\u00efdes par voie orale ou en inhalation (Prednisone,\u00a0Beclovent,\u00a0Flovent,\u00a0Pulmicort,\u00a0Becloforte,\u00a0etc.).<\/td>\n<td><\/td>\n<\/tr>\n<\/tbody>\n<\/table>\n<\/div>\n<p>Pour toute question au sujet d\u2019un autre m\u00e9dicament ou pour en savoir plus sur ce test, appelez directement le laboratoire au 613\u00a0737-8255, poste 1<\/p>\n<\/div>\n<\/div>\n<\/div>\n<div class=\"panel panel-default\">\n<div class=\"panel-heading\">\n<h3 class=\"panel-title\"><a href=\"#collapse8\" data-toggle=\"collapse\" data-parent=\"#accordion1\">\u00c9preuve d\u2019effort cardiopulmonaire<\/a><\/h3>\n<\/div>\n<div id=\"collapse8\" class=\"panel-collapse collapse\">\n<div class=\"panel-body\">\n<p>(Content goes here\u2026)<\/p>\n<\/div>\n<\/div>\n<\/div>\n<div class=\"panel panel-default\">\n<div class=\"panel-heading\">\n<h3 class=\"panel-title\"><a href=\"#collapse9\" data-toggle=\"collapse\" data-parent=\"#accordion1\">\u00c9valuation du besoin d\u2019oxyg\u00e9noth\u00e9rapie \u00e0 domicile<\/a><\/h3>\n<\/div>\n<div id=\"collapse9\" class=\"panel-collapse collapse\">\n<div class=\"panel-body\">\n<p>L\u2019\u00e9valuation du besoin d\u2019oxyg\u00e9noth\u00e9rapie \u00e0 domicile sert \u00e0 d\u00e9terminer si l\u2019oxyg\u00e9noth\u00e9rapie pourrait vous \u00eatre utile. Certains probl\u00e8mes pulmonaires ou autres peuvent limiter la capacit\u00e9 de vos poumons d\u2019absorber efficacement l\u2019oxyg\u00e8ne. Cette \u00e9valuation comprendra un ou deux des tests suivants\u00a0: gazom\u00e9trie art\u00e9rielle, oxym\u00e9trie au repos et oxym\u00e9trie \u00e0 l\u2019effort. Les mesures obtenues peuvent permettre d\u2019obtenir du soutien financier du minist\u00e8re de la Sant\u00e9.<\/p>\n<\/div>\n<\/div>\n<\/div>\n<div class=\"panel panel-default\">\n<div class=\"panel-heading\">\n<h3 class=\"panel-title\"><a href=\"#collapse10\" data-toggle=\"collapse\" data-parent=\"#accordion1\">Enseignement sur l\u2019asthme ou la MPOC<\/a><\/h3>\n<\/div>\n<div id=\"collapse10\" class=\"panel-collapse collapse\">\n<div class=\"panel-body\">\n<p>(Content goes here\u2026)<\/p>\n<\/div>\n<\/div>\n<\/div>\n<\/div>\n","protected":false},"excerpt":{"rendered":"<p>Les patients qui ont un rendez-vous \u00e0 L\u2019H\u00f4pital d\u2019Ottawa re\u00e7oivent un appel de confirmation automatis\u00e9 jusqu\u2019\u00e0 5 jours avant la date du rendez-vous. Pour modifier ou annuler un rendez-vous, veuillez appeler notre bureau des rendez vous 48 heures d\u2019avance. Examens diagnostiques cardiaques \u00c9lectrocardiogramme (ECG) L\u2019\u00e9lectrocardiogramme (ECG) est la mesure de l\u2019activit\u00e9 \u00e9lectrique du c\u0153ur. Le [&hellip;]<\/p>\n","protected":false},"author":25,"featured_media":0,"parent":8420,"menu_order":0,"comment_status":"closed","ping_status":"closed","template":"","meta":{"_acf_changed":false,"_mc_calendar":[],"footnotes":""},"class_list":["post-70597","page","type-page","status-publish","hentry"],"acf":[],"wps_subtitle":"","_links":{"self":[{"href":"https:\/\/www.ottawahospital.on.ca\/fr\/wp-json\/wp\/v2\/pages\/70597","targetHints":{"allow":["GET"]}}],"collection":[{"href":"https:\/\/www.ottawahospital.on.ca\/fr\/wp-json\/wp\/v2\/pages"}],"about":[{"href":"https:\/\/www.ottawahospital.on.ca\/fr\/wp-json\/wp\/v2\/types\/page"}],"author":[{"embeddable":true,"href":"https:\/\/www.ottawahospital.on.ca\/fr\/wp-json\/wp\/v2\/users\/25"}],"replies":[{"embeddable":true,"href":"https:\/\/www.ottawahospital.on.ca\/fr\/wp-json\/wp\/v2\/comments?post=70597"}],"version-history":[{"count":0,"href":"https:\/\/www.ottawahospital.on.ca\/fr\/wp-json\/wp\/v2\/pages\/70597\/revisions"}],"up":[{"embeddable":true,"href":"https:\/\/www.ottawahospital.on.ca\/fr\/wp-json\/wp\/v2\/pages\/8420"}],"wp:attachment":[{"href":"https:\/\/www.ottawahospital.on.ca\/fr\/wp-json\/wp\/v2\/media?parent=70597"}],"curies":[{"name":"wp","href":"https:\/\/api.w.org\/{rel}","templated":true}]}}