{"id":7058,"date":"2016-11-14T17:00:03","date_gmt":"2016-11-14T22:00:03","guid":{"rendered":"http:\/\/52.229.122.34\/fr\/?page_id=7058"},"modified":"2019-07-11T11:06:15","modified_gmt":"2019-07-11T15:06:15","slug":"services-externes-de-readaptation","status":"publish","type":"page","link":"https:\/\/www.ottawahospital.on.ca\/fr\/notre-modele-de-soins\/notre-equipe-de-professionnels-de-la-sante\/physiotherapie\/services-externes-de-readaptation\/","title":{"rendered":"Services externes de r\u00e9adaptation"},"content":{"rendered":"<p>L\u2019H\u00f4pital d\u2019Ottawa offre des services externes de physioth\u00e9rapie dans diff\u00e9rents emplacements.<\/p>\n<p>Le personnel du Campus Riverside offre des services externes de physioth\u00e9rapie principalement aux patients qui ont des troubles orthop\u00e9diques. Pour obtenir plus de renseignements, appelez directement \u00e0 ce campus (613-738-8208).<\/p>\n<p>Les physioth\u00e9rapeutes du Centre de r\u00e9adaptation offrent des services externes aux patients qui ont des besoins complexes en mati\u00e8re de r\u00e9adaptation. Il faut pr\u00e9senter une demande de services \u00e0 un physiatre pour acc\u00e9der \u00e0 ces services. Pour obtenir plus de renseignements, appelez au 613-737-8899, poste\u00a075615.<\/p>\n<p>Le personnel du Centre de canc\u00e9rologie offre des services de physioth\u00e9rapie aux personnes qui ont des troubles li\u00e9s au cancer dans le cadre du Programme d\u2019oncologie psychosociale. Pour obtenir plus de renseignements, appelez au Campus G\u00e9n\u00e9ral (613-737-7700, poste\u00a070516) ou au Centre de canc\u00e9rologie Famille Irving Greenberg (613-737-7700, poste\u00a025200).<\/p>\n<p>Les physioth\u00e9rapeutes de l\u2019Institut de cardiologie de l\u2019Universit\u00e9 d\u2019Ottawa offrent des services externes de r\u00e9adaptation cardiaque aux personnes qui ont des probl\u00e8mes cardiaques. Pour obtenir plus de renseignements, appelez au 613-696-7068.<\/p>\n<p>Dans la plupart des cas, un m\u00e9decin doit pr\u00e9senter une demande de services pour permettre \u00e0 son patient d\u2019acc\u00e9der \u00e0 des services externes de physioth\u00e9rapie.<\/p>\n","protected":false},"excerpt":{"rendered":"<p>L\u2019H\u00f4pital d\u2019Ottawa offre des services externes de physioth\u00e9rapie dans diff\u00e9rents emplacements. Le personnel du Campus Riverside offre des services externes de physioth\u00e9rapie principalement aux patients qui ont des troubles orthop\u00e9diques. Pour obtenir plus de renseignements, appelez directement \u00e0 ce campus (613-738-8208). Les physioth\u00e9rapeutes du Centre de r\u00e9adaptation offrent des services externes aux patients qui ont [&hellip;]<\/p>\n","protected":false},"author":25,"featured_media":0,"parent":7023,"menu_order":3,"comment_status":"closed","ping_status":"closed","template":"","meta":{"_acf_changed":false,"_mc_calendar":[],"footnotes":""},"class_list":["post-7058","page","type-page","status-publish","hentry"],"acf":[],"wps_subtitle":"","_links":{"self":[{"href":"https:\/\/www.ottawahospital.on.ca\/fr\/wp-json\/wp\/v2\/pages\/7058","targetHints":{"allow":["GET"]}}],"collection":[{"href":"https:\/\/www.ottawahospital.on.ca\/fr\/wp-json\/wp\/v2\/pages"}],"about":[{"href":"https:\/\/www.ottawahospital.on.ca\/fr\/wp-json\/wp\/v2\/types\/page"}],"author":[{"embeddable":true,"href":"https:\/\/www.ottawahospital.on.ca\/fr\/wp-json\/wp\/v2\/users\/25"}],"replies":[{"embeddable":true,"href":"https:\/\/www.ottawahospital.on.ca\/fr\/wp-json\/wp\/v2\/comments?post=7058"}],"version-history":[{"count":0,"href":"https:\/\/www.ottawahospital.on.ca\/fr\/wp-json\/wp\/v2\/pages\/7058\/revisions"}],"up":[{"embeddable":true,"href":"https:\/\/www.ottawahospital.on.ca\/fr\/wp-json\/wp\/v2\/pages\/7023"}],"wp:attachment":[{"href":"https:\/\/www.ottawahospital.on.ca\/fr\/wp-json\/wp\/v2\/media?parent=7058"}],"curies":[{"name":"wp","href":"https:\/\/api.w.org\/{rel}","templated":true}]}}