{"id":70559,"date":"2022-02-11T04:53:35","date_gmt":"2022-02-11T09:53:35","guid":{"rendered":"https:\/\/www.ottawahospital.on.ca\/?page_id=70559"},"modified":"2023-05-12T09:45:08","modified_gmt":"2023-05-12T13:45:08","slug":"services","status":"publish","type":"page","link":"https:\/\/www.ottawahospital.on.ca\/fr\/services-cliniques\/deptpgrmcs\/departements\/anesthesiologie\/unite-de-medecine-hyperbare\/services\/","title":{"rendered":"Services"},"content":{"rendered":"\n<p><strong>Le R\u00e9gime d\u2019assurance-sant\u00e9 de l\u2019Ontario couvre les traitements d\u2019oxyg\u00e9noth\u00e9rapie hyperbare pour les probl\u00e8mes de sant\u00e9 approuv\u00e9s suivants&nbsp;:<\/strong><\/p>\n\n\n\n<ul class=\"wp-block-list\">\n<li>Embolie gazeuse (a\u00e9roembolie)<\/li>\n\n\n\n<li>Empoisonnement au monoxyde de carbone<\/li>\n\n\n\n<li>Gangr\u00e8ne gazeuse (myon\u00e9crose \u00e0 Clostridium)<\/li>\n\n\n\n<li>L\u00e9sion par \u00e9crasement, syndrome de loges et autres isch\u00e9mies traumatiques aigu\u00ebs<\/li>\n\n\n\n<li>Mal de d\u00e9compression (maladie des caissons)<\/li>\n\n\n\n<li>Certaines plaies probl\u00e9matiques (pour am\u00e9liorer la gu\u00e9rison)<\/li>\n\n\n\n<li>Perte de sang exceptionnelle (an\u00e9mie)<\/li>\n\n\n\n<li>Infections n\u00e9crosantes des tissus mous<\/li>\n\n\n\n<li>Ost\u00e9omy\u00e9lite chronique<\/li>\n\n\n\n<li>Radion\u00e9crose des tissus mous<\/li>\n\n\n\n<li>Atteintes osseuses caus\u00e9es par l\u2019irradiation<\/li>\n\n\n\n<li>Greffes ou lambeaux de peau fragilis\u00e9s<\/li>\n\n\n\n<li>Br\u00fblures thermiques<\/li>\n\n\n\n<li>Perte auditive neurosensorielle soudaine<\/li>\n<\/ul>\n\n\n\n<p>L\u2019Unit\u00e9 de m\u00e9decine hyperbare de L\u2019H\u00f4pital\u00a0d\u2019Ottawa suit les lignes directrices bas\u00e9es sur des donn\u00e9es probantes pour les services couverts par OHIP, en plus de suivre les protocoles hospitaliers, et de ne pas traiter les indications non approuv\u00e9es ou \u00e0 charge. Nous ne faisons pas d\u2019examens m\u00e9dicaux des plongeurs.<\/p>\n","protected":false},"excerpt":{"rendered":"<p>Le R\u00e9gime d\u2019assurance-sant\u00e9 de l\u2019Ontario couvre les traitements d\u2019oxyg\u00e9noth\u00e9rapie hyperbare pour les probl\u00e8mes de sant\u00e9 approuv\u00e9s suivants&nbsp;: L\u2019Unit\u00e9 de m\u00e9decine hyperbare de L\u2019H\u00f4pital\u00a0d\u2019Ottawa suit les lignes directrices bas\u00e9es sur des donn\u00e9es probantes pour les services couverts par OHIP, en plus de suivre les protocoles hospitaliers, et de ne pas traiter les indications non approuv\u00e9es ou [&hellip;]<\/p>\n","protected":false},"author":25,"featured_media":0,"parent":10572,"menu_order":1,"comment_status":"closed","ping_status":"closed","template":"","meta":{"_acf_changed":false,"_mc_calendar":[],"footnotes":""},"class_list":["post-70559","page","type-page","status-publish","hentry"],"acf":[],"wps_subtitle":"","_links":{"self":[{"href":"https:\/\/www.ottawahospital.on.ca\/fr\/wp-json\/wp\/v2\/pages\/70559","targetHints":{"allow":["GET"]}}],"collection":[{"href":"https:\/\/www.ottawahospital.on.ca\/fr\/wp-json\/wp\/v2\/pages"}],"about":[{"href":"https:\/\/www.ottawahospital.on.ca\/fr\/wp-json\/wp\/v2\/types\/page"}],"author":[{"embeddable":true,"href":"https:\/\/www.ottawahospital.on.ca\/fr\/wp-json\/wp\/v2\/users\/25"}],"replies":[{"embeddable":true,"href":"https:\/\/www.ottawahospital.on.ca\/fr\/wp-json\/wp\/v2\/comments?post=70559"}],"version-history":[{"count":0,"href":"https:\/\/www.ottawahospital.on.ca\/fr\/wp-json\/wp\/v2\/pages\/70559\/revisions"}],"up":[{"embeddable":true,"href":"https:\/\/www.ottawahospital.on.ca\/fr\/wp-json\/wp\/v2\/pages\/10572"}],"wp:attachment":[{"href":"https:\/\/www.ottawahospital.on.ca\/fr\/wp-json\/wp\/v2\/media?parent=70559"}],"curies":[{"name":"wp","href":"https:\/\/api.w.org\/{rel}","templated":true}]}}