{"id":70557,"date":"2022-02-11T04:52:06","date_gmt":"2022-02-11T09:52:06","guid":{"rendered":"https:\/\/www.ottawahospital.on.ca\/?page_id=70557"},"modified":"2025-05-13T15:42:34","modified_gmt":"2025-05-13T19:42:34","slug":"a-propos-de-nous","status":"publish","type":"page","link":"https:\/\/www.ottawahospital.on.ca\/fr\/services-cliniques\/deptpgrmcs\/departements\/anesthesiologie\/unite-de-medecine-hyperbare\/a-propos-de-nous\/","title":{"rendered":"\u00c0 propos de nous"},"content":{"rendered":"\n<p>L\u2019Unit\u00e9 de m\u00e9decine hyperbare de L\u2019H\u00f4pital d\u2019Ottawa est la seule unit\u00e9 de m\u00e9decine hyperbare en milieu hospitalier de l\u2019Est de l\u2019Ontario. Gr\u00e2ce \u00e0 notre chambre hyperbare biplace, nous pouvons offrir des traitements courants et d\u2019urgence.<\/p>\n\n\n\n<p>Un traitement hyperbare est un traitement administr\u00e9 dans un environnement o\u00f9 la pression de l\u2019air est \u00e9lev\u00e9e. Pour ce faire, on utilise une chambre cylindrique en acier, r\u00e9sistante \u00e0 la pression, \u00e0 l\u2019int\u00e9rieur de laquelle l\u2019air est comprim\u00e9. Notre chambre hyperbare comporte deux places et nous pouvons y traiter deux patients \u00e0 la fois. L\u2019\u00e9quipe de l\u2019Unit\u00e9 de m\u00e9decine hyperbare comprend des th\u00e9rapeutes respiratoires et des m\u00e9decins.<\/p>\n\n\n\n<p>L\u2019oxyg\u00e9noth\u00e9rapie hyperbare consiste \u00e0 faire respirer au patient de l\u2019oxyg\u00e8ne \u00e0 100&nbsp;% sous un casque tout en \u00e9tant expos\u00e9 \u00e0 une pression d\u2019air \u00e9lev\u00e9e. Elle sert de compl\u00e9ment \u00e0 d\u2019autres modalit\u00e9s de traitement, comme la chirurgie et l\u2019administration d\u2019antibiotiques, entre autres.<\/p>\n\n\n\n<h2 class=\"wp-block-heading\">Notre \u00e9quipe<\/h2>\n\n\n\n<p><strong>Rotation de m\u00e9decins<\/strong><\/p>\n\n\n\n<p>Calvin Thompson (directeur m\u00e9dical de l\u2019Unit\u00e9 de m\u00e9decine hyperbare)<\/p>\n\n\n\n<p>Peter Duffy<\/p>\n\n\n\n<p>Stephane Moffett<\/p>\n\n\n\n<p>Wesley Edwards<\/p>\n\n\n\n<p>Christopher Wherrett<\/p>\n\n\n\n<p>Sylvain Gagn\u00e9<\/p>\n\n\n\n<p>Laurie Mclean<\/p>\n\n\n\n<p><strong>Th\u00e9rapeute respiratoire, chef de la pratique et directrice de la s\u00e9curit\u00e9 au sein de l\u2019Unit\u00e9 de m\u00e9decine hyperbare<\/strong><\/p>\n\n\n\n<p>Sylvie Bourbonnais RRT, CHT<\/p>\n\n\n\n<p><strong>Th\u00e9rapeute respiratoire et gestionnaire de la pratique professionnelle, Services cardiopulmonaires<\/strong><\/p>\n\n\n\n<p>Brigitte Cossette, RRT<\/p>\n\n\n\n<h2 class=\"wp-block-heading\">Liens utiles (*en anglais seulement)&nbsp;:&nbsp;<\/h2>\n\n\n\n<ul class=\"wp-block-list\">\n<li><a href=\"https:\/\/cuhma.ca\/\" target=\"_blank\" rel=\"noreferrer noopener\">Canadian Undersea and Hyperbaric Medicine Society<\/a><\/li>\n\n\n\n<li><a href=\"https:\/\/www.uhms.org\/\" target=\"_blank\" rel=\"noreferrer noopener\">Undersea and Hyperbaric Medical Society<\/a><\/li>\n\n\n\n<li><a href=\"https:\/\/dan.org\/\" target=\"_blank\" rel=\"noreferrer noopener\">Divers Alert Network<\/a><\/li>\n<\/ul>\n","protected":false},"excerpt":{"rendered":"<p>L\u2019Unit\u00e9 de m\u00e9decine hyperbare de L\u2019H\u00f4pital d\u2019Ottawa est la seule unit\u00e9 de m\u00e9decine hyperbare en milieu hospitalier de l\u2019Est de l\u2019Ontario. Gr\u00e2ce \u00e0 notre chambre hyperbare biplace, nous pouvons offrir des traitements courants et d\u2019urgence. Un traitement hyperbare est un traitement administr\u00e9 dans un environnement o\u00f9 la pression de l\u2019air est \u00e9lev\u00e9e. Pour ce faire, [&hellip;]<\/p>\n","protected":false},"author":25,"featured_media":0,"parent":10572,"menu_order":0,"comment_status":"closed","ping_status":"closed","template":"","meta":{"_acf_changed":false,"_mc_calendar":[],"footnotes":""},"class_list":["post-70557","page","type-page","status-publish","hentry"],"acf":[],"wps_subtitle":"","_links":{"self":[{"href":"https:\/\/www.ottawahospital.on.ca\/fr\/wp-json\/wp\/v2\/pages\/70557","targetHints":{"allow":["GET"]}}],"collection":[{"href":"https:\/\/www.ottawahospital.on.ca\/fr\/wp-json\/wp\/v2\/pages"}],"about":[{"href":"https:\/\/www.ottawahospital.on.ca\/fr\/wp-json\/wp\/v2\/types\/page"}],"author":[{"embeddable":true,"href":"https:\/\/www.ottawahospital.on.ca\/fr\/wp-json\/wp\/v2\/users\/25"}],"replies":[{"embeddable":true,"href":"https:\/\/www.ottawahospital.on.ca\/fr\/wp-json\/wp\/v2\/comments?post=70557"}],"version-history":[{"count":0,"href":"https:\/\/www.ottawahospital.on.ca\/fr\/wp-json\/wp\/v2\/pages\/70557\/revisions"}],"up":[{"embeddable":true,"href":"https:\/\/www.ottawahospital.on.ca\/fr\/wp-json\/wp\/v2\/pages\/10572"}],"wp:attachment":[{"href":"https:\/\/www.ottawahospital.on.ca\/fr\/wp-json\/wp\/v2\/media?parent=70557"}],"curies":[{"name":"wp","href":"https:\/\/api.w.org\/{rel}","templated":true}]}}