{"id":7052,"date":"2016-11-14T16:54:33","date_gmt":"2016-11-14T21:54:33","guid":{"rendered":"http:\/\/52.229.122.34\/fr\/?page_id=7052"},"modified":"2021-03-12T10:12:42","modified_gmt":"2021-03-12T15:12:42","slug":"pendant-votre-sejour","status":"publish","type":"page","link":"https:\/\/www.ottawahospital.on.ca\/fr\/notre-modele-de-soins\/notre-equipe-de-professionnels-de-la-sante\/physiotherapie\/pendant-votre-sejour\/","title":{"rendered":"Pendant votre s\u00e9jour"},"content":{"rendered":"<p><img decoding=\"async\" class=\"img-responsive alignright\" src=\"\/wp-content\/uploads\/2016\/11\/PhysiotherapyDuringYourStay.jpg\" alt=\"Physiotherapy During Your Stay\" width=\"220\" height=\"165\" \/><\/p>\n<p>Les services de physioth\u00e9rapie sont offerts aux patients qui ont \u00e0 la fois des probl\u00e8mes complexes et des troubles de mobilit\u00e9 ou de respiration. Ces personnes ont donc besoin des comp\u00e9tences sp\u00e9cialis\u00e9es d\u2019un physioth\u00e9rapeute. Les patients hospitalis\u00e9s n\u2019ont pas tous besoin d\u2019une physioth\u00e9rapie. Nous disposons de lignes directrices qui pr\u00e9cisent clairement les crit\u00e8res d\u2019admissibilit\u00e9 aux services de physioth\u00e9rapie. Tout membre de l\u2019\u00e9quipe de soins d\u2019un patient qui a besoin d\u2019une physioth\u00e9rapie pendant son hospitalisation peut pr\u00e9senter une demande pour les services d\u2019un physioth\u00e9rapeute.<\/p>\n<p>Les services de physioth\u00e9rapie sont offerts dans bien des unit\u00e9s de soins aux campus Civic et G\u00e9n\u00e9ral, \u00e0 l\u2019Institut de cardiologie et au Centre de r\u00e9adaptation.<\/p>\n<h2><strong>\u00c9valuation<\/strong><\/h2>\n<p>Nous devons d\u2019abord examiner les renseignements fournis dans la demande de services pour d\u00e9terminer si une physioth\u00e9rapie pourrait r\u00e9pondre aux besoins du patient et lui permettre d\u2019atteindre ses objectifs.<\/p>\n<p>Si nous acceptons la demande de services, un physioth\u00e9rapeute agr\u00e9\u00e9 \u00e9valuera ensuite le patient. Il examinera l\u2019ensemble du dossier du patient, y compris son \u00e9tat de sant\u00e9 g\u00e9n\u00e9ral et ses ant\u00e9c\u00e9dents, pour \u00e9tablir un programme ax\u00e9 sur des objectifs d\u00e9termin\u00e9s.<\/p>\n<p>En collaboration avec le patient, l\u2019\u00e9quipe utilisera les r\u00e9sultats de l\u2019\u00e9valuation pour lui \u00e9tablir des objectifs personnalis\u00e9s afin de pouvoir atteindre les meilleurs r\u00e9sultats possible.<\/p>\n<h2><strong>T<\/strong><strong>raitement<\/strong><\/h2>\n<p>Le patient qui a besoin d\u2019une physioth\u00e9rapie recevra un plan de traitement personnalis\u00e9 qui est con\u00e7u pour atteindre des objectifs pr\u00e9cis. Le plan peut porter sur les volets suivants\u00a0:<\/p>\n<ul>\n<li><strong>Mobilit\u00e9\u00a0:<\/strong> positionnement, transferts, marche, escaliers, etc.<\/li>\n<li><strong>Respiration\u00a0:<\/strong> \u00e9valuation et surveillance de la fonction et de l\u2019hygi\u00e8ne des poumons, soutien \u00e0 la respiration, etc.<\/li>\n<li><strong>Syst\u00e8me neurologique\u00a0:<\/strong> \u00e9quilibre, coordination, etc.<\/li>\n<li><strong>Capacit\u00e9s fonctionnelles\u00a0:<\/strong> amplitude de mouvement, force, gestion de la douleur, etc.<\/li>\n<\/ul>\n<h2><strong>Retour dans la collectivit\u00e9<\/strong><\/h2>\n<p>Notre \u00e9quipe de th\u00e9rapeutes collaborera avec vous et votre famille pour d\u00e9terminer comment elle peut faciliter votre retour dans la collectivit\u00e9. Voici quelques exemples.<\/p>\n<ul>\n<li>Vous aider \u00e0 r\u00e9apprendre \u00e0 faire des activit\u00e9s de la vie quotidienne (p. ex. monter et descendre des marches)<\/li>\n<li>Sugg\u00e9rer de l\u2019\u00e9quipement sp\u00e9cialis\u00e9 (p.\u00a0ex. marchette)<\/li>\n<li>Vous diriger vers des services communautaires (p. ex. services de soins \u00e0 domicile et en milieu communautaire du R\u00e9seau local d\u2019int\u00e9gration des services de sant\u00e9)<\/li>\n<\/ul>\n<p>Les th\u00e9rapeutes de L\u2019H\u00f4pital d\u2019Ottawa vous transmettront aussi des renseignements pour vous aider \u00e0 maintenir vos progr\u00e8s apr\u00e8s votre sortie de l\u2019h\u00f4pital. Pour ce faire, ils \u00e9tabliront un plan de cong\u00e9 adapt\u00e9 \u00e0 vos besoins.<\/p>\n<p><strong>Quelles seront vos options si vous avez encore besoin de services de physioth\u00e9rapie apr\u00e8s votre sortie de l\u2019h\u00f4pital?<\/strong><\/p>\n<p>Votre physioth\u00e9rapeute vous recommandera l\u2019option qui vous convient le mieux.<\/p>\n<p>Exemples :<\/p>\n<ul>\n<li>Services de soins \u00e0 domicile et en milieu communautaire du r\u00e9seau local d\u2019int\u00e9gration des services de sant\u00e9<\/li>\n<li>Services de p<a href=\"https:\/\/www.ontario.ca\/page\/physiotherapy-clinics-ohip-funded\">hysioth\u00e9rapie financ\u00e9s par le syst\u00e8me public<\/a><\/li>\n<li><a href=\"https:\/\/www.collegept.org\/\">Services de physioth\u00e9rapie priv\u00e9s<\/a><\/li>\n<\/ul>\n<p><strong>Qui fera partie de votre \u00e9quipe de physioth\u00e9rapie?<\/strong><\/p>\n<p>L\u2019\u00e9quipe inclut des physioth\u00e9rapeutes, des assistants en r\u00e9adaptation et des assistants au physioth\u00e9rapeute.<\/p>\n<ul>\n<li>Le<strong> physioth\u00e9rapeute<\/strong> travaillera avec vous pour \u00e9valuer et r\u00e9tablir votre force, votre endurance, vos mouvements et votre capacit\u00e9 physique.<\/li>\n<li>Sous la supervision d\u2019un physioth\u00e9rapeute, un <strong>assistant au physioth\u00e9rapeute ou un assistant en r\u00e9adaptation<\/strong> fera les interventions th\u00e9rapeutiques demand\u00e9es par le physioth\u00e9rapeute.<\/li>\n<\/ul>\n","protected":false},"excerpt":{"rendered":"<p>Les services de physioth\u00e9rapie sont offerts aux patients qui ont \u00e0 la fois des probl\u00e8mes complexes et des troubles de mobilit\u00e9 ou de respiration. Ces personnes ont donc besoin des comp\u00e9tences sp\u00e9cialis\u00e9es d\u2019un physioth\u00e9rapeute. Les patients hospitalis\u00e9s n\u2019ont pas tous besoin d\u2019une physioth\u00e9rapie. Nous disposons de lignes directrices qui pr\u00e9cisent clairement les crit\u00e8res d\u2019admissibilit\u00e9 aux [&hellip;]<\/p>\n","protected":false},"author":25,"featured_media":0,"parent":7023,"menu_order":2,"comment_status":"closed","ping_status":"closed","template":"","meta":{"_acf_changed":false,"_mc_calendar":[],"footnotes":""},"class_list":["post-7052","page","type-page","status-publish","hentry"],"acf":[],"wps_subtitle":"","_links":{"self":[{"href":"https:\/\/www.ottawahospital.on.ca\/fr\/wp-json\/wp\/v2\/pages\/7052","targetHints":{"allow":["GET"]}}],"collection":[{"href":"https:\/\/www.ottawahospital.on.ca\/fr\/wp-json\/wp\/v2\/pages"}],"about":[{"href":"https:\/\/www.ottawahospital.on.ca\/fr\/wp-json\/wp\/v2\/types\/page"}],"author":[{"embeddable":true,"href":"https:\/\/www.ottawahospital.on.ca\/fr\/wp-json\/wp\/v2\/users\/25"}],"replies":[{"embeddable":true,"href":"https:\/\/www.ottawahospital.on.ca\/fr\/wp-json\/wp\/v2\/comments?post=7052"}],"version-history":[{"count":0,"href":"https:\/\/www.ottawahospital.on.ca\/fr\/wp-json\/wp\/v2\/pages\/7052\/revisions"}],"up":[{"embeddable":true,"href":"https:\/\/www.ottawahospital.on.ca\/fr\/wp-json\/wp\/v2\/pages\/7023"}],"wp:attachment":[{"href":"https:\/\/www.ottawahospital.on.ca\/fr\/wp-json\/wp\/v2\/media?parent=7052"}],"curies":[{"name":"wp","href":"https:\/\/api.w.org\/{rel}","templated":true}]}}