{"id":7046,"date":"2016-11-14T16:10:04","date_gmt":"2016-11-14T21:10:04","guid":{"rendered":"http:\/\/52.229.122.34\/fr\/?page_id=7046"},"modified":"2023-11-01T11:28:42","modified_gmt":"2023-11-01T15:28:42","slug":"engagement-entre-les-medecins-et-lhopital","status":"publish","type":"page","link":"https:\/\/www.ottawahospital.on.ca\/fr\/notre-modele-de-soins\/engagement-entre-les-medecins-et-lhopital\/","title":{"rendered":"Engagement entre les m\u00e9decins et l\u2019H\u00f4pital"},"content":{"rendered":"<p>L\u2019H\u00f4pital d\u2019Ottawa s\u2019est donn\u00e9 l\u2019objectif de faire partie des centres hospitaliers les plus performants en Am\u00e9rique du Nord au chapitre de la qualit\u00e9 des soins et de la s\u00e9curit\u00e9 des patients. Pour y parvenir, nous mobilisons les effectifs dans <a href=\"https:\/\/www.ottawahospital.on.ca\/fr\/about-us\/plan-strategique\/\">cinq secteurs strat\u00e9giques<\/a>\u00a0 : la qualit\u00e9, le personnel, la formation et la recherche, la collectivit\u00e9 et les finances.<\/p>\n<p>Les m\u00e9decins jouent un r\u00f4le cl\u00e9 dans chacun de ces secteurs strat\u00e9giques en partenariat avec l\u2019H\u00f4pital pour r\u00e9aliser notre mission tripartite\u00a0en mati\u00e8re de soins cliniques, de recherche et d\u2019\u00e9ducation.<\/p>\n<p>Pour renforcer les relations avec ses m\u00e9decins, l\u2019H\u00f4pital a collabor\u00e9 avec du personnel m\u00e9dical de premi\u00e8re ligne et des m\u00e9decins dirigeants pour concevoir <a href=\"\/fr\/documents\/2017\/01\/physician-engagement-agreement-2011-ml-fr-rev.pdf\" target=\"_blank\" rel=\"noopener noreferrer\">l\u2019Entente d\u2019engagement entre les m\u00e9decins et l\u2019H\u00f4pital<\/a>, qui d\u00e9finit les principes qui sous-tendent les relations, les interactions et les attentes. Ces principes servent de base pour am\u00e9liorer les efforts de collaboration, r\u00e9soudre des conflits et promouvoir des comportements qui incarnent nos valeurs.\u00a0 L\u2019Entente traduit \u00e9galement l\u2019espoir mutuel de soutenir une mission et une vision ax\u00e9es sur l\u2019excellence des services et l\u2019excellence clinique.<\/p>\n<p>L\u2019Entente d\u2019engagement \u00e9nonce les principes qui encadrent les discussions entre l\u2019H\u00f4pital et ses m\u00e9decins en vue de d\u00e9finir ensemble nos engagements r\u00e9ciproques. Nous encourageons les m\u00e9decins membres du personnel \u00e0 exprimer leurs commentaires sur la performance de l\u2019H\u00f4pital quant \u00e0 l\u2019acquittement de ses obligations aux termes de l\u2019Entente.<\/p>\n<p>Pour en savoir plus sur <a title=\"Leading with shared purpose - How physicians and hospital leaders can work togehter for a patients first system\" href=\"https:\/\/healthydebate.ca\/opinions\/leading-with-shared-purpose-how-physicians-and-hospital-leaders-can-work-together-for-a-patients-first-system\" target=\"_blank\" rel=\"noopener noreferrer\">l\u2019engagement<\/a> entre les m\u00e9decins et L\u2019H\u00f4pital d\u2019Ottawa<\/p>\n","protected":false},"excerpt":{"rendered":"<p>L\u2019H\u00f4pital d\u2019Ottawa s\u2019est donn\u00e9 l\u2019objectif de faire partie des centres hospitaliers les plus performants en Am\u00e9rique du Nord au chapitre de la qualit\u00e9 des soins et de la s\u00e9curit\u00e9 des patients. Pour y parvenir, nous mobilisons les effectifs dans cinq secteurs strat\u00e9giques\u00a0 : la qualit\u00e9, le personnel, la formation et la recherche, la collectivit\u00e9 et [&hellip;]<\/p>\n","protected":false},"author":25,"featured_media":0,"parent":21,"menu_order":3,"comment_status":"closed","ping_status":"closed","template":"","meta":{"_acf_changed":false,"_mc_calendar":[],"footnotes":""},"class_list":["post-7046","page","type-page","status-publish","hentry"],"acf":[],"wps_subtitle":"","_links":{"self":[{"href":"https:\/\/www.ottawahospital.on.ca\/fr\/wp-json\/wp\/v2\/pages\/7046","targetHints":{"allow":["GET"]}}],"collection":[{"href":"https:\/\/www.ottawahospital.on.ca\/fr\/wp-json\/wp\/v2\/pages"}],"about":[{"href":"https:\/\/www.ottawahospital.on.ca\/fr\/wp-json\/wp\/v2\/types\/page"}],"author":[{"embeddable":true,"href":"https:\/\/www.ottawahospital.on.ca\/fr\/wp-json\/wp\/v2\/users\/25"}],"replies":[{"embeddable":true,"href":"https:\/\/www.ottawahospital.on.ca\/fr\/wp-json\/wp\/v2\/comments?post=7046"}],"version-history":[{"count":0,"href":"https:\/\/www.ottawahospital.on.ca\/fr\/wp-json\/wp\/v2\/pages\/7046\/revisions"}],"up":[{"embeddable":true,"href":"https:\/\/www.ottawahospital.on.ca\/fr\/wp-json\/wp\/v2\/pages\/21"}],"wp:attachment":[{"href":"https:\/\/www.ottawahospital.on.ca\/fr\/wp-json\/wp\/v2\/media?parent=7046"}],"curies":[{"name":"wp","href":"https:\/\/api.w.org\/{rel}","templated":true}]}}