{"id":7023,"date":"2016-11-14T15:42:59","date_gmt":"2016-11-14T20:42:59","guid":{"rendered":"http:\/\/52.229.122.34\/fr\/?page_id=7023"},"modified":"2019-07-10T16:30:58","modified_gmt":"2019-07-10T20:30:58","slug":"physiotherapie","status":"publish","type":"page","link":"https:\/\/www.ottawahospital.on.ca\/fr\/notre-modele-de-soins\/notre-equipe-de-professionnels-de-la-sante\/physiotherapie\/","title":{"rendered":"Physioth\u00e9rapie"},"content":{"rendered":"<p><img decoding=\"async\" class=\"img-responsive alignright\" src=\"\/wp-content\/uploads\/2016\/11\/Physiotherapyindex-susie.jpg\" alt=\"Physiotherapy\" width=\"131\" height=\"175\"><\/p>\n<h2>Bienvenue<\/h2>\n<p>Les physioth\u00e9rapeutes sont des professionnels de la sant\u00e9 sp\u00e9cialis\u00e9s dans le mouvement. Ils jouent un r\u00f4le important pour promouvoir la sant\u00e9 et traiter des blessures et des maladies. Ils collaborent avec l\u2019\u00e9quipe de soins, le patient et sa famille pour \u00e9valuer, diagnostiquer et traiter des sympt\u00f4mes de maladie, de blessure et d\u2019incapacit\u00e9, ainsi que pour faciliter la planification du cong\u00e9.<\/p>\n<p>Les physioth\u00e9rapeutes de L\u2019H\u00f4pital d\u2019Ottawa travaillent en \u00e9troite collaboration avec leurs assistants. Ils mettent \u00e0 profit leur connaissance approfondie du corps humain et leurs comp\u00e9tences sp\u00e9cialis\u00e9es pour aider les patients \u00e0 accro\u00eetre leur mobilit\u00e9, \u00e0 soulager leur douleur, \u00e0 am\u00e9liorer leur force, \u00e0 accro\u00eetre l\u2019amplitude de mouvement des articulations, \u00e0 am\u00e9liorer l\u2019\u00e9quilibre et \u00e0 maximiser la fonction cardiorespiratoire.<\/p>\n<p>Tous les physioth\u00e9rapeutes de l\u2019H\u00f4pital sont agr\u00e9\u00e9s par l\u2019Ordre des physioth\u00e9rapeutes de l\u2019Ontario. Ils participent \u00e0 la supervision des \u00e9tudiants et \u00e0 des projets de recherche. Ils donnent des renseignements aux patients et \u00e0 leur famille, ainsi qu\u2019\u00e0 des pairs dans l\u2019h\u00f4pital et la collectivit\u00e9.<\/p>\n<h2>Nos services<\/h2>\n<p>Nous offrons des services de physioth\u00e9rapie aux patients hospitalis\u00e9s et aux patients externes. Une physioth\u00e9rapie peut procurer beaucoup de bienfaits, par exemple, am\u00e9liorer la mobilit\u00e9, la gestion de la douleur, l\u2019amplitude de mouvement, la force, la fonction cardiorespiratoire, l\u2019\u00e9quilibre et la coordination, ainsi que pr\u00e9venir la r\u00e9apparition de blessures ou de probl\u00e8mes.<\/p>\n<p><strong>Une physioth\u00e9rapie peut \u00eatre b\u00e9n\u00e9fique&nbsp;:<\/strong><\/p>\n<ul>\n<li>apr\u00e8s une chirurgie<\/li>\n<li>apr\u00e8s un traumatisme<\/li>\n<li>pour pr\u00e9venir les chutes et pour les personnes fragiles.<\/li>\n<\/ul>\n<p><strong>Elle peut aussi aider les patients qui ont&nbsp;:<\/strong><\/p>\n<ul>\n<li>une maladie neurologique<\/li>\n<li>un trouble musculosquelettique<\/li>\n<li>une maladie cardiaque et respiratoire<\/li>\n<li>le cancer<\/li>\n<li>des troubles m\u00e9dicaux complexes touchant plus d\u2019un syst\u00e8me du corps.<\/li>\n<\/ul>\n<h2><strong>Notre \u00e9quipe<\/strong><\/h2>\n<p>Notre \u00e9quipe est compos\u00e9e de physioth\u00e9rapeutes, de physioth\u00e9rapeutes principaux, d\u2019assistants du physioth\u00e9rapeute, d\u2019assistants en r\u00e9adaptation et de responsables de la pratique professionnelle.<\/p>\n","protected":false},"excerpt":{"rendered":"<p>Bienvenue Les physioth\u00e9rapeutes sont des professionnels de la sant\u00e9 sp\u00e9cialis\u00e9s dans le mouvement. Ils jouent un r\u00f4le important pour promouvoir la sant\u00e9 et traiter des blessures et des maladies. Ils collaborent avec l\u2019\u00e9quipe de soins, le patient et sa famille pour \u00e9valuer, diagnostiquer et traiter des sympt\u00f4mes de maladie, de blessure et d\u2019incapacit\u00e9, ainsi que [&hellip;]<\/p>\n","protected":false},"author":25,"featured_media":0,"parent":7014,"menu_order":2,"comment_status":"closed","ping_status":"closed","template":"","meta":{"_acf_changed":false,"_mc_calendar":[],"footnotes":""},"class_list":["post-7023","page","type-page","status-publish","hentry"],"acf":[],"wps_subtitle":"","_links":{"self":[{"href":"https:\/\/www.ottawahospital.on.ca\/fr\/wp-json\/wp\/v2\/pages\/7023","targetHints":{"allow":["GET"]}}],"collection":[{"href":"https:\/\/www.ottawahospital.on.ca\/fr\/wp-json\/wp\/v2\/pages"}],"about":[{"href":"https:\/\/www.ottawahospital.on.ca\/fr\/wp-json\/wp\/v2\/types\/page"}],"author":[{"embeddable":true,"href":"https:\/\/www.ottawahospital.on.ca\/fr\/wp-json\/wp\/v2\/users\/25"}],"replies":[{"embeddable":true,"href":"https:\/\/www.ottawahospital.on.ca\/fr\/wp-json\/wp\/v2\/comments?post=7023"}],"version-history":[{"count":0,"href":"https:\/\/www.ottawahospital.on.ca\/fr\/wp-json\/wp\/v2\/pages\/7023\/revisions"}],"up":[{"embeddable":true,"href":"https:\/\/www.ottawahospital.on.ca\/fr\/wp-json\/wp\/v2\/pages\/7014"}],"wp:attachment":[{"href":"https:\/\/www.ottawahospital.on.ca\/fr\/wp-json\/wp\/v2\/media?parent=7023"}],"curies":[{"name":"wp","href":"https:\/\/api.w.org\/{rel}","templated":true}]}}