{"id":702,"date":"2016-10-25T17:13:05","date_gmt":"2016-10-25T21:13:05","guid":{"rendered":"http:\/\/52.229.122.34\/fr\/?page_id=702"},"modified":"2025-07-30T11:22:33","modified_gmt":"2025-07-30T15:22:33","slug":"nous-joindre","status":"publish","type":"page","link":"https:\/\/www.ottawahospital.on.ca\/fr\/nous-joindre\/","title":{"rendered":"Nous joindre"},"content":{"rendered":"<div class=\"col-md-8\">\n<div class=\"col-md-7 nopadding paddingright10\">\n<h2>Renseignements g\u00e9n\u00e9raux<\/h2>\n<p>Pour en savoir plus sur nos services ou pour joindre un patient, t\u00e9l\u00e9phonez au num\u00e9ro principal de L\u2019H\u00f4pital d&rsquo;Ottawa.<\/p>\n<p>Si vous avez des questions, nous transf\u00e9rerons votre appel \u00e0 la bonne personne.<\/p>\n<p><strong>Remarque\u00a0: <\/strong>Nous ne pouvons pas vous informer par t\u00e9l\u00e9phone du temps d\u2019attente \u00e0 l\u2019Urgence.<\/p>\n<\/div>\n<div class=\"text-center col-md-5 nopadding paddingtop60 paddingbottom60\" style=\"background-color: #d6e0ec;\">\n<p style=\"font-size: 1.5em;\"><strong>613-722-7000<\/strong><\/p>\n<p><span style=\"font-size: 16px;\"><strong>613-761-4024 <\/strong><\/span><br \/>\n(ATS pour les personnes<br \/>\nmalentendantes)<\/p>\n<\/div>\n<div class=\"clearblock \"><\/div>\n<p>L\u2019Urgence des campus Civic et G\u00e9n\u00e9ral de L&rsquo;H\u00f4pital d&rsquo;Ottawa est ouverte 24 heures sur 24, 7 jours sur 7. <strong>*Il n&rsquo;y a pas de de services d&rsquo;urgence au Campus Riverside.<\/strong><\/p>\n<div class=\"row paddingtop10\">\n<div class=\"col-md-4\"><strong>Campus Civic<\/strong><br \/>\n1053, av. Carling<br \/>\nOttawa, Ontario<br \/>\nK1Y 4E9<br \/>\n<a href=\"https:\/\/www.ottawahospital.on.ca\/fr\/patients-et-visiteurs\/directions-et-plans-des-campus\/\">Directions &amp; Maps<span style=\"display: none;\">Pour Campus Civic<\/span><\/a><\/div>\n<div class=\"col-md-4\"><strong>Campus G\u00e9n\u00e9ral<\/strong><br \/>\n501, ch. Smyth<br \/>\nOttawa, Ontario<br \/>\nK1H 8L6<br \/>\n<a href=\"https:\/\/www.ottawahospital.on.ca\/fr\/patients-et-visiteurs\/directions-et-plans-des-campus\/\">Directions &amp; Maps<span style=\"display: none;\">Pour Campus G\u00e9n\u00e9ral<\/span><\/a><\/div>\n<div class=\"col-md-4\"><strong>Campus Riverside<\/strong><\/div>\n<div class=\"col-md-4\">1967, prom. Riverside<br \/>\nOttawa, Ontario<br \/>\nK1H 7W9<br \/>\n<a href=\"https:\/\/www.ottawahospital.on.ca\/fr\/patients-et-visiteurs\/directions-et-plans-des-campus\/\">Directions &amp; Maps<span style=\"display: none;\">Pour Campus Riverside<\/span><\/a><\/div>\n<\/div>\n<p class=\"text-center\">Si vous avez des questions, des commentaires ou des plaintes au sujet des soins donn\u00e9s \u00e0 l\u2019H\u00f4pital, contactez le <a title=\"Patient Advocacy\" href=\"https:\/\/www.ottawahospital.on.ca\/fr\/patients-et-visiteurs\/relations-avec-les-patients\/\"><strong>Relations avec les patients<br \/>\n<\/strong><\/a><br \/>\n613-798-5555 poste 13377<\/p>\n<p style=\"text-align: center;\"><a href=\"https:\/\/www.ottawahospital.on.ca\/fr\/patients-et-visiteurs\/relations-avec-les-patients\/communiquez-avec-lequipe-des-relations-avec-les-patients\/\">Formulaire de r\u00e9troaction \u2013 Relations avec les patients<\/a><\/p>\n<p class=\"text-center\">\n<a href=\"mailto:relationpatients@lho.ca\">relationpatients@lho.ca<\/a><\/p>\n<p class=\"text-center\">Le processus est sous la direction de la D<sup>re<\/sup> Kathleen Gartke, M\u00e9decin principale, Affaires m\u00e9dicales et Relations avec les patients.<\/p>\n<p class=\"text-center\">Les repr\u00e9sentants des m\u00e9dias doivent s\u2019adresser \u00e0 <a href=\"https:\/\/www.ottawahospital.on.ca\/fr\/about-us\/salle-de-presse\/contacts-et-lignes-directrices-pour-les-medias\/\">l\u2019agent des relations avec les m\u00e9dias<\/a><\/p>\n<h2>Que souhaitez-vous faire aujourd\u2019hui?<\/h2>\n<div class=\"row paddingright15\">\n<div class=\"relatedlinks links1 col-md-4 nopaddingright\">\n<h3 class=\"nomargintop-mobile\">Comment se rendre \u00e0 L&rsquo;H\u00f4pital d&rsquo;Ottawa<\/h3>\n<ul>\n<li class=\"paddingtop10 paddingbottom10\"><a href=\"https:\/\/www.ottawahospital.on.ca\/fr\/patients-et-visiteurs\/directions-et-plans-des-campus\/\">Comment se rendre et plans des campus<\/a><\/li>\n<li class=\"paddingtop20 paddingbottom20\"><a href=\"https:\/\/www.ottawahospital.on.ca\/fr\/patients-et-visiteurs\/directions-et-plans-des-campus\/stationnement\/\">Stationnement<\/a><\/li>\n<li class=\"paddingtop20 paddingbottom20\"><a href=\"https:\/\/www.ottawahospital.on.ca\/fr\/patients-et-visiteurs\/accessibilite\/\">Accessibilit\u00e9<\/a><\/li>\n<\/ul>\n<\/div>\n<div class=\"relatedlinks links2 col-md-4 nopaddingright\">\n<h3 class=\"nomargintop-mobile\">Communiquer avec quelqu&rsquo;un<\/h3>\n<ul>\n<li class=\"paddingtop5 paddingbottom5\"><a href=\"https:\/\/www.ottawahospital.on.ca\/fr\/services-cliniques\/deptpgrmcs\/\">Liste des programmes, cliniques et services<\/a><\/li>\n<li class=\"paddingtop10 paddingbottom10\"><a href=\"https:\/\/www.ottawahospital.on.ca\/fr\/services-cliniques\/repertoire-des-medecins\/\">R\u00e9pertoire des m\u00e9decins<\/a><\/li>\n<li class=\"paddingtop5 paddingbottom5\"><a href=\"https:\/\/www.ottawahospital.on.ca\/fr\/about-us\/salle-de-presse\/contacts-et-lignes-directrices-pour-les-medias\/\">Renseignements pour les m\u00e9dias<\/a><\/li>\n<\/ul>\n<\/div>\n<div class=\"relatedlinks links3 col-md-4 nopaddingright\">\n<h3 class=\"nomargintop-mobile\">En savoir plus<\/h3>\n<ul>\n<li class=\"paddingtop20 paddingbottom20\"><a href=\"https:\/\/www.ottawahospital.on.ca\/fr\/patients-et-visiteurs\/visites-a-lhopital\/heures-et-politiques-de-visite\/\">Politique de visite<\/a><\/li>\n<li class=\"paddingtop20 paddingbottom20\"><a href=\"https:\/\/www.ottawahospital.on.ca\/fr\/patients-et-visiteurs\/archives-medicales\/\">Archives m\u00e9dicales<\/a><\/li>\n<li class=\"paddingtop20 paddingbottom20\"><a href=\"\/fr\/demande-de-renseignements\/commentaires-et-suggestions\/\">Vos commentaires<\/a><\/li>\n<\/ul>\n<\/div>\n<\/div>\n<\/div>\n<div class=\"col-md-4\">\n<div style=\"clear: both;\">\n<div class=\"row paddingbottom15 socialmediarightlinks\">\n<div class=\"col-xs-4 nopadding text-center\"><a href=\"https:\/\/www.ottawahospital.on.ca\/fr\/patients-et-visiteurs\/directions-et-plans-des-campus\/comment-se-rendre\/\">Directions et plans des campus<span style=\"display: none;\">Pour comment se rendre<\/span><br \/>\n<img decoding=\"async\" class=\"margintop5\" style=\"width: 52px; height: 52px;\" src=\"\/wp-content\/themes\/toh\/images\/homepage\/DirectionsandCampusMaps_Icon_w.svg\" alt=\"Directions and Maps - Call to action\" \/><br \/>\n<\/a><\/div>\n<div class=\"col-xs-4 nopadding text-center\"><a href=\"https:\/\/www.ottawahospital.on.ca\/fr\/patients-et-visiteurs\/directions-et-plans-des-campus\/stationnement\/\">Stationnement<br \/>\n<img decoding=\"async\" class=\"margintop35\" style=\"width: 52px; height: 52px;\" src=\"\/wp-content\/themes\/toh\/images\/homepage\/Parking_Icon_w.svg\" alt=\"Parking - Call to action\" \/><br \/>\n<\/a><\/div>\n<div class=\"col-xs-4 nopadding text-center\"><a href=\"https:\/\/www.ottawahospital.on.ca\/fr\/patients-et-visiteurs\/accessibilite\/\">Accessibilit\u00e9<\/a><br \/>\n<img decoding=\"async\" class=\"margintop35\" style=\"width: 52px; height: 52px;\" src=\"\/wp-content\/themes\/toh\/images\/homepage\/Accessibility_Icon_w.svg\" alt=\"Accessibility - Call to action\" \/><\/div>\n<\/div>\n<div class=\"text-left\"><a href=\"https:\/\/www.ottawahospital.on.ca\/fr\/possibilites-de-carriere\/\"><strong>Carri\u00e8res et b\u00e9n\u00e9volat<\/strong><\/a><strong><br \/>\n<a href=\"https:\/\/ohhcmdmzweb01.ottawahospital.on.ca\/psc\/HRPRD\/EMPLOYEE\/HRMS\/c\/HRS_HRAM_FL.HRS_CG_SEARCH_FL.GBL?Page=HRS_APP_SCHJOB_FL&amp;Action=U&amp;FOCUS=Applicant&amp;SiteId=2&amp;languageCD=CFR&amp;\">Possibilit\u00e9s de carri\u00e8re a l\u2019H\u00f4pital<\/a><br \/>\n<\/strong><\/div>\n<div class=\"text-left\"><a title=\"\/wps\/portal\/Base\/TheHospital\/PatientsAndVisitors\/HealthRecords\" href=\"https:\/\/www.ottawahospital.on.ca\/fr\/patients-et-visiteurs\/archives-medicales\/\"><strong>Archives m\u00e9dicales<\/strong><br \/>\n<\/a><strong>Civic:<\/strong> 613-798-5555 poste.17412<br \/>\n<strong>G\u00e9n\u00e9ral: <\/strong>613-737-8899 poste 78520<br \/>\nT\u00e9l\u00e9copieur: 613-761-4462<\/div>\n<div class=\"text-left\"><strong><a title=\"\/wps\/portal\/Base\/TheHospital\/AboutOurHospital\/OurLeadershipTeam\/SeniorManagement\" href=\"https:\/\/www.ottawahospital.on.ca\/fr\/about-us\/notre-equipe-de-direction\/equipe-de-la-haute-direction\/\">Coordonn\u00e9es de l\u2019\u00e9quipe de la haute direction<br \/>\n<\/a><\/strong>Pour toute question concernant les d\u00e9partements et les services<\/div>\n<\/div>\n<\/div>\n<div><\/div>\n","protected":false},"excerpt":{"rendered":"<p>Renseignements g\u00e9n\u00e9raux Pour en savoir plus sur nos services ou pour joindre un patient, t\u00e9l\u00e9phonez au num\u00e9ro principal de L\u2019H\u00f4pital d&rsquo;Ottawa. Si vous avez des questions, nous transf\u00e9rerons votre appel \u00e0 la bonne personne. Remarque\u00a0: Nous ne pouvons pas vous informer par t\u00e9l\u00e9phone du temps d\u2019attente \u00e0 l\u2019Urgence. 613-722-7000 613-761-4024 (ATS pour les personnes malentendantes) [&hellip;]<\/p>\n","protected":false},"author":25,"featured_media":0,"parent":0,"menu_order":1,"comment_status":"open","ping_status":"open","template":"","meta":{"_acf_changed":false,"_mc_calendar":[],"footnotes":""},"class_list":["post-702","page","type-page","status-publish","hentry"],"acf":[],"wps_subtitle":"","_links":{"self":[{"href":"https:\/\/www.ottawahospital.on.ca\/fr\/wp-json\/wp\/v2\/pages\/702","targetHints":{"allow":["GET"]}}],"collection":[{"href":"https:\/\/www.ottawahospital.on.ca\/fr\/wp-json\/wp\/v2\/pages"}],"about":[{"href":"https:\/\/www.ottawahospital.on.ca\/fr\/wp-json\/wp\/v2\/types\/page"}],"author":[{"embeddable":true,"href":"https:\/\/www.ottawahospital.on.ca\/fr\/wp-json\/wp\/v2\/users\/25"}],"replies":[{"embeddable":true,"href":"https:\/\/www.ottawahospital.on.ca\/fr\/wp-json\/wp\/v2\/comments?post=702"}],"version-history":[{"count":0,"href":"https:\/\/www.ottawahospital.on.ca\/fr\/wp-json\/wp\/v2\/pages\/702\/revisions"}],"wp:attachment":[{"href":"https:\/\/www.ottawahospital.on.ca\/fr\/wp-json\/wp\/v2\/media?parent=702"}],"curies":[{"name":"wp","href":"https:\/\/api.w.org\/{rel}","templated":true}]}}