{"id":7018,"date":"2016-11-14T15:38:11","date_gmt":"2016-11-14T20:38:11","guid":{"rendered":"http:\/\/52.229.122.34\/fr\/?page_id=7018"},"modified":"2016-11-14T15:38:11","modified_gmt":"2016-11-14T20:38:11","slug":"medecins","status":"publish","type":"page","link":"https:\/\/www.ottawahospital.on.ca\/fr\/notre-modele-de-soins\/notre-equipe-de-professionnels-de-la-sante\/medecins\/","title":{"rendered":"M\u00e9decins"},"content":{"rendered":"<p>Les m\u00e9decins de L\u2019HO offrent des soins de qualit\u00e9 et \u00e9laborent de nouveaux traitements qui profiteront \u00e0 l\u2019ensemble des Canadiens. Nous sommes fiers que nos m\u00e9decins \u0153uvrent \u00e0 l\u2019avant-sc\u00e8ne pour offrir des soins exceptionnels aux patients.<\/p>\n<p>Nos m\u00e9decins m\u00e8nent \u00e9galement des recherches cliniques importantes, ils enseignent, dirigent des projets et services, et ce, en plus de travailler \u00e0 l\u2019ext\u00e9rieur de l\u2019h\u00f4pital dans la collectivit\u00e9. Les perc\u00e9es r\u00e9alis\u00e9es au sein de notre institut de recherche permettent \u00e0 nos m\u00e9decins de collaborer et de transmettre leurs connaissances et leur passion \u00e0 leurs coll\u00e8gues et leurs patients, de pr\u00e8s et de loin.<\/p>\n","protected":false},"excerpt":{"rendered":"<p>Les m\u00e9decins de L\u2019HO offrent des soins de qualit\u00e9 et \u00e9laborent de nouveaux traitements qui profiteront \u00e0 l\u2019ensemble des Canadiens. Nous sommes fiers que nos m\u00e9decins \u0153uvrent \u00e0 l\u2019avant-sc\u00e8ne pour offrir des soins exceptionnels aux patients. Nos m\u00e9decins m\u00e8nent \u00e9galement des recherches cliniques importantes, ils enseignent, dirigent des projets et services, et ce, en plus [&hellip;]<\/p>\n","protected":false},"author":25,"featured_media":0,"parent":7014,"menu_order":1,"comment_status":"closed","ping_status":"closed","template":"","meta":{"_acf_changed":false,"_mc_calendar":[],"footnotes":""},"class_list":["post-7018","page","type-page","status-publish","hentry"],"acf":[],"wps_subtitle":"","_links":{"self":[{"href":"https:\/\/www.ottawahospital.on.ca\/fr\/wp-json\/wp\/v2\/pages\/7018","targetHints":{"allow":["GET"]}}],"collection":[{"href":"https:\/\/www.ottawahospital.on.ca\/fr\/wp-json\/wp\/v2\/pages"}],"about":[{"href":"https:\/\/www.ottawahospital.on.ca\/fr\/wp-json\/wp\/v2\/types\/page"}],"author":[{"embeddable":true,"href":"https:\/\/www.ottawahospital.on.ca\/fr\/wp-json\/wp\/v2\/users\/25"}],"replies":[{"embeddable":true,"href":"https:\/\/www.ottawahospital.on.ca\/fr\/wp-json\/wp\/v2\/comments?post=7018"}],"version-history":[{"count":0,"href":"https:\/\/www.ottawahospital.on.ca\/fr\/wp-json\/wp\/v2\/pages\/7018\/revisions"}],"up":[{"embeddable":true,"href":"https:\/\/www.ottawahospital.on.ca\/fr\/wp-json\/wp\/v2\/pages\/7014"}],"wp:attachment":[{"href":"https:\/\/www.ottawahospital.on.ca\/fr\/wp-json\/wp\/v2\/media?parent=7018"}],"curies":[{"name":"wp","href":"https:\/\/api.w.org\/{rel}","templated":true}]}}