{"id":7014,"date":"2016-11-14T15:36:56","date_gmt":"2016-11-14T20:36:56","guid":{"rendered":"http:\/\/52.229.122.34\/fr\/?page_id=7014"},"modified":"2021-03-09T13:47:11","modified_gmt":"2021-03-09T18:47:11","slug":"notre-equipe-de-professionnels-de-la-sante","status":"publish","type":"page","link":"https:\/\/www.ottawahospital.on.ca\/fr\/notre-modele-de-soins\/notre-equipe-de-professionnels-de-la-sante\/","title":{"rendered":"Notre \u00e9quipe de professionnels de la sant\u00e9"},"content":{"rendered":"<p>\u00c0 L\u2019H\u00f4pital d\u2019Ottawa, notre \u00e9quipe de soins regroupe des professionnels comp\u00e9tents et compatissants qui travaillent ensemble pour fournir les meilleurs soins possible \u00e0 nos patients.<\/p>\n<p>L&rsquo;\u00e9quipe compte des m\u00e9decins, des infirmi\u00e8res, d\u2019autres professionnels de la sant\u00e9, comme les pharmaciens et les physioth\u00e9rapeutes, du personnel administratif, des travailleuses sociales, des intervenants en soins spirituels, des sp\u00e9cialistes des soins palliatifs et des b\u00e9n\u00e9voles.<\/p>\n<h2>Personnel m\u00e9dical<\/h2>\n<p><strong>M\u00e9decin traitant<\/strong><br \/>\nVotre m\u00e9decin traitant, que vous avez vu \u00e0 votre admission \u00e0 l&rsquo;h\u00f4pital, est enti\u00e8rement responsable de vos soins et traitements pendant votre s\u00e9jour; il collabore aussi avec les membres de l&rsquo;\u00e9quipe qui participent \u00e0 votre traitement.<\/p>\n<p><strong>R\u00e9sidents et moniteurs cliniques<\/strong><br \/>\nL&rsquo;H\u00f4pital d&rsquo;Ottawa est un centre hospitalier universitaire. Les r\u00e9sidents et les moniteurs cliniques sont des m\u00e9decins qui suivent une formation sp\u00e9cialis\u00e9e dans un domaine particulier. Ils pourraient venir vous voir tous les jours, planifier votre traitement et se r\u00e9unir avec votre m\u00e9decin traitant pour discuter de vos soins et traitements.<\/p>\n<p><strong>\u00c9tudiants en m\u00e9decine<br \/>\n<\/strong>Les \u00e9tudiants en m\u00e9decine terminent leurs \u00e9tudes pour devenir m\u00e9decin et pourraient venir vous voir pour acqu\u00e9rir une exp\u00e9rience clinique. Ils doivent apprendre \u00e0 questionner les patients pour conna\u00eetre leurs ant\u00e9c\u00e9dents m\u00e9dicaux et \u00e0 faire des examens physiques. Leur participation \u00e0 vos soins se fait sous la supervision directe de votre m\u00e9decin traitant.<\/p>\n<h2>Technologue en radiation m\u00e9dicale (TRM)<\/h2>\n<p><a href=\"\/fr\/notre-modele-de-soins\/notre-equipe-de-professionnels-de-la-sante\/technologues-en-radiation-medicale-trm\/\">Les technologues en radiation m\u00e9dicale (TRM)<\/a> font partie int\u00e9grante de l\u2019\u00e9quipe de soins. Ils effectuent des examens par imagerie m\u00e9dicale et administrent des traitements de radiation. Apr\u00e8s avoir compl\u00e9t\u00e9 un programme d\u2019\u00e9tudes coll\u00e9gial ou universitaire canadien agr\u00e9\u00e9 par l\u2019Association m\u00e9dicale canadienne qui comprend des cours magistraux et des stages cliniques, un dipl\u00f4m\u00e9 ma\u00eetrise les techniques de pointe de l\u2019imagerie m\u00e9dicale et des soins connexes. Le programme de formation aborde l\u2019anatomie, le positionnement des patients, les techniques d\u2019examen, le fonctionnement des appareils, la radioprotection et les soins aux patients. Un TRM dipl\u00f4m\u00e9 est admissible \u00e0 l\u2019examen d\u2019agr\u00e9ment canadien qui est g\u00e9r\u00e9 par l\u2019ACTRM (Association canadienne des technologues en radiation m\u00e9dicale). Un TRM peut choisir de se sp\u00e9cialiser dans une ou plusieurs des quatre disciplines de la radiation m\u00e9dicale, soit la <a href=\"\/fr\/notre-modele-de-soins\/notre-equipe-de-professionnels-de-la-sante\/technologues-en-radiation-medicale-trm\/technologue-en-radiologie\/\">radiographie g\u00e9n\u00e9rale<\/a>, <a href=\"\/fr\/notre-modele-de-soins\/notre-equipe-de-professionnels-de-la-sante\/technologues-en-radiation-medicale-trm\/technologue-en-resonance-magnetique\/\">l\u2019imagerie par r\u00e9sonance magn\u00e9tique<\/a>, <a href=\"\/fr\/notre-modele-de-soins\/notre-equipe-de-professionnels-de-la-sante\/technologues-en-radiation-medicale-trm\/technologue-en-medecine-nucleaire\/\">la m\u00e9decine nucl\u00e9aire<\/a> et <a href=\"\/fr\/notre-modele-de-soins\/notre-equipe-de-professionnels-de-la-sante\/technologues-en-radiation-medicale-trm\/technologue-en-radio-oncologie\/\">la radioth\u00e9rapie.<\/a><\/p>\n<ul>\n<li><a href=\"\/fr\/services-cliniques\/deptpgrmcs\/programmes\/programme-de-cancerologie\/nos-programmes-et-cliniques\/programme-de-radiotherapie\/\">Savoir plus sur le Programme de m\u00e9decine des rayonnements \u00e0 L\u2019H\u00f4pital d\u2019Ottawa<\/a><\/li>\n<li><a href=\"\/fr\/services-cliniques\/deptpgrmcs\/departements\/imagerie-medicale\/\">Savoir plus sur le Service d\u2019imagerie m\u00e9dicale \u00e0 L\u2019H\u00f4pital d\u2019Ottawa<\/a><\/li>\n<\/ul>\n<h2>Personnel infirmier<\/h2>\n<p><strong>Gestionnaire clinique<\/strong><br \/>\nLa gestionnaire clinique est responsable des soins prodigu\u00e9s aux patients dans une unit\u00e9 donn\u00e9e.<\/p>\n<p><strong>Infirmi\u00e8re<\/strong><br \/>\nLe personnel infirmier fournit la plupart des soins dont vous aurez besoin pendant votre hospitalisation. Il s&rsquo;agit essentiellement d\u2019infirmi\u00e8res autoris\u00e9es (IA) et d\u2019infirmi\u00e8res auxiliaires autoris\u00e9es (IAA). Une \u00e9tudiante en soins infirmiers pourrait aussi s\u2019occuper de vous, sous la direction d\u2019une infirmi\u00e8re autoris\u00e9e.<\/p>\n<p><strong>Infirmi\u00e8re particuli\u00e8re<\/strong><br \/>\nSi vous d\u00e9sirez obtenir les services d&rsquo;une infirmi\u00e8re particuli\u00e8re, parlez-en \u00e0 votre m\u00e9decin et informez-en la gestionnaire clinique de l&rsquo;unit\u00e9. C&rsquo;est \u00e0 vous et votre famille de prendre les dispositions pour obtenir ces services et d&rsquo;en assumer les co\u00fbts. Vous devrez payer directement l&rsquo;agence.<\/p>\n<h2>Autres professionnels de la sant\u00e9<\/h2>\n<p>Pendant votre s\u00e9jour \u00e0 l&rsquo;h\u00f4pital, votre m\u00e9decin pourrait demander \u00e0 diff\u00e9rents professionnels de participer \u00e0 vos soins. Il s&rsquo;agit, entre autres, des <a href=\"\/fr\/services-cliniques\/deptpgrmcs\/departements\/pharmacie\/\" target=\"_blank\" rel=\"noopener\">pharmaciens,<\/a> des th\u00e9rapeutes respiratoires, des psychologues, des <a href=\"\/fr\/notre-modele-de-soins\/notre-equipe-de-professionnels-de-la-sante\/travail-social\/\" target=\"_blank\" rel=\"noopener\">travailleuses sociales<\/a>, des <a href=\"\/fr\/notre-modele-de-soins\/notre-equipe-de-professionnels-de-la-sante\/ergotherapie\/\">ergoth\u00e9rapeutes<\/a>, des <a href=\"\/fr\/services-cliniques\/deptpgrmcs\/programmes\/loisirs-therapeutiques\/\">th\u00e9rapeutes en loisir<\/a>, des <a href=\"\/fr\/notre-modele-de-soins\/notre-equipe-de-professionnels-de-la-sante\/physiotherapie\/\" target=\"_blank\" rel=\"noopener\">physioth\u00e9rapeutes<\/a>, des orthophonistes, des audiologistes et des di\u00e9t\u00e9tistes. Si vous avez des questions au sujet d&rsquo;un traitement, d&rsquo;une analyse ou d&rsquo;un examen, demandez au professionnel qui s&rsquo;occupe de vous ou \u00e0 votre m\u00e9decin de vous expliquer pourquoi on le fait et ce qui se passera.<\/p>\n<h2>Personnel de soutien<\/h2>\n<p>Le personnel de soutien comprend des aides en soins infirmiers, des pr\u00e9pos\u00e9s aux soins et des commis.<\/p>\n<h2>Travailleuses sociales<\/h2>\n<p>Les <a href=\"\/fr\/notre-modele-de-soins\/notre-equipe-de-professionnels-de-la-sante\/travail-social\/\" target=\"_blank\" rel=\"noopener\">travailleuses sociales<\/a> collaborent avec les m\u00e9decins, les infirmi\u00e8res et d&rsquo;autres membres de l&rsquo;\u00e9quipe de soins pour vous aider, vous et votre famille, \u00e0 vous adapter \u00e0 votre maladie. Ils contribuent \u00e9galement \u00e0 la planification d\u00e9taill\u00e9e de votre cong\u00e9 de l&rsquo;h\u00f4pital. Les patients ont de plus en plus besoin d&rsquo;aide pour coordonner la transition entre l&rsquo;h\u00f4pital et les soins \u00e0 l&rsquo;ext\u00e9rieur. Cette aide prend plusieurs formes : soutien \u00e9motif, aide pour d&rsquo;autres membres de la famille, physioth\u00e9rapie, soins infirmiers, aide pour l&rsquo;entretien m\u00e9nager ou pour des questions financi\u00e8res. Les travailleuses sociales sont l\u00e0 pour vous aider.<\/p>\n<h2>Soins spirituels<\/h2>\n<p>Les intervenants en soins spirituels de l&rsquo;h\u00f4pital offrent aux patients, aux familles et au personnel du soutien spirituel, moral et affectif et des ressources pour att\u00e9nuer les pr\u00e9occupations ou inqui\u00e9tudes d&rsquo;ordre moral et religieux. Le soutien spirituel est source de force et de ressourcement quand on vit des moments difficiles. Appelez les Soins spirituels si vous \u00eates aux prises avec des questions fondamentales comme :<\/p>\n<ul>\n<li>Pourquoi est-ce que \u00e7a m&rsquo;arrive?<\/li>\n<li>Comment vais-je surmonter cette \u00e9preuve?<\/li>\n<li>Comment pourrai-je m&rsquo;adapter \u00e0 cette nouvelle r\u00e9alit\u00e9?<\/li>\n<li>Vous venez de perdre un proche ou vous vous sentez anxieux, d\u00e9sesp\u00e9r\u00e9, seul, en col\u00e8re ou coupable.<\/li>\n<li>Vous cherchez \u00e0 vous r\u00e9concilier avec Dieu ou avec d&rsquo;autres.<\/li>\n<li>Vous devez prendre des d\u00e9cisions difficiles.<\/li>\n<li>Vous avez besoin du soutien de votre communaut\u00e9 de foi.<\/li>\n<\/ul>\n<p>Il y a une salle \u00e0 chaque campus qui est ouverte pour la pri\u00e8re et la m\u00e9ditation. Un calendrier des services religieux est \u00e9galement disponible. Si vous ou votre famille d\u00e9sirez parler \u00e0 l&rsquo;aum\u00f4nier, votre infirmi\u00e8re vous aidera.<\/p>\n<h2>Soins palliatifs<\/h2>\n<p>Des soins palliatifs sont offerts aux patients en phase terminale. L&rsquo;\u00e9quipe des soins palliatifs comprend des m\u00e9decins, des infirmi\u00e8res, des travailleuses sociales ou d&rsquo;autres professionnels de la sant\u00e9. Ensemble, ils offrent un soutien physique, \u00e9motif et spirituel aux patients en soins palliatifs et \u00e0 leur famille.<\/p>\n<h2>Services des b\u00e9n\u00e9voles<\/h2>\n<p>Pendant votre s\u00e9jour \u00e0 L&rsquo;H\u00f4pital d&rsquo;Ottawa, vous rencontrerez souvent nos extraordinaires b\u00e9n\u00e9voles. Vous les verrez au bureau d&rsquo;information et dans les secteurs. Les b\u00e9n\u00e9voles participent \u00e9galement \u00e0 la collecte de fonds pour l&rsquo;h\u00f4pital. Tous les profits amass\u00e9s par les b\u00e9n\u00e9voles servent \u00e0 financer la recherche et \u00e0 subventionner les programmes ou les projets de l&rsquo;h\u00f4pital. Nous sommes fort reconnaissants envers ces femmes, ces hommes et ces adolescents d\u00e9vou\u00e9s qui travaillent sans rel\u00e2che pour que votre s\u00e9jour soit un peu plus agr\u00e9able.<\/p>\n","protected":false},"excerpt":{"rendered":"<p>\u00c0 L\u2019H\u00f4pital d\u2019Ottawa, notre \u00e9quipe de soins regroupe des professionnels comp\u00e9tents et compatissants qui travaillent ensemble pour fournir les meilleurs soins possible \u00e0 nos patients. L&rsquo;\u00e9quipe compte des m\u00e9decins, des infirmi\u00e8res, d\u2019autres professionnels de la sant\u00e9, comme les pharmaciens et les physioth\u00e9rapeutes, du personnel administratif, des travailleuses sociales, des intervenants en soins spirituels, des sp\u00e9cialistes [&hellip;]<\/p>\n","protected":false},"author":25,"featured_media":0,"parent":21,"menu_order":2,"comment_status":"closed","ping_status":"closed","template":"","meta":{"_acf_changed":false,"_mc_calendar":[],"footnotes":""},"class_list":["post-7014","page","type-page","status-publish","hentry"],"acf":[],"wps_subtitle":"","_links":{"self":[{"href":"https:\/\/www.ottawahospital.on.ca\/fr\/wp-json\/wp\/v2\/pages\/7014","targetHints":{"allow":["GET"]}}],"collection":[{"href":"https:\/\/www.ottawahospital.on.ca\/fr\/wp-json\/wp\/v2\/pages"}],"about":[{"href":"https:\/\/www.ottawahospital.on.ca\/fr\/wp-json\/wp\/v2\/types\/page"}],"author":[{"embeddable":true,"href":"https:\/\/www.ottawahospital.on.ca\/fr\/wp-json\/wp\/v2\/users\/25"}],"replies":[{"embeddable":true,"href":"https:\/\/www.ottawahospital.on.ca\/fr\/wp-json\/wp\/v2\/comments?post=7014"}],"version-history":[{"count":0,"href":"https:\/\/www.ottawahospital.on.ca\/fr\/wp-json\/wp\/v2\/pages\/7014\/revisions"}],"up":[{"embeddable":true,"href":"https:\/\/www.ottawahospital.on.ca\/fr\/wp-json\/wp\/v2\/pages\/21"}],"wp:attachment":[{"href":"https:\/\/www.ottawahospital.on.ca\/fr\/wp-json\/wp\/v2\/media?parent=7014"}],"curies":[{"name":"wp","href":"https:\/\/api.w.org\/{rel}","templated":true}]}}