{"id":6962,"date":"2016-11-14T15:20:19","date_gmt":"2016-11-14T20:20:19","guid":{"rendered":"http:\/\/52.229.122.34\/fr\/?page_id=6962"},"modified":"2021-09-21T12:43:27","modified_gmt":"2021-09-21T16:43:27","slug":"ratio-normalise-de-mortalite-hospitaliere-rnmh","status":"publish","type":"page","link":"https:\/\/www.ottawahospital.on.ca\/fr\/qualite-et-securite\/rendre-compte\/rapport-sur-les-indicateurs\/ratio-normalise-de-mortalite-hospitaliere-rnmh\/","title":{"rendered":"Ratio normalis\u00e9 de mortalit\u00e9 hospitali\u00e8re (RNMH)"},"content":{"rendered":"<h2>Moins de d\u00e9c\u00e8s, plus de vies sauv\u00e9es&nbsp;: L\u2019H\u00f4pital d\u2019Ottawa est l\u2019un des principaux centres de \u00ab&nbsp;sauvetage&nbsp;\u00bb du pays<\/h2>\n<p>L\u2019H\u00f4pital d\u2019Ottawa est l\u2019un des centres hospitaliers qui sauvent le plus de patients d\u2019une blessure ou d\u2019une maladie potentiellement mortelle au pays, selon une nouvelle carte de pointage qui \u00e9value la performance des h\u00f4pitaux canadiens.<\/p>\n<p>Le \u00ab&nbsp;ratio normalis\u00e9 de mortalit\u00e9&nbsp;\u00bb de l\u2019H\u00f4pital, qui permet de savoir \u00e0 quelle fr\u00e9quence les patients meurent de mani\u00e8re inattendue, a diminu\u00e9 de fa\u00e7on constante ces derni\u00e8res ann\u00e9es et correspond maintenant \u00e0 celui des grands centres hospitaliers universitaires qui se disputent la premi\u00e8re place, notamment l\u2019H\u00f4pital g\u00e9n\u00e9ral de Vancouver.<\/p>\n<p>Les r\u00e9sultats sont publi\u00e9s sur <a href=\"https:\/\/votresystemedesante.icis.ca\/hsp\/?%3EVotreSystemeDeSant%C3%A9.ca%3C\/a%3E,%20un%20site%20Web%20interrogeable%20qui%20fournit%20des%20renseignements%20d%C3%A9taill%C3%A9s%20sur%20la%20qualit%C3%A9%20et%20la%20performance%20des%20h%C3%B4pitaux%20canadiens.%20L%E2%80%99%3Ca%20href=\" target=\"_blank\" rel=\"noopener\">Institut canadien d\u2019information sur la sant\u00e9<\/a> veille \u00e0 la mise \u00e0 jour du site Web.<\/p>\n<p>La derni\u00e8re fois que le ratio normalis\u00e9 de mortalit\u00e9 de l\u2019H\u00f4pital a \u00e9t\u00e9 calcul\u00e9, en 2012, il s\u2019\u00e9levait \u00e0 87,5&nbsp;%. Le r\u00e9sultat le plus r\u00e9cent est de 78&nbsp;%, ce qui est nettement mieux que la moyenne canadienne (85&nbsp;%) et ontarienne (83&nbsp;%).<\/p>\n<p>Cela signifie que, par rapport \u00e0 il y a deux ans, l\u2019H\u00f4pital sauve environ 400&nbsp;patients de plus chaque ann\u00e9e parmi ceux qui ont eu un AVC, une crise cardiaque, un traumatisme ou un autre probl\u00e8me grave qui, autrement, aurait entra\u00een\u00e9 leur d\u00e9c\u00e8s.<\/p>\n<div class=\"table-responsive text-center\">\n<table class=\"table text-center\" style=\"width: 100%;\" title=\"Ratio normalis\u00e9 de mortalit\u00e9 hospitali\u00e8re (RNMH)\">\n<caption class=\"hidecontent\">Ratio normalis\u00e9 de mortalit\u00e9 hospitali\u00e8re (RNMH)<\/caption>\n<tbody>\n<tr>\n<td style=\"width: 25%; color: #fff; background-color: #0033a0;\" scope=\"col\">&nbsp;<\/td>\n<th class=\"text-center\" style=\"width: 25%; color: #fff; background-color: #0033a0;\" scope=\"col\">L&rsquo;H\u00f4pital d&rsquo;Ottawa<\/th>\n<th class=\"text-center\" style=\"width: 25%; color: #fff; background-color: #0033a0;\" scope=\"col\">Ontario<\/th>\n<th class=\"text-center\" style=\"width: 25%; color: #fff; background-color: #0033a0;\" scope=\"col\">Canada<\/th>\n<\/tr>\n<tr>\n<th class=\"text-center\" style=\"width: 25%;\" scope=\"row\">2010 &#8211; 2011<\/th>\n<td class=\"text-center\" style=\"width: 25%;\">112<\/td>\n<td style=\"width: 25%;\">111<\/td>\n<td class=\"text-center\" style=\"width: 25%;\">108<\/td>\n<\/tr>\n<tr>\n<th class=\"text-center\" style=\"width: 25%;\" scope=\"row\">2011 &#8211; 2012<\/th>\n<td class=\"text-center\" style=\"width: 25%;\">103<\/td>\n<td style=\"width: 25%;\">104<\/td>\n<td class=\"text-center\" style=\"width: 25%;\">103<\/td>\n<\/tr>\n<tr>\n<th class=\"text-center\" style=\"width: 25%;\" scope=\"row\">2012 &#8211; 2013<\/th>\n<td class=\"text-center\" style=\"width: 25%;\">99<\/td>\n<td style=\"width: 25%;\">100<\/td>\n<td class=\"text-center\" style=\"width: 25%;\">100<\/td>\n<\/tr>\n<tr>\n<th class=\"text-center\" style=\"width: 25%;\" scope=\"row\">2013 &#8211; 2014<\/th>\n<td class=\"text-center\" style=\"width: 25%;\">88<\/td>\n<td style=\"width: 25%;\">94<\/td>\n<td class=\"text-center\" style=\"width: 25%;\">95<\/td>\n<\/tr>\n<tr>\n<th class=\"text-center\" style=\"width: 25%;\" scope=\"row\">2014 &#8211; 2015<\/th>\n<td class=\"text-center\" style=\"width: 25%;\">87<\/td>\n<td style=\"width: 25%;\">95<\/td>\n<td class=\"text-center\" style=\"width: 25%;\">96<\/td>\n<\/tr>\n<\/tbody>\n<\/table>\n<\/div>\n<p>Campus de L\u2019H\u00f4pital d\u2019Ottawa inclus dans les r\u00e9sultats :<\/p>\n<p>Campus Civic<br \/>\nCampus G\u00e9n\u00e9ral<br \/>\nL\u2019Institut de cardiologie de l\u2019Universit\u00e9 d\u2019Ottawa<\/p>\n<p>L\u2019H\u00f4pital d\u2019Ottawa appuie fermement la initiative de d\u00e9claration publique du gouvernement provincial. Nous croyons qu\u2019elle permettra d\u2019am\u00e9liorer le rendement des h\u00f4pitaux et la s\u00e9curit\u00e9 des patients, en plus d\u2019accro\u00eetre la confiance du public \u00e0 l\u2019endroit des h\u00f4pitaux de l\u2019Ontario. Les professionnels de la sant\u00e9 de L\u2019HO ont \u00e0 c\u0153ur de prodiguer les meilleurs soins possibles. Nous utilisons le RNMH comme outil pour aider \u00e0 am\u00e9liorer la qualit\u00e9 en fonction des r\u00e9sultats.<\/p>\n<h2>Qu\u2019est-ce que le RNMH?<\/h2>\n<p>Le RNMH mesure la s\u00e9curit\u00e9 des patients en comparant le taux de mortalit\u00e9 d\u2019un h\u00f4pital \u00e0 la norme nationale. Le RNMH est utilis\u00e9 dans de nombreux h\u00f4pitaux de partout dans le monde pour \u00e9valuer et analyser les taux de mortalit\u00e9. Il s\u2019est r\u00e9v\u00e9l\u00e9 utile pour cerner les changements qui pourraient am\u00e9liorer la s\u00e9curit\u00e9 des patients et la qualit\u00e9 des soins.<\/p>\n<p>Le RNMH permet aux administrateurs et aux professionnels de la sant\u00e9 d\u2019un h\u00f4pital d\u2019avoir un aper\u00e7u instantan\u00e9 du rendement de l\u2019h\u00f4pital \u00e0 un moment donn\u00e9 et doit \u00eatre examin\u00e9 en tenant compte d\u2019autres indicateurs pour suivre les progr\u00e8s au fil du temps.<\/p>\n<p>Il est important de noter que les h\u00f4pitaux, m\u00eame dans la m\u00eame r\u00e9gion, servent bien souvent diff\u00e9rents segments de la population, et ceux-ci ont chacun leurs propres besoins. Ce fait peut aider \u00e0 expliquer pourquoi notre h\u00f4pital n\u2019a pas les m\u00eames ratios que d\u2019autres h\u00f4pitaux dans notre RLISS.<\/p>\n<h2>De quelle fa\u00e7on calcule-t-on le RNMH?<\/h2>\n<p>Le RNMH, c\u2019est le nombre de d\u00e9c\u00e8s \u00ab observ\u00e9s \u00bb divis\u00e9 par le nombre de d\u00e9c\u00e8s \u00ab pr\u00e9vus \u00bb, multipli\u00e9 par 100. Si le ratio est sup\u00e9rieur \u00e0 100, il y a eu plus de d\u00e9c\u00e8s que pr\u00e9vu. S\u2019il est inf\u00e9rieur \u00e0 100, il y a eu moins de d\u00e9c\u00e8s que pr\u00e9vu.<\/p>\n<div class=\"table-responsive text-center\">\n<table class=\"table aligncenter\" style=\"width: 350px;\">\n<tbody>\n<tr>\n<td style=\"width: 117px;\" rowspan=\"2\"><strong>RNMH =<\/strong><\/td>\n<td style=\"width: 200px;\"><strong>D\u00e9c\u00e8s observ\u00e9s<\/strong><\/td>\n<td style=\"width: 117px;\" rowspan=\"2\"><strong> x 100<\/strong><\/td>\n<\/tr>\n<tr>\n<td style=\"width: 200px;\"><strong>D\u00e9c\u00e8s pr\u00e9vus<\/strong><\/td>\n<\/tr>\n<\/tbody>\n<\/table>\n<\/div>\n<ul>\n<li>Le RNMH est fond\u00e9 sur des groupes de diagnostics qui repr\u00e9sentent 80 % de tous les d\u00e9c\u00e8s.<\/li>\n<li>Le RNMH est ajust\u00e9 pour tenir compte d\u2019autres facteurs qui influent sur la mortalit\u00e9 (comme l\u2019\u00e2ge, le sexe et la dur\u00e9e du s\u00e9jour).<\/li>\n<\/ul>\n<p>Pour consulter le rapport complet ou avoir plus de renseignements, visitez le site Web de <a href=\"https:\/\/www.cihi.ca\" target=\"_blank\" rel=\"noopener\">l\u2019Institut canadien d\u2019information sur la sant\u00e9 (ICIS)<\/a>.<\/p>\n","protected":false},"excerpt":{"rendered":"<p>Moins de d\u00e9c\u00e8s, plus de vies sauv\u00e9es&nbsp;: L\u2019H\u00f4pital d\u2019Ottawa est l\u2019un des principaux centres de \u00ab&nbsp;sauvetage&nbsp;\u00bb du pays L\u2019H\u00f4pital d\u2019Ottawa est l\u2019un des centres hospitaliers qui sauvent le plus de patients d\u2019une blessure ou d\u2019une maladie potentiellement mortelle au pays, selon une nouvelle carte de pointage qui \u00e9value la performance des h\u00f4pitaux canadiens. Le \u00ab&nbsp;ratio [&hellip;]<\/p>\n","protected":false},"author":25,"featured_media":0,"parent":1966,"menu_order":4,"comment_status":"closed","ping_status":"closed","template":"","meta":{"_acf_changed":false,"_mc_calendar":[],"footnotes":""},"class_list":["post-6962","page","type-page","status-publish","hentry"],"acf":[],"wps_subtitle":"","_links":{"self":[{"href":"https:\/\/www.ottawahospital.on.ca\/fr\/wp-json\/wp\/v2\/pages\/6962","targetHints":{"allow":["GET"]}}],"collection":[{"href":"https:\/\/www.ottawahospital.on.ca\/fr\/wp-json\/wp\/v2\/pages"}],"about":[{"href":"https:\/\/www.ottawahospital.on.ca\/fr\/wp-json\/wp\/v2\/types\/page"}],"author":[{"embeddable":true,"href":"https:\/\/www.ottawahospital.on.ca\/fr\/wp-json\/wp\/v2\/users\/25"}],"replies":[{"embeddable":true,"href":"https:\/\/www.ottawahospital.on.ca\/fr\/wp-json\/wp\/v2\/comments?post=6962"}],"version-history":[{"count":0,"href":"https:\/\/www.ottawahospital.on.ca\/fr\/wp-json\/wp\/v2\/pages\/6962\/revisions"}],"up":[{"embeddable":true,"href":"https:\/\/www.ottawahospital.on.ca\/fr\/wp-json\/wp\/v2\/pages\/1966"}],"wp:attachment":[{"href":"https:\/\/www.ottawahospital.on.ca\/fr\/wp-json\/wp\/v2\/media?parent=6962"}],"curies":[{"name":"wp","href":"https:\/\/api.w.org\/{rel}","templated":true}]}}