{"id":6906,"date":"2016-11-14T14:57:40","date_gmt":"2016-11-14T19:57:40","guid":{"rendered":"http:\/\/52.229.122.34\/fr\/?page_id=6906"},"modified":"2025-04-24T17:20:43","modified_gmt":"2025-04-24T21:20:43","slug":"respect-de-lhygiene-des-mains","status":"publish","type":"page","link":"https:\/\/www.ottawahospital.on.ca\/fr\/qualite-et-securite\/rendre-compte\/rapport-sur-les-indicateurs\/respect-de-lhygiene-des-mains\/","title":{"rendered":"Respect de l&rsquo;hygi\u00e8ne des mains"},"content":{"rendered":"<p>La recherche montre qu\u2019une bonne hygi\u00e8ne des mains est le meilleur moyen de r\u00e9duire les infections acquises \u00e0 l\u2019h\u00f4pital. C\u2019est pourquoi nous y accordons beaucoup d\u2019importance et cherchons constamment \u00e0 nous am\u00e9liorer.<\/p>\n<h2>Les patients peuvent am\u00e9liorer leur propre s\u00e9curit\u00e9<\/h2>\n<p>L\u2019hygi\u00e8ne des mains est l\u2019affaire de tout le monde \u00e0 l\u2019h\u00f4pital, y compris des patients. Se laver les mains est l\u2019une des meilleures fa\u00e7ons pour vous et votre \u00e9quipe de soins d\u2019\u00e9viter de propager de nombreuses infections. Que ce soit en entrant dans la chambre ou en sortant, les patients et leurs visiteurs doivent prendre l\u2019habitude de bien se laver les mains.<\/p>\n<p>Pour en savoir plus, consultez les sites suivants : <a href=\"https:\/\/www.health.gov.on.ca\/fr\/public\/programs\/patient_safety\/\" target=\"_blank\" rel=\"noopener noreferrer\">https:\/\/www.health.gov.on.ca\/fr\/public\/programs\/patient_safety\/<\/a>, <a href=\"https:\/\/www.oha.com\/quality-safety-and-patient-and-family-centred-care\" target=\"_blank\" rel=\"noopener noreferrer\">www.oha.com\/quality-safety-and-patient-and-family-centred-care<\/a> et <a href=\"https:\/\/www.oha.com\/Documents\/English%20-%20Pamphlet.pdf\" target=\"_blank\" rel=\"noopener noreferrer\">www.oha.com\/Documents\/English%20-%20Pamphlet.pdf<\/a>.<\/p>\n<h2 id=\"cdiffrates\">L\u2019\u00e9valuation du respect de l\u2019hygi\u00e8ne<\/h2>\n<p>L\u2019H\u00f4pital d\u2019Ottawa m\u00e8ne r\u00e9guli\u00e8rement une v\u00e9rification aupr\u00e8s de ses professionnels de la sant\u00e9 pour s\u2019assurer qu\u2019ils se lavent les mains de la bonne fa\u00e7on et au bon moment. Nous communiquons continuellement les r\u00e9sultats de ces v\u00e9rifications \u00e0 chaque unit\u00e9 de soins et, une fois l\u2019an, au minist\u00e8re de la Sant\u00e9 et des Soins de longue dur\u00e9e.<\/p>\n<h2>Taux de respect de l\u2019hygi\u00e8ne des mains \u00e0 L\u2019H\u00f4pital d\u2019Ottawa<\/h2>\n<h3>Hygi\u00e8ne des mains : Nombre de fois que les professionels de la sant\u00e9 se sont lav\u00e9s les mains (avant le premier contact avec le patient ou son environnement)<\/h3>\n<div class=\"table-responsive text-center\">\n<table class=\"table text-center\" style=\"width: 740px; font-size: 10px;\" title=\"Hygi\u00e8ne des mains : Nombre de fois que les professionels de la sant\u00e9 se sont lav\u00e9s les mains (avant le premier contact avec le patient ou son environnement)\">\n<caption class=\"hidecontent\">Hygi\u00e8ne des mains : Nombre de fois que les professionels de la sant\u00e9 se sont lav\u00e9s les mains (avant le premier contact avec le patient ou son environnement)<\/caption>\n<tbody>\n<tr class=\"\">\n<th style=\"width: 100px; background-color: #0033a0; color: #fff;\" scope=\"col\"><\/th>\n<th style=\"background-color: #0033a0; color: #fff;\" colspan=\"3\" scope=\"col\">Civic Campus<\/th>\n<th style=\"background-color: #0033a0; color: #fff;\" colspan=\"3\" scope=\"col\">General Campus<\/th>\n<th style=\"background-color: #0033a0; color: #fff;\" colspan=\"3\" scope=\"col\">The Rehabilitation Centre<\/th>\n<\/tr>\n<tr class=\"\">\n<th scope=\"col\">Mensuel<\/th>\n<th scope=\"col\">Nombre de fois que les professionels de la sant\u00e9 se sont lav\u00e9s les mains<\/th>\n<th scope=\"col\">Nombre de fois o\u00f9 ils auraient d\u00fb se laver les mains<\/th>\n<th scope=\"col\">Taux de respect de l\u2019hygi\u00e8ne des mains<\/th>\n<th scope=\"col\">Nombre de fois que les professionels de la sant\u00e9 se sont lav\u00e9s les mains<\/th>\n<th scope=\"col\">Nombre de fois o\u00f9 ils auraient d\u00fb se laver les mains<\/th>\n<th scope=\"col\">Taux de respect de l\u2019hygi\u00e8ne des mains<\/th>\n<th scope=\"col\">Nombre de fois que les professionels de la sant\u00e9 se sont lav\u00e9s les mains<\/th>\n<th scope=\"col\">Nombre de fois o\u00f9 ils auraient d\u00fb se laver les mains<\/th>\n<th scope=\"col\">Taux de respect de l\u2019hygi\u00e8ne des mains<\/th>\n<\/tr>\n<tr class=\"\">\n<th scope=\"row\">Depuis le d\u00e9but de l&rsquo;ann\u00e9e 2017-2018<\/th>\n<td>3083<\/td>\n<td>3123<\/td>\n<td>98.7%<\/td>\n<td>3816<\/td>\n<td>3923<\/td>\n<td>97.3%<\/td>\n<td>115<\/td>\n<td>115<\/td>\n<td>100.0%<\/td>\n<\/tr>\n<tr class=\"\">\n<th scope=\"row\">Depuis le d\u00e9but de l&rsquo;ann\u00e9e 2018-2019<\/th>\n<td>1478<\/td>\n<td>1504<\/td>\n<td>98.3%<\/td>\n<td>1507<\/td>\n<td>1541<\/td>\n<td>97.8%<\/td>\n<td>114<\/td>\n<td>114<\/td>\n<td>100.0%<\/td>\n<\/tr>\n<tr class=\"\">\n<th scope=\"row\">Depuis le d\u00e9but de l&rsquo;ann\u00e9e 2019-2020<\/th>\n<td>1129<\/td>\n<td>1179<\/td>\n<td>95.8%<\/td>\n<td>1179<\/td>\n<td>1223<\/td>\n<td>96.4%<\/td>\n<td>58<\/td>\n<td>58<\/td>\n<td>100.0%<\/td>\n<\/tr>\n<tr>\n<th scope=\"row\">Depuis le d\u00e9but de l&rsquo;ann\u00e9e 2020-21<\/th>\n<td>1499<\/td>\n<td>1653<\/td>\n<td>90.7%<\/td>\n<td>1588<\/td>\n<td>1766<\/td>\n<td>89.9%<\/td>\n<td>20<\/td>\n<td>25<\/td>\n<td>80.0%<\/td>\n<\/tr>\n<tr>\n<th scope=\"row\">Depuis le d\u00e9but de l&rsquo;ann\u00e9e 2021-22<\/th>\n<td>3598<\/td>\n<td>4849<\/td>\n<td>74.2%<\/td>\n<td>3187<\/td>\n<td>4470<\/td>\n<td>71.3%<\/td>\n<td>386<\/td>\n<td>483<\/td>\n<td>79.9%<\/td>\n<\/tr>\n<tr>\n<th scope=\"row\">Depuis le d\u00e9but de l&rsquo;ann\u00e9e 2022-23<\/th>\n<td>3018<\/td>\n<td>3518<\/td>\n<td>85.8%<\/td>\n<td>2099<\/td>\n<td>2526<\/td>\n<td>83.1%<\/td>\n<td>147<\/td>\n<td>191<\/td>\n<td>77.0%<\/td>\n<\/tr>\n<tr>\n<th class=\"text-left\" scope=\"row\">Depuis le d\u00e9but de l&rsquo;ann\u00e9e 2023-24<\/th>\n<td>2668<\/td>\n<td>3258<\/td>\n<td>81.9%<\/td>\n<td>2994<\/td>\n<td>3477<\/td>\n<td>86.1%<\/td>\n<td>267<\/td>\n<td>308<\/td>\n<td>86.7%<\/td>\n<\/tr>\n<tr>\n<th class=\"text-left\" scope=\"row\">Depuis le d\u00e9but de l&rsquo;ann\u00e9e 2024-25<\/th>\n<td>3142<\/td>\n<td>4235<\/td>\n<td>74.2%<\/td>\n<td>1981<\/td>\n<td>2846<\/td>\n<td>69.6%<\/td>\n<td>5470\/td&gt;<\/td>\n<td>7472<\/td>\n<td>73.2%<\/td>\n<\/tr>\n<\/tbody>\n<\/table>\n<\/div>\n<h3>Hygi\u00e8ne des mains : Nombre de fois que les professionels de la sant\u00e9 se sont lav\u00e9s les mains (apr\u00e8s un contact avec le patient ou son environnement)<\/h3>\n<div class=\"table-responsive text-center\">\n<table class=\"table text-center\" style=\"width: 740px; font-size: 10px;\" title=\"Hygi\u00e8ne des mains : Nombre de fois que les professionels de la sant\u00e9 se sont lav\u00e9s les mains (apr\u00e8s un contact avec le patient ou son environnement)\">\n<caption class=\"hidecontent\">Hygi\u00e8ne des mains : Nombre de fois que les professionels de la sant\u00e9 se sont lav\u00e9s les mains (apr\u00e8s un contact avec le patient ou son environnement)<\/caption>\n<tbody>\n<tr class=\"\">\n<th style=\"width: 100px; background-color: #0033a0; color: #fff;\" scope=\"col\"><\/th>\n<th style=\"width: 132px; background-color: #0033a0; color: #fff;\" colspan=\"3\" scope=\"col\">Civic Campus<\/th>\n<th style=\"width: 132px; background-color: #0033a0; color: #fff;\" colspan=\"3\" scope=\"col\">General Campus<\/th>\n<th style=\"width: 132px; background-color: #0033a0; color: #fff;\" colspan=\"3\" scope=\"col\">The Rehabilitation Centre<\/th>\n<\/tr>\n<tr class=\"\">\n<th scope=\"col\">Mensuel<\/th>\n<th scope=\"col\">Nombre de fois que les professionels de la sant\u00e9 se sont lav\u00e9s les mains<\/th>\n<th scope=\"col\">Nombre de fois o\u00f9 ils auraient d\u00fb se laver les mains<\/th>\n<th scope=\"col\">Taux de respect de l\u2019hygi\u00e8ne des mains<\/th>\n<th scope=\"col\">Nombre de fois que les professionels de la sant\u00e9 se sont lav\u00e9s les mains<\/th>\n<th scope=\"col\">Nombre de fois o\u00f9 ils auraient d\u00fb se laver les mains<\/th>\n<th scope=\"col\">Taux de respect de l\u2019hygi\u00e8ne des mains<\/th>\n<th scope=\"col\">Nombre de fois que les professionels de la sant\u00e9 se sont lav\u00e9s les mains<\/th>\n<th scope=\"col\">Nombre de fois o\u00f9 ils auraient d\u00fb se laver les mains<\/th>\n<th scope=\"col\">Taux de respect de l\u2019hygi\u00e8ne des mains<\/th>\n<\/tr>\n<tr class=\"\">\n<th class=\"\" scope=\"row\">Depuis le d\u00e9but de l&rsquo;ann\u00e9e 2018-2019<\/th>\n<td>1528<\/td>\n<td>1560<\/td>\n<td>97.9%<\/td>\n<td>1603<\/td>\n<td>1651<\/td>\n<td>97.1%<\/td>\n<td>138<\/td>\n<td>138<\/td>\n<td>100.0%<\/td>\n<\/tr>\n<tr class=\"\">\n<th class=\"\" scope=\"row\">Depuis le d\u00e9but de l&rsquo;ann\u00e9e 2019-2020<\/th>\n<td>1233<\/td>\n<td>1288<\/td>\n<td>95.7%<\/td>\n<td>1333<\/td>\n<td>1363<\/td>\n<td>97.8%<\/td>\n<td>66<\/td>\n<td>66<\/td>\n<td>100.0%<\/td>\n<\/tr>\n<tr>\n<th scope=\"row\">Depuis le d\u00e9but de l&rsquo;ann\u00e9e 2020-21<\/th>\n<td>1402<\/td>\n<td>1481<\/td>\n<td>94.7%<\/td>\n<td>1362<\/td>\n<td>1444<\/td>\n<td>94.3%<\/td>\n<td>18<\/td>\n<td>20<\/td>\n<td>90.0%<\/td>\n<\/tr>\n<tr>\n<th scope=\"row\">Depuis le d\u00e9but de l&rsquo;ann\u00e9e 2021-22<\/th>\n<td>4408<\/td>\n<td>5125<\/td>\n<td>86.0%<\/td>\n<td>5604<\/td>\n<td>6464<\/td>\n<td>86.7%<\/td>\n<td>557<\/td>\n<td>664<\/td>\n<td>83.9%<\/td>\n<\/tr>\n<tr>\n<th scope=\"row\">Depuis le d\u00e9but de l&rsquo;ann\u00e9e 2022-23<\/th>\n<td>3445<\/td>\n<td>3724<\/td>\n<td>92.5%<\/td>\n<td>3038<\/td>\n<td>3350<\/td>\n<td>90.7%<\/td>\n<td>207<\/td>\n<td>234<\/td>\n<td>88.5%<\/td>\n<\/tr>\n<tr>\n<th class=\"text-left\" scope=\"row\">Depuis le d\u00e9but de l&rsquo;ann\u00e9e 2023-24<\/th>\n<td>3632<\/td>\n<td>4004<\/td>\n<td>90.7%<\/td>\n<td>3911<\/td>\n<td>4317<\/td>\n<td>90.6%<\/td>\n<td>264<\/td>\n<td>300<\/td>\n<td>88.0%<\/td>\n<\/tr>\n<tr>\n<th class=\"text-left\" scope=\"row\">Depuis le d\u00e9but de l&rsquo;ann\u00e9e 2024-25<\/th>\n<td>4123<\/td>\n<td>4902<\/td>\n<td>84.1%<\/td>\n<td>3698<\/td>\n<td>4554<\/td>\n<td>81.2%<\/td>\n<td>227\/td&gt;<\/td>\n<td>279<\/td>\n<td>81.4%<\/td>\n<\/tr>\n<\/tbody>\n<\/table>\n<\/div>\n<h3>Hygi\u00e8ne des mains: Nombre de fois que les professionels de la sante se sont lav\u00e9s les mains avant une procedure aseptique<\/h3>\n<div class=\"table-responsive text-center\">\n<table class=\"table text-center\" style=\"width: 740px; font-size: 10px;\" title=\"Hygi\u00e8ne des mains: Nombre de fois que les professionels de la sante se sont lav\u00e9s les mains avant une procedure aseptique\">\n<caption class=\"hidecontent\">Hygi\u00e8ne des mains: Nombre de fois que les professionels de la sante se sont lav\u00e9s les mains avant une procedure aseptique<\/caption>\n<tbody>\n<tr class=\"\">\n<th style=\"width: 100px; background-color: #0033a0; color: #fff;\" scope=\"col\"><\/th>\n<th style=\"background-color: #0033a0; color: #fff;\" colspan=\"3\" scope=\"col\">Civic Campus<\/th>\n<th style=\"background-color: #0033a0; color: #fff;\" colspan=\"3\" scope=\"col\">General Campus<\/th>\n<th style=\"background-color: #0033a0; color: #fff;\" colspan=\"3\" scope=\"col\">The Rehabilitation Centre<\/th>\n<\/tr>\n<tr class=\"\">\n<th scope=\"col\">Mensuel<\/th>\n<th scope=\"col\">Nombre de fois que les professionels de la sant\u00e9 se sont lav\u00e9s les mains<\/th>\n<th scope=\"col\">Nombre de fois o\u00f9 ils auraient d\u00fb se laver les mains<\/th>\n<th scope=\"col\">Taux de respect de l\u2019hygi\u00e8ne des mains<\/th>\n<th scope=\"col\">Nombre de fois que les professionels de la sant\u00e9 se sont lav\u00e9s les mains<\/th>\n<th scope=\"col\">Nombre de fois o\u00f9 ils auraient d\u00fb se laver les mains<\/th>\n<th scope=\"col\">Taux de respect de l\u2019hygi\u00e8ne des mains<\/th>\n<th scope=\"col\">Nombre de fois que les professionels de la sant\u00e9 se sont lav\u00e9s les mains<\/th>\n<th scope=\"col\">Nombre de fois o\u00f9 ils auraient d\u00fb se laver les mains<\/th>\n<th scope=\"col\">Taux de respect de l\u2019hygi\u00e8ne des mains<\/th>\n<\/tr>\n<tr>\n<th class=\"text-left\" scope=\"row\">Depuis le d\u00e9but de l&rsquo;ann\u00e9e 2021-22<\/th>\n<td>9<\/td>\n<td>20<\/td>\n<td>45.0%<\/td>\n<td>14<\/td>\n<td>21<\/td>\n<td>66.7%<\/td>\n<td>0<\/td>\n<td>0<\/td>\n<td>&#8211;<\/td>\n<\/tr>\n<tr>\n<th class=\"text-left\" scope=\"row\">Depuis le d\u00e9but de l&rsquo;ann\u00e9e 2022-23<\/th>\n<td>884<\/td>\n<td>1089<\/td>\n<td>81.2%<\/td>\n<td>19<\/td>\n<td>39<\/td>\n<td>48.7%<\/td>\n<td>0<\/td>\n<td>0<\/td>\n<td>&#8211;<\/td>\n<\/tr>\n<tr>\n<th class=\"text-left\" scope=\"row\">Depuis le d\u00e9but de l&rsquo;ann\u00e9e 2023-24<\/th>\n<td>34<\/td>\n<td>75<\/td>\n<td>45.3%<\/td>\n<td>32<\/td>\n<td>64<\/td>\n<td>50.0%<\/td>\n<td>0<\/td>\n<td>0<\/td>\n<td>n\/a<\/td>\n<\/tr>\n<tr>\n<th class=\"text-left\" scope=\"row\">Depuis le d\u00e9but de l&rsquo;ann\u00e9e 2024-25<\/th>\n<td>3<\/td>\n<td>16<\/td>\n<td>18.8%<\/td>\n<td>4<\/td>\n<td>20<\/td>\n<td>20.0%<\/td>\n<td>0<\/td>\n<td>0<\/td>\n<td>n\/a<\/td>\n<\/tr>\n<\/tbody>\n<\/table>\n<\/div>\n<h3>Hygi\u00e8ne des mains: Nombre de fois que les professionels de la sant\u00e9 se sont lav\u00e9s les mains apr\u00e8s l&rsquo;exposition possible de fluides corporels<\/h3>\n<div class=\"table-responsive text-center\">\n<table class=\"table text-center\" style=\"width: 740px; font-size: 10px;\" title=\"Hygi\u00e8ne des mains: Nombre de fois que les professionels de la sant\u00e9 se sont lav\u00e9s les mains apr\u00e8s l'exposition possible de fluides corporels\">\n<caption class=\"hidecontent\">Hygi\u00e8ne des mains: Nombre de fois que les professionels de la sant\u00e9 se sont lav\u00e9s les mains apr\u00e8s l&rsquo;exposition possible de fluides corporels<\/caption>\n<tbody>\n<tr class=\"\">\n<th style=\"width: 100px; background-color: #0033a0; color: #fff;\" scope=\"col\"><\/th>\n<th style=\"background-color: #0033a0; color: #fff;\" colspan=\"3\" scope=\"col\">Civic Campus<\/th>\n<th style=\"background-color: #0033a0; color: #fff;\" colspan=\"3\" scope=\"col\">General Campus<\/th>\n<th style=\"background-color: #0033a0; color: #fff;\" colspan=\"3\" scope=\"col\">The Rehabilitation Centre<\/th>\n<\/tr>\n<tr class=\"\">\n<th scope=\"col\">Mensuel<\/th>\n<th scope=\"col\">Nombre de fois que les professionels de la sant\u00e9 se sont lav\u00e9s les mains<\/th>\n<th scope=\"col\">Nombre de fois o\u00f9 ils auraient d\u00fb se laver les mains<\/th>\n<th scope=\"col\">Taux de respect de l\u2019hygi\u00e8ne des mains<\/th>\n<th scope=\"col\">Nombre de fois que les professionels de la sant\u00e9 se sont lav\u00e9s les mains<\/th>\n<th scope=\"col\">Nombre de fois o\u00f9 ils auraient d\u00fb se laver les mains<\/th>\n<th scope=\"col\">Taux de respect de l\u2019hygi\u00e8ne des mains<\/th>\n<th scope=\"col\">Nombre de fois que les professionels de la sant\u00e9 se sont lav\u00e9s les mains<\/th>\n<th scope=\"col\">Nombre de fois o\u00f9 ils auraient d\u00fb se laver les mains<\/th>\n<th scope=\"col\">Taux de respect de l\u2019hygi\u00e8ne des mains<\/th>\n<\/tr>\n<tr>\n<th class=\"text-left\" scope=\"row\">Depuis le d\u00e9but de l&rsquo;ann\u00e9e 2020-21<\/th>\n<td>10<\/td>\n<td>13<\/td>\n<td>76.9%<\/td>\n<td>25<\/td>\n<td>36<\/td>\n<td>69.4%<\/td>\n<td>0<\/td>\n<td>0<\/td>\n<td>&#8211;<\/td>\n<\/tr>\n<tr>\n<th class=\"text-left\" scope=\"row\">Depuis le d\u00e9but de l&rsquo;ann\u00e9e 2022-23<\/th>\n<td>781<\/td>\n<td>1067<\/td>\n<td>73.2%<\/td>\n<td>45<\/td>\n<td>58<\/td>\n<td>77.6%<\/td>\n<td>3<\/td>\n<td>3<\/td>\n<td>100.0%<\/td>\n<\/tr>\n<tr>\n<th class=\"text-left\" scope=\"row\">Depuis le d\u00e9but de l&rsquo;ann\u00e9e 2023-24<\/th>\n<td>0<\/td>\n<td>1<\/td>\n<td>0.0%<\/td>\n<td>5<\/td>\n<td>5<\/td>\n<td>100.0%<\/td>\n<td>0<\/td>\n<td>0<\/td>\n<td>n\/a<\/td>\n<\/tr>\n<tr>\n<th class=\"text-left\" scope=\"row\">Depuis le d\u00e9but de l&rsquo;ann\u00e9e 2024-25<\/th>\n<td>0<\/td>\n<td>7<\/td>\n<td>0.0%<\/td>\n<td>5<\/td>\n<td>11<\/td>\n<td>45.5%<\/td>\n<td>0<\/td>\n<td>0<\/td>\n<td>n\/a<\/td>\n<\/tr>\n<\/tbody>\n<\/table>\n<\/div>\n","protected":false},"excerpt":{"rendered":"<p>La recherche montre qu\u2019une bonne hygi\u00e8ne des mains est le meilleur moyen de r\u00e9duire les infections acquises \u00e0 l\u2019h\u00f4pital. C\u2019est pourquoi nous y accordons beaucoup d\u2019importance et cherchons constamment \u00e0 nous am\u00e9liorer. Les patients peuvent am\u00e9liorer leur propre s\u00e9curit\u00e9 L\u2019hygi\u00e8ne des mains est l\u2019affaire de tout le monde \u00e0 l\u2019h\u00f4pital, y compris des patients. Se [&hellip;]<\/p>\n","protected":false},"author":25,"featured_media":0,"parent":1966,"menu_order":3,"comment_status":"closed","ping_status":"closed","template":"","meta":{"_acf_changed":false,"_mc_calendar":[],"footnotes":""},"class_list":["post-6906","page","type-page","status-publish","hentry"],"acf":[],"wps_subtitle":"","_links":{"self":[{"href":"https:\/\/www.ottawahospital.on.ca\/fr\/wp-json\/wp\/v2\/pages\/6906","targetHints":{"allow":["GET"]}}],"collection":[{"href":"https:\/\/www.ottawahospital.on.ca\/fr\/wp-json\/wp\/v2\/pages"}],"about":[{"href":"https:\/\/www.ottawahospital.on.ca\/fr\/wp-json\/wp\/v2\/types\/page"}],"author":[{"embeddable":true,"href":"https:\/\/www.ottawahospital.on.ca\/fr\/wp-json\/wp\/v2\/users\/25"}],"replies":[{"embeddable":true,"href":"https:\/\/www.ottawahospital.on.ca\/fr\/wp-json\/wp\/v2\/comments?post=6906"}],"version-history":[{"count":0,"href":"https:\/\/www.ottawahospital.on.ca\/fr\/wp-json\/wp\/v2\/pages\/6906\/revisions"}],"up":[{"embeddable":true,"href":"https:\/\/www.ottawahospital.on.ca\/fr\/wp-json\/wp\/v2\/pages\/1966"}],"wp:attachment":[{"href":"https:\/\/www.ottawahospital.on.ca\/fr\/wp-json\/wp\/v2\/media?parent=6906"}],"curies":[{"name":"wp","href":"https:\/\/api.w.org\/{rel}","templated":true}]}}