{"id":68860,"date":"2021-10-20T16:19:10","date_gmt":"2021-10-20T20:19:10","guid":{"rendered":"https:\/\/www.ottawahospital.on.ca\/?page_id=68860"},"modified":"2023-06-21T16:06:26","modified_gmt":"2023-06-21T20:06:26","slug":"distinctions-de-meilleur-employeur","status":"publish","type":"page","link":"https:\/\/www.ottawahospital.on.ca\/fr\/possibilites-de-carriere\/distinctions-de-meilleur-employeur\/","title":{"rendered":"Distinctions de meilleur employeur"},"content":{"rendered":"\n<p>\u00c0 L\u2019H\u00f4pital d\u2019Ottawa, cr\u00e9er une culture d\u2019entreprise ne s\u2019arr\u00eate pas \u00e0 la haute direction ni aux Ressources humaines. Chacun y participe, peu importe sa fonction ou son r\u00f4le dans l\u2019organisme. Notre priorit\u00e9 est de favoriser un milieu de travail qui inspire la fiert\u00e9, l\u2019ambition et l\u2019\u00e9panouissement. Nous sommes fiers de nos r\u00e9alisations et de nos distinctions.<\/p>\n\n\n\n<blockquote class=\"wp-block-quote is-layout-flow wp-block-quote-is-layout-flow\">\n<p>\u00ab Notre culture d\u2019entreprise nous a permis de nous adapter pendant la pand\u00e9mie et d\u2019adapter de nouvelles pratiques de travail.  Je suis \u00e9bloui par la compassion et l\u2019empathie que je constate dans tout ce que les employ\u00e9s essayent de faire! Cela montre comment notre culture favorise la collaboration efficace et positive de tout le monde dans des situation difficiles. \u00bb<\/p>\n<cite><strong>Cameron Love<\/strong> &#8211;\u00a0<strong>PDG de L\u2019H\u00f4pital\u00a0d\u2019Ottawa<\/strong><\/cite><\/blockquote>\n\n\n\n<h2 class=\"wp-block-heading\">Palmar\u00e8s des meilleurs employeurs de la r\u00e9gion de la capitale nationale<\/h2>\n\n\n\n<p>Depuis 2018, L\u2019H\u00f4pital d\u2019Ottawa figure parmi les meilleurs employeurs de la r\u00e9gion de la capitale nationale. Cette distinction annuelle reconna\u00eet les employeurs de la r\u00e9gion d\u2019Ottawa et de Gatineau qui offrent un milieu de travail exceptionnel et des programmes parmi les plus progressistes dans leur secteur.<\/p>\n\n\n\n<div class=\"wp-block-media-text alignwide has-media-on-the-right is-stacked-on-mobile\" style=\"grid-template-columns:auto 29%\"><div class=\"wp-block-media-text__content\">\n<h2 class=\"wp-block-heading\">Meilleurs employeurs de la r\u00e9gion de la capitale nationale<\/h2>\n\n\n\n<p>Depuis 2018, L&rsquo;H\u00f4pital d&rsquo;Ottawa est reconnu parmi les\u00a0<a href=\"https:\/\/reviews.canadastop100.com\/top-employer-ottawa-hospital?lang=fr\" target=\"_blank\" rel=\"noreferrer noopener\"><strong>meilleurs employeurs dans la r\u00e9gion de la capitale nationale<\/strong><\/a>. Cette distinction annuelle reconna\u00eet les employeurs de la r\u00e9gion d&rsquo;Ottawa et de Gatineau qui offrent un milieu de travail exceptionnel et des programmes parmi les plus progressistes dans leur secteur.<\/p>\n<\/div><figure class=\"wp-block-media-text__media\"><img decoding=\"async\" width=\"816\" height=\"814\" src=\"https:\/\/www.ottawahospital.on.ca\/wp-content\/uploads\/2022\/02\/national-capital-2022.png\" alt=\"National Capital Region's Top Employers\" class=\"wp-image-70654 size-full\" srcset=\"https:\/\/www.ottawahospital.on.ca\/wp-content\/uploads\/2022\/02\/national-capital-2022.png 816w, https:\/\/www.ottawahospital.on.ca\/wp-content\/uploads\/2022\/02\/national-capital-2022-300x300.png 300w, https:\/\/www.ottawahospital.on.ca\/wp-content\/uploads\/2022\/02\/national-capital-2022-100x100.png 100w, https:\/\/www.ottawahospital.on.ca\/wp-content\/uploads\/2022\/02\/national-capital-2022-600x599.png 600w, https:\/\/www.ottawahospital.on.ca\/wp-content\/uploads\/2022\/02\/national-capital-2022-150x150.png 150w, https:\/\/www.ottawahospital.on.ca\/wp-content\/uploads\/2022\/02\/national-capital-2022-768x766.png 768w\" sizes=\"(max-width: 816px) 100vw, 816px\" \/><\/figure><\/div>\n\n\n\n<div class=\"wp-block-media-text alignwide has-media-on-the-right is-stacked-on-mobile\" style=\"grid-template-columns:auto 29%\"><div class=\"wp-block-media-text__content\">\n<h2 class=\"wp-block-heading\">Cultures d&rsquo;entreprise les plus admir\u00e9es au Canada<\/h2>\n\n\n\n<p>Cette seconde reconnaissance de L\u2019H\u00f4pital d\u2019Ottawa d\u00e9montre que nous avons cr\u00e9\u00e9 une culture qui nous d\u00e9marque des autres \u00e9tablissements du secteur parapublic. En v\u00e9hiculant nos valeurs\u00a0\u2012\u00a0le respect, la compassion, la collaboration et l\u2019engagement \u00e0 la qualit\u00e9 \u2012 et en traitant chaque patient et membre de sa famille d\u2019une fa\u00e7on digne des personnes qui nous sont ch\u00e8res, chaque membre du personnel contribue \u00e0 renforcer notre culture. \u00c0 L\u2019H\u00f4pital d\u2019Ottawa, la collaboration au quotidien est vraiment remarquable et forme les bases d\u2019une solide culture d\u2019entreprise.<\/p>\n<\/div><figure class=\"wp-block-media-text__media\"><img decoding=\"async\" width=\"1024\" height=\"967\" src=\"https:\/\/www.ottawahospital.on.ca\/wp-content\/uploads\/2022\/02\/Waterstone_French_CulturesDEntreprises_2020-2021_RGB-1024x967.png\" alt=\"Waterstone Les cultures d'entreprise Les plus admirees du Canada 2020-2021\" class=\"wp-image-70646 size-full\" srcset=\"https:\/\/www.ottawahospital.on.ca\/wp-content\/uploads\/2022\/02\/Waterstone_French_CulturesDEntreprises_2020-2021_RGB-1024x967.png 1024w, https:\/\/www.ottawahospital.on.ca\/wp-content\/uploads\/2022\/02\/Waterstone_French_CulturesDEntreprises_2020-2021_RGB-600x567.png 600w, https:\/\/www.ottawahospital.on.ca\/wp-content\/uploads\/2022\/02\/Waterstone_French_CulturesDEntreprises_2020-2021_RGB-300x283.png 300w, https:\/\/www.ottawahospital.on.ca\/wp-content\/uploads\/2022\/02\/Waterstone_French_CulturesDEntreprises_2020-2021_RGB-768x725.png 768w, https:\/\/www.ottawahospital.on.ca\/wp-content\/uploads\/2022\/02\/Waterstone_French_CulturesDEntreprises_2020-2021_RGB.png 1424w\" sizes=\"(max-width: 1024px) 100vw, 1024px\" \/><\/figure><\/div>\n\n\n\n<h2 class=\"wp-block-heading\">Meilleur employeur de l&rsquo;ann\u00e9e&nbsp;2020 de l&rsquo;Association des anciens du Coll\u00e8ge Algonquin<\/h2>\n\n\n\n<p>Chaque ann\u00e9e, <strong>l&rsquo;Association des anciens du Coll\u00e8ge Algonqui<\/strong>n\u00a0reconna\u00eet et met \u00e0 l&rsquo;honneur les r\u00e9alisations remarquables d&rsquo;un employeur de la collectivit\u00e9 dans son secteur. En 2020, L&rsquo;H\u00f4pital d&rsquo;Ottawa a fi\u00e8rement re\u00e7u la distinction de\u00a0<a href=\"https:\/\/www.algonquincollege.com\/alumni\/award-recipients-2020\/the-ottawa-hospital\/\" target=\"_blank\" rel=\"noreferrer noopener\"><strong>meilleur employeur de l&rsquo;ann\u00e9e d\u00e9cern\u00e9e par l&rsquo;Association des anciens<\/strong><\/a>.<\/p>\n\n\n\n<h2 class=\"wp-block-heading\">Pleins feux sur les employeurs d&rsquo;Embauche Immigrants Ottawa<\/h2>\n\n\n\n<p>Embauche Immigrants Ottawa est une initiative qui rapproche les employeurs des organismes et intervenants aupr\u00e8s d&rsquo;immigrants pour renforcer les capacit\u00e9s des employeurs \u00e0 recruter des talents parmi les immigrants qualifi\u00e9s de la r\u00e9gion d&rsquo;Ottawa.<\/p>\n\n\n\n<p>L&rsquo;H\u00f4pital d&rsquo;Ottawa est ravi d&rsquo;\u00eatre mis \u00e0 l&rsquo;honneur par<strong>&nbsp;<a href=\"https:\/\/www.hireimmigrantsottawa.ca\/fr\/a-notre-sujet\/initiative\/\" target=\"_blank\" rel=\"noreferrer noopener\">Embauche Immigrants Ottawa<\/a><\/strong>&nbsp;pour son engagement en mati\u00e8re d&#8217;embauche, d&rsquo;inclusion, de promotion et de maintien en poste des immigrants.&nbsp;<strong><a href=\"https:\/\/www.hireimmigrantsottawa.ca\/fr\/employer_spotlight\/hopital-ottawa\/\" target=\"_blank\" rel=\"noreferrer noopener\">Lisez l&rsquo;article de l&rsquo;organisme\u200b<\/a><\/strong>&nbsp;pour en savoir plus sur nos pratiques en mati\u00e8re de diversit\u00e9, d&rsquo;\u00e9quit\u00e9 et d&rsquo;inclusion.<\/p>\n\n\n\n<p>Bien du chemin reste \u00e0 faire et nous sommes tous concern\u00e9s par le processus d&rsquo;inclusion et d&rsquo;appartenance!<\/p>\n\n\n\n<h2 class=\"wp-block-heading\">La culture unique de l&rsquo;H\u00f4pital d&rsquo;Ottawa<\/h2>\n\n\n\n<p>Chaque personne qui travaille, apprend ou fait du b\u00e9n\u00e9volat \u00e0 l&rsquo;H\u00f4pital v\u00e9hicule notre culture d&rsquo;entreprise. Si vous voulez partager des histoires, des exemples ou des photos pour illustrer l&rsquo;excellence de notre milieu de travail ou de notre culture, \u00e9crivez \u00e0&nbsp;<a href=\"mailto:MilieuDeTravailDeChoix@lho.ca\" target=\"_blank\" rel=\"noreferrer noopener\"><strong>MilieuDeTravailDeChoix@lho.ca<\/strong><\/a>.<\/p>\n\n\n\n<blockquote class=\"wp-block-quote is-layout-flow wp-block-quote-is-layout-flow\">\n<p class=\"has-text-align-center\">Vos contributions pourraient figurer dans notre dossier de mise en candidature de l&rsquo;an prochain au titre de meilleur employeur!<\/p>\n<\/blockquote>\n\n\n\n<p><\/p>\n","protected":false},"excerpt":{"rendered":"<p>\u00c0 L\u2019H\u00f4pital d\u2019Ottawa, cr\u00e9er une culture d\u2019entreprise ne s\u2019arr\u00eate pas \u00e0 la haute direction ni aux Ressources humaines. Chacun y participe, peu importe sa fonction ou son r\u00f4le dans l\u2019organisme. Notre priorit\u00e9 est de favoriser un milieu de travail qui inspire la fiert\u00e9, l\u2019ambition et l\u2019\u00e9panouissement. Nous sommes fiers de nos r\u00e9alisations et de nos [&hellip;]<\/p>\n","protected":false},"author":25,"featured_media":0,"parent":77122,"menu_order":7,"comment_status":"closed","ping_status":"closed","template":"","meta":{"_acf_changed":false,"_mc_calendar":[],"footnotes":""},"class_list":["post-68860","page","type-page","status-publish","hentry"],"acf":[],"wps_subtitle":"","_links":{"self":[{"href":"https:\/\/www.ottawahospital.on.ca\/fr\/wp-json\/wp\/v2\/pages\/68860","targetHints":{"allow":["GET"]}}],"collection":[{"href":"https:\/\/www.ottawahospital.on.ca\/fr\/wp-json\/wp\/v2\/pages"}],"about":[{"href":"https:\/\/www.ottawahospital.on.ca\/fr\/wp-json\/wp\/v2\/types\/page"}],"author":[{"embeddable":true,"href":"https:\/\/www.ottawahospital.on.ca\/fr\/wp-json\/wp\/v2\/users\/25"}],"replies":[{"embeddable":true,"href":"https:\/\/www.ottawahospital.on.ca\/fr\/wp-json\/wp\/v2\/comments?post=68860"}],"version-history":[{"count":0,"href":"https:\/\/www.ottawahospital.on.ca\/fr\/wp-json\/wp\/v2\/pages\/68860\/revisions"}],"up":[{"embeddable":true,"href":"https:\/\/www.ottawahospital.on.ca\/fr\/wp-json\/wp\/v2\/pages\/77122"}],"wp:attachment":[{"href":"https:\/\/www.ottawahospital.on.ca\/fr\/wp-json\/wp\/v2\/media?parent=68860"}],"curies":[{"name":"wp","href":"https:\/\/api.w.org\/{rel}","templated":true}]}}