{"id":67996,"date":"2021-08-11T14:43:46","date_gmt":"2021-08-11T18:43:46","guid":{"rendered":"https:\/\/www.ottawahospital.on.ca\/?page_id=67996"},"modified":"2024-01-30T15:07:06","modified_gmt":"2024-01-30T20:07:06","slug":"preservation-de-la-fertilite","status":"publish","type":"page","link":"https:\/\/www.ottawahospital.on.ca\/fr\/services-cliniques\/deptpgrmcs\/programmes\/programme-de-cancerologie\/education-information-et-ressources-pour-les-patients\/preservation-de-la-fertilite\/","title":{"rendered":"Pr\u00e9servation de la fertilit\u00e9"},"content":{"rendered":"\n<figure class=\"wp-block-image size-large is-style-default\"><img decoding=\"async\" width=\"770\" height=\"330\" src=\"https:\/\/www.ottawahospital.on.ca\/wp-content\/uploads\/2021\/08\/Cancer-Patient-Fertility-Preservation-banner.jpg\" alt=\"Une femme en gestation\" class=\"wp-image-67994\" srcset=\"https:\/\/www.ottawahospital.on.ca\/wp-content\/uploads\/2021\/08\/Cancer-Patient-Fertility-Preservation-banner.jpg 770w, https:\/\/www.ottawahospital.on.ca\/wp-content\/uploads\/2021\/08\/Cancer-Patient-Fertility-Preservation-banner-600x257.jpg 600w, https:\/\/www.ottawahospital.on.ca\/wp-content\/uploads\/2021\/08\/Cancer-Patient-Fertility-Preservation-banner-300x129.jpg 300w, https:\/\/www.ottawahospital.on.ca\/wp-content\/uploads\/2021\/08\/Cancer-Patient-Fertility-Preservation-banner-768x329.jpg 768w\" sizes=\"(max-width: 770px) 100vw, 770px\" \/><\/figure>\n\n\n<p class=\"intro-text1\">La pr\u00e9servation de la fertilit\u00e9 durant un traitement contre le cancer est un choix personnel. L\u2019H\u00f4pital d\u2019Ottawa soutient les patients en traitement de canc\u00e9rologie qui souhaitent explorer des options de pr\u00e9servation de la fertilit\u00e9.<\/p>\n<h2>Aper\u00e7u<\/h2>\n<p>La pr\u00e9servation de la fertilit\u00e9 est une consid\u00e9ration importante pour de nombreux patients dont la fertilit\u00e9 pourrait \u00eatre affect\u00e9e par le traitement de canc\u00e9rologie.<\/p>\n<p>Les patients qui souhaitent pr\u00e9server leur fertilit\u00e9 doivent souvent prendre des mesures importantes avant le d\u00e9but du traitement.<\/p>\n<h2>Exemples de services de fertilit\u00e9<\/h2>\n<ul>\n<li>Cong\u00e9lation de sperme, d\u2019ovule et d\u2019embryon<\/li>\n<li>Suppression menstruelle<\/li>\n<li>\u00c9valuation de la fertilit\u00e9<\/li>\n<\/ul>\n<h2>Aide financi\u00e8re<\/h2>\n<p>La plupart des services de pr\u00e9servation de la fertilit\u00e9 sont couverts par l\u2019assurance-sant\u00e9 de l\u2019Ontario (OHIP) pour les d\u00e9tenteurs d\u2019une carte d\u2019assurance-sant\u00e9 valide. Dans la r\u00e9gion, on peut obtenir ces services en passant par une collaboration de sp\u00e9cialistes en fertilit\u00e9 \u00e0 Ottawa. Pour les co\u00fbts non couverts par OHIP, les patients atteints du cancer peuvent b\u00e9n\u00e9ficier d\u2019une aide financi\u00e8re aupr\u00e8s de l\u2019organisme <a href=\"https:\/\/fertilefuture.ca\/programs\/power-of-hope\/\"><em>Fertile Future<\/em><\/a>.<\/p>\n<h2>Renseignements<\/h2>\n<p>Si vous avez des questions sur les options de pr\u00e9servation de la fertilit\u00e9 disponibles, adressez-vous \u00e0 votre \u00e9quipe de soins.<\/p>\n<ul>\n<li><a href=\"https:\/\/www.ontario.ca\/fr\/page\/obtenez-des-traitements-contre-linfertilite\">Traitements contre l\u2019infertilit\u00e9 financ\u00e9s par le gouvernement<\/a><\/li>\n<li><a href=\"https:\/\/health.gov.on.ca\/fr\/public\/programs\/ivf\/pub_clinics.aspx\">Cliniques participant au programme<\/a><\/li>\n<\/ul>","protected":false},"excerpt":{"rendered":"<p>La pr\u00e9servation de la fertilit\u00e9 durant un traitement contre le cancer est un choix personnel. L\u2019H\u00f4pital d\u2019Ottawa soutient les patients en traitement de canc\u00e9rologie qui souhaitent explorer des options de pr\u00e9servation de la fertilit\u00e9. Aper\u00e7u La pr\u00e9servation de la fertilit\u00e9 est une consid\u00e9ration importante pour de nombreux patients dont la fertilit\u00e9 pourrait \u00eatre affect\u00e9e par [&hellip;]<\/p>\n","protected":false},"author":25,"featured_media":0,"parent":52568,"menu_order":0,"comment_status":"closed","ping_status":"closed","template":"","meta":{"_acf_changed":false,"_mc_calendar":[],"footnotes":""},"class_list":["post-67996","page","type-page","status-publish","hentry"],"acf":[],"wps_subtitle":"","_links":{"self":[{"href":"https:\/\/www.ottawahospital.on.ca\/fr\/wp-json\/wp\/v2\/pages\/67996","targetHints":{"allow":["GET"]}}],"collection":[{"href":"https:\/\/www.ottawahospital.on.ca\/fr\/wp-json\/wp\/v2\/pages"}],"about":[{"href":"https:\/\/www.ottawahospital.on.ca\/fr\/wp-json\/wp\/v2\/types\/page"}],"author":[{"embeddable":true,"href":"https:\/\/www.ottawahospital.on.ca\/fr\/wp-json\/wp\/v2\/users\/25"}],"replies":[{"embeddable":true,"href":"https:\/\/www.ottawahospital.on.ca\/fr\/wp-json\/wp\/v2\/comments?post=67996"}],"version-history":[{"count":0,"href":"https:\/\/www.ottawahospital.on.ca\/fr\/wp-json\/wp\/v2\/pages\/67996\/revisions"}],"up":[{"embeddable":true,"href":"https:\/\/www.ottawahospital.on.ca\/fr\/wp-json\/wp\/v2\/pages\/52568"}],"wp:attachment":[{"href":"https:\/\/www.ottawahospital.on.ca\/fr\/wp-json\/wp\/v2\/media?parent=67996"}],"curies":[{"name":"wp","href":"https:\/\/api.w.org\/{rel}","templated":true}]}}