{"id":6780,"date":"2016-11-14T13:23:31","date_gmt":"2016-11-14T18:23:31","guid":{"rendered":"http:\/\/52.229.122.34\/fr\/?page_id=6780"},"modified":"2019-05-10T11:41:01","modified_gmt":"2019-05-10T15:41:01","slug":"avantages","status":"publish","type":"page","link":"https:\/\/www.ottawahospital.on.ca\/fr\/notre-modele-de-soins\/modeles-professionnels\/modele-de-pratique-infirmiere-clinique\/avantages\/","title":{"rendered":"Avantages"},"content":{"rendered":"<div class=\"row\">\n<div class=\"col-md-9\">\n<h2><a href=\"\/fr\/documents\/2017\/01\/109021-p1017_moncp-pamphlet.pdf\" target=\"_blank\" rel=\"noopener noreferrer\">Quels sont les avantages du Mod\u00e8le de pratique infirmi\u00e8re clinique de L\u2019H\u00f4pital d\u2019Ottawa (MPIC de L\u2019HO\u00a9) pour les patients et leur famille?<\/a><\/h2>\n<p>Le Mod\u00e8le\u00a0:<\/p>\n<ul>\n<li>veille \u00e0 ce que les patients re\u00e7oivent des soins s\u00e9curitaires et comp\u00e9tents de la part du personnel infirmier le plus appropri\u00e9<\/li>\n<li>favorise la continuit\u00e9 en limitant le nombre d&rsquo;infirmi\u00e8res assign\u00e9es \u00e0 un patient<\/li>\n<li>veille \u00e0 ce que les patients et les familles participent aux d\u00e9cisions \u00e0 propos des soins<\/li>\n<li>\u00e9tablit une communication franche et au bon moment avec les patients et les familles.<\/li>\n<\/ul>\n<h2>Quels sont les avantages du MPIC de L\u2019HO\u00a9 pour les infirmi\u00e8res?<\/h2>\n<p>Le Mod\u00e8le\u00a0:<\/p>\n<ul>\n<li>assure l\u2019autonomie et la responsabilisation professionnelles;<\/li>\n<li>favorise la continuit\u00e9 en limitant le nombre d\u2019infirmi\u00e8res assign\u00e9es \u00e0 un patient;<\/li>\n<li>donne aux infirmi\u00e8res la libert\u00e9 de prendre des d\u00e9cisions \u00e0 propos des soins aux patients dans les limites de leur champ de pratique, en collaboration avec le patient et la famille;<\/li>\n<li>offre un cadre de prestation des soins qui appuie les infirmi\u00e8res en tant que membres d\u2019une profession autor\u00e9glement\u00e9e.<\/li>\n<\/ul>\n<\/div>\n<\/div>\n<h2>Quels sont les avantages du MPIC de L\u2019HO\u00a9 pour les \u00e9quipes interprofessionnelles?<\/h2>\n<p>Le Mod\u00e8le\u00a0:<\/p>\n<ul>\n<li>assure des soins infirmiers efficaces et efficients dans un milieu multidisciplinaire et suivant un mod\u00e8le de gestion de programmes;<\/li>\n<li>renforce la collaboration;<\/li>\n<li>favorise la communication entre les intervenants qui sont directement responsables des soins du patient et qui sont par cons\u00e9quent \u00a0le plus au courant du plan de soins et des besoins de celui-ci<\/li>\n<\/ul>\n","protected":false},"excerpt":{"rendered":"<p>Quels sont les avantages du Mod\u00e8le de pratique infirmi\u00e8re clinique de L\u2019H\u00f4pital d\u2019Ottawa (MPIC de L\u2019HO\u00a9) pour les patients et leur famille? Le Mod\u00e8le\u00a0: veille \u00e0 ce que les patients re\u00e7oivent des soins s\u00e9curitaires et comp\u00e9tents de la part du personnel infirmier le plus appropri\u00e9 favorise la continuit\u00e9 en limitant le nombre d&rsquo;infirmi\u00e8res assign\u00e9es \u00e0 [&hellip;]<\/p>\n","protected":false},"author":25,"featured_media":0,"parent":6771,"menu_order":1,"comment_status":"closed","ping_status":"closed","template":"","meta":{"_acf_changed":false,"_mc_calendar":[],"footnotes":""},"class_list":["post-6780","page","type-page","status-publish","hentry"],"acf":[],"wps_subtitle":"","_links":{"self":[{"href":"https:\/\/www.ottawahospital.on.ca\/fr\/wp-json\/wp\/v2\/pages\/6780","targetHints":{"allow":["GET"]}}],"collection":[{"href":"https:\/\/www.ottawahospital.on.ca\/fr\/wp-json\/wp\/v2\/pages"}],"about":[{"href":"https:\/\/www.ottawahospital.on.ca\/fr\/wp-json\/wp\/v2\/types\/page"}],"author":[{"embeddable":true,"href":"https:\/\/www.ottawahospital.on.ca\/fr\/wp-json\/wp\/v2\/users\/25"}],"replies":[{"embeddable":true,"href":"https:\/\/www.ottawahospital.on.ca\/fr\/wp-json\/wp\/v2\/comments?post=6780"}],"version-history":[{"count":0,"href":"https:\/\/www.ottawahospital.on.ca\/fr\/wp-json\/wp\/v2\/pages\/6780\/revisions"}],"up":[{"embeddable":true,"href":"https:\/\/www.ottawahospital.on.ca\/fr\/wp-json\/wp\/v2\/pages\/6771"}],"wp:attachment":[{"href":"https:\/\/www.ottawahospital.on.ca\/fr\/wp-json\/wp\/v2\/media?parent=6780"}],"curies":[{"name":"wp","href":"https:\/\/api.w.org\/{rel}","templated":true}]}}